{"id":48325,"date":"2025-08-30T10:49:07","date_gmt":"2025-08-30T10:49:07","guid":{"rendered":"https:\/\/burkinistar.com\/?product=armes-likrali-desenli-yarim-kol-tesettur-mayo"},"modified":"2025-08-30T10:49:31","modified_gmt":"2025-08-30T10:49:31","slug":"armes-likrali-desenli-yarim-kol-tesettur-mayo","status":"publish","type":"product","link":"https:\/\/burkinistar.com\/?product=armes-likrali-desenli-yarim-kol-tesettur-mayo","title":{"rendered":"Armes Likral\u0131 Desenli Yar\u0131m Kol Tesett\u00fcr Mayo"},"content":{"rendered":"<h2>Armes Likral\u0131 Yar\u0131m Kol mayo Lacivert \u00c7i\u00e7ek Bah\u00e7esi Desenli<\/h2>\n<ul>\n<li>\u00c7anta Tak\u0131 vs. \u00fcr\u00fcne ait de\u011fidlir.<\/li>\n<li>\u00dcr\u00fcn; Bone, \u00dcst ve Tayt&#8217;dan olu\u015fmaktad\u0131r.<\/li>\n<li>\u00dcr\u00fcn kuma\u015f\u0131: Su itici \u00f6zelli\u011fe sahip Likral\u0131 kuma\u015ftan \u00fcretilmi\u015ftir.<\/li>\n<li>Manken bedeni:38<\/li>\n<li>38 Beden \u0130\u00e7in; G\u00f6\u011f\u00fcs:44 \u2013 Bel:41 \u2013Tunik Boyu:90<\/li>\n<li>Bedenler aras\u0131 3-4&nbsp;cm b\u00fcy\u00fcmektedir.<\/li>\n<\/ul>\n","protected":false},"excerpt":{"rendered":"<p>\u00c7anta Tak\u0131 vs. \u00fcr\u00fcne ait de\u011fidlir.<\/p>\n<p>\u00dcr\u00fcn; Bone, \u00dcst ve Tayt&#8217;dan olu\u015fmaktad\u0131r.<\/p>\n<p>\u00dcr\u00fcn kuma\u015f\u0131: Su itici \u00f6zelli\u011fe sahip Likral\u0131 kuma\u015ftan \u00fcretilmi\u015ftir.<\/p>\n<p>Manken bedeni:38<\/p>\n<p>38 Beden \u0130\u00e7in; G\u00f6\u011f\u00fcs:44 \u2013 Bel:41 \u2013Tunik Boyu:90<\/p>\n<p>Bedenler aras\u0131 1\u2019er cm b\u00fcy\u00fcmektedir.<\/p>\n","protected":false},"featured_media":48328,"comment_status":"closed","ping_status":"open","template":"","meta":[],"product_brand":[2555],"product_cat":[2556,2557],"product_tag":[],"class_list":{"0":"post-48325","1":"product","2":"type-product","3":"status-publish","4":"has-post-thumbnail","6":"product_brand-armes","7":"product_cat-tesettur-mayo","8":"product_cat-yari-kapali-tesettur-mayo","9":"pa_color-lacivert","10":"pa_size-2581","11":"pa_size-2582","12":"pa_size-2583","13":"pa_size-2584","15":"first","16":"instock","17":"shipping-taxable","18":"purchasable","19":"product-type-variable","20":"layout-style-2","21":"col-md-4 col-sm-4 col-xs-6","22":"col-lg-4","23":"product-style-slider"},"yoast_head":"<!-- This site is optimized with the Yoast SEO plugin v25.8 - https:\/\/yoast.com\/wordpress\/plugins\/seo\/ -->\n<title>Armes Likral\u0131 Desenli Yar\u0131m Kol Tesett\u00fcr Mayo - BURKINISTAR<\/title>\n<meta name=\"robots\" content=\"index, follow, max-snippet:-1, max-image-preview:large, max-video-preview:-1\" \/>\n<link rel=\"canonical\" href=\"https:\/\/burkinistar.com\/?product=armes-likrali-desenli-yarim-kol-tesettur-mayo\" \/>\n<meta property=\"og:locale\" content=\"en_US\" \/>\n<meta property=\"og:type\" content=\"article\" \/>\n<meta property=\"og:title\" content=\"Armes Likral\u0131 Desenli Yar\u0131m Kol Tesett\u00fcr Mayo - BURKINISTAR\" \/>\n<meta property=\"og:description\" content=\"\u00c7anta Tak\u0131 vs. \u00fcr\u00fcne ait de\u011fidlir. \u00dcr\u00fcn; Bone, \u00dcst ve Tayt&#039;dan olu\u015fmaktad\u0131r. \u00dcr\u00fcn kuma\u015f\u0131: Su itici \u00f6zelli\u011fe sahip Likral\u0131 kuma\u015ftan \u00fcretilmi\u015ftir. Manken bedeni:38 38 Beden \u0130\u00e7in; G\u00f6\u011f\u00fcs:44 \u2013 Bel:41 \u2013Tunik Boyu:90 Bedenler aras\u0131 1\u2019er cm b\u00fcy\u00fcmektedir.\" \/>\n<meta property=\"og:url\" content=\"https:\/\/burkinistar.com\/?product=armes-likrali-desenli-yarim-kol-tesettur-mayo\" \/>\n<meta property=\"og:site_name\" content=\"BURKINISTAR\" \/>\n<meta property=\"article:modified_time\" content=\"2025-08-30T10:49:31+00:00\" \/>\n<meta property=\"og:image\" content=\"https:\/\/burkinistar.com\/wp-content\/uploads\/2025\/08\/yari-kapali-tesettur-mayoarmes-likrali-b88c.jpg\" \/>\n\t<meta property=\"og:image:width\" content=\"600\" \/>\n\t<meta property=\"og:image:height\" content=\"900\" \/>\n\t<meta property=\"og:image:type\" content=\"image\/jpeg\" \/>\n<meta name=\"twitter:card\" content=\"summary_large_image\" \/>\n<script type=\"application\/ld+json\" class=\"yoast-schema-graph\">{\"@context\":\"https:\/\/schema.org\",\"@graph\":[{\"@type\":\"WebPage\",\"@id\":\"https:\/\/burkinistar.com\/?product=armes-likrali-desenli-yarim-kol-tesettur-mayo\",\"url\":\"https:\/\/burkinistar.com\/?product=armes-likrali-desenli-yarim-kol-tesettur-mayo\",\"name\":\"Armes Likral\u0131 Desenli Yar\u0131m Kol Tesett\u00fcr Mayo - BURKINISTAR\",\"isPartOf\":{\"@id\":\"https:\/\/burkinistar.com\/#website\"},\"primaryImageOfPage\":{\"@id\":\"https:\/\/burkinistar.com\/?product=armes-likrali-desenli-yarim-kol-tesettur-mayo#primaryimage\"},\"image\":{\"@id\":\"https:\/\/burkinistar.com\/?product=armes-likrali-desenli-yarim-kol-tesettur-mayo#primaryimage\"},\"thumbnailUrl\":\"https:\/\/burkinistar.com\/wp-content\/uploads\/2025\/08\/yari-kapali-tesettur-mayoarmes-likrali-b88c.jpg\",\"datePublished\":\"2025-08-30T10:49:07+00:00\",\"dateModified\":\"2025-08-30T10:49:31+00:00\",\"breadcrumb\":{\"@id\":\"https:\/\/burkinistar.com\/?product=armes-likrali-desenli-yarim-kol-tesettur-mayo#breadcrumb\"},\"inLanguage\":\"en-US\",\"potentialAction\":[{\"@type\":\"ReadAction\",\"target\":[\"https:\/\/burkinistar.com\/?product=armes-likrali-desenli-yarim-kol-tesettur-mayo\"]}]},{\"@type\":\"ImageObject\",\"inLanguage\":\"en-US\",\"@id\":\"https:\/\/burkinistar.com\/?product=armes-likrali-desenli-yarim-kol-tesettur-mayo#primaryimage\",\"url\":\"https:\/\/burkinistar.com\/wp-content\/uploads\/2025\/08\/yari-kapali-tesettur-mayoarmes-likrali-b88c.jpg\",\"contentUrl\":\"https:\/\/burkinistar.com\/wp-content\/uploads\/2025\/08\/yari-kapali-tesettur-mayoarmes-likrali-b88c.jpg\",\"width\":600,\"height\":900},{\"@type\":\"BreadcrumbList\",\"@id\":\"https:\/\/burkinistar.com\/?product=armes-likrali-desenli-yarim-kol-tesettur-mayo#breadcrumb\",\"itemListElement\":[{\"@type\":\"ListItem\",\"position\":1,\"name\":\"Homepage\",\"item\":\"https:\/\/burkinistar.com\/\"},{\"@type\":\"ListItem\",\"position\":2,\"name\":\"All Products\",\"item\":\"https:\/\/burkinistar.com\/?page_id=8\"},{\"@type\":\"ListItem\",\"position\":3,\"name\":\"Armes Likral\u0131 Desenli Yar\u0131m Kol Tesett\u00fcr Mayo\"}]},{\"@type\":\"WebSite\",\"@id\":\"https:\/\/burkinistar.com\/#website\",\"url\":\"https:\/\/burkinistar.com\/\",\"name\":\"BURKINISTAR\",\"description\":\"The Best Modest Swimwear and Bikini Store | Burkinistar\",\"potentialAction\":[{\"@type\":\"SearchAction\",\"target\":{\"@type\":\"EntryPoint\",\"urlTemplate\":\"https:\/\/burkinistar.com\/?s={search_term_string}\"},\"query-input\":{\"@type\":\"PropertyValueSpecification\",\"valueRequired\":true,\"valueName\":\"search_term_string\"}}],\"inLanguage\":\"en-US\"}]}<\/script>\n<!-- \/ Yoast SEO plugin. -->","yoast_head_json":{"title":"Armes Likral\u0131 Desenli Yar\u0131m Kol Tesett\u00fcr Mayo - BURKINISTAR","robots":{"index":"index","follow":"follow","max-snippet":"max-snippet:-1","max-image-preview":"max-image-preview:large","max-video-preview":"max-video-preview:-1"},"canonical":"https:\/\/burkinistar.com\/?product=armes-likrali-desenli-yarim-kol-tesettur-mayo","og_locale":"en_US","og_type":"article","og_title":"Armes Likral\u0131 Desenli Yar\u0131m Kol Tesett\u00fcr Mayo - BURKINISTAR","og_description":"\u00c7anta Tak\u0131 vs. \u00fcr\u00fcne ait de\u011fidlir. \u00dcr\u00fcn; Bone, \u00dcst ve Tayt'dan olu\u015fmaktad\u0131r. \u00dcr\u00fcn kuma\u015f\u0131: Su itici \u00f6zelli\u011fe sahip Likral\u0131 kuma\u015ftan \u00fcretilmi\u015ftir. Manken bedeni:38 38 Beden \u0130\u00e7in; G\u00f6\u011f\u00fcs:44 \u2013 Bel:41 \u2013Tunik Boyu:90 Bedenler aras\u0131 1\u2019er cm b\u00fcy\u00fcmektedir.","og_url":"https:\/\/burkinistar.com\/?product=armes-likrali-desenli-yarim-kol-tesettur-mayo","og_site_name":"BURKINISTAR","article_modified_time":"2025-08-30T10:49:31+00:00","og_image":[{"width":600,"height":900,"url":"https:\/\/burkinistar.com\/wp-content\/uploads\/2025\/08\/yari-kapali-tesettur-mayoarmes-likrali-b88c.jpg","type":"image\/jpeg"}],"twitter_card":"summary_large_image","schema":{"@context":"https:\/\/schema.org","@graph":[{"@type":"WebPage","@id":"https:\/\/burkinistar.com\/?product=armes-likrali-desenli-yarim-kol-tesettur-mayo","url":"https:\/\/burkinistar.com\/?product=armes-likrali-desenli-yarim-kol-tesettur-mayo","name":"Armes Likral\u0131 Desenli Yar\u0131m Kol Tesett\u00fcr Mayo - BURKINISTAR","isPartOf":{"@id":"https:\/\/burkinistar.com\/#website"},"primaryImageOfPage":{"@id":"https:\/\/burkinistar.com\/?product=armes-likrali-desenli-yarim-kol-tesettur-mayo#primaryimage"},"image":{"@id":"https:\/\/burkinistar.com\/?product=armes-likrali-desenli-yarim-kol-tesettur-mayo#primaryimage"},"thumbnailUrl":"https:\/\/burkinistar.com\/wp-content\/uploads\/2025\/08\/yari-kapali-tesettur-mayoarmes-likrali-b88c.jpg","datePublished":"2025-08-30T10:49:07+00:00","dateModified":"2025-08-30T10:49:31+00:00","breadcrumb":{"@id":"https:\/\/burkinistar.com\/?product=armes-likrali-desenli-yarim-kol-tesettur-mayo#breadcrumb"},"inLanguage":"en-US","potentialAction":[{"@type":"ReadAction","target":["https:\/\/burkinistar.com\/?product=armes-likrali-desenli-yarim-kol-tesettur-mayo"]}]},{"@type":"ImageObject","inLanguage":"en-US","@id":"https:\/\/burkinistar.com\/?product=armes-likrali-desenli-yarim-kol-tesettur-mayo#primaryimage","url":"https:\/\/burkinistar.com\/wp-content\/uploads\/2025\/08\/yari-kapali-tesettur-mayoarmes-likrali-b88c.jpg","contentUrl":"https:\/\/burkinistar.com\/wp-content\/uploads\/2025\/08\/yari-kapali-tesettur-mayoarmes-likrali-b88c.jpg","width":600,"height":900},{"@type":"BreadcrumbList","@id":"https:\/\/burkinistar.com\/?product=armes-likrali-desenli-yarim-kol-tesettur-mayo#breadcrumb","itemListElement":[{"@type":"ListItem","position":1,"name":"Homepage","item":"https:\/\/burkinistar.com\/"},{"@type":"ListItem","position":2,"name":"All Products","item":"https:\/\/burkinistar.com\/?page_id=8"},{"@type":"ListItem","position":3,"name":"Armes Likral\u0131 Desenli Yar\u0131m Kol Tesett\u00fcr Mayo"}]},{"@type":"WebSite","@id":"https:\/\/burkinistar.com\/#website","url":"https:\/\/burkinistar.com\/","name":"BURKINISTAR","description":"The Best Modest Swimwear and Bikini Store | Burkinistar","potentialAction":[{"@type":"SearchAction","target":{"@type":"EntryPoint","urlTemplate":"https:\/\/burkinistar.com\/?s={search_term_string}"},"query-input":{"@type":"PropertyValueSpecification","valueRequired":true,"valueName":"search_term_string"}}],"inLanguage":"en-US"}]}},"_links":{"self":[{"href":"https:\/\/burkinistar.com\/index.php?rest_route=\/wp\/v2\/product\/48325","targetHints":{"allow":["GET"]}}],"collection":[{"href":"https:\/\/burkinistar.com\/index.php?rest_route=\/wp\/v2\/product"}],"about":[{"href":"https:\/\/burkinistar.com\/index.php?rest_route=\/wp\/v2\/types\/product"}],"replies":[{"embeddable":true,"href":"https:\/\/burkinistar.com\/index.php?rest_route=%2Fwp%2Fv2%2Fcomments&post=48325"}],"version-history":[{"count":1,"href":"https:\/\/burkinistar.com\/index.php?rest_route=\/wp\/v2\/product\/48325\/revisions"}],"predecessor-version":[{"id":48326,"href":"https:\/\/burkinistar.com\/index.php?rest_route=\/wp\/v2\/product\/48325\/revisions\/48326"}],"wp:featuredmedia":[{"embeddable":true,"href":"https:\/\/burkinistar.com\/index.php?rest_route=\/wp\/v2\/media\/48328"}],"wp:attachment":[{"href":"https:\/\/burkinistar.com\/index.php?rest_route=%2Fwp%2Fv2%2Fmedia&parent=48325"}],"wp:term":[{"taxonomy":"product_brand","embeddable":true,"href":"https:\/\/burkinistar.com\/index.php?rest_route=%2Fwp%2Fv2%2Fproduct_brand&post=48325"},{"taxonomy":"product_cat","embeddable":true,"href":"https:\/\/burkinistar.com\/index.php?rest_route=%2Fwp%2Fv2%2Fproduct_cat&post=48325"},{"taxonomy":"product_tag","embeddable":true,"href":"https:\/\/burkinistar.com\/index.php?rest_route=%2Fwp%2Fv2%2Fproduct_tag&post=48325"}],"curies":[{"name":"wp","href":"https:\/\/api.w.org\/{rel}","templated":true}]}}