{"id":48392,"date":"2025-08-30T10:49:07","date_gmt":"2025-08-30T10:49:07","guid":{"rendered":"https:\/\/burkinistar.com\/?product=starinci-mayo-klasik-tam-kapali-deniz-kiyafeti"},"modified":"2025-08-30T10:49:32","modified_gmt":"2025-08-30T10:49:32","slug":"starinci-mayo-klasik-tam-kapali-deniz-kiyafeti","status":"publish","type":"product","link":"https:\/\/burkinistar.com\/?product=starinci-mayo-klasik-tam-kapali-deniz-kiyafeti","title":{"rendered":"Starinci Mayo Klasik Tam Kapal\u0131 Deniz K\u0131yafeti"},"content":{"rendered":"<p>\u00dcr\u00fcn pantolon, tunik ve e\u015farptan olu\u015fmaktad\u0131r. Pantolon ve tunik esneme \u00f6zelli\u011fi olmayan para\u015f\u00fct mayo kuma\u015f\u0131ndan \u00fcretilmi\u015ftir. E\u015farp esneme \u00f6zelli\u011fi olan likral\u0131 mayo kuma\u015f\u0131ndan \u00fcretilmi\u015ftir. Manken bedeni 38(S)\u2019dir. 3XL \u0130\u00e7in \u00f6l\u00e7\u00fc tablosu a\u015fa\u011f\u0131daki gibidir.<\/p>\n","protected":false},"excerpt":{"rendered":"<ul>\n<li>\u00dcr\u00fcn pantolon, tunik ve e\u015farptan olu\u015fmaktad\u0131r.<\/li>\n<li>Pantolon ve tunik esneme \u00f6zelli\u011fi olmayan para\u015f\u00fct mayo kuma\u015f\u0131ndan \u00fcretilmi\u015ftir.<\/li>\n<li>E\u015farp esneme \u00f6zelli\u011fi olan likral\u0131 mayo kuma\u015f\u0131ndan \u00fcretilmi\u015ftir.<\/li>\n<li>Manken bedeni 38(S)\u2019dir. 3XL \u0130\u00e7in \u00f6l\u00e7\u00fc tablosu a\u015fa\u011f\u0131daki gibidir.<\/li>\n<li>Tunik boyu:90 \u2013 Kol boyu :63 \u2013 Omuz :55 \u2013 Pantolon uzunlu\u011fu:98 \u2013 Pa\u00e7a geni\u015fli\u011fi:25<\/li>\n<\/ul>\n<p>&nbsp;<\/p>\n","protected":false},"featured_media":48395,"comment_status":"closed","ping_status":"open","template":"","meta":[],"product_brand":[2562],"product_cat":[2563,2556],"product_tag":[],"class_list":{"0":"post-48392","1":"product","2":"type-product","3":"status-publish","4":"has-post-thumbnail","6":"product_brand-starinci-mayo","7":"product_cat-tam-kapali-tesettur-mayo","8":"product_cat-tesettur-mayo","9":"pa_color-gri","10":"pa_size-4xl","11":"pa_size-5xl","12":"pa_size-xl","13":"pa_size-xxl","15":"first","16":"instock","17":"shipping-taxable","18":"purchasable","19":"product-type-variable","20":"layout-style-2","21":"col-md-4 col-sm-4 col-xs-6","22":"col-lg-4","23":"product-has-gallery","24":"product-style-slider"},"yoast_head":"<!-- This site is optimized with the Yoast SEO plugin v25.8 - https:\/\/yoast.com\/wordpress\/plugins\/seo\/ -->\n<title>Starinci Mayo Klasik Tam Kapal\u0131 Deniz K\u0131yafeti - BURKINISTAR<\/title>\n<meta name=\"robots\" content=\"index, follow, max-snippet:-1, max-image-preview:large, max-video-preview:-1\" \/>\n<link rel=\"canonical\" href=\"https:\/\/burkinistar.com\/?product=starinci-mayo-klasik-tam-kapali-deniz-kiyafeti\" \/>\n<meta property=\"og:locale\" content=\"en_US\" \/>\n<meta property=\"og:type\" content=\"article\" \/>\n<meta property=\"og:title\" content=\"Starinci Mayo Klasik Tam Kapal\u0131 Deniz K\u0131yafeti - BURKINISTAR\" \/>\n<meta property=\"og:description\" content=\"\u00dcr\u00fcn pantolon, tunik ve e\u015farptan olu\u015fmaktad\u0131r. Pantolon ve tunik esneme \u00f6zelli\u011fi olmayan para\u015f\u00fct mayo kuma\u015f\u0131ndan \u00fcretilmi\u015ftir. E\u015farp esneme \u00f6zelli\u011fi olan likral\u0131 mayo kuma\u015f\u0131ndan \u00fcretilmi\u015ftir. Manken bedeni 38(S)\u2019dir. 3XL \u0130\u00e7in \u00f6l\u00e7\u00fc tablosu a\u015fa\u011f\u0131daki gibidir. Tunik boyu:90 \u2013 Kol boyu :63 \u2013 Omuz :55 \u2013 Pantolon uzunlu\u011fu:98 \u2013 Pa\u00e7a geni\u015fli\u011fi:25  &nbsp;\" \/>\n<meta property=\"og:url\" content=\"https:\/\/burkinistar.com\/?product=starinci-mayo-klasik-tam-kapali-deniz-kiyafeti\" \/>\n<meta property=\"og:site_name\" content=\"BURKINISTAR\" \/>\n<meta property=\"article:modified_time\" content=\"2025-08-30T10:49:32+00:00\" \/>\n<meta property=\"og:image\" content=\"https:\/\/burkinistar.com\/wp-content\/uploads\/2025\/08\/tam-kapali-tesettur-mayostarinci-mayo-2a-4a5.jpg\" \/>\n\t<meta property=\"og:image:width\" content=\"600\" \/>\n\t<meta property=\"og:image:height\" content=\"900\" \/>\n\t<meta property=\"og:image:type\" content=\"image\/jpeg\" \/>\n<meta name=\"twitter:card\" content=\"summary_large_image\" \/>\n<script type=\"application\/ld+json\" class=\"yoast-schema-graph\">{\"@context\":\"https:\/\/schema.org\",\"@graph\":[{\"@type\":\"WebPage\",\"@id\":\"https:\/\/burkinistar.com\/?product=starinci-mayo-klasik-tam-kapali-deniz-kiyafeti\",\"url\":\"https:\/\/burkinistar.com\/?product=starinci-mayo-klasik-tam-kapali-deniz-kiyafeti\",\"name\":\"Starinci Mayo Klasik Tam Kapal\u0131 Deniz K\u0131yafeti - BURKINISTAR\",\"isPartOf\":{\"@id\":\"https:\/\/burkinistar.com\/#website\"},\"primaryImageOfPage\":{\"@id\":\"https:\/\/burkinistar.com\/?product=starinci-mayo-klasik-tam-kapali-deniz-kiyafeti#primaryimage\"},\"image\":{\"@id\":\"https:\/\/burkinistar.com\/?product=starinci-mayo-klasik-tam-kapali-deniz-kiyafeti#primaryimage\"},\"thumbnailUrl\":\"https:\/\/burkinistar.com\/wp-content\/uploads\/2025\/08\/tam-kapali-tesettur-mayostarinci-mayo-2a-4a5.jpg\",\"datePublished\":\"2025-08-30T10:49:07+00:00\",\"dateModified\":\"2025-08-30T10:49:32+00:00\",\"breadcrumb\":{\"@id\":\"https:\/\/burkinistar.com\/?product=starinci-mayo-klasik-tam-kapali-deniz-kiyafeti#breadcrumb\"},\"inLanguage\":\"en-US\",\"potentialAction\":[{\"@type\":\"ReadAction\",\"target\":[\"https:\/\/burkinistar.com\/?product=starinci-mayo-klasik-tam-kapali-deniz-kiyafeti\"]}]},{\"@type\":\"ImageObject\",\"inLanguage\":\"en-US\",\"@id\":\"https:\/\/burkinistar.com\/?product=starinci-mayo-klasik-tam-kapali-deniz-kiyafeti#primaryimage\",\"url\":\"https:\/\/burkinistar.com\/wp-content\/uploads\/2025\/08\/tam-kapali-tesettur-mayostarinci-mayo-2a-4a5.jpg\",\"contentUrl\":\"https:\/\/burkinistar.com\/wp-content\/uploads\/2025\/08\/tam-kapali-tesettur-mayostarinci-mayo-2a-4a5.jpg\",\"width\":600,\"height\":900},{\"@type\":\"BreadcrumbList\",\"@id\":\"https:\/\/burkinistar.com\/?product=starinci-mayo-klasik-tam-kapali-deniz-kiyafeti#breadcrumb\",\"itemListElement\":[{\"@type\":\"ListItem\",\"position\":1,\"name\":\"Homepage\",\"item\":\"https:\/\/burkinistar.com\/\"},{\"@type\":\"ListItem\",\"position\":2,\"name\":\"All Products\",\"item\":\"https:\/\/burkinistar.com\/?page_id=8\"},{\"@type\":\"ListItem\",\"position\":3,\"name\":\"Starinci Mayo Klasik Tam Kapal\u0131 Deniz K\u0131yafeti\"}]},{\"@type\":\"WebSite\",\"@id\":\"https:\/\/burkinistar.com\/#website\",\"url\":\"https:\/\/burkinistar.com\/\",\"name\":\"BURKINISTAR\",\"description\":\"The Best Modest Swimwear and Bikini Store | Burkinistar\",\"potentialAction\":[{\"@type\":\"SearchAction\",\"target\":{\"@type\":\"EntryPoint\",\"urlTemplate\":\"https:\/\/burkinistar.com\/?s={search_term_string}\"},\"query-input\":{\"@type\":\"PropertyValueSpecification\",\"valueRequired\":true,\"valueName\":\"search_term_string\"}}],\"inLanguage\":\"en-US\"}]}<\/script>\n<!-- \/ Yoast SEO plugin. -->","yoast_head_json":{"title":"Starinci Mayo Klasik Tam Kapal\u0131 Deniz K\u0131yafeti - BURKINISTAR","robots":{"index":"index","follow":"follow","max-snippet":"max-snippet:-1","max-image-preview":"max-image-preview:large","max-video-preview":"max-video-preview:-1"},"canonical":"https:\/\/burkinistar.com\/?product=starinci-mayo-klasik-tam-kapali-deniz-kiyafeti","og_locale":"en_US","og_type":"article","og_title":"Starinci Mayo Klasik Tam Kapal\u0131 Deniz K\u0131yafeti - BURKINISTAR","og_description":"\u00dcr\u00fcn pantolon, tunik ve e\u015farptan olu\u015fmaktad\u0131r. Pantolon ve tunik esneme \u00f6zelli\u011fi olmayan para\u015f\u00fct mayo kuma\u015f\u0131ndan \u00fcretilmi\u015ftir. E\u015farp esneme \u00f6zelli\u011fi olan likral\u0131 mayo kuma\u015f\u0131ndan \u00fcretilmi\u015ftir. Manken bedeni 38(S)\u2019dir. 3XL \u0130\u00e7in \u00f6l\u00e7\u00fc tablosu a\u015fa\u011f\u0131daki gibidir. Tunik boyu:90 \u2013 Kol boyu :63 \u2013 Omuz :55 \u2013 Pantolon uzunlu\u011fu:98 \u2013 Pa\u00e7a geni\u015fli\u011fi:25  &nbsp;","og_url":"https:\/\/burkinistar.com\/?product=starinci-mayo-klasik-tam-kapali-deniz-kiyafeti","og_site_name":"BURKINISTAR","article_modified_time":"2025-08-30T10:49:32+00:00","og_image":[{"width":600,"height":900,"url":"https:\/\/burkinistar.com\/wp-content\/uploads\/2025\/08\/tam-kapali-tesettur-mayostarinci-mayo-2a-4a5.jpg","type":"image\/jpeg"}],"twitter_card":"summary_large_image","schema":{"@context":"https:\/\/schema.org","@graph":[{"@type":"WebPage","@id":"https:\/\/burkinistar.com\/?product=starinci-mayo-klasik-tam-kapali-deniz-kiyafeti","url":"https:\/\/burkinistar.com\/?product=starinci-mayo-klasik-tam-kapali-deniz-kiyafeti","name":"Starinci Mayo Klasik Tam Kapal\u0131 Deniz K\u0131yafeti - BURKINISTAR","isPartOf":{"@id":"https:\/\/burkinistar.com\/#website"},"primaryImageOfPage":{"@id":"https:\/\/burkinistar.com\/?product=starinci-mayo-klasik-tam-kapali-deniz-kiyafeti#primaryimage"},"image":{"@id":"https:\/\/burkinistar.com\/?product=starinci-mayo-klasik-tam-kapali-deniz-kiyafeti#primaryimage"},"thumbnailUrl":"https:\/\/burkinistar.com\/wp-content\/uploads\/2025\/08\/tam-kapali-tesettur-mayostarinci-mayo-2a-4a5.jpg","datePublished":"2025-08-30T10:49:07+00:00","dateModified":"2025-08-30T10:49:32+00:00","breadcrumb":{"@id":"https:\/\/burkinistar.com\/?product=starinci-mayo-klasik-tam-kapali-deniz-kiyafeti#breadcrumb"},"inLanguage":"en-US","potentialAction":[{"@type":"ReadAction","target":["https:\/\/burkinistar.com\/?product=starinci-mayo-klasik-tam-kapali-deniz-kiyafeti"]}]},{"@type":"ImageObject","inLanguage":"en-US","@id":"https:\/\/burkinistar.com\/?product=starinci-mayo-klasik-tam-kapali-deniz-kiyafeti#primaryimage","url":"https:\/\/burkinistar.com\/wp-content\/uploads\/2025\/08\/tam-kapali-tesettur-mayostarinci-mayo-2a-4a5.jpg","contentUrl":"https:\/\/burkinistar.com\/wp-content\/uploads\/2025\/08\/tam-kapali-tesettur-mayostarinci-mayo-2a-4a5.jpg","width":600,"height":900},{"@type":"BreadcrumbList","@id":"https:\/\/burkinistar.com\/?product=starinci-mayo-klasik-tam-kapali-deniz-kiyafeti#breadcrumb","itemListElement":[{"@type":"ListItem","position":1,"name":"Homepage","item":"https:\/\/burkinistar.com\/"},{"@type":"ListItem","position":2,"name":"All Products","item":"https:\/\/burkinistar.com\/?page_id=8"},{"@type":"ListItem","position":3,"name":"Starinci Mayo Klasik Tam Kapal\u0131 Deniz K\u0131yafeti"}]},{"@type":"WebSite","@id":"https:\/\/burkinistar.com\/#website","url":"https:\/\/burkinistar.com\/","name":"BURKINISTAR","description":"The Best Modest Swimwear and Bikini Store | Burkinistar","potentialAction":[{"@type":"SearchAction","target":{"@type":"EntryPoint","urlTemplate":"https:\/\/burkinistar.com\/?s={search_term_string}"},"query-input":{"@type":"PropertyValueSpecification","valueRequired":true,"valueName":"search_term_string"}}],"inLanguage":"en-US"}]}},"_links":{"self":[{"href":"https:\/\/burkinistar.com\/index.php?rest_route=\/wp\/v2\/product\/48392","targetHints":{"allow":["GET"]}}],"collection":[{"href":"https:\/\/burkinistar.com\/index.php?rest_route=\/wp\/v2\/product"}],"about":[{"href":"https:\/\/burkinistar.com\/index.php?rest_route=\/wp\/v2\/types\/product"}],"replies":[{"embeddable":true,"href":"https:\/\/burkinistar.com\/index.php?rest_route=%2Fwp%2Fv2%2Fcomments&post=48392"}],"version-history":[{"count":1,"href":"https:\/\/burkinistar.com\/index.php?rest_route=\/wp\/v2\/product\/48392\/revisions"}],"predecessor-version":[{"id":48393,"href":"https:\/\/burkinistar.com\/index.php?rest_route=\/wp\/v2\/product\/48392\/revisions\/48393"}],"wp:featuredmedia":[{"embeddable":true,"href":"https:\/\/burkinistar.com\/index.php?rest_route=\/wp\/v2\/media\/48395"}],"wp:attachment":[{"href":"https:\/\/burkinistar.com\/index.php?rest_route=%2Fwp%2Fv2%2Fmedia&parent=48392"}],"wp:term":[{"taxonomy":"product_brand","embeddable":true,"href":"https:\/\/burkinistar.com\/index.php?rest_route=%2Fwp%2Fv2%2Fproduct_brand&post=48392"},{"taxonomy":"product_cat","embeddable":true,"href":"https:\/\/burkinistar.com\/index.php?rest_route=%2Fwp%2Fv2%2Fproduct_cat&post=48392"},{"taxonomy":"product_tag","embeddable":true,"href":"https:\/\/burkinistar.com\/index.php?rest_route=%2Fwp%2Fv2%2Fproduct_tag&post=48392"}],"curies":[{"name":"wp","href":"https:\/\/api.w.org\/{rel}","templated":true}]}}