{"id":48452,"date":"2025-08-30T10:49:07","date_gmt":"2025-08-30T10:49:07","guid":{"rendered":"https:\/\/burkinistar.com\/?product=starinci-yuksek-bel-baglamali-ucgen-bikini"},"modified":"2025-08-30T10:49:32","modified_gmt":"2025-08-30T10:49:32","slug":"starinci-yuksek-bel-baglamali-ucgen-bikini","status":"publish","type":"product","link":"https:\/\/burkinistar.com\/?product=starinci-yuksek-bel-baglamali-ucgen-bikini","title":{"rendered":"Starinci Y\u00fcksek Bel Ba\u011flamal\u0131 \u00dc\u00e7gen Bikini"},"content":{"rendered":"<h2>Y\u00fcksek Bel Toparlay\u0131c\u0131 Bikini<\/h2>\n<ul>\n<li>\u0130ki par\u00e7adan olu\u015fmaktad\u0131r.<\/li>\n<li>G\u00f6\u011f\u00fcs pedi \u00e7\u0131kart\u0131labilir.<\/li>\n<li>G\u00f6\u011f\u00fcs k\u0131sm\u0131 desteksizdir.<\/li>\n<li>Toparlay\u0131c\u0131 \u00f6zelli\u011fe sahiptir.<\/li>\n<li>Arkas\u0131 ba\u011flamal\u0131 oldu\u011fundan v\u00fccudunuza g\u00f6re ayarlayabilirsiniz.<\/li>\n<li>Manken \u00f6l\u00e7\u00fcleri: Boy uzunlu\u011fu:173cm G\u00f6\u011f\u00fcs:91cm Bel:67cm Kal\u00e7a:98cm<\/li>\n<li>Manken \u00fczerindeki \u00fcr\u00fcn 38 bedendir.<\/li>\n<li>Esnek yap\u0131s\u0131 sayesinde suda rahat hareket etmenizi sa\u011flar.<\/li>\n<li>Bikini tak\u0131m\u0131n\u0131z\u0131n uzun \u00f6m\u00fcrl\u00fc olmas\u0131 i\u00e7in y\u0131kama ve kullanma talimatlar\u0131na uyunuz<\/li>\n<\/ul>\n","protected":false},"excerpt":{"rendered":"<p>Y\u00fcksek Bel Toparlay\u0131c\u0131 Bikini \u0130ki par\u00e7adan olu\u015fmaktad\u0131r. G\u00f6\u011f\u00fcs pedi \u00e7\u0131kart\u0131labilir. G\u00f6\u011f\u00fcs k\u0131sm\u0131 desteksizdir. Toparlay\u0131c\u0131 \u00f6zelli\u011fe&hellip;<\/p>\n","protected":false},"featured_media":48455,"comment_status":"closed","ping_status":"open","template":"","meta":[],"product_brand":[2562],"product_cat":[2503],"product_tag":[],"class_list":{"0":"post-48452","1":"product","2":"type-product","3":"status-publish","4":"has-post-thumbnail","6":"product_brand-starinci-mayo","7":"product_cat-bikini","8":"pa_color-pembe","9":"pa_size-2587","10":"pa_size-2581","11":"pa_size-2583","13":"first","14":"instock","15":"shipping-taxable","16":"purchasable","17":"product-type-variable","18":"layout-style-2","19":"col-md-4 col-sm-4 col-xs-6","20":"col-lg-4","21":"product-has-gallery","22":"product-style-slider"},"yoast_head":"<!-- This site is optimized with the Yoast SEO plugin v25.8 - https:\/\/yoast.com\/wordpress\/plugins\/seo\/ -->\n<title>Starinci Y\u00fcksek Bel Ba\u011flamal\u0131 \u00dc\u00e7gen Bikini - BURKINISTAR<\/title>\n<meta name=\"robots\" content=\"index, follow, max-snippet:-1, max-image-preview:large, max-video-preview:-1\" \/>\n<link rel=\"canonical\" href=\"https:\/\/burkinistar.com\/?product=starinci-yuksek-bel-baglamali-ucgen-bikini\" \/>\n<meta property=\"og:locale\" content=\"en_US\" \/>\n<meta property=\"og:type\" content=\"article\" \/>\n<meta property=\"og:title\" content=\"Starinci Y\u00fcksek Bel Ba\u011flamal\u0131 \u00dc\u00e7gen Bikini - BURKINISTAR\" \/>\n<meta property=\"og:description\" content=\"Y\u00fcksek Bel Toparlay\u0131c\u0131 Bikini \u0130ki par\u00e7adan olu\u015fmaktad\u0131r. G\u00f6\u011f\u00fcs pedi \u00e7\u0131kart\u0131labilir. G\u00f6\u011f\u00fcs k\u0131sm\u0131 desteksizdir. Toparlay\u0131c\u0131 \u00f6zelli\u011fe&hellip;\" \/>\n<meta property=\"og:url\" content=\"https:\/\/burkinistar.com\/?product=starinci-yuksek-bel-baglamali-ucgen-bikini\" \/>\n<meta property=\"og:site_name\" content=\"BURKINISTAR\" \/>\n<meta property=\"article:modified_time\" content=\"2025-08-30T10:49:32+00:00\" \/>\n<meta property=\"og:image\" content=\"https:\/\/burkinistar.com\/wp-content\/uploads\/2025\/08\/bikinistarinci-yuksek-bel-baglamali-uc-92e0-8.jpg\" \/>\n\t<meta property=\"og:image:width\" content=\"600\" \/>\n\t<meta property=\"og:image:height\" content=\"900\" \/>\n\t<meta property=\"og:image:type\" content=\"image\/jpeg\" \/>\n<meta name=\"twitter:card\" content=\"summary_large_image\" \/>\n<script type=\"application\/ld+json\" class=\"yoast-schema-graph\">{\"@context\":\"https:\/\/schema.org\",\"@graph\":[{\"@type\":\"WebPage\",\"@id\":\"https:\/\/burkinistar.com\/?product=starinci-yuksek-bel-baglamali-ucgen-bikini\",\"url\":\"https:\/\/burkinistar.com\/?product=starinci-yuksek-bel-baglamali-ucgen-bikini\",\"name\":\"Starinci Y\u00fcksek Bel Ba\u011flamal\u0131 \u00dc\u00e7gen Bikini - BURKINISTAR\",\"isPartOf\":{\"@id\":\"https:\/\/burkinistar.com\/#website\"},\"primaryImageOfPage\":{\"@id\":\"https:\/\/burkinistar.com\/?product=starinci-yuksek-bel-baglamali-ucgen-bikini#primaryimage\"},\"image\":{\"@id\":\"https:\/\/burkinistar.com\/?product=starinci-yuksek-bel-baglamali-ucgen-bikini#primaryimage\"},\"thumbnailUrl\":\"https:\/\/burkinistar.com\/wp-content\/uploads\/2025\/08\/bikinistarinci-yuksek-bel-baglamali-uc-92e0-8.jpg\",\"datePublished\":\"2025-08-30T10:49:07+00:00\",\"dateModified\":\"2025-08-30T10:49:32+00:00\",\"breadcrumb\":{\"@id\":\"https:\/\/burkinistar.com\/?product=starinci-yuksek-bel-baglamali-ucgen-bikini#breadcrumb\"},\"inLanguage\":\"en-US\",\"potentialAction\":[{\"@type\":\"ReadAction\",\"target\":[\"https:\/\/burkinistar.com\/?product=starinci-yuksek-bel-baglamali-ucgen-bikini\"]}]},{\"@type\":\"ImageObject\",\"inLanguage\":\"en-US\",\"@id\":\"https:\/\/burkinistar.com\/?product=starinci-yuksek-bel-baglamali-ucgen-bikini#primaryimage\",\"url\":\"https:\/\/burkinistar.com\/wp-content\/uploads\/2025\/08\/bikinistarinci-yuksek-bel-baglamali-uc-92e0-8.jpg\",\"contentUrl\":\"https:\/\/burkinistar.com\/wp-content\/uploads\/2025\/08\/bikinistarinci-yuksek-bel-baglamali-uc-92e0-8.jpg\",\"width\":600,\"height\":900},{\"@type\":\"BreadcrumbList\",\"@id\":\"https:\/\/burkinistar.com\/?product=starinci-yuksek-bel-baglamali-ucgen-bikini#breadcrumb\",\"itemListElement\":[{\"@type\":\"ListItem\",\"position\":1,\"name\":\"Homepage\",\"item\":\"https:\/\/burkinistar.com\/\"},{\"@type\":\"ListItem\",\"position\":2,\"name\":\"All Products\",\"item\":\"https:\/\/burkinistar.com\/?page_id=8\"},{\"@type\":\"ListItem\",\"position\":3,\"name\":\"Starinci Y\u00fcksek Bel Ba\u011flamal\u0131 \u00dc\u00e7gen Bikini\"}]},{\"@type\":\"WebSite\",\"@id\":\"https:\/\/burkinistar.com\/#website\",\"url\":\"https:\/\/burkinistar.com\/\",\"name\":\"BURKINISTAR\",\"description\":\"The Best Modest Swimwear and Bikini Store | Burkinistar\",\"potentialAction\":[{\"@type\":\"SearchAction\",\"target\":{\"@type\":\"EntryPoint\",\"urlTemplate\":\"https:\/\/burkinistar.com\/?s={search_term_string}\"},\"query-input\":{\"@type\":\"PropertyValueSpecification\",\"valueRequired\":true,\"valueName\":\"search_term_string\"}}],\"inLanguage\":\"en-US\"}]}<\/script>\n<!-- \/ Yoast SEO plugin. -->","yoast_head_json":{"title":"Starinci Y\u00fcksek Bel Ba\u011flamal\u0131 \u00dc\u00e7gen Bikini - BURKINISTAR","robots":{"index":"index","follow":"follow","max-snippet":"max-snippet:-1","max-image-preview":"max-image-preview:large","max-video-preview":"max-video-preview:-1"},"canonical":"https:\/\/burkinistar.com\/?product=starinci-yuksek-bel-baglamali-ucgen-bikini","og_locale":"en_US","og_type":"article","og_title":"Starinci Y\u00fcksek Bel Ba\u011flamal\u0131 \u00dc\u00e7gen Bikini - BURKINISTAR","og_description":"Y\u00fcksek Bel Toparlay\u0131c\u0131 Bikini \u0130ki par\u00e7adan olu\u015fmaktad\u0131r. G\u00f6\u011f\u00fcs pedi \u00e7\u0131kart\u0131labilir. G\u00f6\u011f\u00fcs k\u0131sm\u0131 desteksizdir. Toparlay\u0131c\u0131 \u00f6zelli\u011fe&hellip;","og_url":"https:\/\/burkinistar.com\/?product=starinci-yuksek-bel-baglamali-ucgen-bikini","og_site_name":"BURKINISTAR","article_modified_time":"2025-08-30T10:49:32+00:00","og_image":[{"width":600,"height":900,"url":"https:\/\/burkinistar.com\/wp-content\/uploads\/2025\/08\/bikinistarinci-yuksek-bel-baglamali-uc-92e0-8.jpg","type":"image\/jpeg"}],"twitter_card":"summary_large_image","schema":{"@context":"https:\/\/schema.org","@graph":[{"@type":"WebPage","@id":"https:\/\/burkinistar.com\/?product=starinci-yuksek-bel-baglamali-ucgen-bikini","url":"https:\/\/burkinistar.com\/?product=starinci-yuksek-bel-baglamali-ucgen-bikini","name":"Starinci Y\u00fcksek Bel Ba\u011flamal\u0131 \u00dc\u00e7gen Bikini - BURKINISTAR","isPartOf":{"@id":"https:\/\/burkinistar.com\/#website"},"primaryImageOfPage":{"@id":"https:\/\/burkinistar.com\/?product=starinci-yuksek-bel-baglamali-ucgen-bikini#primaryimage"},"image":{"@id":"https:\/\/burkinistar.com\/?product=starinci-yuksek-bel-baglamali-ucgen-bikini#primaryimage"},"thumbnailUrl":"https:\/\/burkinistar.com\/wp-content\/uploads\/2025\/08\/bikinistarinci-yuksek-bel-baglamali-uc-92e0-8.jpg","datePublished":"2025-08-30T10:49:07+00:00","dateModified":"2025-08-30T10:49:32+00:00","breadcrumb":{"@id":"https:\/\/burkinistar.com\/?product=starinci-yuksek-bel-baglamali-ucgen-bikini#breadcrumb"},"inLanguage":"en-US","potentialAction":[{"@type":"ReadAction","target":["https:\/\/burkinistar.com\/?product=starinci-yuksek-bel-baglamali-ucgen-bikini"]}]},{"@type":"ImageObject","inLanguage":"en-US","@id":"https:\/\/burkinistar.com\/?product=starinci-yuksek-bel-baglamali-ucgen-bikini#primaryimage","url":"https:\/\/burkinistar.com\/wp-content\/uploads\/2025\/08\/bikinistarinci-yuksek-bel-baglamali-uc-92e0-8.jpg","contentUrl":"https:\/\/burkinistar.com\/wp-content\/uploads\/2025\/08\/bikinistarinci-yuksek-bel-baglamali-uc-92e0-8.jpg","width":600,"height":900},{"@type":"BreadcrumbList","@id":"https:\/\/burkinistar.com\/?product=starinci-yuksek-bel-baglamali-ucgen-bikini#breadcrumb","itemListElement":[{"@type":"ListItem","position":1,"name":"Homepage","item":"https:\/\/burkinistar.com\/"},{"@type":"ListItem","position":2,"name":"All Products","item":"https:\/\/burkinistar.com\/?page_id=8"},{"@type":"ListItem","position":3,"name":"Starinci Y\u00fcksek Bel Ba\u011flamal\u0131 \u00dc\u00e7gen Bikini"}]},{"@type":"WebSite","@id":"https:\/\/burkinistar.com\/#website","url":"https:\/\/burkinistar.com\/","name":"BURKINISTAR","description":"The Best Modest Swimwear and Bikini Store | Burkinistar","potentialAction":[{"@type":"SearchAction","target":{"@type":"EntryPoint","urlTemplate":"https:\/\/burkinistar.com\/?s={search_term_string}"},"query-input":{"@type":"PropertyValueSpecification","valueRequired":true,"valueName":"search_term_string"}}],"inLanguage":"en-US"}]}},"_links":{"self":[{"href":"https:\/\/burkinistar.com\/index.php?rest_route=\/wp\/v2\/product\/48452","targetHints":{"allow":["GET"]}}],"collection":[{"href":"https:\/\/burkinistar.com\/index.php?rest_route=\/wp\/v2\/product"}],"about":[{"href":"https:\/\/burkinistar.com\/index.php?rest_route=\/wp\/v2\/types\/product"}],"replies":[{"embeddable":true,"href":"https:\/\/burkinistar.com\/index.php?rest_route=%2Fwp%2Fv2%2Fcomments&post=48452"}],"version-history":[{"count":1,"href":"https:\/\/burkinistar.com\/index.php?rest_route=\/wp\/v2\/product\/48452\/revisions"}],"predecessor-version":[{"id":48453,"href":"https:\/\/burkinistar.com\/index.php?rest_route=\/wp\/v2\/product\/48452\/revisions\/48453"}],"wp:featuredmedia":[{"embeddable":true,"href":"https:\/\/burkinistar.com\/index.php?rest_route=\/wp\/v2\/media\/48455"}],"wp:attachment":[{"href":"https:\/\/burkinistar.com\/index.php?rest_route=%2Fwp%2Fv2%2Fmedia&parent=48452"}],"wp:term":[{"taxonomy":"product_brand","embeddable":true,"href":"https:\/\/burkinistar.com\/index.php?rest_route=%2Fwp%2Fv2%2Fproduct_brand&post=48452"},{"taxonomy":"product_cat","embeddable":true,"href":"https:\/\/burkinistar.com\/index.php?rest_route=%2Fwp%2Fv2%2Fproduct_cat&post=48452"},{"taxonomy":"product_tag","embeddable":true,"href":"https:\/\/burkinistar.com\/index.php?rest_route=%2Fwp%2Fv2%2Fproduct_tag&post=48452"}],"curies":[{"name":"wp","href":"https:\/\/api.w.org\/{rel}","templated":true}]}}