{"id":48463,"date":"2025-08-30T10:49:33","date_gmt":"2025-08-30T10:49:33","guid":{"rendered":"https:\/\/burkinistar.com\/?product=starinci-toparlayici-kemerli-bustiyer-bikini-takimi"},"modified":"2025-08-30T10:50:02","modified_gmt":"2025-08-30T10:50:02","slug":"starinci-toparlayici-kemerli-bustiyer-bikini-takimi","status":"publish","type":"product","link":"https:\/\/burkinistar.com\/?product=starinci-toparlayici-kemerli-bustiyer-bikini-takimi","title":{"rendered":"Starinci Toparlay\u0131c\u0131 Kemerli B\u00fcstiyer Bikini Tak\u0131m\u0131"},"content":{"rendered":"<h2>Starinci Toparlay\u0131c\u0131 Kemerli Bikini<\/h2>\n<ul>\n<li>Bikini tak\u0131m\u0131 iki par\u00e7adan olu\u015fmaktad\u0131r.<\/li>\n<li>Toparlay\u0131c\u0131 \u00f6zelli\u011fine sahiptir.<\/li>\n<li>Elastik yap\u0131s\u0131yla rahat hareket etmenizi sa\u011flar.<\/li>\n<li>Polyester likral\u0131 mayo kuma\u015f\u0131ndan \u00fcretilmi\u015ftir.<\/li>\n<li>Manken Bedeni 38&#8217;tir.<\/li>\n<li>Manken \u00f6l\u00e7\u00fcleri : Boy Uzunlu\u011fu:178cm G\u00f6\u011f\u00fcs:87cm Bel:62cm Kal\u00e7a:92cm<\/li>\n<li>Ayarlanabilir ask\u0131 \u00f6zelli\u011fi sayesinde bedeninizi ayarlayabilirsiniz.<\/li>\n<li>Bikini tak\u0131m\u0131n\u0131z\u0131n uzun \u00f6m\u00fcrl\u00fc olmas\u0131 i\u00e7in y\u0131kama talimatlar\u0131na uyunuz.<\/li>\n<\/ul>\n","protected":false},"excerpt":{"rendered":"<p>Starinci Toparlay\u0131c\u0131 Kemerli Bikini Bikini tak\u0131m\u0131 iki par\u00e7adan olu\u015fmaktad\u0131r. Toparlay\u0131c\u0131 \u00f6zelli\u011fine sahiptir. Elastik yap\u0131s\u0131yla rahat&hellip;<\/p>\n","protected":false},"featured_media":48466,"comment_status":"closed","ping_status":"open","template":"","meta":[],"product_brand":[2562],"product_cat":[2503],"product_tag":[],"class_list":{"0":"post-48463","1":"product","2":"type-product","3":"status-publish","4":"has-post-thumbnail","6":"product_brand-starinci-mayo","7":"product_cat-bikini","8":"pa_color-mavi","9":"pa_size-2612","11":"first","12":"instock","13":"shipping-taxable","14":"purchasable","15":"product-type-variable","16":"layout-style-2","17":"col-md-4 col-sm-4 col-xs-6","18":"col-lg-4","19":"product-has-gallery","20":"product-style-slider"},"yoast_head":"<!-- This site is optimized with the Yoast SEO plugin v25.8 - https:\/\/yoast.com\/wordpress\/plugins\/seo\/ -->\n<title>Starinci Toparlay\u0131c\u0131 Kemerli B\u00fcstiyer Bikini Tak\u0131m\u0131 - BURKINISTAR<\/title>\n<meta name=\"robots\" content=\"index, follow, max-snippet:-1, max-image-preview:large, max-video-preview:-1\" \/>\n<link rel=\"canonical\" href=\"https:\/\/burkinistar.com\/?product=starinci-toparlayici-kemerli-bustiyer-bikini-takimi\" \/>\n<meta property=\"og:locale\" content=\"en_US\" \/>\n<meta property=\"og:type\" content=\"article\" \/>\n<meta property=\"og:title\" content=\"Starinci Toparlay\u0131c\u0131 Kemerli B\u00fcstiyer Bikini Tak\u0131m\u0131 - BURKINISTAR\" \/>\n<meta property=\"og:description\" content=\"Starinci Toparlay\u0131c\u0131 Kemerli Bikini Bikini tak\u0131m\u0131 iki par\u00e7adan olu\u015fmaktad\u0131r. Toparlay\u0131c\u0131 \u00f6zelli\u011fine sahiptir. Elastik yap\u0131s\u0131yla rahat&hellip;\" \/>\n<meta property=\"og:url\" content=\"https:\/\/burkinistar.com\/?product=starinci-toparlayici-kemerli-bustiyer-bikini-takimi\" \/>\n<meta property=\"og:site_name\" content=\"BURKINISTAR\" \/>\n<meta property=\"article:modified_time\" content=\"2025-08-30T10:50:02+00:00\" \/>\n<meta property=\"og:image\" content=\"https:\/\/burkinistar.com\/wp-content\/uploads\/2025\/08\/bikinistarinci-toparlayici-kemerli-bus-c06-e1.jpg\" \/>\n\t<meta property=\"og:image:width\" content=\"600\" \/>\n\t<meta property=\"og:image:height\" content=\"900\" \/>\n\t<meta property=\"og:image:type\" content=\"image\/jpeg\" \/>\n<meta name=\"twitter:card\" content=\"summary_large_image\" \/>\n<script type=\"application\/ld+json\" class=\"yoast-schema-graph\">{\"@context\":\"https:\/\/schema.org\",\"@graph\":[{\"@type\":\"WebPage\",\"@id\":\"https:\/\/burkinistar.com\/?product=starinci-toparlayici-kemerli-bustiyer-bikini-takimi\",\"url\":\"https:\/\/burkinistar.com\/?product=starinci-toparlayici-kemerli-bustiyer-bikini-takimi\",\"name\":\"Starinci Toparlay\u0131c\u0131 Kemerli B\u00fcstiyer Bikini Tak\u0131m\u0131 - BURKINISTAR\",\"isPartOf\":{\"@id\":\"https:\/\/burkinistar.com\/#website\"},\"primaryImageOfPage\":{\"@id\":\"https:\/\/burkinistar.com\/?product=starinci-toparlayici-kemerli-bustiyer-bikini-takimi#primaryimage\"},\"image\":{\"@id\":\"https:\/\/burkinistar.com\/?product=starinci-toparlayici-kemerli-bustiyer-bikini-takimi#primaryimage\"},\"thumbnailUrl\":\"https:\/\/burkinistar.com\/wp-content\/uploads\/2025\/08\/bikinistarinci-toparlayici-kemerli-bus-c06-e1.jpg\",\"datePublished\":\"2025-08-30T10:49:33+00:00\",\"dateModified\":\"2025-08-30T10:50:02+00:00\",\"breadcrumb\":{\"@id\":\"https:\/\/burkinistar.com\/?product=starinci-toparlayici-kemerli-bustiyer-bikini-takimi#breadcrumb\"},\"inLanguage\":\"en-US\",\"potentialAction\":[{\"@type\":\"ReadAction\",\"target\":[\"https:\/\/burkinistar.com\/?product=starinci-toparlayici-kemerli-bustiyer-bikini-takimi\"]}]},{\"@type\":\"ImageObject\",\"inLanguage\":\"en-US\",\"@id\":\"https:\/\/burkinistar.com\/?product=starinci-toparlayici-kemerli-bustiyer-bikini-takimi#primaryimage\",\"url\":\"https:\/\/burkinistar.com\/wp-content\/uploads\/2025\/08\/bikinistarinci-toparlayici-kemerli-bus-c06-e1.jpg\",\"contentUrl\":\"https:\/\/burkinistar.com\/wp-content\/uploads\/2025\/08\/bikinistarinci-toparlayici-kemerli-bus-c06-e1.jpg\",\"width\":600,\"height\":900},{\"@type\":\"BreadcrumbList\",\"@id\":\"https:\/\/burkinistar.com\/?product=starinci-toparlayici-kemerli-bustiyer-bikini-takimi#breadcrumb\",\"itemListElement\":[{\"@type\":\"ListItem\",\"position\":1,\"name\":\"Homepage\",\"item\":\"https:\/\/burkinistar.com\/\"},{\"@type\":\"ListItem\",\"position\":2,\"name\":\"All Products\",\"item\":\"https:\/\/burkinistar.com\/?page_id=8\"},{\"@type\":\"ListItem\",\"position\":3,\"name\":\"Starinci Toparlay\u0131c\u0131 Kemerli B\u00fcstiyer Bikini Tak\u0131m\u0131\"}]},{\"@type\":\"WebSite\",\"@id\":\"https:\/\/burkinistar.com\/#website\",\"url\":\"https:\/\/burkinistar.com\/\",\"name\":\"BURKINISTAR\",\"description\":\"The Best Modest Swimwear and Bikini Store | Burkinistar\",\"potentialAction\":[{\"@type\":\"SearchAction\",\"target\":{\"@type\":\"EntryPoint\",\"urlTemplate\":\"https:\/\/burkinistar.com\/?s={search_term_string}\"},\"query-input\":{\"@type\":\"PropertyValueSpecification\",\"valueRequired\":true,\"valueName\":\"search_term_string\"}}],\"inLanguage\":\"en-US\"}]}<\/script>\n<!-- \/ Yoast SEO plugin. -->","yoast_head_json":{"title":"Starinci Toparlay\u0131c\u0131 Kemerli B\u00fcstiyer Bikini Tak\u0131m\u0131 - BURKINISTAR","robots":{"index":"index","follow":"follow","max-snippet":"max-snippet:-1","max-image-preview":"max-image-preview:large","max-video-preview":"max-video-preview:-1"},"canonical":"https:\/\/burkinistar.com\/?product=starinci-toparlayici-kemerli-bustiyer-bikini-takimi","og_locale":"en_US","og_type":"article","og_title":"Starinci Toparlay\u0131c\u0131 Kemerli B\u00fcstiyer Bikini Tak\u0131m\u0131 - BURKINISTAR","og_description":"Starinci Toparlay\u0131c\u0131 Kemerli Bikini Bikini tak\u0131m\u0131 iki par\u00e7adan olu\u015fmaktad\u0131r. Toparlay\u0131c\u0131 \u00f6zelli\u011fine sahiptir. Elastik yap\u0131s\u0131yla rahat&hellip;","og_url":"https:\/\/burkinistar.com\/?product=starinci-toparlayici-kemerli-bustiyer-bikini-takimi","og_site_name":"BURKINISTAR","article_modified_time":"2025-08-30T10:50:02+00:00","og_image":[{"width":600,"height":900,"url":"https:\/\/burkinistar.com\/wp-content\/uploads\/2025\/08\/bikinistarinci-toparlayici-kemerli-bus-c06-e1.jpg","type":"image\/jpeg"}],"twitter_card":"summary_large_image","schema":{"@context":"https:\/\/schema.org","@graph":[{"@type":"WebPage","@id":"https:\/\/burkinistar.com\/?product=starinci-toparlayici-kemerli-bustiyer-bikini-takimi","url":"https:\/\/burkinistar.com\/?product=starinci-toparlayici-kemerli-bustiyer-bikini-takimi","name":"Starinci Toparlay\u0131c\u0131 Kemerli B\u00fcstiyer Bikini Tak\u0131m\u0131 - BURKINISTAR","isPartOf":{"@id":"https:\/\/burkinistar.com\/#website"},"primaryImageOfPage":{"@id":"https:\/\/burkinistar.com\/?product=starinci-toparlayici-kemerli-bustiyer-bikini-takimi#primaryimage"},"image":{"@id":"https:\/\/burkinistar.com\/?product=starinci-toparlayici-kemerli-bustiyer-bikini-takimi#primaryimage"},"thumbnailUrl":"https:\/\/burkinistar.com\/wp-content\/uploads\/2025\/08\/bikinistarinci-toparlayici-kemerli-bus-c06-e1.jpg","datePublished":"2025-08-30T10:49:33+00:00","dateModified":"2025-08-30T10:50:02+00:00","breadcrumb":{"@id":"https:\/\/burkinistar.com\/?product=starinci-toparlayici-kemerli-bustiyer-bikini-takimi#breadcrumb"},"inLanguage":"en-US","potentialAction":[{"@type":"ReadAction","target":["https:\/\/burkinistar.com\/?product=starinci-toparlayici-kemerli-bustiyer-bikini-takimi"]}]},{"@type":"ImageObject","inLanguage":"en-US","@id":"https:\/\/burkinistar.com\/?product=starinci-toparlayici-kemerli-bustiyer-bikini-takimi#primaryimage","url":"https:\/\/burkinistar.com\/wp-content\/uploads\/2025\/08\/bikinistarinci-toparlayici-kemerli-bus-c06-e1.jpg","contentUrl":"https:\/\/burkinistar.com\/wp-content\/uploads\/2025\/08\/bikinistarinci-toparlayici-kemerli-bus-c06-e1.jpg","width":600,"height":900},{"@type":"BreadcrumbList","@id":"https:\/\/burkinistar.com\/?product=starinci-toparlayici-kemerli-bustiyer-bikini-takimi#breadcrumb","itemListElement":[{"@type":"ListItem","position":1,"name":"Homepage","item":"https:\/\/burkinistar.com\/"},{"@type":"ListItem","position":2,"name":"All Products","item":"https:\/\/burkinistar.com\/?page_id=8"},{"@type":"ListItem","position":3,"name":"Starinci Toparlay\u0131c\u0131 Kemerli B\u00fcstiyer Bikini Tak\u0131m\u0131"}]},{"@type":"WebSite","@id":"https:\/\/burkinistar.com\/#website","url":"https:\/\/burkinistar.com\/","name":"BURKINISTAR","description":"The Best Modest Swimwear and Bikini Store | Burkinistar","potentialAction":[{"@type":"SearchAction","target":{"@type":"EntryPoint","urlTemplate":"https:\/\/burkinistar.com\/?s={search_term_string}"},"query-input":{"@type":"PropertyValueSpecification","valueRequired":true,"valueName":"search_term_string"}}],"inLanguage":"en-US"}]}},"_links":{"self":[{"href":"https:\/\/burkinistar.com\/index.php?rest_route=\/wp\/v2\/product\/48463","targetHints":{"allow":["GET"]}}],"collection":[{"href":"https:\/\/burkinistar.com\/index.php?rest_route=\/wp\/v2\/product"}],"about":[{"href":"https:\/\/burkinistar.com\/index.php?rest_route=\/wp\/v2\/types\/product"}],"replies":[{"embeddable":true,"href":"https:\/\/burkinistar.com\/index.php?rest_route=%2Fwp%2Fv2%2Fcomments&post=48463"}],"version-history":[{"count":1,"href":"https:\/\/burkinistar.com\/index.php?rest_route=\/wp\/v2\/product\/48463\/revisions"}],"predecessor-version":[{"id":48464,"href":"https:\/\/burkinistar.com\/index.php?rest_route=\/wp\/v2\/product\/48463\/revisions\/48464"}],"wp:featuredmedia":[{"embeddable":true,"href":"https:\/\/burkinistar.com\/index.php?rest_route=\/wp\/v2\/media\/48466"}],"wp:attachment":[{"href":"https:\/\/burkinistar.com\/index.php?rest_route=%2Fwp%2Fv2%2Fmedia&parent=48463"}],"wp:term":[{"taxonomy":"product_brand","embeddable":true,"href":"https:\/\/burkinistar.com\/index.php?rest_route=%2Fwp%2Fv2%2Fproduct_brand&post=48463"},{"taxonomy":"product_cat","embeddable":true,"href":"https:\/\/burkinistar.com\/index.php?rest_route=%2Fwp%2Fv2%2Fproduct_cat&post=48463"},{"taxonomy":"product_tag","embeddable":true,"href":"https:\/\/burkinistar.com\/index.php?rest_route=%2Fwp%2Fv2%2Fproduct_tag&post=48463"}],"curies":[{"name":"wp","href":"https:\/\/api.w.org\/{rel}","templated":true}]}}