{"id":48467,"date":"2025-08-30T10:49:33","date_gmt":"2025-08-30T10:49:33","guid":{"rendered":"https:\/\/burkinistar.com\/?product=starinci-duz-siyah-ucgen-bikini-ustu"},"modified":"2025-08-30T10:50:02","modified_gmt":"2025-08-30T10:50:02","slug":"starinci-duz-siyah-ucgen-bikini-ustu","status":"publish","type":"product","link":"https:\/\/burkinistar.com\/?product=starinci-duz-siyah-ucgen-bikini-ustu","title":{"rendered":"Starinci D\u00fcz Siyah \u00dc\u00e7gen Bikini \u00dcst\u00fc"},"content":{"rendered":"<h2>Starinci Ba\u011flamal\u0131 D\u00fcz Siyah \u00dc\u00e7gen Bikini \u00dcst\u00fc<\/h2>\n<ul>\n<li>Bikini \u00fcst\u00fc tek par\u00e7ad\u0131r.<\/li>\n<li>\u015eort fiyata dahil de\u011fildir.<\/li>\n<li>Belden ve boyundan ba\u011flama \u00f6zelli\u011fi sayesinde v\u00fccudunuza g\u00f6re ayarlayabilirsiniz.<\/li>\n<li>Manken \u00fczerindeki \u00fcr\u00fcn 36 bedendir.<\/li>\n<li>Manken \u00f6l\u00e7\u00fcleri: Boy uzunlu\u011fu:178cm G\u00f6\u011f\u00fcs:87cm Bel:62cm Kal\u00e7a:92cm<\/li>\n<li>Toparlay\u0131c\u0131 \u00f6zelli\u011fe sahip de\u011fildir.<\/li>\n<li>Bikini par\u00e7as\u0131n\u0131n uzun \u00f6m\u00fcrl\u00fc olmas\u0131 i\u00e7in y\u0131kama talimatlar\u0131na uyunuz.<\/li>\n<\/ul>\n","protected":false},"excerpt":{"rendered":"<p>Starinci Ba\u011flamal\u0131 D\u00fcz Siyah \u00dc\u00e7gen Bikini \u00dcst\u00fc Bikini \u00fcst\u00fc tek par\u00e7ad\u0131r. \u015eort fiyata dahil de\u011fildir.&hellip;<\/p>\n","protected":false},"featured_media":48470,"comment_status":"closed","ping_status":"open","template":"","meta":[],"product_brand":[2562],"product_cat":[2564,2569],"product_tag":[],"class_list":{"0":"post-48467","1":"product","2":"type-product","3":"status-publish","4":"has-post-thumbnail","6":"product_brand-starinci-mayo","7":"product_cat-plaj","8":"product_cat-ust-grup","9":"pa_color-siyah","10":"pa_size-2612","11":"pa_size-2587","12":"pa_size-2581","13":"pa_size-2582","14":"pa_size-2583","15":"pa_size-2584","17":"first","18":"instock","19":"shipping-taxable","20":"purchasable","21":"product-type-variable","22":"layout-style-2","23":"col-md-4 col-sm-4 col-xs-6","24":"col-lg-4","25":"product-has-gallery","26":"product-style-slider"},"yoast_head":"<!-- This site is optimized with the Yoast SEO plugin v25.8 - https:\/\/yoast.com\/wordpress\/plugins\/seo\/ -->\n<title>Starinci D\u00fcz Siyah \u00dc\u00e7gen Bikini \u00dcst\u00fc - BURKINISTAR<\/title>\n<meta name=\"robots\" content=\"index, follow, max-snippet:-1, max-image-preview:large, max-video-preview:-1\" \/>\n<link rel=\"canonical\" href=\"https:\/\/burkinistar.com\/?product=starinci-duz-siyah-ucgen-bikini-ustu\" \/>\n<meta property=\"og:locale\" content=\"en_US\" \/>\n<meta property=\"og:type\" content=\"article\" \/>\n<meta property=\"og:title\" content=\"Starinci D\u00fcz Siyah \u00dc\u00e7gen Bikini \u00dcst\u00fc - BURKINISTAR\" \/>\n<meta property=\"og:description\" content=\"Starinci Ba\u011flamal\u0131 D\u00fcz Siyah \u00dc\u00e7gen Bikini \u00dcst\u00fc Bikini \u00fcst\u00fc tek par\u00e7ad\u0131r. \u015eort fiyata dahil de\u011fildir.&hellip;\" \/>\n<meta property=\"og:url\" content=\"https:\/\/burkinistar.com\/?product=starinci-duz-siyah-ucgen-bikini-ustu\" \/>\n<meta property=\"og:site_name\" content=\"BURKINISTAR\" \/>\n<meta property=\"article:modified_time\" content=\"2025-08-30T10:50:02+00:00\" \/>\n<meta property=\"og:image\" content=\"https:\/\/burkinistar.com\/wp-content\/uploads\/2025\/08\/ust-grupstarinci-duz-siyah-ucgen-bikin-3b0d.jpg\" \/>\n\t<meta property=\"og:image:width\" content=\"600\" \/>\n\t<meta property=\"og:image:height\" content=\"900\" \/>\n\t<meta property=\"og:image:type\" content=\"image\/jpeg\" \/>\n<meta name=\"twitter:card\" content=\"summary_large_image\" \/>\n<script type=\"application\/ld+json\" class=\"yoast-schema-graph\">{\"@context\":\"https:\/\/schema.org\",\"@graph\":[{\"@type\":\"WebPage\",\"@id\":\"https:\/\/burkinistar.com\/?product=starinci-duz-siyah-ucgen-bikini-ustu\",\"url\":\"https:\/\/burkinistar.com\/?product=starinci-duz-siyah-ucgen-bikini-ustu\",\"name\":\"Starinci D\u00fcz Siyah \u00dc\u00e7gen Bikini \u00dcst\u00fc - BURKINISTAR\",\"isPartOf\":{\"@id\":\"https:\/\/burkinistar.com\/#website\"},\"primaryImageOfPage\":{\"@id\":\"https:\/\/burkinistar.com\/?product=starinci-duz-siyah-ucgen-bikini-ustu#primaryimage\"},\"image\":{\"@id\":\"https:\/\/burkinistar.com\/?product=starinci-duz-siyah-ucgen-bikini-ustu#primaryimage\"},\"thumbnailUrl\":\"https:\/\/burkinistar.com\/wp-content\/uploads\/2025\/08\/ust-grupstarinci-duz-siyah-ucgen-bikin-3b0d.jpg\",\"datePublished\":\"2025-08-30T10:49:33+00:00\",\"dateModified\":\"2025-08-30T10:50:02+00:00\",\"breadcrumb\":{\"@id\":\"https:\/\/burkinistar.com\/?product=starinci-duz-siyah-ucgen-bikini-ustu#breadcrumb\"},\"inLanguage\":\"en-US\",\"potentialAction\":[{\"@type\":\"ReadAction\",\"target\":[\"https:\/\/burkinistar.com\/?product=starinci-duz-siyah-ucgen-bikini-ustu\"]}]},{\"@type\":\"ImageObject\",\"inLanguage\":\"en-US\",\"@id\":\"https:\/\/burkinistar.com\/?product=starinci-duz-siyah-ucgen-bikini-ustu#primaryimage\",\"url\":\"https:\/\/burkinistar.com\/wp-content\/uploads\/2025\/08\/ust-grupstarinci-duz-siyah-ucgen-bikin-3b0d.jpg\",\"contentUrl\":\"https:\/\/burkinistar.com\/wp-content\/uploads\/2025\/08\/ust-grupstarinci-duz-siyah-ucgen-bikin-3b0d.jpg\",\"width\":600,\"height\":900},{\"@type\":\"BreadcrumbList\",\"@id\":\"https:\/\/burkinistar.com\/?product=starinci-duz-siyah-ucgen-bikini-ustu#breadcrumb\",\"itemListElement\":[{\"@type\":\"ListItem\",\"position\":1,\"name\":\"Homepage\",\"item\":\"https:\/\/burkinistar.com\/\"},{\"@type\":\"ListItem\",\"position\":2,\"name\":\"All Products\",\"item\":\"https:\/\/burkinistar.com\/?page_id=8\"},{\"@type\":\"ListItem\",\"position\":3,\"name\":\"Starinci D\u00fcz Siyah \u00dc\u00e7gen Bikini \u00dcst\u00fc\"}]},{\"@type\":\"WebSite\",\"@id\":\"https:\/\/burkinistar.com\/#website\",\"url\":\"https:\/\/burkinistar.com\/\",\"name\":\"BURKINISTAR\",\"description\":\"The Best Modest Swimwear and Bikini Store | Burkinistar\",\"potentialAction\":[{\"@type\":\"SearchAction\",\"target\":{\"@type\":\"EntryPoint\",\"urlTemplate\":\"https:\/\/burkinistar.com\/?s={search_term_string}\"},\"query-input\":{\"@type\":\"PropertyValueSpecification\",\"valueRequired\":true,\"valueName\":\"search_term_string\"}}],\"inLanguage\":\"en-US\"}]}<\/script>\n<!-- \/ Yoast SEO plugin. -->","yoast_head_json":{"title":"Starinci D\u00fcz Siyah \u00dc\u00e7gen Bikini \u00dcst\u00fc - BURKINISTAR","robots":{"index":"index","follow":"follow","max-snippet":"max-snippet:-1","max-image-preview":"max-image-preview:large","max-video-preview":"max-video-preview:-1"},"canonical":"https:\/\/burkinistar.com\/?product=starinci-duz-siyah-ucgen-bikini-ustu","og_locale":"en_US","og_type":"article","og_title":"Starinci D\u00fcz Siyah \u00dc\u00e7gen Bikini \u00dcst\u00fc - BURKINISTAR","og_description":"Starinci Ba\u011flamal\u0131 D\u00fcz Siyah \u00dc\u00e7gen Bikini \u00dcst\u00fc Bikini \u00fcst\u00fc tek par\u00e7ad\u0131r. \u015eort fiyata dahil de\u011fildir.&hellip;","og_url":"https:\/\/burkinistar.com\/?product=starinci-duz-siyah-ucgen-bikini-ustu","og_site_name":"BURKINISTAR","article_modified_time":"2025-08-30T10:50:02+00:00","og_image":[{"width":600,"height":900,"url":"https:\/\/burkinistar.com\/wp-content\/uploads\/2025\/08\/ust-grupstarinci-duz-siyah-ucgen-bikin-3b0d.jpg","type":"image\/jpeg"}],"twitter_card":"summary_large_image","schema":{"@context":"https:\/\/schema.org","@graph":[{"@type":"WebPage","@id":"https:\/\/burkinistar.com\/?product=starinci-duz-siyah-ucgen-bikini-ustu","url":"https:\/\/burkinistar.com\/?product=starinci-duz-siyah-ucgen-bikini-ustu","name":"Starinci D\u00fcz Siyah \u00dc\u00e7gen Bikini \u00dcst\u00fc - BURKINISTAR","isPartOf":{"@id":"https:\/\/burkinistar.com\/#website"},"primaryImageOfPage":{"@id":"https:\/\/burkinistar.com\/?product=starinci-duz-siyah-ucgen-bikini-ustu#primaryimage"},"image":{"@id":"https:\/\/burkinistar.com\/?product=starinci-duz-siyah-ucgen-bikini-ustu#primaryimage"},"thumbnailUrl":"https:\/\/burkinistar.com\/wp-content\/uploads\/2025\/08\/ust-grupstarinci-duz-siyah-ucgen-bikin-3b0d.jpg","datePublished":"2025-08-30T10:49:33+00:00","dateModified":"2025-08-30T10:50:02+00:00","breadcrumb":{"@id":"https:\/\/burkinistar.com\/?product=starinci-duz-siyah-ucgen-bikini-ustu#breadcrumb"},"inLanguage":"en-US","potentialAction":[{"@type":"ReadAction","target":["https:\/\/burkinistar.com\/?product=starinci-duz-siyah-ucgen-bikini-ustu"]}]},{"@type":"ImageObject","inLanguage":"en-US","@id":"https:\/\/burkinistar.com\/?product=starinci-duz-siyah-ucgen-bikini-ustu#primaryimage","url":"https:\/\/burkinistar.com\/wp-content\/uploads\/2025\/08\/ust-grupstarinci-duz-siyah-ucgen-bikin-3b0d.jpg","contentUrl":"https:\/\/burkinistar.com\/wp-content\/uploads\/2025\/08\/ust-grupstarinci-duz-siyah-ucgen-bikin-3b0d.jpg","width":600,"height":900},{"@type":"BreadcrumbList","@id":"https:\/\/burkinistar.com\/?product=starinci-duz-siyah-ucgen-bikini-ustu#breadcrumb","itemListElement":[{"@type":"ListItem","position":1,"name":"Homepage","item":"https:\/\/burkinistar.com\/"},{"@type":"ListItem","position":2,"name":"All Products","item":"https:\/\/burkinistar.com\/?page_id=8"},{"@type":"ListItem","position":3,"name":"Starinci D\u00fcz Siyah \u00dc\u00e7gen Bikini \u00dcst\u00fc"}]},{"@type":"WebSite","@id":"https:\/\/burkinistar.com\/#website","url":"https:\/\/burkinistar.com\/","name":"BURKINISTAR","description":"The Best Modest Swimwear and Bikini Store | Burkinistar","potentialAction":[{"@type":"SearchAction","target":{"@type":"EntryPoint","urlTemplate":"https:\/\/burkinistar.com\/?s={search_term_string}"},"query-input":{"@type":"PropertyValueSpecification","valueRequired":true,"valueName":"search_term_string"}}],"inLanguage":"en-US"}]}},"_links":{"self":[{"href":"https:\/\/burkinistar.com\/index.php?rest_route=\/wp\/v2\/product\/48467","targetHints":{"allow":["GET"]}}],"collection":[{"href":"https:\/\/burkinistar.com\/index.php?rest_route=\/wp\/v2\/product"}],"about":[{"href":"https:\/\/burkinistar.com\/index.php?rest_route=\/wp\/v2\/types\/product"}],"replies":[{"embeddable":true,"href":"https:\/\/burkinistar.com\/index.php?rest_route=%2Fwp%2Fv2%2Fcomments&post=48467"}],"version-history":[{"count":1,"href":"https:\/\/burkinistar.com\/index.php?rest_route=\/wp\/v2\/product\/48467\/revisions"}],"predecessor-version":[{"id":48468,"href":"https:\/\/burkinistar.com\/index.php?rest_route=\/wp\/v2\/product\/48467\/revisions\/48468"}],"wp:featuredmedia":[{"embeddable":true,"href":"https:\/\/burkinistar.com\/index.php?rest_route=\/wp\/v2\/media\/48470"}],"wp:attachment":[{"href":"https:\/\/burkinistar.com\/index.php?rest_route=%2Fwp%2Fv2%2Fmedia&parent=48467"}],"wp:term":[{"taxonomy":"product_brand","embeddable":true,"href":"https:\/\/burkinistar.com\/index.php?rest_route=%2Fwp%2Fv2%2Fproduct_brand&post=48467"},{"taxonomy":"product_cat","embeddable":true,"href":"https:\/\/burkinistar.com\/index.php?rest_route=%2Fwp%2Fv2%2Fproduct_cat&post=48467"},{"taxonomy":"product_tag","embeddable":true,"href":"https:\/\/burkinistar.com\/index.php?rest_route=%2Fwp%2Fv2%2Fproduct_tag&post=48467"}],"curies":[{"name":"wp","href":"https:\/\/api.w.org\/{rel}","templated":true}]}}