{"id":48540,"date":"2025-08-30T10:49:33","date_gmt":"2025-08-30T10:49:33","guid":{"rendered":"https:\/\/burkinistar.com\/?product=armes-kiz-cocuk-yarim-kol-tesettur-mayo-lacivert"},"modified":"2025-08-30T10:50:03","modified_gmt":"2025-08-30T10:50:03","slug":"armes-kiz-cocuk-yarim-kol-tesettur-mayo-lacivert","status":"publish","type":"product","link":"https:\/\/burkinistar.com\/?product=armes-kiz-cocuk-yarim-kol-tesettur-mayo-lacivert","title":{"rendered":"Armes K\u0131z \u00c7ocuk Yar\u0131m Kol Tesett\u00fcr Mayo Lacivert"},"content":{"rendered":"<h2>Armes K\u0131z \u00c7ocuk Lacivert \u00c7i\u00e7ekli Mayo<\/h2>\n<ul>\n<li>\u00dcr\u00fcn\u00fcm\u00fcz 2 par\u00e7adan olu\u015fmaktad\u0131r ve yar\u0131m kolludur.<\/li>\n<li>\u00dcr\u00fcn Manken bedeni 11-12 ya\u015ft\u0131r.<\/li>\n<li>\u00dcr\u00fcn kuma\u015f\u0131 \u00e7abuk kuruyabilen likral\u0131 s\u00fcprem kuma\u015ft\u0131r.<\/li>\n<\/ul>\n","protected":false},"excerpt":{"rendered":"<p>Armes K\u0131z \u00c7ocuk Lacivert \u00c7i\u00e7ekli Mayo \u00dcr\u00fcn\u00fcm\u00fcz 2 par\u00e7adan olu\u015fmaktad\u0131r ve yar\u0131m kolludur. \u00dcr\u00fcn Manken&hellip;<\/p>\n","protected":false},"featured_media":48543,"comment_status":"closed","ping_status":"open","template":"","meta":[],"product_brand":[2555],"product_cat":[2570,2556],"product_tag":[],"class_list":{"0":"post-48540","1":"product","2":"type-product","3":"status-publish","4":"has-post-thumbnail","6":"product_brand-armes","7":"product_cat-cocuk-tesettur-mayo","8":"product_cat-tesettur-mayo","9":"pa_color-lacivert","10":"pa_size-5-6yas","12":"first","13":"instock","14":"shipping-taxable","15":"purchasable","16":"product-type-variable","17":"layout-style-2","18":"col-md-4 col-sm-4 col-xs-6","19":"col-lg-4","20":"product-style-slider"},"yoast_head":"<!-- This site is optimized with the Yoast SEO plugin v25.8 - https:\/\/yoast.com\/wordpress\/plugins\/seo\/ -->\n<title>Armes K\u0131z \u00c7ocuk Yar\u0131m Kol Tesett\u00fcr Mayo Lacivert - BURKINISTAR<\/title>\n<meta name=\"robots\" content=\"index, follow, max-snippet:-1, max-image-preview:large, max-video-preview:-1\" \/>\n<link rel=\"canonical\" href=\"https:\/\/burkinistar.com\/?product=armes-kiz-cocuk-yarim-kol-tesettur-mayo-lacivert\" \/>\n<meta property=\"og:locale\" content=\"en_US\" \/>\n<meta property=\"og:type\" content=\"article\" \/>\n<meta property=\"og:title\" content=\"Armes K\u0131z \u00c7ocuk Yar\u0131m Kol Tesett\u00fcr Mayo Lacivert - BURKINISTAR\" \/>\n<meta property=\"og:description\" content=\"Armes K\u0131z \u00c7ocuk Lacivert \u00c7i\u00e7ekli Mayo \u00dcr\u00fcn\u00fcm\u00fcz 2 par\u00e7adan olu\u015fmaktad\u0131r ve yar\u0131m kolludur. \u00dcr\u00fcn Manken&hellip;\" \/>\n<meta property=\"og:url\" content=\"https:\/\/burkinistar.com\/?product=armes-kiz-cocuk-yarim-kol-tesettur-mayo-lacivert\" \/>\n<meta property=\"og:site_name\" content=\"BURKINISTAR\" \/>\n<meta property=\"article:modified_time\" content=\"2025-08-30T10:50:03+00:00\" \/>\n<meta property=\"og:image\" content=\"https:\/\/burkinistar.com\/wp-content\/uploads\/2025\/08\/cocuk-tesettur-mayoarmes-kiz-cocuk-has-7a9-27.jpg\" \/>\n\t<meta property=\"og:image:width\" content=\"600\" \/>\n\t<meta property=\"og:image:height\" content=\"900\" \/>\n\t<meta property=\"og:image:type\" content=\"image\/jpeg\" \/>\n<meta name=\"twitter:card\" content=\"summary_large_image\" \/>\n<script type=\"application\/ld+json\" class=\"yoast-schema-graph\">{\"@context\":\"https:\/\/schema.org\",\"@graph\":[{\"@type\":\"WebPage\",\"@id\":\"https:\/\/burkinistar.com\/?product=armes-kiz-cocuk-yarim-kol-tesettur-mayo-lacivert\",\"url\":\"https:\/\/burkinistar.com\/?product=armes-kiz-cocuk-yarim-kol-tesettur-mayo-lacivert\",\"name\":\"Armes K\u0131z \u00c7ocuk Yar\u0131m Kol Tesett\u00fcr Mayo Lacivert - BURKINISTAR\",\"isPartOf\":{\"@id\":\"https:\/\/burkinistar.com\/#website\"},\"primaryImageOfPage\":{\"@id\":\"https:\/\/burkinistar.com\/?product=armes-kiz-cocuk-yarim-kol-tesettur-mayo-lacivert#primaryimage\"},\"image\":{\"@id\":\"https:\/\/burkinistar.com\/?product=armes-kiz-cocuk-yarim-kol-tesettur-mayo-lacivert#primaryimage\"},\"thumbnailUrl\":\"https:\/\/burkinistar.com\/wp-content\/uploads\/2025\/08\/cocuk-tesettur-mayoarmes-kiz-cocuk-has-7a9-27.jpg\",\"datePublished\":\"2025-08-30T10:49:33+00:00\",\"dateModified\":\"2025-08-30T10:50:03+00:00\",\"breadcrumb\":{\"@id\":\"https:\/\/burkinistar.com\/?product=armes-kiz-cocuk-yarim-kol-tesettur-mayo-lacivert#breadcrumb\"},\"inLanguage\":\"en-US\",\"potentialAction\":[{\"@type\":\"ReadAction\",\"target\":[\"https:\/\/burkinistar.com\/?product=armes-kiz-cocuk-yarim-kol-tesettur-mayo-lacivert\"]}]},{\"@type\":\"ImageObject\",\"inLanguage\":\"en-US\",\"@id\":\"https:\/\/burkinistar.com\/?product=armes-kiz-cocuk-yarim-kol-tesettur-mayo-lacivert#primaryimage\",\"url\":\"https:\/\/burkinistar.com\/wp-content\/uploads\/2025\/08\/cocuk-tesettur-mayoarmes-kiz-cocuk-has-7a9-27.jpg\",\"contentUrl\":\"https:\/\/burkinistar.com\/wp-content\/uploads\/2025\/08\/cocuk-tesettur-mayoarmes-kiz-cocuk-has-7a9-27.jpg\",\"width\":600,\"height\":900},{\"@type\":\"BreadcrumbList\",\"@id\":\"https:\/\/burkinistar.com\/?product=armes-kiz-cocuk-yarim-kol-tesettur-mayo-lacivert#breadcrumb\",\"itemListElement\":[{\"@type\":\"ListItem\",\"position\":1,\"name\":\"Homepage\",\"item\":\"https:\/\/burkinistar.com\/\"},{\"@type\":\"ListItem\",\"position\":2,\"name\":\"All Products\",\"item\":\"https:\/\/burkinistar.com\/?page_id=8\"},{\"@type\":\"ListItem\",\"position\":3,\"name\":\"Armes K\u0131z \u00c7ocuk Yar\u0131m Kol Tesett\u00fcr Mayo Lacivert\"}]},{\"@type\":\"WebSite\",\"@id\":\"https:\/\/burkinistar.com\/#website\",\"url\":\"https:\/\/burkinistar.com\/\",\"name\":\"BURKINISTAR\",\"description\":\"The Best Modest Swimwear and Bikini Store | Burkinistar\",\"potentialAction\":[{\"@type\":\"SearchAction\",\"target\":{\"@type\":\"EntryPoint\",\"urlTemplate\":\"https:\/\/burkinistar.com\/?s={search_term_string}\"},\"query-input\":{\"@type\":\"PropertyValueSpecification\",\"valueRequired\":true,\"valueName\":\"search_term_string\"}}],\"inLanguage\":\"en-US\"}]}<\/script>\n<!-- \/ Yoast SEO plugin. -->","yoast_head_json":{"title":"Armes K\u0131z \u00c7ocuk Yar\u0131m Kol Tesett\u00fcr Mayo Lacivert - BURKINISTAR","robots":{"index":"index","follow":"follow","max-snippet":"max-snippet:-1","max-image-preview":"max-image-preview:large","max-video-preview":"max-video-preview:-1"},"canonical":"https:\/\/burkinistar.com\/?product=armes-kiz-cocuk-yarim-kol-tesettur-mayo-lacivert","og_locale":"en_US","og_type":"article","og_title":"Armes K\u0131z \u00c7ocuk Yar\u0131m Kol Tesett\u00fcr Mayo Lacivert - BURKINISTAR","og_description":"Armes K\u0131z \u00c7ocuk Lacivert \u00c7i\u00e7ekli Mayo \u00dcr\u00fcn\u00fcm\u00fcz 2 par\u00e7adan olu\u015fmaktad\u0131r ve yar\u0131m kolludur. \u00dcr\u00fcn Manken&hellip;","og_url":"https:\/\/burkinistar.com\/?product=armes-kiz-cocuk-yarim-kol-tesettur-mayo-lacivert","og_site_name":"BURKINISTAR","article_modified_time":"2025-08-30T10:50:03+00:00","og_image":[{"width":600,"height":900,"url":"https:\/\/burkinistar.com\/wp-content\/uploads\/2025\/08\/cocuk-tesettur-mayoarmes-kiz-cocuk-has-7a9-27.jpg","type":"image\/jpeg"}],"twitter_card":"summary_large_image","schema":{"@context":"https:\/\/schema.org","@graph":[{"@type":"WebPage","@id":"https:\/\/burkinistar.com\/?product=armes-kiz-cocuk-yarim-kol-tesettur-mayo-lacivert","url":"https:\/\/burkinistar.com\/?product=armes-kiz-cocuk-yarim-kol-tesettur-mayo-lacivert","name":"Armes K\u0131z \u00c7ocuk Yar\u0131m Kol Tesett\u00fcr Mayo Lacivert - BURKINISTAR","isPartOf":{"@id":"https:\/\/burkinistar.com\/#website"},"primaryImageOfPage":{"@id":"https:\/\/burkinistar.com\/?product=armes-kiz-cocuk-yarim-kol-tesettur-mayo-lacivert#primaryimage"},"image":{"@id":"https:\/\/burkinistar.com\/?product=armes-kiz-cocuk-yarim-kol-tesettur-mayo-lacivert#primaryimage"},"thumbnailUrl":"https:\/\/burkinistar.com\/wp-content\/uploads\/2025\/08\/cocuk-tesettur-mayoarmes-kiz-cocuk-has-7a9-27.jpg","datePublished":"2025-08-30T10:49:33+00:00","dateModified":"2025-08-30T10:50:03+00:00","breadcrumb":{"@id":"https:\/\/burkinistar.com\/?product=armes-kiz-cocuk-yarim-kol-tesettur-mayo-lacivert#breadcrumb"},"inLanguage":"en-US","potentialAction":[{"@type":"ReadAction","target":["https:\/\/burkinistar.com\/?product=armes-kiz-cocuk-yarim-kol-tesettur-mayo-lacivert"]}]},{"@type":"ImageObject","inLanguage":"en-US","@id":"https:\/\/burkinistar.com\/?product=armes-kiz-cocuk-yarim-kol-tesettur-mayo-lacivert#primaryimage","url":"https:\/\/burkinistar.com\/wp-content\/uploads\/2025\/08\/cocuk-tesettur-mayoarmes-kiz-cocuk-has-7a9-27.jpg","contentUrl":"https:\/\/burkinistar.com\/wp-content\/uploads\/2025\/08\/cocuk-tesettur-mayoarmes-kiz-cocuk-has-7a9-27.jpg","width":600,"height":900},{"@type":"BreadcrumbList","@id":"https:\/\/burkinistar.com\/?product=armes-kiz-cocuk-yarim-kol-tesettur-mayo-lacivert#breadcrumb","itemListElement":[{"@type":"ListItem","position":1,"name":"Homepage","item":"https:\/\/burkinistar.com\/"},{"@type":"ListItem","position":2,"name":"All Products","item":"https:\/\/burkinistar.com\/?page_id=8"},{"@type":"ListItem","position":3,"name":"Armes K\u0131z \u00c7ocuk Yar\u0131m Kol Tesett\u00fcr Mayo Lacivert"}]},{"@type":"WebSite","@id":"https:\/\/burkinistar.com\/#website","url":"https:\/\/burkinistar.com\/","name":"BURKINISTAR","description":"The Best Modest Swimwear and Bikini Store | Burkinistar","potentialAction":[{"@type":"SearchAction","target":{"@type":"EntryPoint","urlTemplate":"https:\/\/burkinistar.com\/?s={search_term_string}"},"query-input":{"@type":"PropertyValueSpecification","valueRequired":true,"valueName":"search_term_string"}}],"inLanguage":"en-US"}]}},"_links":{"self":[{"href":"https:\/\/burkinistar.com\/index.php?rest_route=\/wp\/v2\/product\/48540","targetHints":{"allow":["GET"]}}],"collection":[{"href":"https:\/\/burkinistar.com\/index.php?rest_route=\/wp\/v2\/product"}],"about":[{"href":"https:\/\/burkinistar.com\/index.php?rest_route=\/wp\/v2\/types\/product"}],"replies":[{"embeddable":true,"href":"https:\/\/burkinistar.com\/index.php?rest_route=%2Fwp%2Fv2%2Fcomments&post=48540"}],"version-history":[{"count":1,"href":"https:\/\/burkinistar.com\/index.php?rest_route=\/wp\/v2\/product\/48540\/revisions"}],"predecessor-version":[{"id":48541,"href":"https:\/\/burkinistar.com\/index.php?rest_route=\/wp\/v2\/product\/48540\/revisions\/48541"}],"wp:featuredmedia":[{"embeddable":true,"href":"https:\/\/burkinistar.com\/index.php?rest_route=\/wp\/v2\/media\/48543"}],"wp:attachment":[{"href":"https:\/\/burkinistar.com\/index.php?rest_route=%2Fwp%2Fv2%2Fmedia&parent=48540"}],"wp:term":[{"taxonomy":"product_brand","embeddable":true,"href":"https:\/\/burkinistar.com\/index.php?rest_route=%2Fwp%2Fv2%2Fproduct_brand&post=48540"},{"taxonomy":"product_cat","embeddable":true,"href":"https:\/\/burkinistar.com\/index.php?rest_route=%2Fwp%2Fv2%2Fproduct_cat&post=48540"},{"taxonomy":"product_tag","embeddable":true,"href":"https:\/\/burkinistar.com\/index.php?rest_route=%2Fwp%2Fv2%2Fproduct_tag&post=48540"}],"curies":[{"name":"wp","href":"https:\/\/api.w.org\/{rel}","templated":true}]}}