{"id":48659,"date":"2025-08-30T10:50:04","date_gmt":"2025-08-30T10:50:04","guid":{"rendered":"https:\/\/burkinistar.com\/?product=starinci-bikini-takimi-siyah-ince-kenar-toparlayici"},"modified":"2025-08-30T10:50:54","modified_gmt":"2025-08-30T10:50:54","slug":"starinci-bikini-takimi-siyah-ince-kenar-toparlayici","status":"publish","type":"product","link":"https:\/\/burkinistar.com\/?product=starinci-bikini-takimi-siyah-ince-kenar-toparlayici","title":{"rendered":"Starinci Bikini Tak\u0131m\u0131 Siyah \u0130nce Kenar Toparlay\u0131c\u0131"},"content":{"rendered":"<h2>Starinci Bikini Tak\u0131m\u0131 \u0130nce Kenarl\u0131 D\u00fcz Siyah<\/h2>\n<ul>\n<li>Bikini tak\u0131m\u0131 iki par\u00e7adan olu\u015fmaktad\u0131r.<\/li>\n<li>H\u0131zl\u0131 kuruyan likral\u0131 kuma\u015ftan \u00fcretilmi\u015ftir.<\/li>\n<li>Manken 38 bedendir.<\/li>\n<li>Manken \u00f6l\u00e7\u00fcleri: Boy uzunlu\u011fu:173cm G\u00f6\u011f\u00fcs:91cm Bel:67cm Kal\u00e7a:98cm<\/li>\n<li>Ba\u011flama k\u0131sm\u0131 tokal\u0131 oldu\u011fundan rahat giyinmenizi sa\u011flar.<\/li>\n<\/ul>\n","protected":false},"excerpt":{"rendered":"<p>Starinci Bikini Tak\u0131m\u0131 \u0130nce Kenarl\u0131 D\u00fcz Siyah Bikini tak\u0131m\u0131 iki par\u00e7adan olu\u015fmaktad\u0131r. H\u0131zl\u0131 kuruyan likral\u0131&hellip;<\/p>\n","protected":false},"featured_media":0,"comment_status":"closed","ping_status":"open","template":"","meta":[],"product_brand":[2562],"product_cat":[2503],"product_tag":[],"class_list":{"0":"post-48659","1":"product","2":"type-product","3":"status-publish","5":"product_brand-starinci-mayo","6":"product_cat-bikini","7":"pa_color-siyah","8":"pa_size-2581","9":"pa_size-2582","10":"pa_size-2583","11":"pa_size-2585","13":"first","14":"instock","15":"shipping-taxable","16":"purchasable","17":"product-type-variable","18":"layout-style-2","19":"col-md-4 col-sm-4 col-xs-6","20":"col-lg-4","21":"product-style-slider"},"yoast_head":"<!-- This site is optimized with the Yoast SEO plugin v25.8 - https:\/\/yoast.com\/wordpress\/plugins\/seo\/ -->\n<title>Starinci Bikini Tak\u0131m\u0131 Siyah \u0130nce Kenar Toparlay\u0131c\u0131 - BURKINISTAR<\/title>\n<meta name=\"robots\" content=\"index, follow, max-snippet:-1, max-image-preview:large, max-video-preview:-1\" \/>\n<link rel=\"canonical\" href=\"https:\/\/burkinistar.com\/?product=starinci-bikini-takimi-siyah-ince-kenar-toparlayici\" \/>\n<meta property=\"og:locale\" content=\"en_US\" \/>\n<meta property=\"og:type\" content=\"article\" \/>\n<meta property=\"og:title\" content=\"Starinci Bikini Tak\u0131m\u0131 Siyah \u0130nce Kenar Toparlay\u0131c\u0131 - BURKINISTAR\" \/>\n<meta property=\"og:description\" content=\"Starinci Bikini Tak\u0131m\u0131 \u0130nce Kenarl\u0131 D\u00fcz Siyah Bikini tak\u0131m\u0131 iki par\u00e7adan olu\u015fmaktad\u0131r. H\u0131zl\u0131 kuruyan likral\u0131&hellip;\" \/>\n<meta property=\"og:url\" content=\"https:\/\/burkinistar.com\/?product=starinci-bikini-takimi-siyah-ince-kenar-toparlayici\" \/>\n<meta property=\"og:site_name\" content=\"BURKINISTAR\" \/>\n<meta property=\"article:modified_time\" content=\"2025-08-30T10:50:54+00:00\" \/>\n<meta name=\"twitter:card\" content=\"summary_large_image\" \/>\n<script type=\"application\/ld+json\" class=\"yoast-schema-graph\">{\"@context\":\"https:\/\/schema.org\",\"@graph\":[{\"@type\":\"WebPage\",\"@id\":\"https:\/\/burkinistar.com\/?product=starinci-bikini-takimi-siyah-ince-kenar-toparlayici\",\"url\":\"https:\/\/burkinistar.com\/?product=starinci-bikini-takimi-siyah-ince-kenar-toparlayici\",\"name\":\"Starinci Bikini Tak\u0131m\u0131 Siyah \u0130nce Kenar Toparlay\u0131c\u0131 - BURKINISTAR\",\"isPartOf\":{\"@id\":\"https:\/\/burkinistar.com\/#website\"},\"datePublished\":\"2025-08-30T10:50:04+00:00\",\"dateModified\":\"2025-08-30T10:50:54+00:00\",\"breadcrumb\":{\"@id\":\"https:\/\/burkinistar.com\/?product=starinci-bikini-takimi-siyah-ince-kenar-toparlayici#breadcrumb\"},\"inLanguage\":\"en-US\",\"potentialAction\":[{\"@type\":\"ReadAction\",\"target\":[\"https:\/\/burkinistar.com\/?product=starinci-bikini-takimi-siyah-ince-kenar-toparlayici\"]}]},{\"@type\":\"BreadcrumbList\",\"@id\":\"https:\/\/burkinistar.com\/?product=starinci-bikini-takimi-siyah-ince-kenar-toparlayici#breadcrumb\",\"itemListElement\":[{\"@type\":\"ListItem\",\"position\":1,\"name\":\"Homepage\",\"item\":\"https:\/\/burkinistar.com\/\"},{\"@type\":\"ListItem\",\"position\":2,\"name\":\"All Products\",\"item\":\"https:\/\/burkinistar.com\/?page_id=8\"},{\"@type\":\"ListItem\",\"position\":3,\"name\":\"Starinci Bikini Tak\u0131m\u0131 Siyah \u0130nce Kenar Toparlay\u0131c\u0131\"}]},{\"@type\":\"WebSite\",\"@id\":\"https:\/\/burkinistar.com\/#website\",\"url\":\"https:\/\/burkinistar.com\/\",\"name\":\"BURKINISTAR\",\"description\":\"The Best Modest Swimwear and Bikini Store | Burkinistar\",\"potentialAction\":[{\"@type\":\"SearchAction\",\"target\":{\"@type\":\"EntryPoint\",\"urlTemplate\":\"https:\/\/burkinistar.com\/?s={search_term_string}\"},\"query-input\":{\"@type\":\"PropertyValueSpecification\",\"valueRequired\":true,\"valueName\":\"search_term_string\"}}],\"inLanguage\":\"en-US\"}]}<\/script>\n<!-- \/ Yoast SEO plugin. -->","yoast_head_json":{"title":"Starinci Bikini Tak\u0131m\u0131 Siyah \u0130nce Kenar Toparlay\u0131c\u0131 - BURKINISTAR","robots":{"index":"index","follow":"follow","max-snippet":"max-snippet:-1","max-image-preview":"max-image-preview:large","max-video-preview":"max-video-preview:-1"},"canonical":"https:\/\/burkinistar.com\/?product=starinci-bikini-takimi-siyah-ince-kenar-toparlayici","og_locale":"en_US","og_type":"article","og_title":"Starinci Bikini Tak\u0131m\u0131 Siyah \u0130nce Kenar Toparlay\u0131c\u0131 - BURKINISTAR","og_description":"Starinci Bikini Tak\u0131m\u0131 \u0130nce Kenarl\u0131 D\u00fcz Siyah Bikini tak\u0131m\u0131 iki par\u00e7adan olu\u015fmaktad\u0131r. H\u0131zl\u0131 kuruyan likral\u0131&hellip;","og_url":"https:\/\/burkinistar.com\/?product=starinci-bikini-takimi-siyah-ince-kenar-toparlayici","og_site_name":"BURKINISTAR","article_modified_time":"2025-08-30T10:50:54+00:00","twitter_card":"summary_large_image","schema":{"@context":"https:\/\/schema.org","@graph":[{"@type":"WebPage","@id":"https:\/\/burkinistar.com\/?product=starinci-bikini-takimi-siyah-ince-kenar-toparlayici","url":"https:\/\/burkinistar.com\/?product=starinci-bikini-takimi-siyah-ince-kenar-toparlayici","name":"Starinci Bikini Tak\u0131m\u0131 Siyah \u0130nce Kenar Toparlay\u0131c\u0131 - BURKINISTAR","isPartOf":{"@id":"https:\/\/burkinistar.com\/#website"},"datePublished":"2025-08-30T10:50:04+00:00","dateModified":"2025-08-30T10:50:54+00:00","breadcrumb":{"@id":"https:\/\/burkinistar.com\/?product=starinci-bikini-takimi-siyah-ince-kenar-toparlayici#breadcrumb"},"inLanguage":"en-US","potentialAction":[{"@type":"ReadAction","target":["https:\/\/burkinistar.com\/?product=starinci-bikini-takimi-siyah-ince-kenar-toparlayici"]}]},{"@type":"BreadcrumbList","@id":"https:\/\/burkinistar.com\/?product=starinci-bikini-takimi-siyah-ince-kenar-toparlayici#breadcrumb","itemListElement":[{"@type":"ListItem","position":1,"name":"Homepage","item":"https:\/\/burkinistar.com\/"},{"@type":"ListItem","position":2,"name":"All Products","item":"https:\/\/burkinistar.com\/?page_id=8"},{"@type":"ListItem","position":3,"name":"Starinci Bikini Tak\u0131m\u0131 Siyah \u0130nce Kenar Toparlay\u0131c\u0131"}]},{"@type":"WebSite","@id":"https:\/\/burkinistar.com\/#website","url":"https:\/\/burkinistar.com\/","name":"BURKINISTAR","description":"The Best Modest Swimwear and Bikini Store | Burkinistar","potentialAction":[{"@type":"SearchAction","target":{"@type":"EntryPoint","urlTemplate":"https:\/\/burkinistar.com\/?s={search_term_string}"},"query-input":{"@type":"PropertyValueSpecification","valueRequired":true,"valueName":"search_term_string"}}],"inLanguage":"en-US"}]}},"_links":{"self":[{"href":"https:\/\/burkinistar.com\/index.php?rest_route=\/wp\/v2\/product\/48659","targetHints":{"allow":["GET"]}}],"collection":[{"href":"https:\/\/burkinistar.com\/index.php?rest_route=\/wp\/v2\/product"}],"about":[{"href":"https:\/\/burkinistar.com\/index.php?rest_route=\/wp\/v2\/types\/product"}],"replies":[{"embeddable":true,"href":"https:\/\/burkinistar.com\/index.php?rest_route=%2Fwp%2Fv2%2Fcomments&post=48659"}],"version-history":[{"count":1,"href":"https:\/\/burkinistar.com\/index.php?rest_route=\/wp\/v2\/product\/48659\/revisions"}],"predecessor-version":[{"id":48660,"href":"https:\/\/burkinistar.com\/index.php?rest_route=\/wp\/v2\/product\/48659\/revisions\/48660"}],"wp:attachment":[{"href":"https:\/\/burkinistar.com\/index.php?rest_route=%2Fwp%2Fv2%2Fmedia&parent=48659"}],"wp:term":[{"taxonomy":"product_brand","embeddable":true,"href":"https:\/\/burkinistar.com\/index.php?rest_route=%2Fwp%2Fv2%2Fproduct_brand&post=48659"},{"taxonomy":"product_cat","embeddable":true,"href":"https:\/\/burkinistar.com\/index.php?rest_route=%2Fwp%2Fv2%2Fproduct_cat&post=48659"},{"taxonomy":"product_tag","embeddable":true,"href":"https:\/\/burkinistar.com\/index.php?rest_route=%2Fwp%2Fv2%2Fproduct_tag&post=48659"}],"curies":[{"name":"wp","href":"https:\/\/api.w.org\/{rel}","templated":true}]}}