{"id":48693,"date":"2025-08-30T10:50:04","date_gmt":"2025-08-30T10:50:04","guid":{"rendered":"https:\/\/burkinistar.com\/?product=starinci-toparlayici-bikini-takimi-siyah-yuksek-bel"},"modified":"2025-08-30T10:50:54","modified_gmt":"2025-08-30T10:50:54","slug":"starinci-toparlayici-bikini-takimi-siyah-yuksek-bel","status":"publish","type":"product","link":"https:\/\/burkinistar.com\/?product=starinci-toparlayici-bikini-takimi-siyah-yuksek-bel","title":{"rendered":"Starinci Toparlay\u0131c\u0131 Bikini Tak\u0131m\u0131 Siyah Y\u00fcksek Bel"},"content":{"rendered":"<p>Starinci Bikini Tak\u0131m\u0131 Y\u00fcksek Bel Toparlay\u0131c\u0131 D\u00fcz Siyah<br \/>\nBikini tak\u0131m\u0131 iki par\u00e7adan olu\u015fmaktad\u0131r.<br \/>\nH\u0131zl\u0131 kuruyan likral\u0131 mayo kuma\u015f\u0131ndan \u00fcretilmi\u015ftir.<br \/>\nManken 38 bedendir.<br \/>\nManken \u00f6l\u00e7\u00fcleri: Boy uzunlu\u011fu:173cm G\u00f6\u011f\u00fcs:91cm Bel:67cm Kal\u00e7a:98cm<br \/>\nBa\u011flama k\u0131sm\u0131 tokal\u0131 oldu\u011fundan rahat giyinmenizi sa\u011flar.<br \/>\nElastik ve h\u0131zl\u0131 kuruyan kuma\u015f\u0131 sayesinde sudayken ve sudan \u00e7\u0131kt\u0131ktan sonra rahat hareket etmenizi sa\u011flar.<\/p>\n","protected":false},"excerpt":{"rendered":"<p>Starinci Bikini Tak\u0131m\u0131 Y\u00fcksek Bel Toparlay\u0131c\u0131 D\u00fcz Siyah Bikini tak\u0131m\u0131 iki par\u00e7adan olu\u015fmaktad\u0131r. H\u0131zl\u0131 kuruyan&hellip;<\/p>\n","protected":false},"featured_media":48696,"comment_status":"closed","ping_status":"open","template":"","meta":[],"product_brand":[2562],"product_cat":[2503],"product_tag":[],"class_list":{"0":"post-48693","1":"product","2":"type-product","3":"status-publish","4":"has-post-thumbnail","6":"product_brand-starinci-mayo","7":"product_cat-bikini","8":"pa_color-siyah","9":"pa_size-2581","10":"pa_size-2582","11":"pa_size-2583","12":"pa_size-2584","14":"first","15":"instock","16":"shipping-taxable","17":"purchasable","18":"product-type-variable","19":"layout-style-2","20":"col-md-4 col-sm-4 col-xs-6","21":"col-lg-4","22":"product-has-gallery","23":"product-style-slider"},"yoast_head":"<!-- This site is optimized with the Yoast SEO plugin v25.8 - https:\/\/yoast.com\/wordpress\/plugins\/seo\/ -->\n<title>Starinci Toparlay\u0131c\u0131 Bikini Tak\u0131m\u0131 Siyah Y\u00fcksek Bel - BURKINISTAR<\/title>\n<meta name=\"robots\" content=\"index, follow, max-snippet:-1, max-image-preview:large, max-video-preview:-1\" \/>\n<link rel=\"canonical\" href=\"https:\/\/burkinistar.com\/?product=starinci-toparlayici-bikini-takimi-siyah-yuksek-bel\" \/>\n<meta property=\"og:locale\" content=\"en_US\" \/>\n<meta property=\"og:type\" content=\"article\" \/>\n<meta property=\"og:title\" content=\"Starinci Toparlay\u0131c\u0131 Bikini Tak\u0131m\u0131 Siyah Y\u00fcksek Bel - BURKINISTAR\" \/>\n<meta property=\"og:description\" content=\"Starinci Bikini Tak\u0131m\u0131 Y\u00fcksek Bel Toparlay\u0131c\u0131 D\u00fcz Siyah Bikini tak\u0131m\u0131 iki par\u00e7adan olu\u015fmaktad\u0131r. H\u0131zl\u0131 kuruyan&hellip;\" \/>\n<meta property=\"og:url\" content=\"https:\/\/burkinistar.com\/?product=starinci-toparlayici-bikini-takimi-siyah-yuksek-bel\" \/>\n<meta property=\"og:site_name\" content=\"BURKINISTAR\" \/>\n<meta property=\"article:modified_time\" content=\"2025-08-30T10:50:54+00:00\" \/>\n<meta property=\"og:image\" content=\"https:\/\/burkinistar.com\/wp-content\/uploads\/2025\/08\/bikinistarinci-toparlayici-bikini-taki-47ee4.jpg\" \/>\n\t<meta property=\"og:image:width\" content=\"600\" \/>\n\t<meta property=\"og:image:height\" content=\"900\" \/>\n\t<meta property=\"og:image:type\" content=\"image\/jpeg\" \/>\n<meta name=\"twitter:card\" content=\"summary_large_image\" \/>\n<script type=\"application\/ld+json\" class=\"yoast-schema-graph\">{\"@context\":\"https:\/\/schema.org\",\"@graph\":[{\"@type\":\"WebPage\",\"@id\":\"https:\/\/burkinistar.com\/?product=starinci-toparlayici-bikini-takimi-siyah-yuksek-bel\",\"url\":\"https:\/\/burkinistar.com\/?product=starinci-toparlayici-bikini-takimi-siyah-yuksek-bel\",\"name\":\"Starinci Toparlay\u0131c\u0131 Bikini Tak\u0131m\u0131 Siyah Y\u00fcksek Bel - BURKINISTAR\",\"isPartOf\":{\"@id\":\"https:\/\/burkinistar.com\/#website\"},\"primaryImageOfPage\":{\"@id\":\"https:\/\/burkinistar.com\/?product=starinci-toparlayici-bikini-takimi-siyah-yuksek-bel#primaryimage\"},\"image\":{\"@id\":\"https:\/\/burkinistar.com\/?product=starinci-toparlayici-bikini-takimi-siyah-yuksek-bel#primaryimage\"},\"thumbnailUrl\":\"https:\/\/burkinistar.com\/wp-content\/uploads\/2025\/08\/bikinistarinci-toparlayici-bikini-taki-47ee4.jpg\",\"datePublished\":\"2025-08-30T10:50:04+00:00\",\"dateModified\":\"2025-08-30T10:50:54+00:00\",\"breadcrumb\":{\"@id\":\"https:\/\/burkinistar.com\/?product=starinci-toparlayici-bikini-takimi-siyah-yuksek-bel#breadcrumb\"},\"inLanguage\":\"en-US\",\"potentialAction\":[{\"@type\":\"ReadAction\",\"target\":[\"https:\/\/burkinistar.com\/?product=starinci-toparlayici-bikini-takimi-siyah-yuksek-bel\"]}]},{\"@type\":\"ImageObject\",\"inLanguage\":\"en-US\",\"@id\":\"https:\/\/burkinistar.com\/?product=starinci-toparlayici-bikini-takimi-siyah-yuksek-bel#primaryimage\",\"url\":\"https:\/\/burkinistar.com\/wp-content\/uploads\/2025\/08\/bikinistarinci-toparlayici-bikini-taki-47ee4.jpg\",\"contentUrl\":\"https:\/\/burkinistar.com\/wp-content\/uploads\/2025\/08\/bikinistarinci-toparlayici-bikini-taki-47ee4.jpg\",\"width\":600,\"height\":900},{\"@type\":\"BreadcrumbList\",\"@id\":\"https:\/\/burkinistar.com\/?product=starinci-toparlayici-bikini-takimi-siyah-yuksek-bel#breadcrumb\",\"itemListElement\":[{\"@type\":\"ListItem\",\"position\":1,\"name\":\"Homepage\",\"item\":\"https:\/\/burkinistar.com\/\"},{\"@type\":\"ListItem\",\"position\":2,\"name\":\"All Products\",\"item\":\"https:\/\/burkinistar.com\/?page_id=8\"},{\"@type\":\"ListItem\",\"position\":3,\"name\":\"Starinci Toparlay\u0131c\u0131 Bikini Tak\u0131m\u0131 Siyah Y\u00fcksek Bel\"}]},{\"@type\":\"WebSite\",\"@id\":\"https:\/\/burkinistar.com\/#website\",\"url\":\"https:\/\/burkinistar.com\/\",\"name\":\"BURKINISTAR\",\"description\":\"The Best Modest Swimwear and Bikini Store | Burkinistar\",\"potentialAction\":[{\"@type\":\"SearchAction\",\"target\":{\"@type\":\"EntryPoint\",\"urlTemplate\":\"https:\/\/burkinistar.com\/?s={search_term_string}\"},\"query-input\":{\"@type\":\"PropertyValueSpecification\",\"valueRequired\":true,\"valueName\":\"search_term_string\"}}],\"inLanguage\":\"en-US\"}]}<\/script>\n<!-- \/ Yoast SEO plugin. -->","yoast_head_json":{"title":"Starinci Toparlay\u0131c\u0131 Bikini Tak\u0131m\u0131 Siyah Y\u00fcksek Bel - BURKINISTAR","robots":{"index":"index","follow":"follow","max-snippet":"max-snippet:-1","max-image-preview":"max-image-preview:large","max-video-preview":"max-video-preview:-1"},"canonical":"https:\/\/burkinistar.com\/?product=starinci-toparlayici-bikini-takimi-siyah-yuksek-bel","og_locale":"en_US","og_type":"article","og_title":"Starinci Toparlay\u0131c\u0131 Bikini Tak\u0131m\u0131 Siyah Y\u00fcksek Bel - BURKINISTAR","og_description":"Starinci Bikini Tak\u0131m\u0131 Y\u00fcksek Bel Toparlay\u0131c\u0131 D\u00fcz Siyah Bikini tak\u0131m\u0131 iki par\u00e7adan olu\u015fmaktad\u0131r. H\u0131zl\u0131 kuruyan&hellip;","og_url":"https:\/\/burkinistar.com\/?product=starinci-toparlayici-bikini-takimi-siyah-yuksek-bel","og_site_name":"BURKINISTAR","article_modified_time":"2025-08-30T10:50:54+00:00","og_image":[{"width":600,"height":900,"url":"https:\/\/burkinistar.com\/wp-content\/uploads\/2025\/08\/bikinistarinci-toparlayici-bikini-taki-47ee4.jpg","type":"image\/jpeg"}],"twitter_card":"summary_large_image","schema":{"@context":"https:\/\/schema.org","@graph":[{"@type":"WebPage","@id":"https:\/\/burkinistar.com\/?product=starinci-toparlayici-bikini-takimi-siyah-yuksek-bel","url":"https:\/\/burkinistar.com\/?product=starinci-toparlayici-bikini-takimi-siyah-yuksek-bel","name":"Starinci Toparlay\u0131c\u0131 Bikini Tak\u0131m\u0131 Siyah Y\u00fcksek Bel - BURKINISTAR","isPartOf":{"@id":"https:\/\/burkinistar.com\/#website"},"primaryImageOfPage":{"@id":"https:\/\/burkinistar.com\/?product=starinci-toparlayici-bikini-takimi-siyah-yuksek-bel#primaryimage"},"image":{"@id":"https:\/\/burkinistar.com\/?product=starinci-toparlayici-bikini-takimi-siyah-yuksek-bel#primaryimage"},"thumbnailUrl":"https:\/\/burkinistar.com\/wp-content\/uploads\/2025\/08\/bikinistarinci-toparlayici-bikini-taki-47ee4.jpg","datePublished":"2025-08-30T10:50:04+00:00","dateModified":"2025-08-30T10:50:54+00:00","breadcrumb":{"@id":"https:\/\/burkinistar.com\/?product=starinci-toparlayici-bikini-takimi-siyah-yuksek-bel#breadcrumb"},"inLanguage":"en-US","potentialAction":[{"@type":"ReadAction","target":["https:\/\/burkinistar.com\/?product=starinci-toparlayici-bikini-takimi-siyah-yuksek-bel"]}]},{"@type":"ImageObject","inLanguage":"en-US","@id":"https:\/\/burkinistar.com\/?product=starinci-toparlayici-bikini-takimi-siyah-yuksek-bel#primaryimage","url":"https:\/\/burkinistar.com\/wp-content\/uploads\/2025\/08\/bikinistarinci-toparlayici-bikini-taki-47ee4.jpg","contentUrl":"https:\/\/burkinistar.com\/wp-content\/uploads\/2025\/08\/bikinistarinci-toparlayici-bikini-taki-47ee4.jpg","width":600,"height":900},{"@type":"BreadcrumbList","@id":"https:\/\/burkinistar.com\/?product=starinci-toparlayici-bikini-takimi-siyah-yuksek-bel#breadcrumb","itemListElement":[{"@type":"ListItem","position":1,"name":"Homepage","item":"https:\/\/burkinistar.com\/"},{"@type":"ListItem","position":2,"name":"All Products","item":"https:\/\/burkinistar.com\/?page_id=8"},{"@type":"ListItem","position":3,"name":"Starinci Toparlay\u0131c\u0131 Bikini Tak\u0131m\u0131 Siyah Y\u00fcksek Bel"}]},{"@type":"WebSite","@id":"https:\/\/burkinistar.com\/#website","url":"https:\/\/burkinistar.com\/","name":"BURKINISTAR","description":"The Best Modest Swimwear and Bikini Store | Burkinistar","potentialAction":[{"@type":"SearchAction","target":{"@type":"EntryPoint","urlTemplate":"https:\/\/burkinistar.com\/?s={search_term_string}"},"query-input":{"@type":"PropertyValueSpecification","valueRequired":true,"valueName":"search_term_string"}}],"inLanguage":"en-US"}]}},"_links":{"self":[{"href":"https:\/\/burkinistar.com\/index.php?rest_route=\/wp\/v2\/product\/48693","targetHints":{"allow":["GET"]}}],"collection":[{"href":"https:\/\/burkinistar.com\/index.php?rest_route=\/wp\/v2\/product"}],"about":[{"href":"https:\/\/burkinistar.com\/index.php?rest_route=\/wp\/v2\/types\/product"}],"replies":[{"embeddable":true,"href":"https:\/\/burkinistar.com\/index.php?rest_route=%2Fwp%2Fv2%2Fcomments&post=48693"}],"version-history":[{"count":1,"href":"https:\/\/burkinistar.com\/index.php?rest_route=\/wp\/v2\/product\/48693\/revisions"}],"predecessor-version":[{"id":48694,"href":"https:\/\/burkinistar.com\/index.php?rest_route=\/wp\/v2\/product\/48693\/revisions\/48694"}],"wp:featuredmedia":[{"embeddable":true,"href":"https:\/\/burkinistar.com\/index.php?rest_route=\/wp\/v2\/media\/48696"}],"wp:attachment":[{"href":"https:\/\/burkinistar.com\/index.php?rest_route=%2Fwp%2Fv2%2Fmedia&parent=48693"}],"wp:term":[{"taxonomy":"product_brand","embeddable":true,"href":"https:\/\/burkinistar.com\/index.php?rest_route=%2Fwp%2Fv2%2Fproduct_brand&post=48693"},{"taxonomy":"product_cat","embeddable":true,"href":"https:\/\/burkinistar.com\/index.php?rest_route=%2Fwp%2Fv2%2Fproduct_cat&post=48693"},{"taxonomy":"product_tag","embeddable":true,"href":"https:\/\/burkinistar.com\/index.php?rest_route=%2Fwp%2Fv2%2Fproduct_tag&post=48693"}],"curies":[{"name":"wp","href":"https:\/\/api.w.org\/{rel}","templated":true}]}}