{"id":49014,"date":"2025-08-30T10:51:37","date_gmt":"2025-08-30T10:51:37","guid":{"rendered":"https:\/\/burkinistar.com\/?product=starinci-siyah-kolsuz-tesettur-mayo-alt-detay-zincir-desenli"},"modified":"2025-08-30T10:52:13","modified_gmt":"2025-08-30T10:52:13","slug":"starinci-siyah-kolsuz-tesettur-mayo-alt-detay-zincir-desenli","status":"publish","type":"product","link":"https:\/\/burkinistar.com\/?product=starinci-siyah-kolsuz-tesettur-mayo-alt-detay-zincir-desenli","title":{"rendered":"Starinci Siyah Kolsuz Tesett\u00fcr Mayo Alt Detay Zincir Desenli"},"content":{"rendered":"<h2>Starinci Alt Detay Zincir Desenli S\u0131f\u0131r Kol Tesett\u00fcr Mayo 161\/01<\/h2>\n<ul>\n<li>Siyah kolsuz yar\u0131m kapal\u0131 mayo modeli tak\u0131m\u0131 likral\u0131 k\u0131sa tayt ve likral\u0131 \u00fcst olmak \u00fczere iki par\u00e7ad\u0131r.<\/li>\n<li>S\u0131f\u0131r kol modelin kuma\u015f\u0131 h\u0131zl\u0131 kuruyan likral\u0131 polyester kar\u0131\u015f\u0131ml\u0131 kuma\u015ftan \u00fcretilmi\u015ftir.<\/li>\n<li>Kuma\u015f yap\u0131s\u0131 %20 likra %80 polyesterdir.<\/li>\n<\/ul>\n","protected":false},"excerpt":{"rendered":"<p>Starinci Alt Detay Zincir Desenli S\u0131f\u0131r Kol Tesett\u00fcr Mayo 161\/01 Siyah kolsuz yar\u0131m kapal\u0131 mayo&hellip;<\/p>\n","protected":false},"featured_media":49017,"comment_status":"closed","ping_status":"open","template":"","meta":[],"product_brand":[2562],"product_cat":[2558,2556],"product_tag":[],"class_list":{"0":"post-49014","1":"product","2":"type-product","3":"status-publish","4":"has-post-thumbnail","6":"product_brand-starinci-mayo","7":"product_cat-kolsuz-tesettur-mayo","8":"product_cat-tesettur-mayo","9":"pa_color-siyah","10":"pa_size-2581","11":"pa_size-2582","12":"pa_size-2583","13":"pa_size-2584","14":"pa_size-2585","16":"first","17":"instock","18":"shipping-taxable","19":"purchasable","20":"product-type-variable","21":"layout-style-2","22":"col-md-4 col-sm-4 col-xs-6","23":"col-lg-4","24":"product-has-gallery","25":"product-style-slider"},"yoast_head":"<!-- This site is optimized with the Yoast SEO plugin v25.8 - https:\/\/yoast.com\/wordpress\/plugins\/seo\/ -->\n<title>Starinci Siyah Kolsuz Tesett\u00fcr Mayo Alt Detay Zincir Desenli - BURKINISTAR<\/title>\n<meta name=\"robots\" content=\"index, follow, max-snippet:-1, max-image-preview:large, max-video-preview:-1\" \/>\n<link rel=\"canonical\" href=\"https:\/\/burkinistar.com\/?product=starinci-siyah-kolsuz-tesettur-mayo-alt-detay-zincir-desenli\" \/>\n<meta property=\"og:locale\" content=\"en_US\" \/>\n<meta property=\"og:type\" content=\"article\" \/>\n<meta property=\"og:title\" content=\"Starinci Siyah Kolsuz Tesett\u00fcr Mayo Alt Detay Zincir Desenli - BURKINISTAR\" \/>\n<meta property=\"og:description\" content=\"Starinci Alt Detay Zincir Desenli S\u0131f\u0131r Kol Tesett\u00fcr Mayo 161\/01 Siyah kolsuz yar\u0131m kapal\u0131 mayo&hellip;\" \/>\n<meta property=\"og:url\" content=\"https:\/\/burkinistar.com\/?product=starinci-siyah-kolsuz-tesettur-mayo-alt-detay-zincir-desenli\" \/>\n<meta property=\"og:site_name\" content=\"BURKINISTAR\" \/>\n<meta property=\"article:modified_time\" content=\"2025-08-30T10:52:13+00:00\" \/>\n<meta property=\"og:image\" content=\"https:\/\/burkinistar.com\/wp-content\/uploads\/2025\/08\/tam-kapali-tesettur-mayostarinci-siyah-c49-a7.jpg\" \/>\n\t<meta property=\"og:image:width\" content=\"600\" \/>\n\t<meta property=\"og:image:height\" content=\"900\" \/>\n\t<meta property=\"og:image:type\" content=\"image\/jpeg\" \/>\n<meta name=\"twitter:card\" content=\"summary_large_image\" \/>\n<script type=\"application\/ld+json\" class=\"yoast-schema-graph\">{\"@context\":\"https:\/\/schema.org\",\"@graph\":[{\"@type\":\"WebPage\",\"@id\":\"https:\/\/burkinistar.com\/?product=starinci-siyah-kolsuz-tesettur-mayo-alt-detay-zincir-desenli\",\"url\":\"https:\/\/burkinistar.com\/?product=starinci-siyah-kolsuz-tesettur-mayo-alt-detay-zincir-desenli\",\"name\":\"Starinci Siyah Kolsuz Tesett\u00fcr Mayo Alt Detay Zincir Desenli - BURKINISTAR\",\"isPartOf\":{\"@id\":\"https:\/\/burkinistar.com\/#website\"},\"primaryImageOfPage\":{\"@id\":\"https:\/\/burkinistar.com\/?product=starinci-siyah-kolsuz-tesettur-mayo-alt-detay-zincir-desenli#primaryimage\"},\"image\":{\"@id\":\"https:\/\/burkinistar.com\/?product=starinci-siyah-kolsuz-tesettur-mayo-alt-detay-zincir-desenli#primaryimage\"},\"thumbnailUrl\":\"https:\/\/burkinistar.com\/wp-content\/uploads\/2025\/08\/tam-kapali-tesettur-mayostarinci-siyah-c49-a7.jpg\",\"datePublished\":\"2025-08-30T10:51:37+00:00\",\"dateModified\":\"2025-08-30T10:52:13+00:00\",\"breadcrumb\":{\"@id\":\"https:\/\/burkinistar.com\/?product=starinci-siyah-kolsuz-tesettur-mayo-alt-detay-zincir-desenli#breadcrumb\"},\"inLanguage\":\"en-US\",\"potentialAction\":[{\"@type\":\"ReadAction\",\"target\":[\"https:\/\/burkinistar.com\/?product=starinci-siyah-kolsuz-tesettur-mayo-alt-detay-zincir-desenli\"]}]},{\"@type\":\"ImageObject\",\"inLanguage\":\"en-US\",\"@id\":\"https:\/\/burkinistar.com\/?product=starinci-siyah-kolsuz-tesettur-mayo-alt-detay-zincir-desenli#primaryimage\",\"url\":\"https:\/\/burkinistar.com\/wp-content\/uploads\/2025\/08\/tam-kapali-tesettur-mayostarinci-siyah-c49-a7.jpg\",\"contentUrl\":\"https:\/\/burkinistar.com\/wp-content\/uploads\/2025\/08\/tam-kapali-tesettur-mayostarinci-siyah-c49-a7.jpg\",\"width\":600,\"height\":900},{\"@type\":\"BreadcrumbList\",\"@id\":\"https:\/\/burkinistar.com\/?product=starinci-siyah-kolsuz-tesettur-mayo-alt-detay-zincir-desenli#breadcrumb\",\"itemListElement\":[{\"@type\":\"ListItem\",\"position\":1,\"name\":\"Homepage\",\"item\":\"https:\/\/burkinistar.com\/\"},{\"@type\":\"ListItem\",\"position\":2,\"name\":\"All Products\",\"item\":\"https:\/\/burkinistar.com\/?page_id=8\"},{\"@type\":\"ListItem\",\"position\":3,\"name\":\"Starinci Siyah Kolsuz Tesett\u00fcr Mayo Alt Detay Zincir Desenli\"}]},{\"@type\":\"WebSite\",\"@id\":\"https:\/\/burkinistar.com\/#website\",\"url\":\"https:\/\/burkinistar.com\/\",\"name\":\"BURKINISTAR\",\"description\":\"The Best Modest Swimwear and Bikini Store | Burkinistar\",\"potentialAction\":[{\"@type\":\"SearchAction\",\"target\":{\"@type\":\"EntryPoint\",\"urlTemplate\":\"https:\/\/burkinistar.com\/?s={search_term_string}\"},\"query-input\":{\"@type\":\"PropertyValueSpecification\",\"valueRequired\":true,\"valueName\":\"search_term_string\"}}],\"inLanguage\":\"en-US\"}]}<\/script>\n<!-- \/ Yoast SEO plugin. -->","yoast_head_json":{"title":"Starinci Siyah Kolsuz Tesett\u00fcr Mayo Alt Detay Zincir Desenli - BURKINISTAR","robots":{"index":"index","follow":"follow","max-snippet":"max-snippet:-1","max-image-preview":"max-image-preview:large","max-video-preview":"max-video-preview:-1"},"canonical":"https:\/\/burkinistar.com\/?product=starinci-siyah-kolsuz-tesettur-mayo-alt-detay-zincir-desenli","og_locale":"en_US","og_type":"article","og_title":"Starinci Siyah Kolsuz Tesett\u00fcr Mayo Alt Detay Zincir Desenli - BURKINISTAR","og_description":"Starinci Alt Detay Zincir Desenli S\u0131f\u0131r Kol Tesett\u00fcr Mayo 161\/01 Siyah kolsuz yar\u0131m kapal\u0131 mayo&hellip;","og_url":"https:\/\/burkinistar.com\/?product=starinci-siyah-kolsuz-tesettur-mayo-alt-detay-zincir-desenli","og_site_name":"BURKINISTAR","article_modified_time":"2025-08-30T10:52:13+00:00","og_image":[{"width":600,"height":900,"url":"https:\/\/burkinistar.com\/wp-content\/uploads\/2025\/08\/tam-kapali-tesettur-mayostarinci-siyah-c49-a7.jpg","type":"image\/jpeg"}],"twitter_card":"summary_large_image","schema":{"@context":"https:\/\/schema.org","@graph":[{"@type":"WebPage","@id":"https:\/\/burkinistar.com\/?product=starinci-siyah-kolsuz-tesettur-mayo-alt-detay-zincir-desenli","url":"https:\/\/burkinistar.com\/?product=starinci-siyah-kolsuz-tesettur-mayo-alt-detay-zincir-desenli","name":"Starinci Siyah Kolsuz Tesett\u00fcr Mayo Alt Detay Zincir Desenli - BURKINISTAR","isPartOf":{"@id":"https:\/\/burkinistar.com\/#website"},"primaryImageOfPage":{"@id":"https:\/\/burkinistar.com\/?product=starinci-siyah-kolsuz-tesettur-mayo-alt-detay-zincir-desenli#primaryimage"},"image":{"@id":"https:\/\/burkinistar.com\/?product=starinci-siyah-kolsuz-tesettur-mayo-alt-detay-zincir-desenli#primaryimage"},"thumbnailUrl":"https:\/\/burkinistar.com\/wp-content\/uploads\/2025\/08\/tam-kapali-tesettur-mayostarinci-siyah-c49-a7.jpg","datePublished":"2025-08-30T10:51:37+00:00","dateModified":"2025-08-30T10:52:13+00:00","breadcrumb":{"@id":"https:\/\/burkinistar.com\/?product=starinci-siyah-kolsuz-tesettur-mayo-alt-detay-zincir-desenli#breadcrumb"},"inLanguage":"en-US","potentialAction":[{"@type":"ReadAction","target":["https:\/\/burkinistar.com\/?product=starinci-siyah-kolsuz-tesettur-mayo-alt-detay-zincir-desenli"]}]},{"@type":"ImageObject","inLanguage":"en-US","@id":"https:\/\/burkinistar.com\/?product=starinci-siyah-kolsuz-tesettur-mayo-alt-detay-zincir-desenli#primaryimage","url":"https:\/\/burkinistar.com\/wp-content\/uploads\/2025\/08\/tam-kapali-tesettur-mayostarinci-siyah-c49-a7.jpg","contentUrl":"https:\/\/burkinistar.com\/wp-content\/uploads\/2025\/08\/tam-kapali-tesettur-mayostarinci-siyah-c49-a7.jpg","width":600,"height":900},{"@type":"BreadcrumbList","@id":"https:\/\/burkinistar.com\/?product=starinci-siyah-kolsuz-tesettur-mayo-alt-detay-zincir-desenli#breadcrumb","itemListElement":[{"@type":"ListItem","position":1,"name":"Homepage","item":"https:\/\/burkinistar.com\/"},{"@type":"ListItem","position":2,"name":"All Products","item":"https:\/\/burkinistar.com\/?page_id=8"},{"@type":"ListItem","position":3,"name":"Starinci Siyah Kolsuz Tesett\u00fcr Mayo Alt Detay Zincir Desenli"}]},{"@type":"WebSite","@id":"https:\/\/burkinistar.com\/#website","url":"https:\/\/burkinistar.com\/","name":"BURKINISTAR","description":"The Best Modest Swimwear and Bikini Store | Burkinistar","potentialAction":[{"@type":"SearchAction","target":{"@type":"EntryPoint","urlTemplate":"https:\/\/burkinistar.com\/?s={search_term_string}"},"query-input":{"@type":"PropertyValueSpecification","valueRequired":true,"valueName":"search_term_string"}}],"inLanguage":"en-US"}]}},"_links":{"self":[{"href":"https:\/\/burkinistar.com\/index.php?rest_route=\/wp\/v2\/product\/49014","targetHints":{"allow":["GET"]}}],"collection":[{"href":"https:\/\/burkinistar.com\/index.php?rest_route=\/wp\/v2\/product"}],"about":[{"href":"https:\/\/burkinistar.com\/index.php?rest_route=\/wp\/v2\/types\/product"}],"replies":[{"embeddable":true,"href":"https:\/\/burkinistar.com\/index.php?rest_route=%2Fwp%2Fv2%2Fcomments&post=49014"}],"version-history":[{"count":1,"href":"https:\/\/burkinistar.com\/index.php?rest_route=\/wp\/v2\/product\/49014\/revisions"}],"predecessor-version":[{"id":49015,"href":"https:\/\/burkinistar.com\/index.php?rest_route=\/wp\/v2\/product\/49014\/revisions\/49015"}],"wp:featuredmedia":[{"embeddable":true,"href":"https:\/\/burkinistar.com\/index.php?rest_route=\/wp\/v2\/media\/49017"}],"wp:attachment":[{"href":"https:\/\/burkinistar.com\/index.php?rest_route=%2Fwp%2Fv2%2Fmedia&parent=49014"}],"wp:term":[{"taxonomy":"product_brand","embeddable":true,"href":"https:\/\/burkinistar.com\/index.php?rest_route=%2Fwp%2Fv2%2Fproduct_brand&post=49014"},{"taxonomy":"product_cat","embeddable":true,"href":"https:\/\/burkinistar.com\/index.php?rest_route=%2Fwp%2Fv2%2Fproduct_cat&post=49014"},{"taxonomy":"product_tag","embeddable":true,"href":"https:\/\/burkinistar.com\/index.php?rest_route=%2Fwp%2Fv2%2Fproduct_tag&post=49014"}],"curies":[{"name":"wp","href":"https:\/\/api.w.org\/{rel}","templated":true}]}}