{"id":49077,"date":"2025-08-30T10:52:14","date_gmt":"2025-08-30T10:52:14","guid":{"rendered":"https:\/\/burkinistar.com\/?product=starinci-tam-kapali-likra-tesettur-mayo-lacivert-zincir-desenli"},"modified":"2025-08-30T10:52:24","modified_gmt":"2025-08-30T10:52:24","slug":"starinci-tam-kapali-likra-tesettur-mayo-lacivert-zincir-desenli","status":"publish","type":"product","link":"https:\/\/burkinistar.com\/?product=starinci-tam-kapali-likra-tesettur-mayo-lacivert-zincir-desenli","title":{"rendered":"Starinci Tam Kapal\u0131 Likra Tesett\u00fcr Mayo Lacivert Zincir Desenli"},"content":{"rendered":"<h2>Starinci Likral\u0131 Tam Kapal\u0131 Uzun Kol Tesett\u00fcr Mayo Lacivert \u00c7apa Desenli<\/h2>\n<ul>\n<li>Tam kapal\u0131 mayo tak\u0131m\u0131 pantolon, \u00fcst ve boneden olu\u015fmaktad\u0131r.<\/li>\n<li>Tesett\u00fcr kuma\u015f\u0131 h\u0131zl\u0131 kuruyan %80 polyester %20 likra kar\u0131\u015f\u0131ml\u0131 kuma\u015ftan \u00fcretilmi\u015ftir.<\/li>\n<li>B\u00fcstiyer \u00fcr\u00fcne dikilidir.<\/li>\n<li>G\u00f6\u011f\u00fcs s\u00fcngeri vard\u0131r.<\/li>\n<\/ul>\n<p>&nbsp;<\/p>\n<p>&nbsp;<\/p>\n<p>&nbsp;<\/p>\n<p>&nbsp;<\/p>\n<p>&nbsp;<\/p>\n<p>&nbsp;<\/p>\n","protected":false},"excerpt":{"rendered":"<p>Starinci Likral\u0131 Tam Kapal\u0131 Uzun Kol Tesett\u00fcr Mayo Lacivert \u00c7apa Desenli Tam kapal\u0131 mayo tak\u0131m\u0131&hellip;<\/p>\n","protected":false},"featured_media":49080,"comment_status":"closed","ping_status":"open","template":"","meta":[],"product_brand":[2562],"product_cat":[2575,2556],"product_tag":[],"class_list":{"0":"post-49077","1":"product","2":"type-product","3":"status-publish","4":"has-post-thumbnail","6":"product_brand-starinci-mayo","7":"product_cat-likrali-tesettur-mayo","8":"product_cat-tesettur-mayo","9":"pa_color-lacivert","10":"pa_size-2581","11":"pa_size-2582","12":"pa_size-2583","13":"pa_size-2584","14":"pa_size-2585","16":"first","17":"instock","18":"shipping-taxable","19":"purchasable","20":"product-type-variable","21":"layout-style-2","22":"col-md-4 col-sm-4 col-xs-6","23":"col-lg-4","24":"product-has-gallery","25":"product-style-slider"},"yoast_head":"<!-- This site is optimized with the Yoast SEO plugin v25.8 - https:\/\/yoast.com\/wordpress\/plugins\/seo\/ -->\n<title>Starinci Tam Kapal\u0131 Likra Tesett\u00fcr Mayo Lacivert Zincir Desenli - BURKINISTAR<\/title>\n<meta name=\"robots\" content=\"index, follow, max-snippet:-1, max-image-preview:large, max-video-preview:-1\" \/>\n<link rel=\"canonical\" href=\"https:\/\/burkinistar.com\/?product=starinci-tam-kapali-likra-tesettur-mayo-lacivert-zincir-desenli\" \/>\n<meta property=\"og:locale\" content=\"en_US\" \/>\n<meta property=\"og:type\" content=\"article\" \/>\n<meta property=\"og:title\" content=\"Starinci Tam Kapal\u0131 Likra Tesett\u00fcr Mayo Lacivert Zincir Desenli - BURKINISTAR\" \/>\n<meta property=\"og:description\" content=\"Starinci Likral\u0131 Tam Kapal\u0131 Uzun Kol Tesett\u00fcr Mayo Lacivert \u00c7apa Desenli Tam kapal\u0131 mayo tak\u0131m\u0131&hellip;\" \/>\n<meta property=\"og:url\" content=\"https:\/\/burkinistar.com\/?product=starinci-tam-kapali-likra-tesettur-mayo-lacivert-zincir-desenli\" \/>\n<meta property=\"og:site_name\" content=\"BURKINISTAR\" \/>\n<meta property=\"article:modified_time\" content=\"2025-08-30T10:52:24+00:00\" \/>\n<meta property=\"og:image\" content=\"https:\/\/burkinistar.com\/wp-content\/uploads\/2025\/08\/hasemastarinci-tam-kapali-likra-tesett-836720.jpg\" \/>\n\t<meta property=\"og:image:width\" content=\"600\" \/>\n\t<meta property=\"og:image:height\" content=\"900\" \/>\n\t<meta property=\"og:image:type\" content=\"image\/jpeg\" \/>\n<meta name=\"twitter:card\" content=\"summary_large_image\" \/>\n<script type=\"application\/ld+json\" class=\"yoast-schema-graph\">{\"@context\":\"https:\/\/schema.org\",\"@graph\":[{\"@type\":\"WebPage\",\"@id\":\"https:\/\/burkinistar.com\/?product=starinci-tam-kapali-likra-tesettur-mayo-lacivert-zincir-desenli\",\"url\":\"https:\/\/burkinistar.com\/?product=starinci-tam-kapali-likra-tesettur-mayo-lacivert-zincir-desenli\",\"name\":\"Starinci Tam Kapal\u0131 Likra Tesett\u00fcr Mayo Lacivert Zincir Desenli - BURKINISTAR\",\"isPartOf\":{\"@id\":\"https:\/\/burkinistar.com\/#website\"},\"primaryImageOfPage\":{\"@id\":\"https:\/\/burkinistar.com\/?product=starinci-tam-kapali-likra-tesettur-mayo-lacivert-zincir-desenli#primaryimage\"},\"image\":{\"@id\":\"https:\/\/burkinistar.com\/?product=starinci-tam-kapali-likra-tesettur-mayo-lacivert-zincir-desenli#primaryimage\"},\"thumbnailUrl\":\"https:\/\/burkinistar.com\/wp-content\/uploads\/2025\/08\/hasemastarinci-tam-kapali-likra-tesett-836720.jpg\",\"datePublished\":\"2025-08-30T10:52:14+00:00\",\"dateModified\":\"2025-08-30T10:52:24+00:00\",\"breadcrumb\":{\"@id\":\"https:\/\/burkinistar.com\/?product=starinci-tam-kapali-likra-tesettur-mayo-lacivert-zincir-desenli#breadcrumb\"},\"inLanguage\":\"en-US\",\"potentialAction\":[{\"@type\":\"ReadAction\",\"target\":[\"https:\/\/burkinistar.com\/?product=starinci-tam-kapali-likra-tesettur-mayo-lacivert-zincir-desenli\"]}]},{\"@type\":\"ImageObject\",\"inLanguage\":\"en-US\",\"@id\":\"https:\/\/burkinistar.com\/?product=starinci-tam-kapali-likra-tesettur-mayo-lacivert-zincir-desenli#primaryimage\",\"url\":\"https:\/\/burkinistar.com\/wp-content\/uploads\/2025\/08\/hasemastarinci-tam-kapali-likra-tesett-836720.jpg\",\"contentUrl\":\"https:\/\/burkinistar.com\/wp-content\/uploads\/2025\/08\/hasemastarinci-tam-kapali-likra-tesett-836720.jpg\",\"width\":600,\"height\":900},{\"@type\":\"BreadcrumbList\",\"@id\":\"https:\/\/burkinistar.com\/?product=starinci-tam-kapali-likra-tesettur-mayo-lacivert-zincir-desenli#breadcrumb\",\"itemListElement\":[{\"@type\":\"ListItem\",\"position\":1,\"name\":\"Homepage\",\"item\":\"https:\/\/burkinistar.com\/\"},{\"@type\":\"ListItem\",\"position\":2,\"name\":\"All Products\",\"item\":\"https:\/\/burkinistar.com\/?page_id=8\"},{\"@type\":\"ListItem\",\"position\":3,\"name\":\"Starinci Tam Kapal\u0131 Likra Tesett\u00fcr Mayo Lacivert Zincir Desenli\"}]},{\"@type\":\"WebSite\",\"@id\":\"https:\/\/burkinistar.com\/#website\",\"url\":\"https:\/\/burkinistar.com\/\",\"name\":\"BURKINISTAR\",\"description\":\"The Best Modest Swimwear and Bikini Store | Burkinistar\",\"potentialAction\":[{\"@type\":\"SearchAction\",\"target\":{\"@type\":\"EntryPoint\",\"urlTemplate\":\"https:\/\/burkinistar.com\/?s={search_term_string}\"},\"query-input\":{\"@type\":\"PropertyValueSpecification\",\"valueRequired\":true,\"valueName\":\"search_term_string\"}}],\"inLanguage\":\"en-US\"}]}<\/script>\n<!-- \/ Yoast SEO plugin. -->","yoast_head_json":{"title":"Starinci Tam Kapal\u0131 Likra Tesett\u00fcr Mayo Lacivert Zincir Desenli - BURKINISTAR","robots":{"index":"index","follow":"follow","max-snippet":"max-snippet:-1","max-image-preview":"max-image-preview:large","max-video-preview":"max-video-preview:-1"},"canonical":"https:\/\/burkinistar.com\/?product=starinci-tam-kapali-likra-tesettur-mayo-lacivert-zincir-desenli","og_locale":"en_US","og_type":"article","og_title":"Starinci Tam Kapal\u0131 Likra Tesett\u00fcr Mayo Lacivert Zincir Desenli - BURKINISTAR","og_description":"Starinci Likral\u0131 Tam Kapal\u0131 Uzun Kol Tesett\u00fcr Mayo Lacivert \u00c7apa Desenli Tam kapal\u0131 mayo tak\u0131m\u0131&hellip;","og_url":"https:\/\/burkinistar.com\/?product=starinci-tam-kapali-likra-tesettur-mayo-lacivert-zincir-desenli","og_site_name":"BURKINISTAR","article_modified_time":"2025-08-30T10:52:24+00:00","og_image":[{"width":600,"height":900,"url":"https:\/\/burkinistar.com\/wp-content\/uploads\/2025\/08\/hasemastarinci-tam-kapali-likra-tesett-836720.jpg","type":"image\/jpeg"}],"twitter_card":"summary_large_image","schema":{"@context":"https:\/\/schema.org","@graph":[{"@type":"WebPage","@id":"https:\/\/burkinistar.com\/?product=starinci-tam-kapali-likra-tesettur-mayo-lacivert-zincir-desenli","url":"https:\/\/burkinistar.com\/?product=starinci-tam-kapali-likra-tesettur-mayo-lacivert-zincir-desenli","name":"Starinci Tam Kapal\u0131 Likra Tesett\u00fcr Mayo Lacivert Zincir Desenli - BURKINISTAR","isPartOf":{"@id":"https:\/\/burkinistar.com\/#website"},"primaryImageOfPage":{"@id":"https:\/\/burkinistar.com\/?product=starinci-tam-kapali-likra-tesettur-mayo-lacivert-zincir-desenli#primaryimage"},"image":{"@id":"https:\/\/burkinistar.com\/?product=starinci-tam-kapali-likra-tesettur-mayo-lacivert-zincir-desenli#primaryimage"},"thumbnailUrl":"https:\/\/burkinistar.com\/wp-content\/uploads\/2025\/08\/hasemastarinci-tam-kapali-likra-tesett-836720.jpg","datePublished":"2025-08-30T10:52:14+00:00","dateModified":"2025-08-30T10:52:24+00:00","breadcrumb":{"@id":"https:\/\/burkinistar.com\/?product=starinci-tam-kapali-likra-tesettur-mayo-lacivert-zincir-desenli#breadcrumb"},"inLanguage":"en-US","potentialAction":[{"@type":"ReadAction","target":["https:\/\/burkinistar.com\/?product=starinci-tam-kapali-likra-tesettur-mayo-lacivert-zincir-desenli"]}]},{"@type":"ImageObject","inLanguage":"en-US","@id":"https:\/\/burkinistar.com\/?product=starinci-tam-kapali-likra-tesettur-mayo-lacivert-zincir-desenli#primaryimage","url":"https:\/\/burkinistar.com\/wp-content\/uploads\/2025\/08\/hasemastarinci-tam-kapali-likra-tesett-836720.jpg","contentUrl":"https:\/\/burkinistar.com\/wp-content\/uploads\/2025\/08\/hasemastarinci-tam-kapali-likra-tesett-836720.jpg","width":600,"height":900},{"@type":"BreadcrumbList","@id":"https:\/\/burkinistar.com\/?product=starinci-tam-kapali-likra-tesettur-mayo-lacivert-zincir-desenli#breadcrumb","itemListElement":[{"@type":"ListItem","position":1,"name":"Homepage","item":"https:\/\/burkinistar.com\/"},{"@type":"ListItem","position":2,"name":"All Products","item":"https:\/\/burkinistar.com\/?page_id=8"},{"@type":"ListItem","position":3,"name":"Starinci Tam Kapal\u0131 Likra Tesett\u00fcr Mayo Lacivert Zincir Desenli"}]},{"@type":"WebSite","@id":"https:\/\/burkinistar.com\/#website","url":"https:\/\/burkinistar.com\/","name":"BURKINISTAR","description":"The Best Modest Swimwear and Bikini Store | Burkinistar","potentialAction":[{"@type":"SearchAction","target":{"@type":"EntryPoint","urlTemplate":"https:\/\/burkinistar.com\/?s={search_term_string}"},"query-input":{"@type":"PropertyValueSpecification","valueRequired":true,"valueName":"search_term_string"}}],"inLanguage":"en-US"}]}},"_links":{"self":[{"href":"https:\/\/burkinistar.com\/index.php?rest_route=\/wp\/v2\/product\/49077","targetHints":{"allow":["GET"]}}],"collection":[{"href":"https:\/\/burkinistar.com\/index.php?rest_route=\/wp\/v2\/product"}],"about":[{"href":"https:\/\/burkinistar.com\/index.php?rest_route=\/wp\/v2\/types\/product"}],"replies":[{"embeddable":true,"href":"https:\/\/burkinistar.com\/index.php?rest_route=%2Fwp%2Fv2%2Fcomments&post=49077"}],"version-history":[{"count":1,"href":"https:\/\/burkinistar.com\/index.php?rest_route=\/wp\/v2\/product\/49077\/revisions"}],"predecessor-version":[{"id":49078,"href":"https:\/\/burkinistar.com\/index.php?rest_route=\/wp\/v2\/product\/49077\/revisions\/49078"}],"wp:featuredmedia":[{"embeddable":true,"href":"https:\/\/burkinistar.com\/index.php?rest_route=\/wp\/v2\/media\/49080"}],"wp:attachment":[{"href":"https:\/\/burkinistar.com\/index.php?rest_route=%2Fwp%2Fv2%2Fmedia&parent=49077"}],"wp:term":[{"taxonomy":"product_brand","embeddable":true,"href":"https:\/\/burkinistar.com\/index.php?rest_route=%2Fwp%2Fv2%2Fproduct_brand&post=49077"},{"taxonomy":"product_cat","embeddable":true,"href":"https:\/\/burkinistar.com\/index.php?rest_route=%2Fwp%2Fv2%2Fproduct_cat&post=49077"},{"taxonomy":"product_tag","embeddable":true,"href":"https:\/\/burkinistar.com\/index.php?rest_route=%2Fwp%2Fv2%2Fproduct_tag&post=49077"}],"curies":[{"name":"wp","href":"https:\/\/api.w.org\/{rel}","templated":true}]}}