{"id":49135,"date":"2025-08-30T10:52:14","date_gmt":"2025-08-30T10:52:14","guid":{"rendered":"https:\/\/burkinistar.com\/?product=volanli-yuksek-bel-ip-detayli-bordo-bikini-takimi"},"modified":"2025-08-30T10:52:43","modified_gmt":"2025-08-30T10:52:43","slug":"volanli-yuksek-bel-ip-detayli-bordo-bikini-takimi","status":"publish","type":"product","link":"https:\/\/burkinistar.com\/?product=volanli-yuksek-bel-ip-detayli-bordo-bikini-takimi","title":{"rendered":"Volanl\u0131 Y\u00fcksek Bel \u0130p Detayl\u0131 Bordo Bikini Tak\u0131m\u0131"},"content":{"rendered":"<h2>Starinci Bordo Biyeli Volanl\u0131 Bikini Tak\u0131m\u0131<\/h2>\n<ul>\n<li>Bikini tak\u0131m\u0131 iki par\u00e7adan olu\u015fmaktad\u0131r.<\/li>\n<li>H\u0131zl\u0131 kuruyan %80 polyester %20 likra kar\u0131\u015f\u0131ml\u0131 kuma\u015ftan \u00fcretilmi\u015ftir.<\/li>\n<li>G\u00f6\u011f\u00fcs k\u0131sm\u0131nda g\u00f6\u011f\u00fcs s\u00fcngeri vard\u0131r.<\/li>\n<li>Manken \u00f6l\u00e7\u00fcleri: 85\/62\/92.<\/li>\n<li>Manken 38 beden giymi\u015ftir.<\/li>\n<\/ul>\n","protected":false},"excerpt":{"rendered":"<p>Starinci Bordo Biyeli Volanl\u0131 Bikini Tak\u0131m\u0131 Bikini tak\u0131m\u0131 iki par\u00e7adan olu\u015fmaktad\u0131r. H\u0131zl\u0131 kuruyan %80 polyester&hellip;<\/p>\n","protected":false},"featured_media":49138,"comment_status":"closed","ping_status":"open","template":"","meta":[],"product_brand":[2562],"product_cat":[2503],"product_tag":[],"class_list":{"0":"post-49135","1":"product","2":"type-product","3":"status-publish","4":"has-post-thumbnail","6":"product_brand-starinci-mayo","7":"product_cat-bikini","8":"pa_color-bordo","9":"pa_size-2587","10":"pa_size-2584","12":"first","13":"instock","14":"shipping-taxable","15":"purchasable","16":"product-type-variable","17":"layout-style-2","18":"col-md-4 col-sm-4 col-xs-6","19":"col-lg-4","20":"product-has-gallery","21":"product-style-slider"},"yoast_head":"<!-- This site is optimized with the Yoast SEO plugin v25.8 - https:\/\/yoast.com\/wordpress\/plugins\/seo\/ -->\n<title>Volanl\u0131 Y\u00fcksek Bel \u0130p Detayl\u0131 Bordo Bikini Tak\u0131m\u0131 - BURKINISTAR<\/title>\n<meta name=\"robots\" content=\"index, follow, max-snippet:-1, max-image-preview:large, max-video-preview:-1\" \/>\n<link rel=\"canonical\" href=\"https:\/\/burkinistar.com\/?product=volanli-yuksek-bel-ip-detayli-bordo-bikini-takimi\" \/>\n<meta property=\"og:locale\" content=\"en_US\" \/>\n<meta property=\"og:type\" content=\"article\" \/>\n<meta property=\"og:title\" content=\"Volanl\u0131 Y\u00fcksek Bel \u0130p Detayl\u0131 Bordo Bikini Tak\u0131m\u0131 - BURKINISTAR\" \/>\n<meta property=\"og:description\" content=\"Starinci Bordo Biyeli Volanl\u0131 Bikini Tak\u0131m\u0131 Bikini tak\u0131m\u0131 iki par\u00e7adan olu\u015fmaktad\u0131r. H\u0131zl\u0131 kuruyan %80 polyester&hellip;\" \/>\n<meta property=\"og:url\" content=\"https:\/\/burkinistar.com\/?product=volanli-yuksek-bel-ip-detayli-bordo-bikini-takimi\" \/>\n<meta property=\"og:site_name\" content=\"BURKINISTAR\" \/>\n<meta property=\"article:modified_time\" content=\"2025-08-30T10:52:43+00:00\" \/>\n<meta property=\"og:image\" content=\"https:\/\/burkinistar.com\/wp-content\/uploads\/2025\/08\/mayovolanli-yuksek-bel-ip-detayli-bord-4d-445.jpg\" \/>\n\t<meta property=\"og:image:width\" content=\"600\" \/>\n\t<meta property=\"og:image:height\" content=\"900\" \/>\n\t<meta property=\"og:image:type\" content=\"image\/jpeg\" \/>\n<meta name=\"twitter:card\" content=\"summary_large_image\" \/>\n<script type=\"application\/ld+json\" class=\"yoast-schema-graph\">{\"@context\":\"https:\/\/schema.org\",\"@graph\":[{\"@type\":\"WebPage\",\"@id\":\"https:\/\/burkinistar.com\/?product=volanli-yuksek-bel-ip-detayli-bordo-bikini-takimi\",\"url\":\"https:\/\/burkinistar.com\/?product=volanli-yuksek-bel-ip-detayli-bordo-bikini-takimi\",\"name\":\"Volanl\u0131 Y\u00fcksek Bel \u0130p Detayl\u0131 Bordo Bikini Tak\u0131m\u0131 - BURKINISTAR\",\"isPartOf\":{\"@id\":\"https:\/\/burkinistar.com\/#website\"},\"primaryImageOfPage\":{\"@id\":\"https:\/\/burkinistar.com\/?product=volanli-yuksek-bel-ip-detayli-bordo-bikini-takimi#primaryimage\"},\"image\":{\"@id\":\"https:\/\/burkinistar.com\/?product=volanli-yuksek-bel-ip-detayli-bordo-bikini-takimi#primaryimage\"},\"thumbnailUrl\":\"https:\/\/burkinistar.com\/wp-content\/uploads\/2025\/08\/mayovolanli-yuksek-bel-ip-detayli-bord-4d-445.jpg\",\"datePublished\":\"2025-08-30T10:52:14+00:00\",\"dateModified\":\"2025-08-30T10:52:43+00:00\",\"breadcrumb\":{\"@id\":\"https:\/\/burkinistar.com\/?product=volanli-yuksek-bel-ip-detayli-bordo-bikini-takimi#breadcrumb\"},\"inLanguage\":\"en-US\",\"potentialAction\":[{\"@type\":\"ReadAction\",\"target\":[\"https:\/\/burkinistar.com\/?product=volanli-yuksek-bel-ip-detayli-bordo-bikini-takimi\"]}]},{\"@type\":\"ImageObject\",\"inLanguage\":\"en-US\",\"@id\":\"https:\/\/burkinistar.com\/?product=volanli-yuksek-bel-ip-detayli-bordo-bikini-takimi#primaryimage\",\"url\":\"https:\/\/burkinistar.com\/wp-content\/uploads\/2025\/08\/mayovolanli-yuksek-bel-ip-detayli-bord-4d-445.jpg\",\"contentUrl\":\"https:\/\/burkinistar.com\/wp-content\/uploads\/2025\/08\/mayovolanli-yuksek-bel-ip-detayli-bord-4d-445.jpg\",\"width\":600,\"height\":900},{\"@type\":\"BreadcrumbList\",\"@id\":\"https:\/\/burkinistar.com\/?product=volanli-yuksek-bel-ip-detayli-bordo-bikini-takimi#breadcrumb\",\"itemListElement\":[{\"@type\":\"ListItem\",\"position\":1,\"name\":\"Homepage\",\"item\":\"https:\/\/burkinistar.com\/\"},{\"@type\":\"ListItem\",\"position\":2,\"name\":\"All Products\",\"item\":\"https:\/\/burkinistar.com\/?page_id=8\"},{\"@type\":\"ListItem\",\"position\":3,\"name\":\"Volanl\u0131 Y\u00fcksek Bel \u0130p Detayl\u0131 Bordo Bikini Tak\u0131m\u0131\"}]},{\"@type\":\"WebSite\",\"@id\":\"https:\/\/burkinistar.com\/#website\",\"url\":\"https:\/\/burkinistar.com\/\",\"name\":\"BURKINISTAR\",\"description\":\"The Best Modest Swimwear and Bikini Store | Burkinistar\",\"potentialAction\":[{\"@type\":\"SearchAction\",\"target\":{\"@type\":\"EntryPoint\",\"urlTemplate\":\"https:\/\/burkinistar.com\/?s={search_term_string}\"},\"query-input\":{\"@type\":\"PropertyValueSpecification\",\"valueRequired\":true,\"valueName\":\"search_term_string\"}}],\"inLanguage\":\"en-US\"}]}<\/script>\n<!-- \/ Yoast SEO plugin. -->","yoast_head_json":{"title":"Volanl\u0131 Y\u00fcksek Bel \u0130p Detayl\u0131 Bordo Bikini Tak\u0131m\u0131 - BURKINISTAR","robots":{"index":"index","follow":"follow","max-snippet":"max-snippet:-1","max-image-preview":"max-image-preview:large","max-video-preview":"max-video-preview:-1"},"canonical":"https:\/\/burkinistar.com\/?product=volanli-yuksek-bel-ip-detayli-bordo-bikini-takimi","og_locale":"en_US","og_type":"article","og_title":"Volanl\u0131 Y\u00fcksek Bel \u0130p Detayl\u0131 Bordo Bikini Tak\u0131m\u0131 - BURKINISTAR","og_description":"Starinci Bordo Biyeli Volanl\u0131 Bikini Tak\u0131m\u0131 Bikini tak\u0131m\u0131 iki par\u00e7adan olu\u015fmaktad\u0131r. H\u0131zl\u0131 kuruyan %80 polyester&hellip;","og_url":"https:\/\/burkinistar.com\/?product=volanli-yuksek-bel-ip-detayli-bordo-bikini-takimi","og_site_name":"BURKINISTAR","article_modified_time":"2025-08-30T10:52:43+00:00","og_image":[{"width":600,"height":900,"url":"https:\/\/burkinistar.com\/wp-content\/uploads\/2025\/08\/mayovolanli-yuksek-bel-ip-detayli-bord-4d-445.jpg","type":"image\/jpeg"}],"twitter_card":"summary_large_image","schema":{"@context":"https:\/\/schema.org","@graph":[{"@type":"WebPage","@id":"https:\/\/burkinistar.com\/?product=volanli-yuksek-bel-ip-detayli-bordo-bikini-takimi","url":"https:\/\/burkinistar.com\/?product=volanli-yuksek-bel-ip-detayli-bordo-bikini-takimi","name":"Volanl\u0131 Y\u00fcksek Bel \u0130p Detayl\u0131 Bordo Bikini Tak\u0131m\u0131 - BURKINISTAR","isPartOf":{"@id":"https:\/\/burkinistar.com\/#website"},"primaryImageOfPage":{"@id":"https:\/\/burkinistar.com\/?product=volanli-yuksek-bel-ip-detayli-bordo-bikini-takimi#primaryimage"},"image":{"@id":"https:\/\/burkinistar.com\/?product=volanli-yuksek-bel-ip-detayli-bordo-bikini-takimi#primaryimage"},"thumbnailUrl":"https:\/\/burkinistar.com\/wp-content\/uploads\/2025\/08\/mayovolanli-yuksek-bel-ip-detayli-bord-4d-445.jpg","datePublished":"2025-08-30T10:52:14+00:00","dateModified":"2025-08-30T10:52:43+00:00","breadcrumb":{"@id":"https:\/\/burkinistar.com\/?product=volanli-yuksek-bel-ip-detayli-bordo-bikini-takimi#breadcrumb"},"inLanguage":"en-US","potentialAction":[{"@type":"ReadAction","target":["https:\/\/burkinistar.com\/?product=volanli-yuksek-bel-ip-detayli-bordo-bikini-takimi"]}]},{"@type":"ImageObject","inLanguage":"en-US","@id":"https:\/\/burkinistar.com\/?product=volanli-yuksek-bel-ip-detayli-bordo-bikini-takimi#primaryimage","url":"https:\/\/burkinistar.com\/wp-content\/uploads\/2025\/08\/mayovolanli-yuksek-bel-ip-detayli-bord-4d-445.jpg","contentUrl":"https:\/\/burkinistar.com\/wp-content\/uploads\/2025\/08\/mayovolanli-yuksek-bel-ip-detayli-bord-4d-445.jpg","width":600,"height":900},{"@type":"BreadcrumbList","@id":"https:\/\/burkinistar.com\/?product=volanli-yuksek-bel-ip-detayli-bordo-bikini-takimi#breadcrumb","itemListElement":[{"@type":"ListItem","position":1,"name":"Homepage","item":"https:\/\/burkinistar.com\/"},{"@type":"ListItem","position":2,"name":"All Products","item":"https:\/\/burkinistar.com\/?page_id=8"},{"@type":"ListItem","position":3,"name":"Volanl\u0131 Y\u00fcksek Bel \u0130p Detayl\u0131 Bordo Bikini Tak\u0131m\u0131"}]},{"@type":"WebSite","@id":"https:\/\/burkinistar.com\/#website","url":"https:\/\/burkinistar.com\/","name":"BURKINISTAR","description":"The Best Modest Swimwear and Bikini Store | Burkinistar","potentialAction":[{"@type":"SearchAction","target":{"@type":"EntryPoint","urlTemplate":"https:\/\/burkinistar.com\/?s={search_term_string}"},"query-input":{"@type":"PropertyValueSpecification","valueRequired":true,"valueName":"search_term_string"}}],"inLanguage":"en-US"}]}},"_links":{"self":[{"href":"https:\/\/burkinistar.com\/index.php?rest_route=\/wp\/v2\/product\/49135","targetHints":{"allow":["GET"]}}],"collection":[{"href":"https:\/\/burkinistar.com\/index.php?rest_route=\/wp\/v2\/product"}],"about":[{"href":"https:\/\/burkinistar.com\/index.php?rest_route=\/wp\/v2\/types\/product"}],"replies":[{"embeddable":true,"href":"https:\/\/burkinistar.com\/index.php?rest_route=%2Fwp%2Fv2%2Fcomments&post=49135"}],"version-history":[{"count":1,"href":"https:\/\/burkinistar.com\/index.php?rest_route=\/wp\/v2\/product\/49135\/revisions"}],"predecessor-version":[{"id":49136,"href":"https:\/\/burkinistar.com\/index.php?rest_route=\/wp\/v2\/product\/49135\/revisions\/49136"}],"wp:featuredmedia":[{"embeddable":true,"href":"https:\/\/burkinistar.com\/index.php?rest_route=\/wp\/v2\/media\/49138"}],"wp:attachment":[{"href":"https:\/\/burkinistar.com\/index.php?rest_route=%2Fwp%2Fv2%2Fmedia&parent=49135"}],"wp:term":[{"taxonomy":"product_brand","embeddable":true,"href":"https:\/\/burkinistar.com\/index.php?rest_route=%2Fwp%2Fv2%2Fproduct_brand&post=49135"},{"taxonomy":"product_cat","embeddable":true,"href":"https:\/\/burkinistar.com\/index.php?rest_route=%2Fwp%2Fv2%2Fproduct_cat&post=49135"},{"taxonomy":"product_tag","embeddable":true,"href":"https:\/\/burkinistar.com\/index.php?rest_route=%2Fwp%2Fv2%2Fproduct_tag&post=49135"}],"curies":[{"name":"wp","href":"https:\/\/api.w.org\/{rel}","templated":true}]}}