{"id":49499,"date":"2025-08-30T10:54:22","date_gmt":"2025-08-30T10:54:22","guid":{"rendered":"https:\/\/burkinistar.com\/?product=starinci-bikini-ustu-toparlayici-model-buyuk-beden"},"modified":"2025-08-30T10:55:10","modified_gmt":"2025-08-30T10:55:10","slug":"starinci-bikini-ustu-toparlayici-model-buyuk-beden","status":"publish","type":"product","link":"https:\/\/burkinistar.com\/?product=starinci-bikini-ustu-toparlayici-model-buyuk-beden","title":{"rendered":"Starinci Bikini \u00dcst\u00fc Toparlay\u0131c\u0131 Model B\u00fcy\u00fck Beden"},"content":{"rendered":"<h2>Starinci Toparlay\u0131c\u0131 Bikini \u00dcst\u00fc<\/h2>\n<ul>\n<li>Bikini \u00fcst\u00fc tek par\u00e7ad\u0131r.<\/li>\n<li>H\u0131zl\u0131 kuruyan likral\u0131 polyester kar\u0131\u015f\u0131ml\u0131 kuma\u015ftan \u00fcretilmi\u015ftir.<\/li>\n<li>Manken 38 bedendir.<\/li>\n<li>Manken \u00f6l\u00e7\u00fcleri 85\/62\/92<\/li>\n<li>G\u00f6\u011f\u00fcs s\u00fcngeri \u00fcr\u00fcne sabittir.<\/li>\n<\/ul>\n","protected":false},"excerpt":{"rendered":"<p>Starinci Toparlay\u0131c\u0131 Bikini \u00dcst\u00fc Bikini \u00fcst\u00fc tek par\u00e7ad\u0131r. H\u0131zl\u0131 kuruyan likral\u0131 polyester kar\u0131\u015f\u0131ml\u0131 kuma\u015ftan \u00fcretilmi\u015ftir.&hellip;<\/p>\n","protected":false},"featured_media":49502,"comment_status":"closed","ping_status":"open","template":"","meta":[],"product_brand":[2562],"product_cat":[2564,2569],"product_tag":[],"class_list":{"0":"post-49499","1":"product","2":"type-product","3":"status-publish","4":"has-post-thumbnail","6":"product_brand-starinci-mayo","7":"product_cat-plaj","8":"product_cat-ust-grup","9":"pa_color-fusya","10":"pa_size-2581","11":"pa_size-2582","12":"pa_size-2583","13":"pa_size-2584","14":"pa_size-2585","15":"pa_size-2588","16":"pa_size-2589","18":"first","19":"instock","20":"shipping-taxable","21":"purchasable","22":"product-type-variable","23":"layout-style-2","24":"col-md-4 col-sm-4 col-xs-6","25":"col-lg-4","26":"product-has-gallery","27":"product-style-slider"},"yoast_head":"<!-- This site is optimized with the Yoast SEO plugin v25.8 - https:\/\/yoast.com\/wordpress\/plugins\/seo\/ -->\n<title>Starinci Bikini \u00dcst\u00fc Toparlay\u0131c\u0131 Model B\u00fcy\u00fck Beden - BURKINISTAR<\/title>\n<meta name=\"robots\" content=\"index, follow, max-snippet:-1, max-image-preview:large, max-video-preview:-1\" \/>\n<link rel=\"canonical\" href=\"https:\/\/burkinistar.com\/?product=starinci-bikini-ustu-toparlayici-model-buyuk-beden\" \/>\n<meta property=\"og:locale\" content=\"en_US\" \/>\n<meta property=\"og:type\" content=\"article\" \/>\n<meta property=\"og:title\" content=\"Starinci Bikini \u00dcst\u00fc Toparlay\u0131c\u0131 Model B\u00fcy\u00fck Beden - BURKINISTAR\" \/>\n<meta property=\"og:description\" content=\"Starinci Toparlay\u0131c\u0131 Bikini \u00dcst\u00fc Bikini \u00fcst\u00fc tek par\u00e7ad\u0131r. H\u0131zl\u0131 kuruyan likral\u0131 polyester kar\u0131\u015f\u0131ml\u0131 kuma\u015ftan \u00fcretilmi\u015ftir.&hellip;\" \/>\n<meta property=\"og:url\" content=\"https:\/\/burkinistar.com\/?product=starinci-bikini-ustu-toparlayici-model-buyuk-beden\" \/>\n<meta property=\"og:site_name\" content=\"BURKINISTAR\" \/>\n<meta property=\"article:modified_time\" content=\"2025-08-30T10:55:10+00:00\" \/>\n<meta property=\"og:image\" content=\"https:\/\/burkinistar.com\/wp-content\/uploads\/2025\/08\/ust-grupstarinci-bikini-ustu-toparlayi-fd93-4.jpg\" \/>\n\t<meta property=\"og:image:width\" content=\"600\" \/>\n\t<meta property=\"og:image:height\" content=\"900\" \/>\n\t<meta property=\"og:image:type\" content=\"image\/jpeg\" \/>\n<meta name=\"twitter:card\" content=\"summary_large_image\" \/>\n<script type=\"application\/ld+json\" class=\"yoast-schema-graph\">{\"@context\":\"https:\/\/schema.org\",\"@graph\":[{\"@type\":\"WebPage\",\"@id\":\"https:\/\/burkinistar.com\/?product=starinci-bikini-ustu-toparlayici-model-buyuk-beden\",\"url\":\"https:\/\/burkinistar.com\/?product=starinci-bikini-ustu-toparlayici-model-buyuk-beden\",\"name\":\"Starinci Bikini \u00dcst\u00fc Toparlay\u0131c\u0131 Model B\u00fcy\u00fck Beden - BURKINISTAR\",\"isPartOf\":{\"@id\":\"https:\/\/burkinistar.com\/#website\"},\"primaryImageOfPage\":{\"@id\":\"https:\/\/burkinistar.com\/?product=starinci-bikini-ustu-toparlayici-model-buyuk-beden#primaryimage\"},\"image\":{\"@id\":\"https:\/\/burkinistar.com\/?product=starinci-bikini-ustu-toparlayici-model-buyuk-beden#primaryimage\"},\"thumbnailUrl\":\"https:\/\/burkinistar.com\/wp-content\/uploads\/2025\/08\/ust-grupstarinci-bikini-ustu-toparlayi-fd93-4.jpg\",\"datePublished\":\"2025-08-30T10:54:22+00:00\",\"dateModified\":\"2025-08-30T10:55:10+00:00\",\"breadcrumb\":{\"@id\":\"https:\/\/burkinistar.com\/?product=starinci-bikini-ustu-toparlayici-model-buyuk-beden#breadcrumb\"},\"inLanguage\":\"en-US\",\"potentialAction\":[{\"@type\":\"ReadAction\",\"target\":[\"https:\/\/burkinistar.com\/?product=starinci-bikini-ustu-toparlayici-model-buyuk-beden\"]}]},{\"@type\":\"ImageObject\",\"inLanguage\":\"en-US\",\"@id\":\"https:\/\/burkinistar.com\/?product=starinci-bikini-ustu-toparlayici-model-buyuk-beden#primaryimage\",\"url\":\"https:\/\/burkinistar.com\/wp-content\/uploads\/2025\/08\/ust-grupstarinci-bikini-ustu-toparlayi-fd93-4.jpg\",\"contentUrl\":\"https:\/\/burkinistar.com\/wp-content\/uploads\/2025\/08\/ust-grupstarinci-bikini-ustu-toparlayi-fd93-4.jpg\",\"width\":600,\"height\":900},{\"@type\":\"BreadcrumbList\",\"@id\":\"https:\/\/burkinistar.com\/?product=starinci-bikini-ustu-toparlayici-model-buyuk-beden#breadcrumb\",\"itemListElement\":[{\"@type\":\"ListItem\",\"position\":1,\"name\":\"Homepage\",\"item\":\"https:\/\/burkinistar.com\/\"},{\"@type\":\"ListItem\",\"position\":2,\"name\":\"All Products\",\"item\":\"https:\/\/burkinistar.com\/?page_id=8\"},{\"@type\":\"ListItem\",\"position\":3,\"name\":\"Starinci Bikini \u00dcst\u00fc Toparlay\u0131c\u0131 Model B\u00fcy\u00fck Beden\"}]},{\"@type\":\"WebSite\",\"@id\":\"https:\/\/burkinistar.com\/#website\",\"url\":\"https:\/\/burkinistar.com\/\",\"name\":\"BURKINISTAR\",\"description\":\"The Best Modest Swimwear and Bikini Store | Burkinistar\",\"potentialAction\":[{\"@type\":\"SearchAction\",\"target\":{\"@type\":\"EntryPoint\",\"urlTemplate\":\"https:\/\/burkinistar.com\/?s={search_term_string}\"},\"query-input\":{\"@type\":\"PropertyValueSpecification\",\"valueRequired\":true,\"valueName\":\"search_term_string\"}}],\"inLanguage\":\"en-US\"}]}<\/script>\n<!-- \/ Yoast SEO plugin. -->","yoast_head_json":{"title":"Starinci Bikini \u00dcst\u00fc Toparlay\u0131c\u0131 Model B\u00fcy\u00fck Beden - BURKINISTAR","robots":{"index":"index","follow":"follow","max-snippet":"max-snippet:-1","max-image-preview":"max-image-preview:large","max-video-preview":"max-video-preview:-1"},"canonical":"https:\/\/burkinistar.com\/?product=starinci-bikini-ustu-toparlayici-model-buyuk-beden","og_locale":"en_US","og_type":"article","og_title":"Starinci Bikini \u00dcst\u00fc Toparlay\u0131c\u0131 Model B\u00fcy\u00fck Beden - BURKINISTAR","og_description":"Starinci Toparlay\u0131c\u0131 Bikini \u00dcst\u00fc Bikini \u00fcst\u00fc tek par\u00e7ad\u0131r. H\u0131zl\u0131 kuruyan likral\u0131 polyester kar\u0131\u015f\u0131ml\u0131 kuma\u015ftan \u00fcretilmi\u015ftir.&hellip;","og_url":"https:\/\/burkinistar.com\/?product=starinci-bikini-ustu-toparlayici-model-buyuk-beden","og_site_name":"BURKINISTAR","article_modified_time":"2025-08-30T10:55:10+00:00","og_image":[{"width":600,"height":900,"url":"https:\/\/burkinistar.com\/wp-content\/uploads\/2025\/08\/ust-grupstarinci-bikini-ustu-toparlayi-fd93-4.jpg","type":"image\/jpeg"}],"twitter_card":"summary_large_image","schema":{"@context":"https:\/\/schema.org","@graph":[{"@type":"WebPage","@id":"https:\/\/burkinistar.com\/?product=starinci-bikini-ustu-toparlayici-model-buyuk-beden","url":"https:\/\/burkinistar.com\/?product=starinci-bikini-ustu-toparlayici-model-buyuk-beden","name":"Starinci Bikini \u00dcst\u00fc Toparlay\u0131c\u0131 Model B\u00fcy\u00fck Beden - BURKINISTAR","isPartOf":{"@id":"https:\/\/burkinistar.com\/#website"},"primaryImageOfPage":{"@id":"https:\/\/burkinistar.com\/?product=starinci-bikini-ustu-toparlayici-model-buyuk-beden#primaryimage"},"image":{"@id":"https:\/\/burkinistar.com\/?product=starinci-bikini-ustu-toparlayici-model-buyuk-beden#primaryimage"},"thumbnailUrl":"https:\/\/burkinistar.com\/wp-content\/uploads\/2025\/08\/ust-grupstarinci-bikini-ustu-toparlayi-fd93-4.jpg","datePublished":"2025-08-30T10:54:22+00:00","dateModified":"2025-08-30T10:55:10+00:00","breadcrumb":{"@id":"https:\/\/burkinistar.com\/?product=starinci-bikini-ustu-toparlayici-model-buyuk-beden#breadcrumb"},"inLanguage":"en-US","potentialAction":[{"@type":"ReadAction","target":["https:\/\/burkinistar.com\/?product=starinci-bikini-ustu-toparlayici-model-buyuk-beden"]}]},{"@type":"ImageObject","inLanguage":"en-US","@id":"https:\/\/burkinistar.com\/?product=starinci-bikini-ustu-toparlayici-model-buyuk-beden#primaryimage","url":"https:\/\/burkinistar.com\/wp-content\/uploads\/2025\/08\/ust-grupstarinci-bikini-ustu-toparlayi-fd93-4.jpg","contentUrl":"https:\/\/burkinistar.com\/wp-content\/uploads\/2025\/08\/ust-grupstarinci-bikini-ustu-toparlayi-fd93-4.jpg","width":600,"height":900},{"@type":"BreadcrumbList","@id":"https:\/\/burkinistar.com\/?product=starinci-bikini-ustu-toparlayici-model-buyuk-beden#breadcrumb","itemListElement":[{"@type":"ListItem","position":1,"name":"Homepage","item":"https:\/\/burkinistar.com\/"},{"@type":"ListItem","position":2,"name":"All Products","item":"https:\/\/burkinistar.com\/?page_id=8"},{"@type":"ListItem","position":3,"name":"Starinci Bikini \u00dcst\u00fc Toparlay\u0131c\u0131 Model B\u00fcy\u00fck Beden"}]},{"@type":"WebSite","@id":"https:\/\/burkinistar.com\/#website","url":"https:\/\/burkinistar.com\/","name":"BURKINISTAR","description":"The Best Modest Swimwear and Bikini Store | Burkinistar","potentialAction":[{"@type":"SearchAction","target":{"@type":"EntryPoint","urlTemplate":"https:\/\/burkinistar.com\/?s={search_term_string}"},"query-input":{"@type":"PropertyValueSpecification","valueRequired":true,"valueName":"search_term_string"}}],"inLanguage":"en-US"}]}},"_links":{"self":[{"href":"https:\/\/burkinistar.com\/index.php?rest_route=\/wp\/v2\/product\/49499","targetHints":{"allow":["GET"]}}],"collection":[{"href":"https:\/\/burkinistar.com\/index.php?rest_route=\/wp\/v2\/product"}],"about":[{"href":"https:\/\/burkinistar.com\/index.php?rest_route=\/wp\/v2\/types\/product"}],"replies":[{"embeddable":true,"href":"https:\/\/burkinistar.com\/index.php?rest_route=%2Fwp%2Fv2%2Fcomments&post=49499"}],"version-history":[{"count":1,"href":"https:\/\/burkinistar.com\/index.php?rest_route=\/wp\/v2\/product\/49499\/revisions"}],"predecessor-version":[{"id":49500,"href":"https:\/\/burkinistar.com\/index.php?rest_route=\/wp\/v2\/product\/49499\/revisions\/49500"}],"wp:featuredmedia":[{"embeddable":true,"href":"https:\/\/burkinistar.com\/index.php?rest_route=\/wp\/v2\/media\/49502"}],"wp:attachment":[{"href":"https:\/\/burkinistar.com\/index.php?rest_route=%2Fwp%2Fv2%2Fmedia&parent=49499"}],"wp:term":[{"taxonomy":"product_brand","embeddable":true,"href":"https:\/\/burkinistar.com\/index.php?rest_route=%2Fwp%2Fv2%2Fproduct_brand&post=49499"},{"taxonomy":"product_cat","embeddable":true,"href":"https:\/\/burkinistar.com\/index.php?rest_route=%2Fwp%2Fv2%2Fproduct_cat&post=49499"},{"taxonomy":"product_tag","embeddable":true,"href":"https:\/\/burkinistar.com\/index.php?rest_route=%2Fwp%2Fv2%2Fproduct_tag&post=49499"}],"curies":[{"name":"wp","href":"https:\/\/api.w.org\/{rel}","templated":true}]}}