{"id":49595,"date":"2025-08-30T10:55:11","date_gmt":"2025-08-30T10:55:11","guid":{"rendered":"https:\/\/burkinistar.com\/?product=elbiseli-mayo-ince-askili-pembe"},"modified":"2025-08-30T10:55:48","modified_gmt":"2025-08-30T10:55:48","slug":"elbiseli-mayo-ince-askili-pembe","status":"publish","type":"product","link":"https:\/\/burkinistar.com\/?product=elbiseli-mayo-ince-askili-pembe","title":{"rendered":"Elbiseli Mayo \u0130nce Ask\u0131l\u0131 Pembe"},"content":{"rendered":"<h2>Starinci \u00c7ift Ask\u0131l\u0131 Elbiseli Mayo<\/h2>\n<ul>\n<li>Elbiseli mayo modeli tek par\u00e7ad\u0131r.<\/li>\n<li>H\u0131zl\u0131 kuruyan %80 polyester %20 likra kuma\u015ftan \u00fcretilmi\u015ftir.<\/li>\n<li>Mankenin giyindi\u011fi model 38 bedendir.<\/li>\n<li>Mankenin \u00f6l\u00e7\u00fcleri 85\/62\/92 dir.<\/li>\n<li>G\u00f6\u011f\u00fcs s\u00fcngeri vard\u0131r.<\/li>\n<li>Ask\u0131lar\u0131 ayarlanabilir.<\/li>\n<\/ul>\n","protected":false},"excerpt":{"rendered":"<p>Starinci \u00c7ift Ask\u0131l\u0131 Elbiseli Mayo Elbiseli mayo modeli tek par\u00e7ad\u0131r. H\u0131zl\u0131 kuruyan %80 polyester %20&hellip;<\/p>\n","protected":false},"featured_media":49598,"comment_status":"closed","ping_status":"open","template":"","meta":[],"product_brand":[2562],"product_cat":[2567],"product_tag":[],"class_list":{"0":"post-49595","1":"product","2":"type-product","3":"status-publish","4":"has-post-thumbnail","6":"product_brand-starinci-mayo","7":"product_cat-elbise-mayo","8":"pa_color-pembe","9":"pa_size-2581","10":"pa_size-2582","11":"pa_size-2583","12":"pa_size-2584","13":"pa_size-2585","14":"pa_size-2588","16":"first","17":"instock","18":"shipping-taxable","19":"purchasable","20":"product-type-variable","21":"layout-style-2","22":"col-md-4 col-sm-4 col-xs-6","23":"col-lg-4","24":"product-has-gallery","25":"product-style-slider"},"yoast_head":"<!-- This site is optimized with the Yoast SEO plugin v25.8 - https:\/\/yoast.com\/wordpress\/plugins\/seo\/ -->\n<title>Elbiseli Mayo \u0130nce Ask\u0131l\u0131 Pembe - BURKINISTAR<\/title>\n<meta name=\"robots\" content=\"index, follow, max-snippet:-1, max-image-preview:large, max-video-preview:-1\" \/>\n<link rel=\"canonical\" href=\"https:\/\/burkinistar.com\/?product=elbiseli-mayo-ince-askili-pembe\" \/>\n<meta property=\"og:locale\" content=\"en_US\" \/>\n<meta property=\"og:type\" content=\"article\" \/>\n<meta property=\"og:title\" content=\"Elbiseli Mayo \u0130nce Ask\u0131l\u0131 Pembe - BURKINISTAR\" \/>\n<meta property=\"og:description\" content=\"Starinci \u00c7ift Ask\u0131l\u0131 Elbiseli Mayo Elbiseli mayo modeli tek par\u00e7ad\u0131r. H\u0131zl\u0131 kuruyan %80 polyester %20&hellip;\" \/>\n<meta property=\"og:url\" content=\"https:\/\/burkinistar.com\/?product=elbiseli-mayo-ince-askili-pembe\" \/>\n<meta property=\"og:site_name\" content=\"BURKINISTAR\" \/>\n<meta property=\"article:modified_time\" content=\"2025-08-30T10:55:48+00:00\" \/>\n<meta property=\"og:image\" content=\"https:\/\/burkinistar.com\/wp-content\/uploads\/2025\/08\/elbise-mayoelbiseli-mayo-ince-askili-p-04abf0.jpg\" \/>\n\t<meta property=\"og:image:width\" content=\"600\" \/>\n\t<meta property=\"og:image:height\" content=\"900\" \/>\n\t<meta property=\"og:image:type\" content=\"image\/jpeg\" \/>\n<meta name=\"twitter:card\" content=\"summary_large_image\" \/>\n<script type=\"application\/ld+json\" class=\"yoast-schema-graph\">{\"@context\":\"https:\/\/schema.org\",\"@graph\":[{\"@type\":\"WebPage\",\"@id\":\"https:\/\/burkinistar.com\/?product=elbiseli-mayo-ince-askili-pembe\",\"url\":\"https:\/\/burkinistar.com\/?product=elbiseli-mayo-ince-askili-pembe\",\"name\":\"Elbiseli Mayo \u0130nce Ask\u0131l\u0131 Pembe - BURKINISTAR\",\"isPartOf\":{\"@id\":\"https:\/\/burkinistar.com\/#website\"},\"primaryImageOfPage\":{\"@id\":\"https:\/\/burkinistar.com\/?product=elbiseli-mayo-ince-askili-pembe#primaryimage\"},\"image\":{\"@id\":\"https:\/\/burkinistar.com\/?product=elbiseli-mayo-ince-askili-pembe#primaryimage\"},\"thumbnailUrl\":\"https:\/\/burkinistar.com\/wp-content\/uploads\/2025\/08\/elbise-mayoelbiseli-mayo-ince-askili-p-04abf0.jpg\",\"datePublished\":\"2025-08-30T10:55:11+00:00\",\"dateModified\":\"2025-08-30T10:55:48+00:00\",\"breadcrumb\":{\"@id\":\"https:\/\/burkinistar.com\/?product=elbiseli-mayo-ince-askili-pembe#breadcrumb\"},\"inLanguage\":\"en-US\",\"potentialAction\":[{\"@type\":\"ReadAction\",\"target\":[\"https:\/\/burkinistar.com\/?product=elbiseli-mayo-ince-askili-pembe\"]}]},{\"@type\":\"ImageObject\",\"inLanguage\":\"en-US\",\"@id\":\"https:\/\/burkinistar.com\/?product=elbiseli-mayo-ince-askili-pembe#primaryimage\",\"url\":\"https:\/\/burkinistar.com\/wp-content\/uploads\/2025\/08\/elbise-mayoelbiseli-mayo-ince-askili-p-04abf0.jpg\",\"contentUrl\":\"https:\/\/burkinistar.com\/wp-content\/uploads\/2025\/08\/elbise-mayoelbiseli-mayo-ince-askili-p-04abf0.jpg\",\"width\":600,\"height\":900},{\"@type\":\"BreadcrumbList\",\"@id\":\"https:\/\/burkinistar.com\/?product=elbiseli-mayo-ince-askili-pembe#breadcrumb\",\"itemListElement\":[{\"@type\":\"ListItem\",\"position\":1,\"name\":\"Homepage\",\"item\":\"https:\/\/burkinistar.com\/\"},{\"@type\":\"ListItem\",\"position\":2,\"name\":\"All Products\",\"item\":\"https:\/\/burkinistar.com\/?page_id=8\"},{\"@type\":\"ListItem\",\"position\":3,\"name\":\"Elbiseli Mayo \u0130nce Ask\u0131l\u0131 Pembe\"}]},{\"@type\":\"WebSite\",\"@id\":\"https:\/\/burkinistar.com\/#website\",\"url\":\"https:\/\/burkinistar.com\/\",\"name\":\"BURKINISTAR\",\"description\":\"The Best Modest Swimwear and Bikini Store | Burkinistar\",\"potentialAction\":[{\"@type\":\"SearchAction\",\"target\":{\"@type\":\"EntryPoint\",\"urlTemplate\":\"https:\/\/burkinistar.com\/?s={search_term_string}\"},\"query-input\":{\"@type\":\"PropertyValueSpecification\",\"valueRequired\":true,\"valueName\":\"search_term_string\"}}],\"inLanguage\":\"en-US\"}]}<\/script>\n<!-- \/ Yoast SEO plugin. -->","yoast_head_json":{"title":"Elbiseli Mayo \u0130nce Ask\u0131l\u0131 Pembe - BURKINISTAR","robots":{"index":"index","follow":"follow","max-snippet":"max-snippet:-1","max-image-preview":"max-image-preview:large","max-video-preview":"max-video-preview:-1"},"canonical":"https:\/\/burkinistar.com\/?product=elbiseli-mayo-ince-askili-pembe","og_locale":"en_US","og_type":"article","og_title":"Elbiseli Mayo \u0130nce Ask\u0131l\u0131 Pembe - BURKINISTAR","og_description":"Starinci \u00c7ift Ask\u0131l\u0131 Elbiseli Mayo Elbiseli mayo modeli tek par\u00e7ad\u0131r. H\u0131zl\u0131 kuruyan %80 polyester %20&hellip;","og_url":"https:\/\/burkinistar.com\/?product=elbiseli-mayo-ince-askili-pembe","og_site_name":"BURKINISTAR","article_modified_time":"2025-08-30T10:55:48+00:00","og_image":[{"width":600,"height":900,"url":"https:\/\/burkinistar.com\/wp-content\/uploads\/2025\/08\/elbise-mayoelbiseli-mayo-ince-askili-p-04abf0.jpg","type":"image\/jpeg"}],"twitter_card":"summary_large_image","schema":{"@context":"https:\/\/schema.org","@graph":[{"@type":"WebPage","@id":"https:\/\/burkinistar.com\/?product=elbiseli-mayo-ince-askili-pembe","url":"https:\/\/burkinistar.com\/?product=elbiseli-mayo-ince-askili-pembe","name":"Elbiseli Mayo \u0130nce Ask\u0131l\u0131 Pembe - BURKINISTAR","isPartOf":{"@id":"https:\/\/burkinistar.com\/#website"},"primaryImageOfPage":{"@id":"https:\/\/burkinistar.com\/?product=elbiseli-mayo-ince-askili-pembe#primaryimage"},"image":{"@id":"https:\/\/burkinistar.com\/?product=elbiseli-mayo-ince-askili-pembe#primaryimage"},"thumbnailUrl":"https:\/\/burkinistar.com\/wp-content\/uploads\/2025\/08\/elbise-mayoelbiseli-mayo-ince-askili-p-04abf0.jpg","datePublished":"2025-08-30T10:55:11+00:00","dateModified":"2025-08-30T10:55:48+00:00","breadcrumb":{"@id":"https:\/\/burkinistar.com\/?product=elbiseli-mayo-ince-askili-pembe#breadcrumb"},"inLanguage":"en-US","potentialAction":[{"@type":"ReadAction","target":["https:\/\/burkinistar.com\/?product=elbiseli-mayo-ince-askili-pembe"]}]},{"@type":"ImageObject","inLanguage":"en-US","@id":"https:\/\/burkinistar.com\/?product=elbiseli-mayo-ince-askili-pembe#primaryimage","url":"https:\/\/burkinistar.com\/wp-content\/uploads\/2025\/08\/elbise-mayoelbiseli-mayo-ince-askili-p-04abf0.jpg","contentUrl":"https:\/\/burkinistar.com\/wp-content\/uploads\/2025\/08\/elbise-mayoelbiseli-mayo-ince-askili-p-04abf0.jpg","width":600,"height":900},{"@type":"BreadcrumbList","@id":"https:\/\/burkinistar.com\/?product=elbiseli-mayo-ince-askili-pembe#breadcrumb","itemListElement":[{"@type":"ListItem","position":1,"name":"Homepage","item":"https:\/\/burkinistar.com\/"},{"@type":"ListItem","position":2,"name":"All Products","item":"https:\/\/burkinistar.com\/?page_id=8"},{"@type":"ListItem","position":3,"name":"Elbiseli Mayo \u0130nce Ask\u0131l\u0131 Pembe"}]},{"@type":"WebSite","@id":"https:\/\/burkinistar.com\/#website","url":"https:\/\/burkinistar.com\/","name":"BURKINISTAR","description":"The Best Modest Swimwear and Bikini Store | Burkinistar","potentialAction":[{"@type":"SearchAction","target":{"@type":"EntryPoint","urlTemplate":"https:\/\/burkinistar.com\/?s={search_term_string}"},"query-input":{"@type":"PropertyValueSpecification","valueRequired":true,"valueName":"search_term_string"}}],"inLanguage":"en-US"}]}},"_links":{"self":[{"href":"https:\/\/burkinistar.com\/index.php?rest_route=\/wp\/v2\/product\/49595","targetHints":{"allow":["GET"]}}],"collection":[{"href":"https:\/\/burkinistar.com\/index.php?rest_route=\/wp\/v2\/product"}],"about":[{"href":"https:\/\/burkinistar.com\/index.php?rest_route=\/wp\/v2\/types\/product"}],"replies":[{"embeddable":true,"href":"https:\/\/burkinistar.com\/index.php?rest_route=%2Fwp%2Fv2%2Fcomments&post=49595"}],"version-history":[{"count":1,"href":"https:\/\/burkinistar.com\/index.php?rest_route=\/wp\/v2\/product\/49595\/revisions"}],"predecessor-version":[{"id":49596,"href":"https:\/\/burkinistar.com\/index.php?rest_route=\/wp\/v2\/product\/49595\/revisions\/49596"}],"wp:featuredmedia":[{"embeddable":true,"href":"https:\/\/burkinistar.com\/index.php?rest_route=\/wp\/v2\/media\/49598"}],"wp:attachment":[{"href":"https:\/\/burkinistar.com\/index.php?rest_route=%2Fwp%2Fv2%2Fmedia&parent=49595"}],"wp:term":[{"taxonomy":"product_brand","embeddable":true,"href":"https:\/\/burkinistar.com\/index.php?rest_route=%2Fwp%2Fv2%2Fproduct_brand&post=49595"},{"taxonomy":"product_cat","embeddable":true,"href":"https:\/\/burkinistar.com\/index.php?rest_route=%2Fwp%2Fv2%2Fproduct_cat&post=49595"},{"taxonomy":"product_tag","embeddable":true,"href":"https:\/\/burkinistar.com\/index.php?rest_route=%2Fwp%2Fv2%2Fproduct_tag&post=49595"}],"curies":[{"name":"wp","href":"https:\/\/api.w.org\/{rel}","templated":true}]}}