{"id":49624,"date":"2025-08-30T10:55:11","date_gmt":"2025-08-30T10:55:11","guid":{"rendered":"https:\/\/burkinistar.com\/?product=siyah-baglamali-ucgen-bikini-takimi"},"modified":"2025-08-30T10:55:48","modified_gmt":"2025-08-30T10:55:48","slug":"siyah-baglamali-ucgen-bikini-takimi","status":"publish","type":"product","link":"https:\/\/burkinistar.com\/?product=siyah-baglamali-ucgen-bikini-takimi","title":{"rendered":"Siyah Ba\u011flamal\u0131 \u00dc\u00e7gen Bikini Tak\u0131m\u0131"},"content":{"rendered":"<h2>Starinci \u00dc\u00e7gen \u0130pli Bikini Tak\u0131m\u0131<\/h2>\n<ul>\n<li>Siyah Bikini tak\u0131m\u0131 alt ve \u00fcst olmak \u00fczere iki par\u00e7ad\u0131r.<\/li>\n<li>Dokulu kuma\u015ftan \u00fcretilmi\u015ftir.<\/li>\n<li>Mankenin giyindi\u011fi model S bedendir.<\/li>\n<li>Manken \u00f6l\u00e7\u00fcleri 85\/62\/92<\/li>\n<\/ul>\n","protected":false},"excerpt":{"rendered":"<p>Starinci \u00dc\u00e7gen \u0130pli Bikini Tak\u0131m\u0131 Siyah Bikini tak\u0131m\u0131 alt ve \u00fcst olmak \u00fczere iki par\u00e7ad\u0131r.&hellip;<\/p>\n","protected":false},"featured_media":49627,"comment_status":"closed","ping_status":"open","template":"","meta":[],"product_brand":[2562],"product_cat":[2564,2569],"product_tag":[],"class_list":{"0":"post-49624","1":"product","2":"type-product","3":"status-publish","4":"has-post-thumbnail","6":"product_brand-starinci-mayo","7":"product_cat-plaj","8":"product_cat-ust-grup","9":"pa_color-siyah","10":"pa_size-s","12":"first","13":"instock","14":"shipping-taxable","15":"purchasable","16":"product-type-variable","17":"layout-style-2","18":"col-md-4 col-sm-4 col-xs-6","19":"col-lg-4","20":"product-has-gallery","21":"product-style-slider"},"yoast_head":"<!-- This site is optimized with the Yoast SEO plugin v25.8 - https:\/\/yoast.com\/wordpress\/plugins\/seo\/ -->\n<title>Siyah Ba\u011flamal\u0131 \u00dc\u00e7gen Bikini Tak\u0131m\u0131 - BURKINISTAR<\/title>\n<meta name=\"robots\" content=\"index, follow, max-snippet:-1, max-image-preview:large, max-video-preview:-1\" \/>\n<link rel=\"canonical\" href=\"https:\/\/burkinistar.com\/?product=siyah-baglamali-ucgen-bikini-takimi\" \/>\n<meta property=\"og:locale\" content=\"en_US\" \/>\n<meta property=\"og:type\" content=\"article\" \/>\n<meta property=\"og:title\" content=\"Siyah Ba\u011flamal\u0131 \u00dc\u00e7gen Bikini Tak\u0131m\u0131 - BURKINISTAR\" \/>\n<meta property=\"og:description\" content=\"Starinci \u00dc\u00e7gen \u0130pli Bikini Tak\u0131m\u0131 Siyah Bikini tak\u0131m\u0131 alt ve \u00fcst olmak \u00fczere iki par\u00e7ad\u0131r.&hellip;\" \/>\n<meta property=\"og:url\" content=\"https:\/\/burkinistar.com\/?product=siyah-baglamali-ucgen-bikini-takimi\" \/>\n<meta property=\"og:site_name\" content=\"BURKINISTAR\" \/>\n<meta property=\"article:modified_time\" content=\"2025-08-30T10:55:48+00:00\" \/>\n<meta property=\"og:image\" content=\"https:\/\/burkinistar.com\/wp-content\/uploads\/2025\/08\/ust-grupsiyah-baglamali-ucgen-bikini-t-21be0f.jpg\" \/>\n\t<meta property=\"og:image:width\" content=\"600\" \/>\n\t<meta property=\"og:image:height\" content=\"900\" \/>\n\t<meta property=\"og:image:type\" content=\"image\/jpeg\" \/>\n<meta name=\"twitter:card\" content=\"summary_large_image\" \/>\n<script type=\"application\/ld+json\" class=\"yoast-schema-graph\">{\"@context\":\"https:\/\/schema.org\",\"@graph\":[{\"@type\":\"WebPage\",\"@id\":\"https:\/\/burkinistar.com\/?product=siyah-baglamali-ucgen-bikini-takimi\",\"url\":\"https:\/\/burkinistar.com\/?product=siyah-baglamali-ucgen-bikini-takimi\",\"name\":\"Siyah Ba\u011flamal\u0131 \u00dc\u00e7gen Bikini Tak\u0131m\u0131 - BURKINISTAR\",\"isPartOf\":{\"@id\":\"https:\/\/burkinistar.com\/#website\"},\"primaryImageOfPage\":{\"@id\":\"https:\/\/burkinistar.com\/?product=siyah-baglamali-ucgen-bikini-takimi#primaryimage\"},\"image\":{\"@id\":\"https:\/\/burkinistar.com\/?product=siyah-baglamali-ucgen-bikini-takimi#primaryimage\"},\"thumbnailUrl\":\"https:\/\/burkinistar.com\/wp-content\/uploads\/2025\/08\/ust-grupsiyah-baglamali-ucgen-bikini-t-21be0f.jpg\",\"datePublished\":\"2025-08-30T10:55:11+00:00\",\"dateModified\":\"2025-08-30T10:55:48+00:00\",\"breadcrumb\":{\"@id\":\"https:\/\/burkinistar.com\/?product=siyah-baglamali-ucgen-bikini-takimi#breadcrumb\"},\"inLanguage\":\"en-US\",\"potentialAction\":[{\"@type\":\"ReadAction\",\"target\":[\"https:\/\/burkinistar.com\/?product=siyah-baglamali-ucgen-bikini-takimi\"]}]},{\"@type\":\"ImageObject\",\"inLanguage\":\"en-US\",\"@id\":\"https:\/\/burkinistar.com\/?product=siyah-baglamali-ucgen-bikini-takimi#primaryimage\",\"url\":\"https:\/\/burkinistar.com\/wp-content\/uploads\/2025\/08\/ust-grupsiyah-baglamali-ucgen-bikini-t-21be0f.jpg\",\"contentUrl\":\"https:\/\/burkinistar.com\/wp-content\/uploads\/2025\/08\/ust-grupsiyah-baglamali-ucgen-bikini-t-21be0f.jpg\",\"width\":600,\"height\":900},{\"@type\":\"BreadcrumbList\",\"@id\":\"https:\/\/burkinistar.com\/?product=siyah-baglamali-ucgen-bikini-takimi#breadcrumb\",\"itemListElement\":[{\"@type\":\"ListItem\",\"position\":1,\"name\":\"Homepage\",\"item\":\"https:\/\/burkinistar.com\/\"},{\"@type\":\"ListItem\",\"position\":2,\"name\":\"All Products\",\"item\":\"https:\/\/burkinistar.com\/?page_id=8\"},{\"@type\":\"ListItem\",\"position\":3,\"name\":\"Siyah Ba\u011flamal\u0131 \u00dc\u00e7gen Bikini Tak\u0131m\u0131\"}]},{\"@type\":\"WebSite\",\"@id\":\"https:\/\/burkinistar.com\/#website\",\"url\":\"https:\/\/burkinistar.com\/\",\"name\":\"BURKINISTAR\",\"description\":\"The Best Modest Swimwear and Bikini Store | Burkinistar\",\"potentialAction\":[{\"@type\":\"SearchAction\",\"target\":{\"@type\":\"EntryPoint\",\"urlTemplate\":\"https:\/\/burkinistar.com\/?s={search_term_string}\"},\"query-input\":{\"@type\":\"PropertyValueSpecification\",\"valueRequired\":true,\"valueName\":\"search_term_string\"}}],\"inLanguage\":\"en-US\"}]}<\/script>\n<!-- \/ Yoast SEO plugin. -->","yoast_head_json":{"title":"Siyah Ba\u011flamal\u0131 \u00dc\u00e7gen Bikini Tak\u0131m\u0131 - BURKINISTAR","robots":{"index":"index","follow":"follow","max-snippet":"max-snippet:-1","max-image-preview":"max-image-preview:large","max-video-preview":"max-video-preview:-1"},"canonical":"https:\/\/burkinistar.com\/?product=siyah-baglamali-ucgen-bikini-takimi","og_locale":"en_US","og_type":"article","og_title":"Siyah Ba\u011flamal\u0131 \u00dc\u00e7gen Bikini Tak\u0131m\u0131 - BURKINISTAR","og_description":"Starinci \u00dc\u00e7gen \u0130pli Bikini Tak\u0131m\u0131 Siyah Bikini tak\u0131m\u0131 alt ve \u00fcst olmak \u00fczere iki par\u00e7ad\u0131r.&hellip;","og_url":"https:\/\/burkinistar.com\/?product=siyah-baglamali-ucgen-bikini-takimi","og_site_name":"BURKINISTAR","article_modified_time":"2025-08-30T10:55:48+00:00","og_image":[{"width":600,"height":900,"url":"https:\/\/burkinistar.com\/wp-content\/uploads\/2025\/08\/ust-grupsiyah-baglamali-ucgen-bikini-t-21be0f.jpg","type":"image\/jpeg"}],"twitter_card":"summary_large_image","schema":{"@context":"https:\/\/schema.org","@graph":[{"@type":"WebPage","@id":"https:\/\/burkinistar.com\/?product=siyah-baglamali-ucgen-bikini-takimi","url":"https:\/\/burkinistar.com\/?product=siyah-baglamali-ucgen-bikini-takimi","name":"Siyah Ba\u011flamal\u0131 \u00dc\u00e7gen Bikini Tak\u0131m\u0131 - BURKINISTAR","isPartOf":{"@id":"https:\/\/burkinistar.com\/#website"},"primaryImageOfPage":{"@id":"https:\/\/burkinistar.com\/?product=siyah-baglamali-ucgen-bikini-takimi#primaryimage"},"image":{"@id":"https:\/\/burkinistar.com\/?product=siyah-baglamali-ucgen-bikini-takimi#primaryimage"},"thumbnailUrl":"https:\/\/burkinistar.com\/wp-content\/uploads\/2025\/08\/ust-grupsiyah-baglamali-ucgen-bikini-t-21be0f.jpg","datePublished":"2025-08-30T10:55:11+00:00","dateModified":"2025-08-30T10:55:48+00:00","breadcrumb":{"@id":"https:\/\/burkinistar.com\/?product=siyah-baglamali-ucgen-bikini-takimi#breadcrumb"},"inLanguage":"en-US","potentialAction":[{"@type":"ReadAction","target":["https:\/\/burkinistar.com\/?product=siyah-baglamali-ucgen-bikini-takimi"]}]},{"@type":"ImageObject","inLanguage":"en-US","@id":"https:\/\/burkinistar.com\/?product=siyah-baglamali-ucgen-bikini-takimi#primaryimage","url":"https:\/\/burkinistar.com\/wp-content\/uploads\/2025\/08\/ust-grupsiyah-baglamali-ucgen-bikini-t-21be0f.jpg","contentUrl":"https:\/\/burkinistar.com\/wp-content\/uploads\/2025\/08\/ust-grupsiyah-baglamali-ucgen-bikini-t-21be0f.jpg","width":600,"height":900},{"@type":"BreadcrumbList","@id":"https:\/\/burkinistar.com\/?product=siyah-baglamali-ucgen-bikini-takimi#breadcrumb","itemListElement":[{"@type":"ListItem","position":1,"name":"Homepage","item":"https:\/\/burkinistar.com\/"},{"@type":"ListItem","position":2,"name":"All Products","item":"https:\/\/burkinistar.com\/?page_id=8"},{"@type":"ListItem","position":3,"name":"Siyah Ba\u011flamal\u0131 \u00dc\u00e7gen Bikini Tak\u0131m\u0131"}]},{"@type":"WebSite","@id":"https:\/\/burkinistar.com\/#website","url":"https:\/\/burkinistar.com\/","name":"BURKINISTAR","description":"The Best Modest Swimwear and Bikini Store | Burkinistar","potentialAction":[{"@type":"SearchAction","target":{"@type":"EntryPoint","urlTemplate":"https:\/\/burkinistar.com\/?s={search_term_string}"},"query-input":{"@type":"PropertyValueSpecification","valueRequired":true,"valueName":"search_term_string"}}],"inLanguage":"en-US"}]}},"_links":{"self":[{"href":"https:\/\/burkinistar.com\/index.php?rest_route=\/wp\/v2\/product\/49624","targetHints":{"allow":["GET"]}}],"collection":[{"href":"https:\/\/burkinistar.com\/index.php?rest_route=\/wp\/v2\/product"}],"about":[{"href":"https:\/\/burkinistar.com\/index.php?rest_route=\/wp\/v2\/types\/product"}],"replies":[{"embeddable":true,"href":"https:\/\/burkinistar.com\/index.php?rest_route=%2Fwp%2Fv2%2Fcomments&post=49624"}],"version-history":[{"count":1,"href":"https:\/\/burkinistar.com\/index.php?rest_route=\/wp\/v2\/product\/49624\/revisions"}],"predecessor-version":[{"id":49625,"href":"https:\/\/burkinistar.com\/index.php?rest_route=\/wp\/v2\/product\/49624\/revisions\/49625"}],"wp:featuredmedia":[{"embeddable":true,"href":"https:\/\/burkinistar.com\/index.php?rest_route=\/wp\/v2\/media\/49627"}],"wp:attachment":[{"href":"https:\/\/burkinistar.com\/index.php?rest_route=%2Fwp%2Fv2%2Fmedia&parent=49624"}],"wp:term":[{"taxonomy":"product_brand","embeddable":true,"href":"https:\/\/burkinistar.com\/index.php?rest_route=%2Fwp%2Fv2%2Fproduct_brand&post=49624"},{"taxonomy":"product_cat","embeddable":true,"href":"https:\/\/burkinistar.com\/index.php?rest_route=%2Fwp%2Fv2%2Fproduct_cat&post=49624"},{"taxonomy":"product_tag","embeddable":true,"href":"https:\/\/burkinistar.com\/index.php?rest_route=%2Fwp%2Fv2%2Fproduct_tag&post=49624"}],"curies":[{"name":"wp","href":"https:\/\/api.w.org\/{rel}","templated":true}]}}