{"id":49652,"date":"2025-08-30T10:55:49","date_gmt":"2025-08-30T10:55:49","guid":{"rendered":"https:\/\/burkinistar.com\/?product=yarim-fermuarli-likrali-tam-kapali-tesettur-mayo"},"modified":"2025-08-30T10:55:56","modified_gmt":"2025-08-30T10:55:56","slug":"yarim-fermuarli-likrali-tam-kapali-tesettur-mayo","status":"publish","type":"product","link":"https:\/\/burkinistar.com\/?product=yarim-fermuarli-likrali-tam-kapali-tesettur-mayo","title":{"rendered":"Yar\u0131m Fermuarl\u0131 Likral\u0131 Tam Kapal\u0131 Tesett\u00fcr Mayo"},"content":{"rendered":"<h2>Starici Tam Kapal\u0131 Likra Yar\u0131m Fermuarl\u0131 Siyah Tesett\u00fcr Mayo<\/h2>\n<ul>\n<li>Tam kapal\u0131 mayo modeli pantolon, tunik, b\u00fcstiyer ve e\u015farp boneden olu\u015fmaktad\u0131r.<\/li>\n<li>H\u0131zl\u0131 kuruyan %80 polyester %20 likral\u0131 kuma\u015ftan \u00fcretilmi\u015ftir.<\/li>\n<li>G\u00f6\u011f\u00fcs s\u00fcngeri b\u00fcstiyere dikilidir.<\/li>\n<li>Aksesuarlar tak\u0131ma dahil de\u011fildir.<\/li>\n<li>Mankenin 38 beden giyinmi\u015ftir.<\/li>\n<li>Manken \u00f6l\u00e7\u00fcleri 80\/61\/93 t\u00fcr.<\/li>\n<\/ul>\n<p>&nbsp;<\/p>\n<p>&nbsp;<\/p>\n<p>&nbsp;<\/p>\n<p>&nbsp;<\/p>\n<p>&nbsp;<\/p>\n<p>&nbsp;<\/p>\n","protected":false},"excerpt":{"rendered":"<p>Starici Tam Kapal\u0131 Likra Yar\u0131m Fermuarl\u0131 Siyah Tesett\u00fcr Mayo Tam kapal\u0131 mayo modeli pantolon, tunik,&hellip;<\/p>\n","protected":false},"featured_media":49655,"comment_status":"closed","ping_status":"open","template":"","meta":[],"product_brand":[2562],"product_cat":[2575,2556],"product_tag":[],"class_list":{"0":"post-49652","1":"product","2":"type-product","3":"status-publish","4":"has-post-thumbnail","6":"product_brand-starinci-mayo","7":"product_cat-likrali-tesettur-mayo","8":"product_cat-tesettur-mayo","9":"pa_color-siyah","10":"pa_size-2582","11":"pa_size-2583","12":"pa_size-2584","14":"first","15":"instock","16":"shipping-taxable","17":"purchasable","18":"product-type-variable","19":"layout-style-2","20":"col-md-4 col-sm-4 col-xs-6","21":"col-lg-4","22":"product-has-gallery","23":"product-style-slider"},"yoast_head":"<!-- This site is optimized with the Yoast SEO plugin v25.8 - https:\/\/yoast.com\/wordpress\/plugins\/seo\/ -->\n<title>Yar\u0131m Fermuarl\u0131 Likral\u0131 Tam Kapal\u0131 Tesett\u00fcr Mayo - BURKINISTAR<\/title>\n<meta name=\"robots\" content=\"index, follow, max-snippet:-1, max-image-preview:large, max-video-preview:-1\" \/>\n<link rel=\"canonical\" href=\"https:\/\/burkinistar.com\/?product=yarim-fermuarli-likrali-tam-kapali-tesettur-mayo\" \/>\n<meta property=\"og:locale\" content=\"en_US\" \/>\n<meta property=\"og:type\" content=\"article\" \/>\n<meta property=\"og:title\" content=\"Yar\u0131m Fermuarl\u0131 Likral\u0131 Tam Kapal\u0131 Tesett\u00fcr Mayo - BURKINISTAR\" \/>\n<meta property=\"og:description\" content=\"Starici Tam Kapal\u0131 Likra Yar\u0131m Fermuarl\u0131 Siyah Tesett\u00fcr Mayo Tam kapal\u0131 mayo modeli pantolon, tunik,&hellip;\" \/>\n<meta property=\"og:url\" content=\"https:\/\/burkinistar.com\/?product=yarim-fermuarli-likrali-tam-kapali-tesettur-mayo\" \/>\n<meta property=\"og:site_name\" content=\"BURKINISTAR\" \/>\n<meta property=\"article:modified_time\" content=\"2025-08-30T10:55:56+00:00\" \/>\n<meta property=\"og:image\" content=\"https:\/\/burkinistar.com\/wp-content\/uploads\/2025\/08\/likrali-tesettur-mayoyarim-fermuarli-l-e-4580.jpg\" \/>\n\t<meta property=\"og:image:width\" content=\"600\" \/>\n\t<meta property=\"og:image:height\" content=\"900\" \/>\n\t<meta property=\"og:image:type\" content=\"image\/jpeg\" \/>\n<meta name=\"twitter:card\" content=\"summary_large_image\" \/>\n<script type=\"application\/ld+json\" class=\"yoast-schema-graph\">{\"@context\":\"https:\/\/schema.org\",\"@graph\":[{\"@type\":\"WebPage\",\"@id\":\"https:\/\/burkinistar.com\/?product=yarim-fermuarli-likrali-tam-kapali-tesettur-mayo\",\"url\":\"https:\/\/burkinistar.com\/?product=yarim-fermuarli-likrali-tam-kapali-tesettur-mayo\",\"name\":\"Yar\u0131m Fermuarl\u0131 Likral\u0131 Tam Kapal\u0131 Tesett\u00fcr Mayo - BURKINISTAR\",\"isPartOf\":{\"@id\":\"https:\/\/burkinistar.com\/#website\"},\"primaryImageOfPage\":{\"@id\":\"https:\/\/burkinistar.com\/?product=yarim-fermuarli-likrali-tam-kapali-tesettur-mayo#primaryimage\"},\"image\":{\"@id\":\"https:\/\/burkinistar.com\/?product=yarim-fermuarli-likrali-tam-kapali-tesettur-mayo#primaryimage\"},\"thumbnailUrl\":\"https:\/\/burkinistar.com\/wp-content\/uploads\/2025\/08\/likrali-tesettur-mayoyarim-fermuarli-l-e-4580.jpg\",\"datePublished\":\"2025-08-30T10:55:49+00:00\",\"dateModified\":\"2025-08-30T10:55:56+00:00\",\"breadcrumb\":{\"@id\":\"https:\/\/burkinistar.com\/?product=yarim-fermuarli-likrali-tam-kapali-tesettur-mayo#breadcrumb\"},\"inLanguage\":\"en-US\",\"potentialAction\":[{\"@type\":\"ReadAction\",\"target\":[\"https:\/\/burkinistar.com\/?product=yarim-fermuarli-likrali-tam-kapali-tesettur-mayo\"]}]},{\"@type\":\"ImageObject\",\"inLanguage\":\"en-US\",\"@id\":\"https:\/\/burkinistar.com\/?product=yarim-fermuarli-likrali-tam-kapali-tesettur-mayo#primaryimage\",\"url\":\"https:\/\/burkinistar.com\/wp-content\/uploads\/2025\/08\/likrali-tesettur-mayoyarim-fermuarli-l-e-4580.jpg\",\"contentUrl\":\"https:\/\/burkinistar.com\/wp-content\/uploads\/2025\/08\/likrali-tesettur-mayoyarim-fermuarli-l-e-4580.jpg\",\"width\":600,\"height\":900},{\"@type\":\"BreadcrumbList\",\"@id\":\"https:\/\/burkinistar.com\/?product=yarim-fermuarli-likrali-tam-kapali-tesettur-mayo#breadcrumb\",\"itemListElement\":[{\"@type\":\"ListItem\",\"position\":1,\"name\":\"Homepage\",\"item\":\"https:\/\/burkinistar.com\/\"},{\"@type\":\"ListItem\",\"position\":2,\"name\":\"All Products\",\"item\":\"https:\/\/burkinistar.com\/?page_id=8\"},{\"@type\":\"ListItem\",\"position\":3,\"name\":\"Yar\u0131m Fermuarl\u0131 Likral\u0131 Tam Kapal\u0131 Tesett\u00fcr Mayo\"}]},{\"@type\":\"WebSite\",\"@id\":\"https:\/\/burkinistar.com\/#website\",\"url\":\"https:\/\/burkinistar.com\/\",\"name\":\"BURKINISTAR\",\"description\":\"The Best Modest Swimwear and Bikini Store | Burkinistar\",\"potentialAction\":[{\"@type\":\"SearchAction\",\"target\":{\"@type\":\"EntryPoint\",\"urlTemplate\":\"https:\/\/burkinistar.com\/?s={search_term_string}\"},\"query-input\":{\"@type\":\"PropertyValueSpecification\",\"valueRequired\":true,\"valueName\":\"search_term_string\"}}],\"inLanguage\":\"en-US\"}]}<\/script>\n<!-- \/ Yoast SEO plugin. -->","yoast_head_json":{"title":"Yar\u0131m Fermuarl\u0131 Likral\u0131 Tam Kapal\u0131 Tesett\u00fcr Mayo - BURKINISTAR","robots":{"index":"index","follow":"follow","max-snippet":"max-snippet:-1","max-image-preview":"max-image-preview:large","max-video-preview":"max-video-preview:-1"},"canonical":"https:\/\/burkinistar.com\/?product=yarim-fermuarli-likrali-tam-kapali-tesettur-mayo","og_locale":"en_US","og_type":"article","og_title":"Yar\u0131m Fermuarl\u0131 Likral\u0131 Tam Kapal\u0131 Tesett\u00fcr Mayo - BURKINISTAR","og_description":"Starici Tam Kapal\u0131 Likra Yar\u0131m Fermuarl\u0131 Siyah Tesett\u00fcr Mayo Tam kapal\u0131 mayo modeli pantolon, tunik,&hellip;","og_url":"https:\/\/burkinistar.com\/?product=yarim-fermuarli-likrali-tam-kapali-tesettur-mayo","og_site_name":"BURKINISTAR","article_modified_time":"2025-08-30T10:55:56+00:00","og_image":[{"width":600,"height":900,"url":"https:\/\/burkinistar.com\/wp-content\/uploads\/2025\/08\/likrali-tesettur-mayoyarim-fermuarli-l-e-4580.jpg","type":"image\/jpeg"}],"twitter_card":"summary_large_image","schema":{"@context":"https:\/\/schema.org","@graph":[{"@type":"WebPage","@id":"https:\/\/burkinistar.com\/?product=yarim-fermuarli-likrali-tam-kapali-tesettur-mayo","url":"https:\/\/burkinistar.com\/?product=yarim-fermuarli-likrali-tam-kapali-tesettur-mayo","name":"Yar\u0131m Fermuarl\u0131 Likral\u0131 Tam Kapal\u0131 Tesett\u00fcr Mayo - BURKINISTAR","isPartOf":{"@id":"https:\/\/burkinistar.com\/#website"},"primaryImageOfPage":{"@id":"https:\/\/burkinistar.com\/?product=yarim-fermuarli-likrali-tam-kapali-tesettur-mayo#primaryimage"},"image":{"@id":"https:\/\/burkinistar.com\/?product=yarim-fermuarli-likrali-tam-kapali-tesettur-mayo#primaryimage"},"thumbnailUrl":"https:\/\/burkinistar.com\/wp-content\/uploads\/2025\/08\/likrali-tesettur-mayoyarim-fermuarli-l-e-4580.jpg","datePublished":"2025-08-30T10:55:49+00:00","dateModified":"2025-08-30T10:55:56+00:00","breadcrumb":{"@id":"https:\/\/burkinistar.com\/?product=yarim-fermuarli-likrali-tam-kapali-tesettur-mayo#breadcrumb"},"inLanguage":"en-US","potentialAction":[{"@type":"ReadAction","target":["https:\/\/burkinistar.com\/?product=yarim-fermuarli-likrali-tam-kapali-tesettur-mayo"]}]},{"@type":"ImageObject","inLanguage":"en-US","@id":"https:\/\/burkinistar.com\/?product=yarim-fermuarli-likrali-tam-kapali-tesettur-mayo#primaryimage","url":"https:\/\/burkinistar.com\/wp-content\/uploads\/2025\/08\/likrali-tesettur-mayoyarim-fermuarli-l-e-4580.jpg","contentUrl":"https:\/\/burkinistar.com\/wp-content\/uploads\/2025\/08\/likrali-tesettur-mayoyarim-fermuarli-l-e-4580.jpg","width":600,"height":900},{"@type":"BreadcrumbList","@id":"https:\/\/burkinistar.com\/?product=yarim-fermuarli-likrali-tam-kapali-tesettur-mayo#breadcrumb","itemListElement":[{"@type":"ListItem","position":1,"name":"Homepage","item":"https:\/\/burkinistar.com\/"},{"@type":"ListItem","position":2,"name":"All Products","item":"https:\/\/burkinistar.com\/?page_id=8"},{"@type":"ListItem","position":3,"name":"Yar\u0131m Fermuarl\u0131 Likral\u0131 Tam Kapal\u0131 Tesett\u00fcr Mayo"}]},{"@type":"WebSite","@id":"https:\/\/burkinistar.com\/#website","url":"https:\/\/burkinistar.com\/","name":"BURKINISTAR","description":"The Best Modest Swimwear and Bikini Store | Burkinistar","potentialAction":[{"@type":"SearchAction","target":{"@type":"EntryPoint","urlTemplate":"https:\/\/burkinistar.com\/?s={search_term_string}"},"query-input":{"@type":"PropertyValueSpecification","valueRequired":true,"valueName":"search_term_string"}}],"inLanguage":"en-US"}]}},"_links":{"self":[{"href":"https:\/\/burkinistar.com\/index.php?rest_route=\/wp\/v2\/product\/49652","targetHints":{"allow":["GET"]}}],"collection":[{"href":"https:\/\/burkinistar.com\/index.php?rest_route=\/wp\/v2\/product"}],"about":[{"href":"https:\/\/burkinistar.com\/index.php?rest_route=\/wp\/v2\/types\/product"}],"replies":[{"embeddable":true,"href":"https:\/\/burkinistar.com\/index.php?rest_route=%2Fwp%2Fv2%2Fcomments&post=49652"}],"version-history":[{"count":1,"href":"https:\/\/burkinistar.com\/index.php?rest_route=\/wp\/v2\/product\/49652\/revisions"}],"predecessor-version":[{"id":49653,"href":"https:\/\/burkinistar.com\/index.php?rest_route=\/wp\/v2\/product\/49652\/revisions\/49653"}],"wp:featuredmedia":[{"embeddable":true,"href":"https:\/\/burkinistar.com\/index.php?rest_route=\/wp\/v2\/media\/49655"}],"wp:attachment":[{"href":"https:\/\/burkinistar.com\/index.php?rest_route=%2Fwp%2Fv2%2Fmedia&parent=49652"}],"wp:term":[{"taxonomy":"product_brand","embeddable":true,"href":"https:\/\/burkinistar.com\/index.php?rest_route=%2Fwp%2Fv2%2Fproduct_brand&post=49652"},{"taxonomy":"product_cat","embeddable":true,"href":"https:\/\/burkinistar.com\/index.php?rest_route=%2Fwp%2Fv2%2Fproduct_cat&post=49652"},{"taxonomy":"product_tag","embeddable":true,"href":"https:\/\/burkinistar.com\/index.php?rest_route=%2Fwp%2Fv2%2Fproduct_tag&post=49652"}],"curies":[{"name":"wp","href":"https:\/\/api.w.org\/{rel}","templated":true}]}}