{"id":49673,"date":"2025-08-30T10:55:49","date_gmt":"2025-08-30T10:55:49","guid":{"rendered":"https:\/\/burkinistar.com\/?product=tam-kapali-likra-tesettur-mayo-pembe"},"modified":"2025-08-30T10:56:08","modified_gmt":"2025-08-30T10:56:08","slug":"tam-kapali-likra-tesettur-mayo-pembe","status":"publish","type":"product","link":"https:\/\/burkinistar.com\/?product=tam-kapali-likra-tesettur-mayo-pembe","title":{"rendered":"Tam Kapal\u0131 Likra Tesett\u00fcr Mayo Pembe"},"content":{"rendered":"<h2>Starinci Tam Kapal\u0131 Likral\u0131 Tesett\u00fcr Mayo Pembe<\/h2>\n<ul>\n<li>Tam kapal\u0131 mayo tak\u0131m\u0131 pantolon, elbise, \u00e7apraz bone ve b\u00fcstiyerden olu\u015fmaktad\u0131r.<\/li>\n<li>Tak\u0131m %80 polyester %20 likra kuma\u015ftan \u00fcretilmi\u015ftir.<\/li>\n<li>Mankenin giyindi\u011fi model 36 bedendir.<\/li>\n<li>Mankenin \u00f6l\u00e7\u00fcleri 80\/61\/93 dir.<\/li>\n<li>G\u00f6\u011f\u00fcs s\u00fcngeri vard\u0131r.<\/li>\n<\/ul>\n<p>&nbsp;<\/p>\n<p>&nbsp;<\/p>\n<p>&nbsp;<\/p>\n<p>&nbsp;<\/p>\n<p>&nbsp;<\/p>\n<p>&nbsp;<\/p>\n","protected":false},"excerpt":{"rendered":"<p>Starinci Tam Kapal\u0131 Likral\u0131 Tesett\u00fcr Mayo Pembe Tam kapal\u0131 mayo tak\u0131m\u0131 pantolon, elbise, \u00e7apraz bone&hellip;<\/p>\n","protected":false},"featured_media":49676,"comment_status":"closed","ping_status":"open","template":"","meta":[],"product_brand":[2562],"product_cat":[2575,2556],"product_tag":[],"class_list":{"0":"post-49673","1":"product","2":"type-product","3":"status-publish","4":"has-post-thumbnail","6":"product_brand-starinci-mayo","7":"product_cat-likrali-tesettur-mayo","8":"product_cat-tesettur-mayo","9":"pa_color-pembe","10":"pa_size-2581","12":"first","13":"instock","14":"shipping-taxable","15":"product-type-variable","16":"layout-style-2","17":"col-md-4 col-sm-4 col-xs-6","18":"col-lg-4","19":"product-has-gallery","20":"product-style-slider"},"yoast_head":"<!-- This site is optimized with the Yoast SEO plugin v25.8 - https:\/\/yoast.com\/wordpress\/plugins\/seo\/ -->\n<title>Tam Kapal\u0131 Likra Tesett\u00fcr Mayo Pembe - BURKINISTAR<\/title>\n<meta name=\"robots\" content=\"index, follow, max-snippet:-1, max-image-preview:large, max-video-preview:-1\" \/>\n<link rel=\"canonical\" href=\"https:\/\/burkinistar.com\/?product=tam-kapali-likra-tesettur-mayo-pembe\" \/>\n<meta property=\"og:locale\" content=\"en_US\" \/>\n<meta property=\"og:type\" content=\"article\" \/>\n<meta property=\"og:title\" content=\"Tam Kapal\u0131 Likra Tesett\u00fcr Mayo Pembe - BURKINISTAR\" \/>\n<meta property=\"og:description\" content=\"Starinci Tam Kapal\u0131 Likral\u0131 Tesett\u00fcr Mayo Pembe Tam kapal\u0131 mayo tak\u0131m\u0131 pantolon, elbise, \u00e7apraz bone&hellip;\" \/>\n<meta property=\"og:url\" content=\"https:\/\/burkinistar.com\/?product=tam-kapali-likra-tesettur-mayo-pembe\" \/>\n<meta property=\"og:site_name\" content=\"BURKINISTAR\" \/>\n<meta property=\"article:modified_time\" content=\"2025-08-30T10:56:08+00:00\" \/>\n<meta property=\"og:image\" content=\"https:\/\/burkinistar.com\/wp-content\/uploads\/2025\/08\/hasematam-kapali-likra-tesettur-mayo-p-27-b8d.jpg\" \/>\n\t<meta property=\"og:image:width\" content=\"600\" \/>\n\t<meta property=\"og:image:height\" content=\"900\" \/>\n\t<meta property=\"og:image:type\" content=\"image\/jpeg\" \/>\n<meta name=\"twitter:card\" content=\"summary_large_image\" \/>\n<script type=\"application\/ld+json\" class=\"yoast-schema-graph\">{\"@context\":\"https:\/\/schema.org\",\"@graph\":[{\"@type\":\"WebPage\",\"@id\":\"https:\/\/burkinistar.com\/?product=tam-kapali-likra-tesettur-mayo-pembe\",\"url\":\"https:\/\/burkinistar.com\/?product=tam-kapali-likra-tesettur-mayo-pembe\",\"name\":\"Tam Kapal\u0131 Likra Tesett\u00fcr Mayo Pembe - BURKINISTAR\",\"isPartOf\":{\"@id\":\"https:\/\/burkinistar.com\/#website\"},\"primaryImageOfPage\":{\"@id\":\"https:\/\/burkinistar.com\/?product=tam-kapali-likra-tesettur-mayo-pembe#primaryimage\"},\"image\":{\"@id\":\"https:\/\/burkinistar.com\/?product=tam-kapali-likra-tesettur-mayo-pembe#primaryimage\"},\"thumbnailUrl\":\"https:\/\/burkinistar.com\/wp-content\/uploads\/2025\/08\/hasematam-kapali-likra-tesettur-mayo-p-27-b8d.jpg\",\"datePublished\":\"2025-08-30T10:55:49+00:00\",\"dateModified\":\"2025-08-30T10:56:08+00:00\",\"breadcrumb\":{\"@id\":\"https:\/\/burkinistar.com\/?product=tam-kapali-likra-tesettur-mayo-pembe#breadcrumb\"},\"inLanguage\":\"en-US\",\"potentialAction\":[{\"@type\":\"ReadAction\",\"target\":[\"https:\/\/burkinistar.com\/?product=tam-kapali-likra-tesettur-mayo-pembe\"]}]},{\"@type\":\"ImageObject\",\"inLanguage\":\"en-US\",\"@id\":\"https:\/\/burkinistar.com\/?product=tam-kapali-likra-tesettur-mayo-pembe#primaryimage\",\"url\":\"https:\/\/burkinistar.com\/wp-content\/uploads\/2025\/08\/hasematam-kapali-likra-tesettur-mayo-p-27-b8d.jpg\",\"contentUrl\":\"https:\/\/burkinistar.com\/wp-content\/uploads\/2025\/08\/hasematam-kapali-likra-tesettur-mayo-p-27-b8d.jpg\",\"width\":600,\"height\":900},{\"@type\":\"BreadcrumbList\",\"@id\":\"https:\/\/burkinistar.com\/?product=tam-kapali-likra-tesettur-mayo-pembe#breadcrumb\",\"itemListElement\":[{\"@type\":\"ListItem\",\"position\":1,\"name\":\"Homepage\",\"item\":\"https:\/\/burkinistar.com\/\"},{\"@type\":\"ListItem\",\"position\":2,\"name\":\"All Products\",\"item\":\"https:\/\/burkinistar.com\/?page_id=8\"},{\"@type\":\"ListItem\",\"position\":3,\"name\":\"Tam Kapal\u0131 Likra Tesett\u00fcr Mayo Pembe\"}]},{\"@type\":\"WebSite\",\"@id\":\"https:\/\/burkinistar.com\/#website\",\"url\":\"https:\/\/burkinistar.com\/\",\"name\":\"BURKINISTAR\",\"description\":\"The Best Modest Swimwear and Bikini Store | Burkinistar\",\"potentialAction\":[{\"@type\":\"SearchAction\",\"target\":{\"@type\":\"EntryPoint\",\"urlTemplate\":\"https:\/\/burkinistar.com\/?s={search_term_string}\"},\"query-input\":{\"@type\":\"PropertyValueSpecification\",\"valueRequired\":true,\"valueName\":\"search_term_string\"}}],\"inLanguage\":\"en-US\"}]}<\/script>\n<!-- \/ Yoast SEO plugin. -->","yoast_head_json":{"title":"Tam Kapal\u0131 Likra Tesett\u00fcr Mayo Pembe - BURKINISTAR","robots":{"index":"index","follow":"follow","max-snippet":"max-snippet:-1","max-image-preview":"max-image-preview:large","max-video-preview":"max-video-preview:-1"},"canonical":"https:\/\/burkinistar.com\/?product=tam-kapali-likra-tesettur-mayo-pembe","og_locale":"en_US","og_type":"article","og_title":"Tam Kapal\u0131 Likra Tesett\u00fcr Mayo Pembe - BURKINISTAR","og_description":"Starinci Tam Kapal\u0131 Likral\u0131 Tesett\u00fcr Mayo Pembe Tam kapal\u0131 mayo tak\u0131m\u0131 pantolon, elbise, \u00e7apraz bone&hellip;","og_url":"https:\/\/burkinistar.com\/?product=tam-kapali-likra-tesettur-mayo-pembe","og_site_name":"BURKINISTAR","article_modified_time":"2025-08-30T10:56:08+00:00","og_image":[{"width":600,"height":900,"url":"https:\/\/burkinistar.com\/wp-content\/uploads\/2025\/08\/hasematam-kapali-likra-tesettur-mayo-p-27-b8d.jpg","type":"image\/jpeg"}],"twitter_card":"summary_large_image","schema":{"@context":"https:\/\/schema.org","@graph":[{"@type":"WebPage","@id":"https:\/\/burkinistar.com\/?product=tam-kapali-likra-tesettur-mayo-pembe","url":"https:\/\/burkinistar.com\/?product=tam-kapali-likra-tesettur-mayo-pembe","name":"Tam Kapal\u0131 Likra Tesett\u00fcr Mayo Pembe - BURKINISTAR","isPartOf":{"@id":"https:\/\/burkinistar.com\/#website"},"primaryImageOfPage":{"@id":"https:\/\/burkinistar.com\/?product=tam-kapali-likra-tesettur-mayo-pembe#primaryimage"},"image":{"@id":"https:\/\/burkinistar.com\/?product=tam-kapali-likra-tesettur-mayo-pembe#primaryimage"},"thumbnailUrl":"https:\/\/burkinistar.com\/wp-content\/uploads\/2025\/08\/hasematam-kapali-likra-tesettur-mayo-p-27-b8d.jpg","datePublished":"2025-08-30T10:55:49+00:00","dateModified":"2025-08-30T10:56:08+00:00","breadcrumb":{"@id":"https:\/\/burkinistar.com\/?product=tam-kapali-likra-tesettur-mayo-pembe#breadcrumb"},"inLanguage":"en-US","potentialAction":[{"@type":"ReadAction","target":["https:\/\/burkinistar.com\/?product=tam-kapali-likra-tesettur-mayo-pembe"]}]},{"@type":"ImageObject","inLanguage":"en-US","@id":"https:\/\/burkinistar.com\/?product=tam-kapali-likra-tesettur-mayo-pembe#primaryimage","url":"https:\/\/burkinistar.com\/wp-content\/uploads\/2025\/08\/hasematam-kapali-likra-tesettur-mayo-p-27-b8d.jpg","contentUrl":"https:\/\/burkinistar.com\/wp-content\/uploads\/2025\/08\/hasematam-kapali-likra-tesettur-mayo-p-27-b8d.jpg","width":600,"height":900},{"@type":"BreadcrumbList","@id":"https:\/\/burkinistar.com\/?product=tam-kapali-likra-tesettur-mayo-pembe#breadcrumb","itemListElement":[{"@type":"ListItem","position":1,"name":"Homepage","item":"https:\/\/burkinistar.com\/"},{"@type":"ListItem","position":2,"name":"All Products","item":"https:\/\/burkinistar.com\/?page_id=8"},{"@type":"ListItem","position":3,"name":"Tam Kapal\u0131 Likra Tesett\u00fcr Mayo Pembe"}]},{"@type":"WebSite","@id":"https:\/\/burkinistar.com\/#website","url":"https:\/\/burkinistar.com\/","name":"BURKINISTAR","description":"The Best Modest Swimwear and Bikini Store | Burkinistar","potentialAction":[{"@type":"SearchAction","target":{"@type":"EntryPoint","urlTemplate":"https:\/\/burkinistar.com\/?s={search_term_string}"},"query-input":{"@type":"PropertyValueSpecification","valueRequired":true,"valueName":"search_term_string"}}],"inLanguage":"en-US"}]}},"_links":{"self":[{"href":"https:\/\/burkinistar.com\/index.php?rest_route=\/wp\/v2\/product\/49673","targetHints":{"allow":["GET"]}}],"collection":[{"href":"https:\/\/burkinistar.com\/index.php?rest_route=\/wp\/v2\/product"}],"about":[{"href":"https:\/\/burkinistar.com\/index.php?rest_route=\/wp\/v2\/types\/product"}],"replies":[{"embeddable":true,"href":"https:\/\/burkinistar.com\/index.php?rest_route=%2Fwp%2Fv2%2Fcomments&post=49673"}],"version-history":[{"count":1,"href":"https:\/\/burkinistar.com\/index.php?rest_route=\/wp\/v2\/product\/49673\/revisions"}],"predecessor-version":[{"id":49674,"href":"https:\/\/burkinistar.com\/index.php?rest_route=\/wp\/v2\/product\/49673\/revisions\/49674"}],"wp:featuredmedia":[{"embeddable":true,"href":"https:\/\/burkinistar.com\/index.php?rest_route=\/wp\/v2\/media\/49676"}],"wp:attachment":[{"href":"https:\/\/burkinistar.com\/index.php?rest_route=%2Fwp%2Fv2%2Fmedia&parent=49673"}],"wp:term":[{"taxonomy":"product_brand","embeddable":true,"href":"https:\/\/burkinistar.com\/index.php?rest_route=%2Fwp%2Fv2%2Fproduct_brand&post=49673"},{"taxonomy":"product_cat","embeddable":true,"href":"https:\/\/burkinistar.com\/index.php?rest_route=%2Fwp%2Fv2%2Fproduct_cat&post=49673"},{"taxonomy":"product_tag","embeddable":true,"href":"https:\/\/burkinistar.com\/index.php?rest_route=%2Fwp%2Fv2%2Fproduct_tag&post=49673"}],"curies":[{"name":"wp","href":"https:\/\/api.w.org\/{rel}","templated":true}]}}