{"id":49791,"date":"2025-08-30T10:56:59","date_gmt":"2025-08-30T10:56:59","guid":{"rendered":"https:\/\/burkinistar.com\/?product=hizli-kuruyan-tam-kapali-tesettur-mayo-siyah-yesil-yaprakli"},"modified":"2025-08-30T10:57:27","modified_gmt":"2025-08-30T10:57:27","slug":"hizli-kuruyan-tam-kapali-tesettur-mayo-siyah-yesil-yaprakli","status":"publish","type":"product","link":"https:\/\/burkinistar.com\/?product=hizli-kuruyan-tam-kapali-tesettur-mayo-siyah-yesil-yaprakli","title":{"rendered":"H\u0131zl\u0131 Kuruyan Tam Kapal\u0131 Tesett\u00fcr Mayo Siyah Ye\u015fil Yaprakl\u0131"},"content":{"rendered":"<p>Starinci Tam Kapal\u0131 Dik Yaka Tesett\u00fcr Mayo Tam kapal\u0131 dokuma mayo pantolon, tunik, bone ve b\u00fcstiyerden olu\u015fmaktad\u0131r. Tuni\u011fin g\u00f6vde k\u0131sm\u0131 dokuma kuma\u015ftan \u00fcretilmi\u015ftir h\u0131zl\u0131 kuruma \u00f6zelli\u011fi vard\u0131r. Kollar, tayt, bone ve b\u00fcstiyer likral\u0131 kuma\u015ftan \u00fcretilmi\u015ftir. Manken 38 beden giyinmi\u015ftir. Manken \u00f6l\u00e7\u00fcleri 80\/61\/93 dir. Tuni\u011fin bel k\u0131sm\u0131nda ayarlamak i\u00e7in stoper lasti\u011fi vard\u0131r.<\/p>\n","protected":false},"excerpt":{"rendered":"<p>Starinci Tam Kapal\u0131 Dik Yaka Tesett\u00fcr Mayo Tam kapal\u0131 dokuma mayo pantolon, tunik, bone ve&hellip;<\/p>\n","protected":false},"featured_media":49794,"comment_status":"closed","ping_status":"open","template":"","meta":[],"product_brand":[2562],"product_cat":[2563,2556],"product_tag":[],"class_list":{"0":"post-49791","1":"product","2":"type-product","3":"status-publish","4":"has-post-thumbnail","6":"product_brand-starinci-mayo","7":"product_cat-tam-kapali-tesettur-mayo","8":"product_cat-tesettur-mayo","9":"pa_color-siyah","10":"pa_size-2581","11":"pa_size-2582","12":"pa_size-2584","13":"pa_size-2588","14":"pa_size-2589","15":"pa_size-2590","16":"pa_size-2617","17":"pa_size-2618","19":"first","20":"instock","21":"shipping-taxable","22":"purchasable","23":"product-type-variable","24":"layout-style-2","25":"col-md-4 col-sm-4 col-xs-6","26":"col-lg-4","27":"product-has-gallery","28":"product-style-slider"},"yoast_head":"<!-- This site is optimized with the Yoast SEO plugin v25.8 - https:\/\/yoast.com\/wordpress\/plugins\/seo\/ -->\n<title>H\u0131zl\u0131 Kuruyan Tam Kapal\u0131 Tesett\u00fcr Mayo Siyah Ye\u015fil Yaprakl\u0131 - BURKINISTAR<\/title>\n<meta name=\"robots\" content=\"index, follow, max-snippet:-1, max-image-preview:large, max-video-preview:-1\" \/>\n<link rel=\"canonical\" href=\"https:\/\/burkinistar.com\/?product=hizli-kuruyan-tam-kapali-tesettur-mayo-siyah-yesil-yaprakli\" \/>\n<meta property=\"og:locale\" content=\"en_US\" \/>\n<meta property=\"og:type\" content=\"article\" \/>\n<meta property=\"og:title\" content=\"H\u0131zl\u0131 Kuruyan Tam Kapal\u0131 Tesett\u00fcr Mayo Siyah Ye\u015fil Yaprakl\u0131 - BURKINISTAR\" \/>\n<meta property=\"og:description\" content=\"Starinci Tam Kapal\u0131 Dik Yaka Tesett\u00fcr Mayo Tam kapal\u0131 dokuma mayo pantolon, tunik, bone ve&hellip;\" \/>\n<meta property=\"og:url\" content=\"https:\/\/burkinistar.com\/?product=hizli-kuruyan-tam-kapali-tesettur-mayo-siyah-yesil-yaprakli\" \/>\n<meta property=\"og:site_name\" content=\"BURKINISTAR\" \/>\n<meta property=\"article:modified_time\" content=\"2025-08-30T10:57:27+00:00\" \/>\n<meta property=\"og:image\" content=\"https:\/\/burkinistar.com\/wp-content\/uploads\/2025\/08\/tam-kapali-tesettur-mayohizli-kuruyan-3-4d85.jpg\" \/>\n\t<meta property=\"og:image:width\" content=\"600\" \/>\n\t<meta property=\"og:image:height\" content=\"900\" \/>\n\t<meta property=\"og:image:type\" content=\"image\/jpeg\" \/>\n<meta name=\"twitter:card\" content=\"summary_large_image\" \/>\n<script type=\"application\/ld+json\" class=\"yoast-schema-graph\">{\"@context\":\"https:\/\/schema.org\",\"@graph\":[{\"@type\":\"WebPage\",\"@id\":\"https:\/\/burkinistar.com\/?product=hizli-kuruyan-tam-kapali-tesettur-mayo-siyah-yesil-yaprakli\",\"url\":\"https:\/\/burkinistar.com\/?product=hizli-kuruyan-tam-kapali-tesettur-mayo-siyah-yesil-yaprakli\",\"name\":\"H\u0131zl\u0131 Kuruyan Tam Kapal\u0131 Tesett\u00fcr Mayo Siyah Ye\u015fil Yaprakl\u0131 - BURKINISTAR\",\"isPartOf\":{\"@id\":\"https:\/\/burkinistar.com\/#website\"},\"primaryImageOfPage\":{\"@id\":\"https:\/\/burkinistar.com\/?product=hizli-kuruyan-tam-kapali-tesettur-mayo-siyah-yesil-yaprakli#primaryimage\"},\"image\":{\"@id\":\"https:\/\/burkinistar.com\/?product=hizli-kuruyan-tam-kapali-tesettur-mayo-siyah-yesil-yaprakli#primaryimage\"},\"thumbnailUrl\":\"https:\/\/burkinistar.com\/wp-content\/uploads\/2025\/08\/tam-kapali-tesettur-mayohizli-kuruyan-3-4d85.jpg\",\"datePublished\":\"2025-08-30T10:56:59+00:00\",\"dateModified\":\"2025-08-30T10:57:27+00:00\",\"breadcrumb\":{\"@id\":\"https:\/\/burkinistar.com\/?product=hizli-kuruyan-tam-kapali-tesettur-mayo-siyah-yesil-yaprakli#breadcrumb\"},\"inLanguage\":\"en-US\",\"potentialAction\":[{\"@type\":\"ReadAction\",\"target\":[\"https:\/\/burkinistar.com\/?product=hizli-kuruyan-tam-kapali-tesettur-mayo-siyah-yesil-yaprakli\"]}]},{\"@type\":\"ImageObject\",\"inLanguage\":\"en-US\",\"@id\":\"https:\/\/burkinistar.com\/?product=hizli-kuruyan-tam-kapali-tesettur-mayo-siyah-yesil-yaprakli#primaryimage\",\"url\":\"https:\/\/burkinistar.com\/wp-content\/uploads\/2025\/08\/tam-kapali-tesettur-mayohizli-kuruyan-3-4d85.jpg\",\"contentUrl\":\"https:\/\/burkinistar.com\/wp-content\/uploads\/2025\/08\/tam-kapali-tesettur-mayohizli-kuruyan-3-4d85.jpg\",\"width\":600,\"height\":900},{\"@type\":\"BreadcrumbList\",\"@id\":\"https:\/\/burkinistar.com\/?product=hizli-kuruyan-tam-kapali-tesettur-mayo-siyah-yesil-yaprakli#breadcrumb\",\"itemListElement\":[{\"@type\":\"ListItem\",\"position\":1,\"name\":\"Homepage\",\"item\":\"https:\/\/burkinistar.com\/\"},{\"@type\":\"ListItem\",\"position\":2,\"name\":\"All Products\",\"item\":\"https:\/\/burkinistar.com\/?page_id=8\"},{\"@type\":\"ListItem\",\"position\":3,\"name\":\"H\u0131zl\u0131 Kuruyan Tam Kapal\u0131 Tesett\u00fcr Mayo Siyah Ye\u015fil Yaprakl\u0131\"}]},{\"@type\":\"WebSite\",\"@id\":\"https:\/\/burkinistar.com\/#website\",\"url\":\"https:\/\/burkinistar.com\/\",\"name\":\"BURKINISTAR\",\"description\":\"The Best Modest Swimwear and Bikini Store | Burkinistar\",\"potentialAction\":[{\"@type\":\"SearchAction\",\"target\":{\"@type\":\"EntryPoint\",\"urlTemplate\":\"https:\/\/burkinistar.com\/?s={search_term_string}\"},\"query-input\":{\"@type\":\"PropertyValueSpecification\",\"valueRequired\":true,\"valueName\":\"search_term_string\"}}],\"inLanguage\":\"en-US\"}]}<\/script>\n<!-- \/ Yoast SEO plugin. -->","yoast_head_json":{"title":"H\u0131zl\u0131 Kuruyan Tam Kapal\u0131 Tesett\u00fcr Mayo Siyah Ye\u015fil Yaprakl\u0131 - BURKINISTAR","robots":{"index":"index","follow":"follow","max-snippet":"max-snippet:-1","max-image-preview":"max-image-preview:large","max-video-preview":"max-video-preview:-1"},"canonical":"https:\/\/burkinistar.com\/?product=hizli-kuruyan-tam-kapali-tesettur-mayo-siyah-yesil-yaprakli","og_locale":"en_US","og_type":"article","og_title":"H\u0131zl\u0131 Kuruyan Tam Kapal\u0131 Tesett\u00fcr Mayo Siyah Ye\u015fil Yaprakl\u0131 - BURKINISTAR","og_description":"Starinci Tam Kapal\u0131 Dik Yaka Tesett\u00fcr Mayo Tam kapal\u0131 dokuma mayo pantolon, tunik, bone ve&hellip;","og_url":"https:\/\/burkinistar.com\/?product=hizli-kuruyan-tam-kapali-tesettur-mayo-siyah-yesil-yaprakli","og_site_name":"BURKINISTAR","article_modified_time":"2025-08-30T10:57:27+00:00","og_image":[{"width":600,"height":900,"url":"https:\/\/burkinistar.com\/wp-content\/uploads\/2025\/08\/tam-kapali-tesettur-mayohizli-kuruyan-3-4d85.jpg","type":"image\/jpeg"}],"twitter_card":"summary_large_image","schema":{"@context":"https:\/\/schema.org","@graph":[{"@type":"WebPage","@id":"https:\/\/burkinistar.com\/?product=hizli-kuruyan-tam-kapali-tesettur-mayo-siyah-yesil-yaprakli","url":"https:\/\/burkinistar.com\/?product=hizli-kuruyan-tam-kapali-tesettur-mayo-siyah-yesil-yaprakli","name":"H\u0131zl\u0131 Kuruyan Tam Kapal\u0131 Tesett\u00fcr Mayo Siyah Ye\u015fil Yaprakl\u0131 - BURKINISTAR","isPartOf":{"@id":"https:\/\/burkinistar.com\/#website"},"primaryImageOfPage":{"@id":"https:\/\/burkinistar.com\/?product=hizli-kuruyan-tam-kapali-tesettur-mayo-siyah-yesil-yaprakli#primaryimage"},"image":{"@id":"https:\/\/burkinistar.com\/?product=hizli-kuruyan-tam-kapali-tesettur-mayo-siyah-yesil-yaprakli#primaryimage"},"thumbnailUrl":"https:\/\/burkinistar.com\/wp-content\/uploads\/2025\/08\/tam-kapali-tesettur-mayohizli-kuruyan-3-4d85.jpg","datePublished":"2025-08-30T10:56:59+00:00","dateModified":"2025-08-30T10:57:27+00:00","breadcrumb":{"@id":"https:\/\/burkinistar.com\/?product=hizli-kuruyan-tam-kapali-tesettur-mayo-siyah-yesil-yaprakli#breadcrumb"},"inLanguage":"en-US","potentialAction":[{"@type":"ReadAction","target":["https:\/\/burkinistar.com\/?product=hizli-kuruyan-tam-kapali-tesettur-mayo-siyah-yesil-yaprakli"]}]},{"@type":"ImageObject","inLanguage":"en-US","@id":"https:\/\/burkinistar.com\/?product=hizli-kuruyan-tam-kapali-tesettur-mayo-siyah-yesil-yaprakli#primaryimage","url":"https:\/\/burkinistar.com\/wp-content\/uploads\/2025\/08\/tam-kapali-tesettur-mayohizli-kuruyan-3-4d85.jpg","contentUrl":"https:\/\/burkinistar.com\/wp-content\/uploads\/2025\/08\/tam-kapali-tesettur-mayohizli-kuruyan-3-4d85.jpg","width":600,"height":900},{"@type":"BreadcrumbList","@id":"https:\/\/burkinistar.com\/?product=hizli-kuruyan-tam-kapali-tesettur-mayo-siyah-yesil-yaprakli#breadcrumb","itemListElement":[{"@type":"ListItem","position":1,"name":"Homepage","item":"https:\/\/burkinistar.com\/"},{"@type":"ListItem","position":2,"name":"All Products","item":"https:\/\/burkinistar.com\/?page_id=8"},{"@type":"ListItem","position":3,"name":"H\u0131zl\u0131 Kuruyan Tam Kapal\u0131 Tesett\u00fcr Mayo Siyah Ye\u015fil Yaprakl\u0131"}]},{"@type":"WebSite","@id":"https:\/\/burkinistar.com\/#website","url":"https:\/\/burkinistar.com\/","name":"BURKINISTAR","description":"The Best Modest Swimwear and Bikini Store | Burkinistar","potentialAction":[{"@type":"SearchAction","target":{"@type":"EntryPoint","urlTemplate":"https:\/\/burkinistar.com\/?s={search_term_string}"},"query-input":{"@type":"PropertyValueSpecification","valueRequired":true,"valueName":"search_term_string"}}],"inLanguage":"en-US"}]}},"_links":{"self":[{"href":"https:\/\/burkinistar.com\/index.php?rest_route=\/wp\/v2\/product\/49791","targetHints":{"allow":["GET"]}}],"collection":[{"href":"https:\/\/burkinistar.com\/index.php?rest_route=\/wp\/v2\/product"}],"about":[{"href":"https:\/\/burkinistar.com\/index.php?rest_route=\/wp\/v2\/types\/product"}],"replies":[{"embeddable":true,"href":"https:\/\/burkinistar.com\/index.php?rest_route=%2Fwp%2Fv2%2Fcomments&post=49791"}],"version-history":[{"count":1,"href":"https:\/\/burkinistar.com\/index.php?rest_route=\/wp\/v2\/product\/49791\/revisions"}],"predecessor-version":[{"id":49792,"href":"https:\/\/burkinistar.com\/index.php?rest_route=\/wp\/v2\/product\/49791\/revisions\/49792"}],"wp:featuredmedia":[{"embeddable":true,"href":"https:\/\/burkinistar.com\/index.php?rest_route=\/wp\/v2\/media\/49794"}],"wp:attachment":[{"href":"https:\/\/burkinistar.com\/index.php?rest_route=%2Fwp%2Fv2%2Fmedia&parent=49791"}],"wp:term":[{"taxonomy":"product_brand","embeddable":true,"href":"https:\/\/burkinistar.com\/index.php?rest_route=%2Fwp%2Fv2%2Fproduct_brand&post=49791"},{"taxonomy":"product_cat","embeddable":true,"href":"https:\/\/burkinistar.com\/index.php?rest_route=%2Fwp%2Fv2%2Fproduct_cat&post=49791"},{"taxonomy":"product_tag","embeddable":true,"href":"https:\/\/burkinistar.com\/index.php?rest_route=%2Fwp%2Fv2%2Fproduct_tag&post=49791"}],"curies":[{"name":"wp","href":"https:\/\/api.w.org\/{rel}","templated":true}]}}