{"id":50060,"date":"2025-08-30T10:58:41","date_gmt":"2025-08-30T10:58:41","guid":{"rendered":"https:\/\/burkinistar.com\/?product=kiz-cocuk-bikini-takimi-ince-askili-yesil-balik-desenli"},"modified":"2025-08-30T10:58:48","modified_gmt":"2025-08-30T10:58:48","slug":"kiz-cocuk-bikini-takimi-ince-askili-yesil-balik-desenli","status":"publish","type":"product","link":"https:\/\/burkinistar.com\/?product=kiz-cocuk-bikini-takimi-ince-askili-yesil-balik-desenli","title":{"rendered":"K\u0131z \u00c7ocuk Bikini Tak\u0131m\u0131 \u0130nce Ask\u0131l\u0131 Ye\u015fil Bal\u0131k Desenli"},"content":{"rendered":"<p>Starinci K\u0131z \u00c7ocuk Bikini Tak\u0131m\u0131 K\u0131z \u00e7ocuk bikini alt ve \u00fcst olmak \u00fczere iki par\u00e7ad\u0131r. Tak\u0131m\u0131n i\u00e7i komple astarl\u0131d\u0131r. H\u0131zl\u0131 kuruyan likral\u0131 kuma\u015ftan \u00fcretilmi\u015ftir. Ask\u0131lar\u0131 ayarlanabilir.<\/p>\n","protected":false},"excerpt":{"rendered":"<p>Starinci K\u0131z \u00c7ocuk Bikini Tak\u0131m\u0131 K\u0131z \u00e7ocuk bikini alt ve \u00fcst olmak \u00fczere iki par\u00e7ad\u0131r.&hellip;<\/p>\n","protected":false},"featured_media":50063,"comment_status":"closed","ping_status":"open","template":"","meta":[],"product_brand":[2559],"product_cat":[2572,2574],"product_tag":[],"class_list":{"0":"post-50060","1":"product","2":"type-product","3":"status-publish","4":"has-post-thumbnail","6":"product_brand-hmm","7":"product_cat-cocuk","8":"product_cat-cocuk-bikini","9":"pa_color-yesil","10":"pa_size-3-4yas","11":"pa_size-5-6yas","13":"first","14":"instock","15":"shipping-taxable","16":"purchasable","17":"product-type-variable","18":"layout-style-2","19":"col-md-4 col-sm-4 col-xs-6","20":"col-lg-4","21":"product-style-slider"},"yoast_head":"<!-- This site is optimized with the Yoast SEO plugin v25.8 - https:\/\/yoast.com\/wordpress\/plugins\/seo\/ -->\n<title>K\u0131z \u00c7ocuk Bikini Tak\u0131m\u0131 \u0130nce Ask\u0131l\u0131 Ye\u015fil Bal\u0131k Desenli - BURKINISTAR<\/title>\n<meta name=\"robots\" content=\"index, follow, max-snippet:-1, max-image-preview:large, max-video-preview:-1\" \/>\n<link rel=\"canonical\" href=\"https:\/\/burkinistar.com\/?product=kiz-cocuk-bikini-takimi-ince-askili-yesil-balik-desenli\" \/>\n<meta property=\"og:locale\" content=\"en_US\" \/>\n<meta property=\"og:type\" content=\"article\" \/>\n<meta property=\"og:title\" content=\"K\u0131z \u00c7ocuk Bikini Tak\u0131m\u0131 \u0130nce Ask\u0131l\u0131 Ye\u015fil Bal\u0131k Desenli - BURKINISTAR\" \/>\n<meta property=\"og:description\" content=\"Starinci K\u0131z \u00c7ocuk Bikini Tak\u0131m\u0131 K\u0131z \u00e7ocuk bikini alt ve \u00fcst olmak \u00fczere iki par\u00e7ad\u0131r.&hellip;\" \/>\n<meta property=\"og:url\" content=\"https:\/\/burkinistar.com\/?product=kiz-cocuk-bikini-takimi-ince-askili-yesil-balik-desenli\" \/>\n<meta property=\"og:site_name\" content=\"BURKINISTAR\" \/>\n<meta property=\"article:modified_time\" content=\"2025-08-30T10:58:48+00:00\" \/>\n<meta property=\"og:image\" content=\"https:\/\/burkinistar.com\/wp-content\/uploads\/2025\/08\/cocuk-bikinikiz-cocuk-bikini-takimi-in-edbb28.jpg\" \/>\n\t<meta property=\"og:image:width\" content=\"600\" \/>\n\t<meta property=\"og:image:height\" content=\"900\" \/>\n\t<meta property=\"og:image:type\" content=\"image\/jpeg\" \/>\n<meta name=\"twitter:card\" content=\"summary_large_image\" \/>\n<script type=\"application\/ld+json\" class=\"yoast-schema-graph\">{\"@context\":\"https:\/\/schema.org\",\"@graph\":[{\"@type\":\"WebPage\",\"@id\":\"https:\/\/burkinistar.com\/?product=kiz-cocuk-bikini-takimi-ince-askili-yesil-balik-desenli\",\"url\":\"https:\/\/burkinistar.com\/?product=kiz-cocuk-bikini-takimi-ince-askili-yesil-balik-desenli\",\"name\":\"K\u0131z \u00c7ocuk Bikini Tak\u0131m\u0131 \u0130nce Ask\u0131l\u0131 Ye\u015fil Bal\u0131k Desenli - BURKINISTAR\",\"isPartOf\":{\"@id\":\"https:\/\/burkinistar.com\/#website\"},\"primaryImageOfPage\":{\"@id\":\"https:\/\/burkinistar.com\/?product=kiz-cocuk-bikini-takimi-ince-askili-yesil-balik-desenli#primaryimage\"},\"image\":{\"@id\":\"https:\/\/burkinistar.com\/?product=kiz-cocuk-bikini-takimi-ince-askili-yesil-balik-desenli#primaryimage\"},\"thumbnailUrl\":\"https:\/\/burkinistar.com\/wp-content\/uploads\/2025\/08\/cocuk-bikinikiz-cocuk-bikini-takimi-in-edbb28.jpg\",\"datePublished\":\"2025-08-30T10:58:41+00:00\",\"dateModified\":\"2025-08-30T10:58:48+00:00\",\"breadcrumb\":{\"@id\":\"https:\/\/burkinistar.com\/?product=kiz-cocuk-bikini-takimi-ince-askili-yesil-balik-desenli#breadcrumb\"},\"inLanguage\":\"en-US\",\"potentialAction\":[{\"@type\":\"ReadAction\",\"target\":[\"https:\/\/burkinistar.com\/?product=kiz-cocuk-bikini-takimi-ince-askili-yesil-balik-desenli\"]}]},{\"@type\":\"ImageObject\",\"inLanguage\":\"en-US\",\"@id\":\"https:\/\/burkinistar.com\/?product=kiz-cocuk-bikini-takimi-ince-askili-yesil-balik-desenli#primaryimage\",\"url\":\"https:\/\/burkinistar.com\/wp-content\/uploads\/2025\/08\/cocuk-bikinikiz-cocuk-bikini-takimi-in-edbb28.jpg\",\"contentUrl\":\"https:\/\/burkinistar.com\/wp-content\/uploads\/2025\/08\/cocuk-bikinikiz-cocuk-bikini-takimi-in-edbb28.jpg\",\"width\":600,\"height\":900},{\"@type\":\"BreadcrumbList\",\"@id\":\"https:\/\/burkinistar.com\/?product=kiz-cocuk-bikini-takimi-ince-askili-yesil-balik-desenli#breadcrumb\",\"itemListElement\":[{\"@type\":\"ListItem\",\"position\":1,\"name\":\"Homepage\",\"item\":\"https:\/\/burkinistar.com\/\"},{\"@type\":\"ListItem\",\"position\":2,\"name\":\"All Products\",\"item\":\"https:\/\/burkinistar.com\/?page_id=8\"},{\"@type\":\"ListItem\",\"position\":3,\"name\":\"K\u0131z \u00c7ocuk Bikini Tak\u0131m\u0131 \u0130nce Ask\u0131l\u0131 Ye\u015fil Bal\u0131k Desenli\"}]},{\"@type\":\"WebSite\",\"@id\":\"https:\/\/burkinistar.com\/#website\",\"url\":\"https:\/\/burkinistar.com\/\",\"name\":\"BURKINISTAR\",\"description\":\"The Best Modest Swimwear and Bikini Store | Burkinistar\",\"potentialAction\":[{\"@type\":\"SearchAction\",\"target\":{\"@type\":\"EntryPoint\",\"urlTemplate\":\"https:\/\/burkinistar.com\/?s={search_term_string}\"},\"query-input\":{\"@type\":\"PropertyValueSpecification\",\"valueRequired\":true,\"valueName\":\"search_term_string\"}}],\"inLanguage\":\"en-US\"}]}<\/script>\n<!-- \/ Yoast SEO plugin. -->","yoast_head_json":{"title":"K\u0131z \u00c7ocuk Bikini Tak\u0131m\u0131 \u0130nce Ask\u0131l\u0131 Ye\u015fil Bal\u0131k Desenli - BURKINISTAR","robots":{"index":"index","follow":"follow","max-snippet":"max-snippet:-1","max-image-preview":"max-image-preview:large","max-video-preview":"max-video-preview:-1"},"canonical":"https:\/\/burkinistar.com\/?product=kiz-cocuk-bikini-takimi-ince-askili-yesil-balik-desenli","og_locale":"en_US","og_type":"article","og_title":"K\u0131z \u00c7ocuk Bikini Tak\u0131m\u0131 \u0130nce Ask\u0131l\u0131 Ye\u015fil Bal\u0131k Desenli - BURKINISTAR","og_description":"Starinci K\u0131z \u00c7ocuk Bikini Tak\u0131m\u0131 K\u0131z \u00e7ocuk bikini alt ve \u00fcst olmak \u00fczere iki par\u00e7ad\u0131r.&hellip;","og_url":"https:\/\/burkinistar.com\/?product=kiz-cocuk-bikini-takimi-ince-askili-yesil-balik-desenli","og_site_name":"BURKINISTAR","article_modified_time":"2025-08-30T10:58:48+00:00","og_image":[{"width":600,"height":900,"url":"https:\/\/burkinistar.com\/wp-content\/uploads\/2025\/08\/cocuk-bikinikiz-cocuk-bikini-takimi-in-edbb28.jpg","type":"image\/jpeg"}],"twitter_card":"summary_large_image","schema":{"@context":"https:\/\/schema.org","@graph":[{"@type":"WebPage","@id":"https:\/\/burkinistar.com\/?product=kiz-cocuk-bikini-takimi-ince-askili-yesil-balik-desenli","url":"https:\/\/burkinistar.com\/?product=kiz-cocuk-bikini-takimi-ince-askili-yesil-balik-desenli","name":"K\u0131z \u00c7ocuk Bikini Tak\u0131m\u0131 \u0130nce Ask\u0131l\u0131 Ye\u015fil Bal\u0131k Desenli - BURKINISTAR","isPartOf":{"@id":"https:\/\/burkinistar.com\/#website"},"primaryImageOfPage":{"@id":"https:\/\/burkinistar.com\/?product=kiz-cocuk-bikini-takimi-ince-askili-yesil-balik-desenli#primaryimage"},"image":{"@id":"https:\/\/burkinistar.com\/?product=kiz-cocuk-bikini-takimi-ince-askili-yesil-balik-desenli#primaryimage"},"thumbnailUrl":"https:\/\/burkinistar.com\/wp-content\/uploads\/2025\/08\/cocuk-bikinikiz-cocuk-bikini-takimi-in-edbb28.jpg","datePublished":"2025-08-30T10:58:41+00:00","dateModified":"2025-08-30T10:58:48+00:00","breadcrumb":{"@id":"https:\/\/burkinistar.com\/?product=kiz-cocuk-bikini-takimi-ince-askili-yesil-balik-desenli#breadcrumb"},"inLanguage":"en-US","potentialAction":[{"@type":"ReadAction","target":["https:\/\/burkinistar.com\/?product=kiz-cocuk-bikini-takimi-ince-askili-yesil-balik-desenli"]}]},{"@type":"ImageObject","inLanguage":"en-US","@id":"https:\/\/burkinistar.com\/?product=kiz-cocuk-bikini-takimi-ince-askili-yesil-balik-desenli#primaryimage","url":"https:\/\/burkinistar.com\/wp-content\/uploads\/2025\/08\/cocuk-bikinikiz-cocuk-bikini-takimi-in-edbb28.jpg","contentUrl":"https:\/\/burkinistar.com\/wp-content\/uploads\/2025\/08\/cocuk-bikinikiz-cocuk-bikini-takimi-in-edbb28.jpg","width":600,"height":900},{"@type":"BreadcrumbList","@id":"https:\/\/burkinistar.com\/?product=kiz-cocuk-bikini-takimi-ince-askili-yesil-balik-desenli#breadcrumb","itemListElement":[{"@type":"ListItem","position":1,"name":"Homepage","item":"https:\/\/burkinistar.com\/"},{"@type":"ListItem","position":2,"name":"All Products","item":"https:\/\/burkinistar.com\/?page_id=8"},{"@type":"ListItem","position":3,"name":"K\u0131z \u00c7ocuk Bikini Tak\u0131m\u0131 \u0130nce Ask\u0131l\u0131 Ye\u015fil Bal\u0131k Desenli"}]},{"@type":"WebSite","@id":"https:\/\/burkinistar.com\/#website","url":"https:\/\/burkinistar.com\/","name":"BURKINISTAR","description":"The Best Modest Swimwear and Bikini Store | Burkinistar","potentialAction":[{"@type":"SearchAction","target":{"@type":"EntryPoint","urlTemplate":"https:\/\/burkinistar.com\/?s={search_term_string}"},"query-input":{"@type":"PropertyValueSpecification","valueRequired":true,"valueName":"search_term_string"}}],"inLanguage":"en-US"}]}},"_links":{"self":[{"href":"https:\/\/burkinistar.com\/index.php?rest_route=\/wp\/v2\/product\/50060","targetHints":{"allow":["GET"]}}],"collection":[{"href":"https:\/\/burkinistar.com\/index.php?rest_route=\/wp\/v2\/product"}],"about":[{"href":"https:\/\/burkinistar.com\/index.php?rest_route=\/wp\/v2\/types\/product"}],"replies":[{"embeddable":true,"href":"https:\/\/burkinistar.com\/index.php?rest_route=%2Fwp%2Fv2%2Fcomments&post=50060"}],"version-history":[{"count":1,"href":"https:\/\/burkinistar.com\/index.php?rest_route=\/wp\/v2\/product\/50060\/revisions"}],"predecessor-version":[{"id":50061,"href":"https:\/\/burkinistar.com\/index.php?rest_route=\/wp\/v2\/product\/50060\/revisions\/50061"}],"wp:featuredmedia":[{"embeddable":true,"href":"https:\/\/burkinistar.com\/index.php?rest_route=\/wp\/v2\/media\/50063"}],"wp:attachment":[{"href":"https:\/\/burkinistar.com\/index.php?rest_route=%2Fwp%2Fv2%2Fmedia&parent=50060"}],"wp:term":[{"taxonomy":"product_brand","embeddable":true,"href":"https:\/\/burkinistar.com\/index.php?rest_route=%2Fwp%2Fv2%2Fproduct_brand&post=50060"},{"taxonomy":"product_cat","embeddable":true,"href":"https:\/\/burkinistar.com\/index.php?rest_route=%2Fwp%2Fv2%2Fproduct_cat&post=50060"},{"taxonomy":"product_tag","embeddable":true,"href":"https:\/\/burkinistar.com\/index.php?rest_route=%2Fwp%2Fv2%2Fproduct_tag&post=50060"}],"curies":[{"name":"wp","href":"https:\/\/api.w.org\/{rel}","templated":true}]}}