{"id":50237,"date":"2025-08-30T10:59:32","date_gmt":"2025-08-30T10:59:32","guid":{"rendered":"https:\/\/burkinistar.com\/?product=kolsuz-tesettur-mayo-likrali-lacivert-alt-detay"},"modified":"2025-08-30T10:59:47","modified_gmt":"2025-08-30T10:59:47","slug":"kolsuz-tesettur-mayo-likrali-lacivert-alt-detay","status":"publish","type":"product","link":"https:\/\/burkinistar.com\/?product=kolsuz-tesettur-mayo-likrali-lacivert-alt-detay","title":{"rendered":"Kolsuz Tesett\u00fcr Mayo Likral\u0131 Lacivert Alt Detay"},"content":{"rendered":"<h2>Starinci Yar\u0131 Kapal\u0131 S\u0131f\u0131r Kol Tesett\u00fcr Mayo Lacivert&nbsp; Alt Detay<\/h2>\n<p>S\u0131f\u0131r kol mayo tayt ve tunikten olu\u015fmaktad\u0131r. H\u0131zl\u0131 kuruyan likral\u0131 mayo kuma\u015f\u0131ndan \u00fcretilmi\u015ftir. G\u00f6\u011f\u00fcs s\u00fcngeri vard\u0131r. B\u00fcstiyeri \u00fcr\u00fcne dikilidir. Havuzda, termalde ve denizde giyinmeye uygundur.<\/p>\n<p>38 beden g\u00f6\u011f\u00fcs \u00f6l\u00e7\u00fcs\u00fc:88cm bel:82cm basen:92cm omuzdan boy:90cm<\/p>\n<p>40 beden g\u00f6\u011f\u00fcs \u00f6l\u00e7\u00fcs\u00fc: 92cm&nbsp; bel:86cm basen:96cm omuzdan boy:92cm<\/p>\n<p>42 beden g\u00f6\u011f\u00fcs \u00f6l\u00e7\u00fcs\u00fc:96cm bel:90cm basen:100cm omuzdan boy:94cm<\/p>\n<p>44 beden g\u00f6\u011f\u00fcs \u00f6l\u00e7\u00fcs\u00fc:100cm bel:94cm basen:104cm omuzdan boy:96cm<\/p>\n<p>46 beden g\u00f6\u011f\u00fcs \u00f6l\u00e7\u00fcs\u00fc:104cm bel:98cm basen:108cm omuzdan boy:96cm<\/p>\n<p>G\u00f6\u011f\u00fcs, bel ve basenin \u00f6l\u00e7\u00fclerinizi mezura ile \u00e7evresini \u00f6l\u00e7erek bulabilirsiniz.<\/p>\n","protected":false},"excerpt":{"rendered":"<p>Starinci Yar\u0131 Kapal\u0131 S\u0131f\u0131r Kol Tesett\u00fcr Mayo Lacivert&nbsp; Alt Detay S\u0131f\u0131r kol mayo tayt ve&hellip;<\/p>\n","protected":false},"featured_media":50240,"comment_status":"closed","ping_status":"open","template":"","meta":[],"product_brand":[2562],"product_cat":[2558,2556],"product_tag":[],"class_list":{"0":"post-50237","1":"product","2":"type-product","3":"status-publish","4":"has-post-thumbnail","6":"product_brand-starinci-mayo","7":"product_cat-kolsuz-tesettur-mayo","8":"product_cat-tesettur-mayo","9":"pa_color-lacivert","10":"pa_size-2581","11":"pa_size-2583","12":"pa_size-2584","14":"first","15":"instock","16":"shipping-taxable","17":"purchasable","18":"product-type-variable","19":"layout-style-2","20":"col-md-4 col-sm-4 col-xs-6","21":"col-lg-4","22":"product-has-gallery","23":"product-style-slider"},"yoast_head":"<!-- This site is optimized with the Yoast SEO plugin v25.8 - https:\/\/yoast.com\/wordpress\/plugins\/seo\/ -->\n<title>Kolsuz Tesett\u00fcr Mayo Likral\u0131 Lacivert Alt Detay - BURKINISTAR<\/title>\n<meta name=\"robots\" content=\"index, follow, max-snippet:-1, max-image-preview:large, max-video-preview:-1\" \/>\n<link rel=\"canonical\" href=\"https:\/\/burkinistar.com\/?product=kolsuz-tesettur-mayo-likrali-lacivert-alt-detay\" \/>\n<meta property=\"og:locale\" content=\"en_US\" \/>\n<meta property=\"og:type\" content=\"article\" \/>\n<meta property=\"og:title\" content=\"Kolsuz Tesett\u00fcr Mayo Likral\u0131 Lacivert Alt Detay - BURKINISTAR\" \/>\n<meta property=\"og:description\" content=\"Starinci Yar\u0131 Kapal\u0131 S\u0131f\u0131r Kol Tesett\u00fcr Mayo Lacivert&nbsp; Alt Detay S\u0131f\u0131r kol mayo tayt ve&hellip;\" \/>\n<meta property=\"og:url\" content=\"https:\/\/burkinistar.com\/?product=kolsuz-tesettur-mayo-likrali-lacivert-alt-detay\" \/>\n<meta property=\"og:site_name\" content=\"BURKINISTAR\" \/>\n<meta property=\"article:modified_time\" content=\"2025-08-30T10:59:47+00:00\" \/>\n<meta property=\"og:image\" content=\"https:\/\/burkinistar.com\/wp-content\/uploads\/2025\/08\/tam-kapali-tesettur-mayokolsuz-tesettu-4-6a57.jpg\" \/>\n\t<meta property=\"og:image:width\" content=\"600\" \/>\n\t<meta property=\"og:image:height\" content=\"900\" \/>\n\t<meta property=\"og:image:type\" content=\"image\/jpeg\" \/>\n<meta name=\"twitter:card\" content=\"summary_large_image\" \/>\n<meta name=\"twitter:label1\" content=\"Est. reading time\" \/>\n\t<meta name=\"twitter:data1\" content=\"1 minute\" \/>\n<script type=\"application\/ld+json\" class=\"yoast-schema-graph\">{\"@context\":\"https:\/\/schema.org\",\"@graph\":[{\"@type\":\"WebPage\",\"@id\":\"https:\/\/burkinistar.com\/?product=kolsuz-tesettur-mayo-likrali-lacivert-alt-detay\",\"url\":\"https:\/\/burkinistar.com\/?product=kolsuz-tesettur-mayo-likrali-lacivert-alt-detay\",\"name\":\"Kolsuz Tesett\u00fcr Mayo Likral\u0131 Lacivert Alt Detay - BURKINISTAR\",\"isPartOf\":{\"@id\":\"https:\/\/burkinistar.com\/#website\"},\"primaryImageOfPage\":{\"@id\":\"https:\/\/burkinistar.com\/?product=kolsuz-tesettur-mayo-likrali-lacivert-alt-detay#primaryimage\"},\"image\":{\"@id\":\"https:\/\/burkinistar.com\/?product=kolsuz-tesettur-mayo-likrali-lacivert-alt-detay#primaryimage\"},\"thumbnailUrl\":\"https:\/\/burkinistar.com\/wp-content\/uploads\/2025\/08\/tam-kapali-tesettur-mayokolsuz-tesettu-4-6a57.jpg\",\"datePublished\":\"2025-08-30T10:59:32+00:00\",\"dateModified\":\"2025-08-30T10:59:47+00:00\",\"breadcrumb\":{\"@id\":\"https:\/\/burkinistar.com\/?product=kolsuz-tesettur-mayo-likrali-lacivert-alt-detay#breadcrumb\"},\"inLanguage\":\"en-US\",\"potentialAction\":[{\"@type\":\"ReadAction\",\"target\":[\"https:\/\/burkinistar.com\/?product=kolsuz-tesettur-mayo-likrali-lacivert-alt-detay\"]}]},{\"@type\":\"ImageObject\",\"inLanguage\":\"en-US\",\"@id\":\"https:\/\/burkinistar.com\/?product=kolsuz-tesettur-mayo-likrali-lacivert-alt-detay#primaryimage\",\"url\":\"https:\/\/burkinistar.com\/wp-content\/uploads\/2025\/08\/tam-kapali-tesettur-mayokolsuz-tesettu-4-6a57.jpg\",\"contentUrl\":\"https:\/\/burkinistar.com\/wp-content\/uploads\/2025\/08\/tam-kapali-tesettur-mayokolsuz-tesettu-4-6a57.jpg\",\"width\":600,\"height\":900},{\"@type\":\"BreadcrumbList\",\"@id\":\"https:\/\/burkinistar.com\/?product=kolsuz-tesettur-mayo-likrali-lacivert-alt-detay#breadcrumb\",\"itemListElement\":[{\"@type\":\"ListItem\",\"position\":1,\"name\":\"Homepage\",\"item\":\"https:\/\/burkinistar.com\/\"},{\"@type\":\"ListItem\",\"position\":2,\"name\":\"All Products\",\"item\":\"https:\/\/burkinistar.com\/?page_id=8\"},{\"@type\":\"ListItem\",\"position\":3,\"name\":\"Kolsuz Tesett\u00fcr Mayo Likral\u0131 Lacivert Alt Detay\"}]},{\"@type\":\"WebSite\",\"@id\":\"https:\/\/burkinistar.com\/#website\",\"url\":\"https:\/\/burkinistar.com\/\",\"name\":\"BURKINISTAR\",\"description\":\"The Best Modest Swimwear and Bikini Store | Burkinistar\",\"potentialAction\":[{\"@type\":\"SearchAction\",\"target\":{\"@type\":\"EntryPoint\",\"urlTemplate\":\"https:\/\/burkinistar.com\/?s={search_term_string}\"},\"query-input\":{\"@type\":\"PropertyValueSpecification\",\"valueRequired\":true,\"valueName\":\"search_term_string\"}}],\"inLanguage\":\"en-US\"}]}<\/script>\n<!-- \/ Yoast SEO plugin. -->","yoast_head_json":{"title":"Kolsuz Tesett\u00fcr Mayo Likral\u0131 Lacivert Alt Detay - BURKINISTAR","robots":{"index":"index","follow":"follow","max-snippet":"max-snippet:-1","max-image-preview":"max-image-preview:large","max-video-preview":"max-video-preview:-1"},"canonical":"https:\/\/burkinistar.com\/?product=kolsuz-tesettur-mayo-likrali-lacivert-alt-detay","og_locale":"en_US","og_type":"article","og_title":"Kolsuz Tesett\u00fcr Mayo Likral\u0131 Lacivert Alt Detay - BURKINISTAR","og_description":"Starinci Yar\u0131 Kapal\u0131 S\u0131f\u0131r Kol Tesett\u00fcr Mayo Lacivert&nbsp; Alt Detay S\u0131f\u0131r kol mayo tayt ve&hellip;","og_url":"https:\/\/burkinistar.com\/?product=kolsuz-tesettur-mayo-likrali-lacivert-alt-detay","og_site_name":"BURKINISTAR","article_modified_time":"2025-08-30T10:59:47+00:00","og_image":[{"width":600,"height":900,"url":"https:\/\/burkinistar.com\/wp-content\/uploads\/2025\/08\/tam-kapali-tesettur-mayokolsuz-tesettu-4-6a57.jpg","type":"image\/jpeg"}],"twitter_card":"summary_large_image","twitter_misc":{"Est. reading time":"1 minute"},"schema":{"@context":"https:\/\/schema.org","@graph":[{"@type":"WebPage","@id":"https:\/\/burkinistar.com\/?product=kolsuz-tesettur-mayo-likrali-lacivert-alt-detay","url":"https:\/\/burkinistar.com\/?product=kolsuz-tesettur-mayo-likrali-lacivert-alt-detay","name":"Kolsuz Tesett\u00fcr Mayo Likral\u0131 Lacivert Alt Detay - BURKINISTAR","isPartOf":{"@id":"https:\/\/burkinistar.com\/#website"},"primaryImageOfPage":{"@id":"https:\/\/burkinistar.com\/?product=kolsuz-tesettur-mayo-likrali-lacivert-alt-detay#primaryimage"},"image":{"@id":"https:\/\/burkinistar.com\/?product=kolsuz-tesettur-mayo-likrali-lacivert-alt-detay#primaryimage"},"thumbnailUrl":"https:\/\/burkinistar.com\/wp-content\/uploads\/2025\/08\/tam-kapali-tesettur-mayokolsuz-tesettu-4-6a57.jpg","datePublished":"2025-08-30T10:59:32+00:00","dateModified":"2025-08-30T10:59:47+00:00","breadcrumb":{"@id":"https:\/\/burkinistar.com\/?product=kolsuz-tesettur-mayo-likrali-lacivert-alt-detay#breadcrumb"},"inLanguage":"en-US","potentialAction":[{"@type":"ReadAction","target":["https:\/\/burkinistar.com\/?product=kolsuz-tesettur-mayo-likrali-lacivert-alt-detay"]}]},{"@type":"ImageObject","inLanguage":"en-US","@id":"https:\/\/burkinistar.com\/?product=kolsuz-tesettur-mayo-likrali-lacivert-alt-detay#primaryimage","url":"https:\/\/burkinistar.com\/wp-content\/uploads\/2025\/08\/tam-kapali-tesettur-mayokolsuz-tesettu-4-6a57.jpg","contentUrl":"https:\/\/burkinistar.com\/wp-content\/uploads\/2025\/08\/tam-kapali-tesettur-mayokolsuz-tesettu-4-6a57.jpg","width":600,"height":900},{"@type":"BreadcrumbList","@id":"https:\/\/burkinistar.com\/?product=kolsuz-tesettur-mayo-likrali-lacivert-alt-detay#breadcrumb","itemListElement":[{"@type":"ListItem","position":1,"name":"Homepage","item":"https:\/\/burkinistar.com\/"},{"@type":"ListItem","position":2,"name":"All Products","item":"https:\/\/burkinistar.com\/?page_id=8"},{"@type":"ListItem","position":3,"name":"Kolsuz Tesett\u00fcr Mayo Likral\u0131 Lacivert Alt Detay"}]},{"@type":"WebSite","@id":"https:\/\/burkinistar.com\/#website","url":"https:\/\/burkinistar.com\/","name":"BURKINISTAR","description":"The Best Modest Swimwear and Bikini Store | Burkinistar","potentialAction":[{"@type":"SearchAction","target":{"@type":"EntryPoint","urlTemplate":"https:\/\/burkinistar.com\/?s={search_term_string}"},"query-input":{"@type":"PropertyValueSpecification","valueRequired":true,"valueName":"search_term_string"}}],"inLanguage":"en-US"}]}},"_links":{"self":[{"href":"https:\/\/burkinistar.com\/index.php?rest_route=\/wp\/v2\/product\/50237","targetHints":{"allow":["GET"]}}],"collection":[{"href":"https:\/\/burkinistar.com\/index.php?rest_route=\/wp\/v2\/product"}],"about":[{"href":"https:\/\/burkinistar.com\/index.php?rest_route=\/wp\/v2\/types\/product"}],"replies":[{"embeddable":true,"href":"https:\/\/burkinistar.com\/index.php?rest_route=%2Fwp%2Fv2%2Fcomments&post=50237"}],"version-history":[{"count":1,"href":"https:\/\/burkinistar.com\/index.php?rest_route=\/wp\/v2\/product\/50237\/revisions"}],"predecessor-version":[{"id":50238,"href":"https:\/\/burkinistar.com\/index.php?rest_route=\/wp\/v2\/product\/50237\/revisions\/50238"}],"wp:featuredmedia":[{"embeddable":true,"href":"https:\/\/burkinistar.com\/index.php?rest_route=\/wp\/v2\/media\/50240"}],"wp:attachment":[{"href":"https:\/\/burkinistar.com\/index.php?rest_route=%2Fwp%2Fv2%2Fmedia&parent=50237"}],"wp:term":[{"taxonomy":"product_brand","embeddable":true,"href":"https:\/\/burkinistar.com\/index.php?rest_route=%2Fwp%2Fv2%2Fproduct_brand&post=50237"},{"taxonomy":"product_cat","embeddable":true,"href":"https:\/\/burkinistar.com\/index.php?rest_route=%2Fwp%2Fv2%2Fproduct_cat&post=50237"},{"taxonomy":"product_tag","embeddable":true,"href":"https:\/\/burkinistar.com\/index.php?rest_route=%2Fwp%2Fv2%2Fproduct_tag&post=50237"}],"curies":[{"name":"wp","href":"https:\/\/api.w.org\/{rel}","templated":true}]}}