{"id":50277,"date":"2025-08-30T10:59:57","date_gmt":"2025-08-30T10:59:57","guid":{"rendered":"https:\/\/burkinistar.com\/?product=likrali-yarim-kapali-mayo-siyah-dijital-cicek"},"modified":"2025-08-30T11:00:09","modified_gmt":"2025-08-30T11:00:09","slug":"likrali-yarim-kapali-mayo-siyah-dijital-cicek","status":"publish","type":"product","link":"https:\/\/burkinistar.com\/?product=likrali-yarim-kapali-mayo-siyah-dijital-cicek","title":{"rendered":"Likral\u0131 Yar\u0131m Kapal\u0131 Mayo Siyah Dijital \u00c7i\u00e7ek"},"content":{"rendered":"<h2>Starinci Yar\u0131m Kapal\u0131 Tesett\u00fcr Mayo Siyah<\/h2>\n<p>Yar\u0131 kapal\u0131 mayo k\u0131sa tayt, tunik ve boneden olu\u015fmaktad\u0131r.<\/p>\n<p>H\u0131zl\u0131 kuruyan likral\u0131 mayo kuma\u015f\u0131ndan \u00fcretilmi\u015ftir. Polyester kar\u0131\u015f\u0131m\u0131 oldu\u011fundan h\u0131zl\u0131 kurur.<\/p>\n<p>G\u00f6\u011f\u00fcs s\u00fcngeri vard\u0131r. B\u00fcstiyer tuni\u011fe dikilidir. Havuzda, denizde ve termalde giyinmeye uygundur.<\/p>\n<p>38 beden \u00f6l\u00e7\u00fcleri g\u00f6\u011f\u00fcs:88cm bel:82cm basen:92cm omuzdan boyu:90cm<\/p>\n<p>40&nbsp;beden \u00f6l\u00e7\u00fcleri g\u00f6\u011f\u00fcs:92cm bel:86cm basen:96cm omuzdan boyu:92cm<\/p>\n<p>42&nbsp;beden \u00f6l\u00e7\u00fcleri g\u00f6\u011f\u00fcs:96cm bel:90cm basen:100cm omuzdan boyu:94cm<\/p>\n<p>44&nbsp;beden \u00f6l\u00e7\u00fcleri g\u00f6\u011f\u00fcs:100cm bel:94cm basen:104cm omuzdan boyu:96cm<\/p>\n<p>46&nbsp;beden \u00f6l\u00e7\u00fcleri g\u00f6\u011f\u00fcs:104cm bel:98cm basen:108cm omuzdan boyu:96cm<\/p>\n","protected":false},"excerpt":{"rendered":"<p>Starinci Yar\u0131m Kapal\u0131 Tesett\u00fcr Mayo Siyah Yar\u0131 kapal\u0131 mayo k\u0131sa tayt, tunik ve boneden olu\u015fmaktad\u0131r.&hellip;<\/p>\n","protected":false},"featured_media":50280,"comment_status":"closed","ping_status":"open","template":"","meta":[],"product_brand":[2562],"product_cat":[2556,2557],"product_tag":[],"class_list":{"0":"post-50277","1":"product","2":"type-product","3":"status-publish","4":"has-post-thumbnail","6":"product_brand-starinci-mayo","7":"product_cat-tesettur-mayo","8":"product_cat-yari-kapali-tesettur-mayo","9":"pa_color-siyah","10":"pa_size-2581","11":"pa_size-2582","13":"first","14":"instock","15":"shipping-taxable","16":"purchasable","17":"product-type-variable","18":"layout-style-2","19":"col-md-4 col-sm-4 col-xs-6","20":"col-lg-4","21":"product-has-gallery","22":"product-style-slider"},"yoast_head":"<!-- This site is optimized with the Yoast SEO plugin v25.8 - https:\/\/yoast.com\/wordpress\/plugins\/seo\/ -->\n<title>Likral\u0131 Yar\u0131m Kapal\u0131 Mayo Siyah Dijital \u00c7i\u00e7ek - BURKINISTAR<\/title>\n<meta name=\"robots\" content=\"index, follow, max-snippet:-1, max-image-preview:large, max-video-preview:-1\" \/>\n<link rel=\"canonical\" href=\"https:\/\/burkinistar.com\/?product=likrali-yarim-kapali-mayo-siyah-dijital-cicek\" \/>\n<meta property=\"og:locale\" content=\"en_US\" \/>\n<meta property=\"og:type\" content=\"article\" \/>\n<meta property=\"og:title\" content=\"Likral\u0131 Yar\u0131m Kapal\u0131 Mayo Siyah Dijital \u00c7i\u00e7ek - BURKINISTAR\" \/>\n<meta property=\"og:description\" content=\"Starinci Yar\u0131m Kapal\u0131 Tesett\u00fcr Mayo Siyah Yar\u0131 kapal\u0131 mayo k\u0131sa tayt, tunik ve boneden olu\u015fmaktad\u0131r.&hellip;\" \/>\n<meta property=\"og:url\" content=\"https:\/\/burkinistar.com\/?product=likrali-yarim-kapali-mayo-siyah-dijital-cicek\" \/>\n<meta property=\"og:site_name\" content=\"BURKINISTAR\" \/>\n<meta property=\"article:modified_time\" content=\"2025-08-30T11:00:09+00:00\" \/>\n<meta property=\"og:image\" content=\"https:\/\/burkinistar.com\/wp-content\/uploads\/2025\/08\/yari-kapali-tesettur-mayolikrali-yarim-7675fe.jpg\" \/>\n\t<meta property=\"og:image:width\" content=\"600\" \/>\n\t<meta property=\"og:image:height\" content=\"900\" \/>\n\t<meta property=\"og:image:type\" content=\"image\/jpeg\" \/>\n<meta name=\"twitter:card\" content=\"summary_large_image\" \/>\n<meta name=\"twitter:label1\" content=\"Est. reading time\" \/>\n\t<meta name=\"twitter:data1\" content=\"1 minute\" \/>\n<script type=\"application\/ld+json\" class=\"yoast-schema-graph\">{\"@context\":\"https:\/\/schema.org\",\"@graph\":[{\"@type\":\"WebPage\",\"@id\":\"https:\/\/burkinistar.com\/?product=likrali-yarim-kapali-mayo-siyah-dijital-cicek\",\"url\":\"https:\/\/burkinistar.com\/?product=likrali-yarim-kapali-mayo-siyah-dijital-cicek\",\"name\":\"Likral\u0131 Yar\u0131m Kapal\u0131 Mayo Siyah Dijital \u00c7i\u00e7ek - BURKINISTAR\",\"isPartOf\":{\"@id\":\"https:\/\/burkinistar.com\/#website\"},\"primaryImageOfPage\":{\"@id\":\"https:\/\/burkinistar.com\/?product=likrali-yarim-kapali-mayo-siyah-dijital-cicek#primaryimage\"},\"image\":{\"@id\":\"https:\/\/burkinistar.com\/?product=likrali-yarim-kapali-mayo-siyah-dijital-cicek#primaryimage\"},\"thumbnailUrl\":\"https:\/\/burkinistar.com\/wp-content\/uploads\/2025\/08\/yari-kapali-tesettur-mayolikrali-yarim-7675fe.jpg\",\"datePublished\":\"2025-08-30T10:59:57+00:00\",\"dateModified\":\"2025-08-30T11:00:09+00:00\",\"breadcrumb\":{\"@id\":\"https:\/\/burkinistar.com\/?product=likrali-yarim-kapali-mayo-siyah-dijital-cicek#breadcrumb\"},\"inLanguage\":\"en-US\",\"potentialAction\":[{\"@type\":\"ReadAction\",\"target\":[\"https:\/\/burkinistar.com\/?product=likrali-yarim-kapali-mayo-siyah-dijital-cicek\"]}]},{\"@type\":\"ImageObject\",\"inLanguage\":\"en-US\",\"@id\":\"https:\/\/burkinistar.com\/?product=likrali-yarim-kapali-mayo-siyah-dijital-cicek#primaryimage\",\"url\":\"https:\/\/burkinistar.com\/wp-content\/uploads\/2025\/08\/yari-kapali-tesettur-mayolikrali-yarim-7675fe.jpg\",\"contentUrl\":\"https:\/\/burkinistar.com\/wp-content\/uploads\/2025\/08\/yari-kapali-tesettur-mayolikrali-yarim-7675fe.jpg\",\"width\":600,\"height\":900},{\"@type\":\"BreadcrumbList\",\"@id\":\"https:\/\/burkinistar.com\/?product=likrali-yarim-kapali-mayo-siyah-dijital-cicek#breadcrumb\",\"itemListElement\":[{\"@type\":\"ListItem\",\"position\":1,\"name\":\"Homepage\",\"item\":\"https:\/\/burkinistar.com\/\"},{\"@type\":\"ListItem\",\"position\":2,\"name\":\"All Products\",\"item\":\"https:\/\/burkinistar.com\/?page_id=8\"},{\"@type\":\"ListItem\",\"position\":3,\"name\":\"Likral\u0131 Yar\u0131m Kapal\u0131 Mayo Siyah Dijital \u00c7i\u00e7ek\"}]},{\"@type\":\"WebSite\",\"@id\":\"https:\/\/burkinistar.com\/#website\",\"url\":\"https:\/\/burkinistar.com\/\",\"name\":\"BURKINISTAR\",\"description\":\"The Best Modest Swimwear and Bikini Store | Burkinistar\",\"potentialAction\":[{\"@type\":\"SearchAction\",\"target\":{\"@type\":\"EntryPoint\",\"urlTemplate\":\"https:\/\/burkinistar.com\/?s={search_term_string}\"},\"query-input\":{\"@type\":\"PropertyValueSpecification\",\"valueRequired\":true,\"valueName\":\"search_term_string\"}}],\"inLanguage\":\"en-US\"}]}<\/script>\n<!-- \/ Yoast SEO plugin. -->","yoast_head_json":{"title":"Likral\u0131 Yar\u0131m Kapal\u0131 Mayo Siyah Dijital \u00c7i\u00e7ek - BURKINISTAR","robots":{"index":"index","follow":"follow","max-snippet":"max-snippet:-1","max-image-preview":"max-image-preview:large","max-video-preview":"max-video-preview:-1"},"canonical":"https:\/\/burkinistar.com\/?product=likrali-yarim-kapali-mayo-siyah-dijital-cicek","og_locale":"en_US","og_type":"article","og_title":"Likral\u0131 Yar\u0131m Kapal\u0131 Mayo Siyah Dijital \u00c7i\u00e7ek - BURKINISTAR","og_description":"Starinci Yar\u0131m Kapal\u0131 Tesett\u00fcr Mayo Siyah Yar\u0131 kapal\u0131 mayo k\u0131sa tayt, tunik ve boneden olu\u015fmaktad\u0131r.&hellip;","og_url":"https:\/\/burkinistar.com\/?product=likrali-yarim-kapali-mayo-siyah-dijital-cicek","og_site_name":"BURKINISTAR","article_modified_time":"2025-08-30T11:00:09+00:00","og_image":[{"width":600,"height":900,"url":"https:\/\/burkinistar.com\/wp-content\/uploads\/2025\/08\/yari-kapali-tesettur-mayolikrali-yarim-7675fe.jpg","type":"image\/jpeg"}],"twitter_card":"summary_large_image","twitter_misc":{"Est. reading time":"1 minute"},"schema":{"@context":"https:\/\/schema.org","@graph":[{"@type":"WebPage","@id":"https:\/\/burkinistar.com\/?product=likrali-yarim-kapali-mayo-siyah-dijital-cicek","url":"https:\/\/burkinistar.com\/?product=likrali-yarim-kapali-mayo-siyah-dijital-cicek","name":"Likral\u0131 Yar\u0131m Kapal\u0131 Mayo Siyah Dijital \u00c7i\u00e7ek - BURKINISTAR","isPartOf":{"@id":"https:\/\/burkinistar.com\/#website"},"primaryImageOfPage":{"@id":"https:\/\/burkinistar.com\/?product=likrali-yarim-kapali-mayo-siyah-dijital-cicek#primaryimage"},"image":{"@id":"https:\/\/burkinistar.com\/?product=likrali-yarim-kapali-mayo-siyah-dijital-cicek#primaryimage"},"thumbnailUrl":"https:\/\/burkinistar.com\/wp-content\/uploads\/2025\/08\/yari-kapali-tesettur-mayolikrali-yarim-7675fe.jpg","datePublished":"2025-08-30T10:59:57+00:00","dateModified":"2025-08-30T11:00:09+00:00","breadcrumb":{"@id":"https:\/\/burkinistar.com\/?product=likrali-yarim-kapali-mayo-siyah-dijital-cicek#breadcrumb"},"inLanguage":"en-US","potentialAction":[{"@type":"ReadAction","target":["https:\/\/burkinistar.com\/?product=likrali-yarim-kapali-mayo-siyah-dijital-cicek"]}]},{"@type":"ImageObject","inLanguage":"en-US","@id":"https:\/\/burkinistar.com\/?product=likrali-yarim-kapali-mayo-siyah-dijital-cicek#primaryimage","url":"https:\/\/burkinistar.com\/wp-content\/uploads\/2025\/08\/yari-kapali-tesettur-mayolikrali-yarim-7675fe.jpg","contentUrl":"https:\/\/burkinistar.com\/wp-content\/uploads\/2025\/08\/yari-kapali-tesettur-mayolikrali-yarim-7675fe.jpg","width":600,"height":900},{"@type":"BreadcrumbList","@id":"https:\/\/burkinistar.com\/?product=likrali-yarim-kapali-mayo-siyah-dijital-cicek#breadcrumb","itemListElement":[{"@type":"ListItem","position":1,"name":"Homepage","item":"https:\/\/burkinistar.com\/"},{"@type":"ListItem","position":2,"name":"All Products","item":"https:\/\/burkinistar.com\/?page_id=8"},{"@type":"ListItem","position":3,"name":"Likral\u0131 Yar\u0131m Kapal\u0131 Mayo Siyah Dijital \u00c7i\u00e7ek"}]},{"@type":"WebSite","@id":"https:\/\/burkinistar.com\/#website","url":"https:\/\/burkinistar.com\/","name":"BURKINISTAR","description":"The Best Modest Swimwear and Bikini Store | Burkinistar","potentialAction":[{"@type":"SearchAction","target":{"@type":"EntryPoint","urlTemplate":"https:\/\/burkinistar.com\/?s={search_term_string}"},"query-input":{"@type":"PropertyValueSpecification","valueRequired":true,"valueName":"search_term_string"}}],"inLanguage":"en-US"}]}},"_links":{"self":[{"href":"https:\/\/burkinistar.com\/index.php?rest_route=\/wp\/v2\/product\/50277","targetHints":{"allow":["GET"]}}],"collection":[{"href":"https:\/\/burkinistar.com\/index.php?rest_route=\/wp\/v2\/product"}],"about":[{"href":"https:\/\/burkinistar.com\/index.php?rest_route=\/wp\/v2\/types\/product"}],"replies":[{"embeddable":true,"href":"https:\/\/burkinistar.com\/index.php?rest_route=%2Fwp%2Fv2%2Fcomments&post=50277"}],"version-history":[{"count":1,"href":"https:\/\/burkinistar.com\/index.php?rest_route=\/wp\/v2\/product\/50277\/revisions"}],"predecessor-version":[{"id":50278,"href":"https:\/\/burkinistar.com\/index.php?rest_route=\/wp\/v2\/product\/50277\/revisions\/50278"}],"wp:featuredmedia":[{"embeddable":true,"href":"https:\/\/burkinistar.com\/index.php?rest_route=\/wp\/v2\/media\/50280"}],"wp:attachment":[{"href":"https:\/\/burkinistar.com\/index.php?rest_route=%2Fwp%2Fv2%2Fmedia&parent=50277"}],"wp:term":[{"taxonomy":"product_brand","embeddable":true,"href":"https:\/\/burkinistar.com\/index.php?rest_route=%2Fwp%2Fv2%2Fproduct_brand&post=50277"},{"taxonomy":"product_cat","embeddable":true,"href":"https:\/\/burkinistar.com\/index.php?rest_route=%2Fwp%2Fv2%2Fproduct_cat&post=50277"},{"taxonomy":"product_tag","embeddable":true,"href":"https:\/\/burkinistar.com\/index.php?rest_route=%2Fwp%2Fv2%2Fproduct_tag&post=50277"}],"curies":[{"name":"wp","href":"https:\/\/api.w.org\/{rel}","templated":true}]}}