{"id":50415,"date":"2025-08-30T11:00:45","date_gmt":"2025-08-30T11:00:45","guid":{"rendered":"https:\/\/burkinistar.com\/?product=likrali-tam-kapali-mayo-lacivert-yan-detay"},"modified":"2025-08-30T11:00:59","modified_gmt":"2025-08-30T11:00:59","slug":"likrali-tam-kapali-mayo-lacivert-yan-detay","status":"publish","type":"product","link":"https:\/\/burkinistar.com\/?product=likrali-tam-kapali-mayo-lacivert-yan-detay","title":{"rendered":"Likral\u0131 Tam Kapal\u0131 Mayo Lacivert Yan Detay"},"content":{"rendered":"<h2>Starinci Likral\u0131 Tesett\u00fcr Mayo Yan Detay Lacivert<\/h2>\n<p>Likral\u0131 tam kapal\u0131 mayo pantolon, tunik ve e\u015farp boneden olu\u015fmaktad\u0131r.<\/p>\n<p>H\u0131zl\u0131 kuruyan likral\u0131 mayo kuma\u015f\u0131ndan \u00fcretilmi\u015ftir.<\/p>\n<p>Manken 38 beden giyinmi\u015ftir. B\u00fcstiyeri \u00fcr\u00fcne dikilidir. G\u00f6\u011f\u00fcs s\u00fcngeri vard\u0131r.<\/p>\n<p>B\u00fcstiyer tuni\u011fe dikilidir. Havuzda, denizde ve termalde giyinmeye uygundur.<\/p>\n<ul>\n<li>38 beden \u00f6l\u00e7\u00fcleri g\u00f6\u011f\u00fcs:88cm bel:82cm basen:92cm omuzdan boyu:90cm<\/li>\n<li>40 beden \u00f6l\u00e7\u00fcleri g\u00f6\u011f\u00fcs:92cm bel:86cm basen:96cm omuzdan boyu:92cm<\/li>\n<li>42 beden \u00f6l\u00e7\u00fcleri g\u00f6\u011f\u00fcs:96cm bel:90cm basen:100cm omuzdan boyu:94cm<\/li>\n<li>44 beden \u00f6l\u00e7\u00fcleri g\u00f6\u011f\u00fcs:100cm bel:94cm basen:104cm omuzdan boyu:96cm<\/li>\n<li>46 beden \u00f6l\u00e7\u00fcleri g\u00f6\u011f\u00fcs:104cm bel:98cm basen:108cm omuzdan boyu:96cm<\/li>\n<\/ul>\n","protected":false},"excerpt":{"rendered":"<p>Starinci Likral\u0131 Tesett\u00fcr Mayo Yan Detay Lacivert Likral\u0131 tam kapal\u0131 mayo pantolon, tunik ve e\u015farp&hellip;<\/p>\n","protected":false},"featured_media":50418,"comment_status":"closed","ping_status":"open","template":"","meta":[],"product_brand":[2562],"product_cat":[2575,2556],"product_tag":[],"class_list":{"0":"post-50415","1":"product","2":"type-product","3":"status-publish","4":"has-post-thumbnail","6":"product_brand-starinci-mayo","7":"product_cat-likrali-tesettur-mayo","8":"product_cat-tesettur-mayo","9":"pa_color-lacivert","10":"pa_size-2582","12":"first","13":"instock","14":"shipping-taxable","15":"purchasable","16":"product-type-variable","17":"layout-style-2","18":"col-md-4 col-sm-4 col-xs-6","19":"col-lg-4","20":"product-has-gallery","21":"product-style-slider"},"yoast_head":"<!-- This site is optimized with the Yoast SEO plugin v25.8 - https:\/\/yoast.com\/wordpress\/plugins\/seo\/ -->\n<title>Likral\u0131 Tam Kapal\u0131 Mayo Lacivert Yan Detay - BURKINISTAR<\/title>\n<meta name=\"robots\" content=\"index, follow, max-snippet:-1, max-image-preview:large, max-video-preview:-1\" \/>\n<link rel=\"canonical\" href=\"https:\/\/burkinistar.com\/?product=likrali-tam-kapali-mayo-lacivert-yan-detay\" \/>\n<meta property=\"og:locale\" content=\"en_US\" \/>\n<meta property=\"og:type\" content=\"article\" \/>\n<meta property=\"og:title\" content=\"Likral\u0131 Tam Kapal\u0131 Mayo Lacivert Yan Detay - BURKINISTAR\" \/>\n<meta property=\"og:description\" content=\"Starinci Likral\u0131 Tesett\u00fcr Mayo Yan Detay Lacivert Likral\u0131 tam kapal\u0131 mayo pantolon, tunik ve e\u015farp&hellip;\" \/>\n<meta property=\"og:url\" content=\"https:\/\/burkinistar.com\/?product=likrali-tam-kapali-mayo-lacivert-yan-detay\" \/>\n<meta property=\"og:site_name\" content=\"BURKINISTAR\" \/>\n<meta property=\"article:modified_time\" content=\"2025-08-30T11:00:59+00:00\" \/>\n<meta property=\"og:image\" content=\"https:\/\/burkinistar.com\/wp-content\/uploads\/2025\/08\/hasemalikrali-tam-kapali-mayo-lacivert-bdbec6.jpg\" \/>\n\t<meta property=\"og:image:width\" content=\"600\" \/>\n\t<meta property=\"og:image:height\" content=\"900\" \/>\n\t<meta property=\"og:image:type\" content=\"image\/jpeg\" \/>\n<meta name=\"twitter:card\" content=\"summary_large_image\" \/>\n<meta name=\"twitter:label1\" content=\"Est. reading time\" \/>\n\t<meta name=\"twitter:data1\" content=\"1 minute\" \/>\n<script type=\"application\/ld+json\" class=\"yoast-schema-graph\">{\"@context\":\"https:\/\/schema.org\",\"@graph\":[{\"@type\":\"WebPage\",\"@id\":\"https:\/\/burkinistar.com\/?product=likrali-tam-kapali-mayo-lacivert-yan-detay\",\"url\":\"https:\/\/burkinistar.com\/?product=likrali-tam-kapali-mayo-lacivert-yan-detay\",\"name\":\"Likral\u0131 Tam Kapal\u0131 Mayo Lacivert Yan Detay - BURKINISTAR\",\"isPartOf\":{\"@id\":\"https:\/\/burkinistar.com\/#website\"},\"primaryImageOfPage\":{\"@id\":\"https:\/\/burkinistar.com\/?product=likrali-tam-kapali-mayo-lacivert-yan-detay#primaryimage\"},\"image\":{\"@id\":\"https:\/\/burkinistar.com\/?product=likrali-tam-kapali-mayo-lacivert-yan-detay#primaryimage\"},\"thumbnailUrl\":\"https:\/\/burkinistar.com\/wp-content\/uploads\/2025\/08\/hasemalikrali-tam-kapali-mayo-lacivert-bdbec6.jpg\",\"datePublished\":\"2025-08-30T11:00:45+00:00\",\"dateModified\":\"2025-08-30T11:00:59+00:00\",\"breadcrumb\":{\"@id\":\"https:\/\/burkinistar.com\/?product=likrali-tam-kapali-mayo-lacivert-yan-detay#breadcrumb\"},\"inLanguage\":\"en-US\",\"potentialAction\":[{\"@type\":\"ReadAction\",\"target\":[\"https:\/\/burkinistar.com\/?product=likrali-tam-kapali-mayo-lacivert-yan-detay\"]}]},{\"@type\":\"ImageObject\",\"inLanguage\":\"en-US\",\"@id\":\"https:\/\/burkinistar.com\/?product=likrali-tam-kapali-mayo-lacivert-yan-detay#primaryimage\",\"url\":\"https:\/\/burkinistar.com\/wp-content\/uploads\/2025\/08\/hasemalikrali-tam-kapali-mayo-lacivert-bdbec6.jpg\",\"contentUrl\":\"https:\/\/burkinistar.com\/wp-content\/uploads\/2025\/08\/hasemalikrali-tam-kapali-mayo-lacivert-bdbec6.jpg\",\"width\":600,\"height\":900},{\"@type\":\"BreadcrumbList\",\"@id\":\"https:\/\/burkinistar.com\/?product=likrali-tam-kapali-mayo-lacivert-yan-detay#breadcrumb\",\"itemListElement\":[{\"@type\":\"ListItem\",\"position\":1,\"name\":\"Homepage\",\"item\":\"https:\/\/burkinistar.com\/\"},{\"@type\":\"ListItem\",\"position\":2,\"name\":\"All Products\",\"item\":\"https:\/\/burkinistar.com\/?page_id=8\"},{\"@type\":\"ListItem\",\"position\":3,\"name\":\"Likral\u0131 Tam Kapal\u0131 Mayo Lacivert Yan Detay\"}]},{\"@type\":\"WebSite\",\"@id\":\"https:\/\/burkinistar.com\/#website\",\"url\":\"https:\/\/burkinistar.com\/\",\"name\":\"BURKINISTAR\",\"description\":\"The Best Modest Swimwear and Bikini Store | Burkinistar\",\"potentialAction\":[{\"@type\":\"SearchAction\",\"target\":{\"@type\":\"EntryPoint\",\"urlTemplate\":\"https:\/\/burkinistar.com\/?s={search_term_string}\"},\"query-input\":{\"@type\":\"PropertyValueSpecification\",\"valueRequired\":true,\"valueName\":\"search_term_string\"}}],\"inLanguage\":\"en-US\"}]}<\/script>\n<!-- \/ Yoast SEO plugin. -->","yoast_head_json":{"title":"Likral\u0131 Tam Kapal\u0131 Mayo Lacivert Yan Detay - BURKINISTAR","robots":{"index":"index","follow":"follow","max-snippet":"max-snippet:-1","max-image-preview":"max-image-preview:large","max-video-preview":"max-video-preview:-1"},"canonical":"https:\/\/burkinistar.com\/?product=likrali-tam-kapali-mayo-lacivert-yan-detay","og_locale":"en_US","og_type":"article","og_title":"Likral\u0131 Tam Kapal\u0131 Mayo Lacivert Yan Detay - BURKINISTAR","og_description":"Starinci Likral\u0131 Tesett\u00fcr Mayo Yan Detay Lacivert Likral\u0131 tam kapal\u0131 mayo pantolon, tunik ve e\u015farp&hellip;","og_url":"https:\/\/burkinistar.com\/?product=likrali-tam-kapali-mayo-lacivert-yan-detay","og_site_name":"BURKINISTAR","article_modified_time":"2025-08-30T11:00:59+00:00","og_image":[{"width":600,"height":900,"url":"https:\/\/burkinistar.com\/wp-content\/uploads\/2025\/08\/hasemalikrali-tam-kapali-mayo-lacivert-bdbec6.jpg","type":"image\/jpeg"}],"twitter_card":"summary_large_image","twitter_misc":{"Est. reading time":"1 minute"},"schema":{"@context":"https:\/\/schema.org","@graph":[{"@type":"WebPage","@id":"https:\/\/burkinistar.com\/?product=likrali-tam-kapali-mayo-lacivert-yan-detay","url":"https:\/\/burkinistar.com\/?product=likrali-tam-kapali-mayo-lacivert-yan-detay","name":"Likral\u0131 Tam Kapal\u0131 Mayo Lacivert Yan Detay - BURKINISTAR","isPartOf":{"@id":"https:\/\/burkinistar.com\/#website"},"primaryImageOfPage":{"@id":"https:\/\/burkinistar.com\/?product=likrali-tam-kapali-mayo-lacivert-yan-detay#primaryimage"},"image":{"@id":"https:\/\/burkinistar.com\/?product=likrali-tam-kapali-mayo-lacivert-yan-detay#primaryimage"},"thumbnailUrl":"https:\/\/burkinistar.com\/wp-content\/uploads\/2025\/08\/hasemalikrali-tam-kapali-mayo-lacivert-bdbec6.jpg","datePublished":"2025-08-30T11:00:45+00:00","dateModified":"2025-08-30T11:00:59+00:00","breadcrumb":{"@id":"https:\/\/burkinistar.com\/?product=likrali-tam-kapali-mayo-lacivert-yan-detay#breadcrumb"},"inLanguage":"en-US","potentialAction":[{"@type":"ReadAction","target":["https:\/\/burkinistar.com\/?product=likrali-tam-kapali-mayo-lacivert-yan-detay"]}]},{"@type":"ImageObject","inLanguage":"en-US","@id":"https:\/\/burkinistar.com\/?product=likrali-tam-kapali-mayo-lacivert-yan-detay#primaryimage","url":"https:\/\/burkinistar.com\/wp-content\/uploads\/2025\/08\/hasemalikrali-tam-kapali-mayo-lacivert-bdbec6.jpg","contentUrl":"https:\/\/burkinistar.com\/wp-content\/uploads\/2025\/08\/hasemalikrali-tam-kapali-mayo-lacivert-bdbec6.jpg","width":600,"height":900},{"@type":"BreadcrumbList","@id":"https:\/\/burkinistar.com\/?product=likrali-tam-kapali-mayo-lacivert-yan-detay#breadcrumb","itemListElement":[{"@type":"ListItem","position":1,"name":"Homepage","item":"https:\/\/burkinistar.com\/"},{"@type":"ListItem","position":2,"name":"All Products","item":"https:\/\/burkinistar.com\/?page_id=8"},{"@type":"ListItem","position":3,"name":"Likral\u0131 Tam Kapal\u0131 Mayo Lacivert Yan Detay"}]},{"@type":"WebSite","@id":"https:\/\/burkinistar.com\/#website","url":"https:\/\/burkinistar.com\/","name":"BURKINISTAR","description":"The Best Modest Swimwear and Bikini Store | Burkinistar","potentialAction":[{"@type":"SearchAction","target":{"@type":"EntryPoint","urlTemplate":"https:\/\/burkinistar.com\/?s={search_term_string}"},"query-input":{"@type":"PropertyValueSpecification","valueRequired":true,"valueName":"search_term_string"}}],"inLanguage":"en-US"}]}},"_links":{"self":[{"href":"https:\/\/burkinistar.com\/index.php?rest_route=\/wp\/v2\/product\/50415","targetHints":{"allow":["GET"]}}],"collection":[{"href":"https:\/\/burkinistar.com\/index.php?rest_route=\/wp\/v2\/product"}],"about":[{"href":"https:\/\/burkinistar.com\/index.php?rest_route=\/wp\/v2\/types\/product"}],"replies":[{"embeddable":true,"href":"https:\/\/burkinistar.com\/index.php?rest_route=%2Fwp%2Fv2%2Fcomments&post=50415"}],"version-history":[{"count":1,"href":"https:\/\/burkinistar.com\/index.php?rest_route=\/wp\/v2\/product\/50415\/revisions"}],"predecessor-version":[{"id":50416,"href":"https:\/\/burkinistar.com\/index.php?rest_route=\/wp\/v2\/product\/50415\/revisions\/50416"}],"wp:featuredmedia":[{"embeddable":true,"href":"https:\/\/burkinistar.com\/index.php?rest_route=\/wp\/v2\/media\/50418"}],"wp:attachment":[{"href":"https:\/\/burkinistar.com\/index.php?rest_route=%2Fwp%2Fv2%2Fmedia&parent=50415"}],"wp:term":[{"taxonomy":"product_brand","embeddable":true,"href":"https:\/\/burkinistar.com\/index.php?rest_route=%2Fwp%2Fv2%2Fproduct_brand&post=50415"},{"taxonomy":"product_cat","embeddable":true,"href":"https:\/\/burkinistar.com\/index.php?rest_route=%2Fwp%2Fv2%2Fproduct_cat&post=50415"},{"taxonomy":"product_tag","embeddable":true,"href":"https:\/\/burkinistar.com\/index.php?rest_route=%2Fwp%2Fv2%2Fproduct_tag&post=50415"}],"curies":[{"name":"wp","href":"https:\/\/api.w.org\/{rel}","templated":true}]}}