{"id":50470,"date":"2025-08-30T11:00:59","date_gmt":"2025-08-30T11:00:59","guid":{"rendered":"https:\/\/burkinistar.com\/?product=yuksek-bel-toparlayici-bikini-takimi-kirmizi"},"modified":"2025-08-30T11:01:18","modified_gmt":"2025-08-30T11:01:18","slug":"yuksek-bel-toparlayici-bikini-takimi-kirmizi","status":"publish","type":"product","link":"https:\/\/burkinistar.com\/?product=yuksek-bel-toparlayici-bikini-takimi-kirmizi","title":{"rendered":"Y\u00fcksek Bel Toparlay\u0131c\u0131 Bikini Tak\u0131m\u0131 K\u0131rm\u0131z\u0131"},"content":{"rendered":"<p>Starinci Toparlay\u0131c\u0131 Y\u00fcksek Bel Bikini Tak\u0131m\u0131 K\u0131rm\u0131z\u0131 Bikini tak\u0131m\u0131 y\u00fcksek bel slip ve ba\u011flamal\u0131 \u00fcstten olu\u015fmaktad\u0131r. H\u0131zl\u0131 kuruyan likral\u0131 esnek mayo kuma\u015f\u0131ndan \u00fcretilmi\u015ftir. Tak\u0131m\u0131n i\u00e7i komple astarl\u0131d\u0131r. Slipin toparlay\u0131c\u0131 \u00f6zelli\u011fi vard\u0131r. G\u00f6\u011f\u00fcs s\u00fcngeri vard\u0131r. Mankenin giydi\u011fi model 38 bedendir. Manken \u00f6l\u00e7\u00fcleri 85\/62\/92 dir.<\/p>\n","protected":false},"excerpt":{"rendered":"<p>Starinci Toparlay\u0131c\u0131 Y\u00fcksek Bel Bikini Tak\u0131m\u0131 K\u0131rm\u0131z\u0131 Bikini tak\u0131m\u0131 y\u00fcksek bel slip ve ba\u011flamal\u0131 \u00fcstten&hellip;<\/p>\n","protected":false},"featured_media":50473,"comment_status":"closed","ping_status":"open","template":"","meta":[],"product_brand":[2562],"product_cat":[2503],"product_tag":[],"class_list":{"0":"post-50470","1":"product","2":"type-product","3":"status-publish","4":"has-post-thumbnail","6":"product_brand-starinci-mayo","7":"product_cat-bikini","8":"pa_color-kirmizi","9":"pa_size-2583","11":"first","12":"instock","13":"shipping-taxable","14":"purchasable","15":"product-type-variable","16":"layout-style-2","17":"col-md-4 col-sm-4 col-xs-6","18":"col-lg-4","19":"product-has-gallery","20":"product-style-slider"},"yoast_head":"<!-- This site is optimized with the Yoast SEO plugin v25.8 - https:\/\/yoast.com\/wordpress\/plugins\/seo\/ -->\n<title>Y\u00fcksek Bel Toparlay\u0131c\u0131 Bikini Tak\u0131m\u0131 K\u0131rm\u0131z\u0131 - BURKINISTAR<\/title>\n<meta name=\"robots\" content=\"index, follow, max-snippet:-1, max-image-preview:large, max-video-preview:-1\" \/>\n<link rel=\"canonical\" href=\"https:\/\/burkinistar.com\/?product=yuksek-bel-toparlayici-bikini-takimi-kirmizi\" \/>\n<meta property=\"og:locale\" content=\"en_US\" \/>\n<meta property=\"og:type\" content=\"article\" \/>\n<meta property=\"og:title\" content=\"Y\u00fcksek Bel Toparlay\u0131c\u0131 Bikini Tak\u0131m\u0131 K\u0131rm\u0131z\u0131 - BURKINISTAR\" \/>\n<meta property=\"og:description\" content=\"Starinci Toparlay\u0131c\u0131 Y\u00fcksek Bel Bikini Tak\u0131m\u0131 K\u0131rm\u0131z\u0131 Bikini tak\u0131m\u0131 y\u00fcksek bel slip ve ba\u011flamal\u0131 \u00fcstten&hellip;\" \/>\n<meta property=\"og:url\" content=\"https:\/\/burkinistar.com\/?product=yuksek-bel-toparlayici-bikini-takimi-kirmizi\" \/>\n<meta property=\"og:site_name\" content=\"BURKINISTAR\" \/>\n<meta property=\"article:modified_time\" content=\"2025-08-30T11:01:18+00:00\" \/>\n<meta property=\"og:image\" content=\"https:\/\/burkinistar.com\/wp-content\/uploads\/2025\/08\/mayoyuksek-bel-toparlayici-bikini-taki-e5-910.jpg\" \/>\n\t<meta property=\"og:image:width\" content=\"600\" \/>\n\t<meta property=\"og:image:height\" content=\"900\" \/>\n\t<meta property=\"og:image:type\" content=\"image\/jpeg\" \/>\n<meta name=\"twitter:card\" content=\"summary_large_image\" \/>\n<script type=\"application\/ld+json\" class=\"yoast-schema-graph\">{\"@context\":\"https:\/\/schema.org\",\"@graph\":[{\"@type\":\"WebPage\",\"@id\":\"https:\/\/burkinistar.com\/?product=yuksek-bel-toparlayici-bikini-takimi-kirmizi\",\"url\":\"https:\/\/burkinistar.com\/?product=yuksek-bel-toparlayici-bikini-takimi-kirmizi\",\"name\":\"Y\u00fcksek Bel Toparlay\u0131c\u0131 Bikini Tak\u0131m\u0131 K\u0131rm\u0131z\u0131 - BURKINISTAR\",\"isPartOf\":{\"@id\":\"https:\/\/burkinistar.com\/#website\"},\"primaryImageOfPage\":{\"@id\":\"https:\/\/burkinistar.com\/?product=yuksek-bel-toparlayici-bikini-takimi-kirmizi#primaryimage\"},\"image\":{\"@id\":\"https:\/\/burkinistar.com\/?product=yuksek-bel-toparlayici-bikini-takimi-kirmizi#primaryimage\"},\"thumbnailUrl\":\"https:\/\/burkinistar.com\/wp-content\/uploads\/2025\/08\/mayoyuksek-bel-toparlayici-bikini-taki-e5-910.jpg\",\"datePublished\":\"2025-08-30T11:00:59+00:00\",\"dateModified\":\"2025-08-30T11:01:18+00:00\",\"breadcrumb\":{\"@id\":\"https:\/\/burkinistar.com\/?product=yuksek-bel-toparlayici-bikini-takimi-kirmizi#breadcrumb\"},\"inLanguage\":\"en-US\",\"potentialAction\":[{\"@type\":\"ReadAction\",\"target\":[\"https:\/\/burkinistar.com\/?product=yuksek-bel-toparlayici-bikini-takimi-kirmizi\"]}]},{\"@type\":\"ImageObject\",\"inLanguage\":\"en-US\",\"@id\":\"https:\/\/burkinistar.com\/?product=yuksek-bel-toparlayici-bikini-takimi-kirmizi#primaryimage\",\"url\":\"https:\/\/burkinistar.com\/wp-content\/uploads\/2025\/08\/mayoyuksek-bel-toparlayici-bikini-taki-e5-910.jpg\",\"contentUrl\":\"https:\/\/burkinistar.com\/wp-content\/uploads\/2025\/08\/mayoyuksek-bel-toparlayici-bikini-taki-e5-910.jpg\",\"width\":600,\"height\":900},{\"@type\":\"BreadcrumbList\",\"@id\":\"https:\/\/burkinistar.com\/?product=yuksek-bel-toparlayici-bikini-takimi-kirmizi#breadcrumb\",\"itemListElement\":[{\"@type\":\"ListItem\",\"position\":1,\"name\":\"Homepage\",\"item\":\"https:\/\/burkinistar.com\/\"},{\"@type\":\"ListItem\",\"position\":2,\"name\":\"All Products\",\"item\":\"https:\/\/burkinistar.com\/?page_id=8\"},{\"@type\":\"ListItem\",\"position\":3,\"name\":\"Y\u00fcksek Bel Toparlay\u0131c\u0131 Bikini Tak\u0131m\u0131 K\u0131rm\u0131z\u0131\"}]},{\"@type\":\"WebSite\",\"@id\":\"https:\/\/burkinistar.com\/#website\",\"url\":\"https:\/\/burkinistar.com\/\",\"name\":\"BURKINISTAR\",\"description\":\"The Best Modest Swimwear and Bikini Store | Burkinistar\",\"potentialAction\":[{\"@type\":\"SearchAction\",\"target\":{\"@type\":\"EntryPoint\",\"urlTemplate\":\"https:\/\/burkinistar.com\/?s={search_term_string}\"},\"query-input\":{\"@type\":\"PropertyValueSpecification\",\"valueRequired\":true,\"valueName\":\"search_term_string\"}}],\"inLanguage\":\"en-US\"}]}<\/script>\n<!-- \/ Yoast SEO plugin. -->","yoast_head_json":{"title":"Y\u00fcksek Bel Toparlay\u0131c\u0131 Bikini Tak\u0131m\u0131 K\u0131rm\u0131z\u0131 - BURKINISTAR","robots":{"index":"index","follow":"follow","max-snippet":"max-snippet:-1","max-image-preview":"max-image-preview:large","max-video-preview":"max-video-preview:-1"},"canonical":"https:\/\/burkinistar.com\/?product=yuksek-bel-toparlayici-bikini-takimi-kirmizi","og_locale":"en_US","og_type":"article","og_title":"Y\u00fcksek Bel Toparlay\u0131c\u0131 Bikini Tak\u0131m\u0131 K\u0131rm\u0131z\u0131 - BURKINISTAR","og_description":"Starinci Toparlay\u0131c\u0131 Y\u00fcksek Bel Bikini Tak\u0131m\u0131 K\u0131rm\u0131z\u0131 Bikini tak\u0131m\u0131 y\u00fcksek bel slip ve ba\u011flamal\u0131 \u00fcstten&hellip;","og_url":"https:\/\/burkinistar.com\/?product=yuksek-bel-toparlayici-bikini-takimi-kirmizi","og_site_name":"BURKINISTAR","article_modified_time":"2025-08-30T11:01:18+00:00","og_image":[{"width":600,"height":900,"url":"https:\/\/burkinistar.com\/wp-content\/uploads\/2025\/08\/mayoyuksek-bel-toparlayici-bikini-taki-e5-910.jpg","type":"image\/jpeg"}],"twitter_card":"summary_large_image","schema":{"@context":"https:\/\/schema.org","@graph":[{"@type":"WebPage","@id":"https:\/\/burkinistar.com\/?product=yuksek-bel-toparlayici-bikini-takimi-kirmizi","url":"https:\/\/burkinistar.com\/?product=yuksek-bel-toparlayici-bikini-takimi-kirmizi","name":"Y\u00fcksek Bel Toparlay\u0131c\u0131 Bikini Tak\u0131m\u0131 K\u0131rm\u0131z\u0131 - BURKINISTAR","isPartOf":{"@id":"https:\/\/burkinistar.com\/#website"},"primaryImageOfPage":{"@id":"https:\/\/burkinistar.com\/?product=yuksek-bel-toparlayici-bikini-takimi-kirmizi#primaryimage"},"image":{"@id":"https:\/\/burkinistar.com\/?product=yuksek-bel-toparlayici-bikini-takimi-kirmizi#primaryimage"},"thumbnailUrl":"https:\/\/burkinistar.com\/wp-content\/uploads\/2025\/08\/mayoyuksek-bel-toparlayici-bikini-taki-e5-910.jpg","datePublished":"2025-08-30T11:00:59+00:00","dateModified":"2025-08-30T11:01:18+00:00","breadcrumb":{"@id":"https:\/\/burkinistar.com\/?product=yuksek-bel-toparlayici-bikini-takimi-kirmizi#breadcrumb"},"inLanguage":"en-US","potentialAction":[{"@type":"ReadAction","target":["https:\/\/burkinistar.com\/?product=yuksek-bel-toparlayici-bikini-takimi-kirmizi"]}]},{"@type":"ImageObject","inLanguage":"en-US","@id":"https:\/\/burkinistar.com\/?product=yuksek-bel-toparlayici-bikini-takimi-kirmizi#primaryimage","url":"https:\/\/burkinistar.com\/wp-content\/uploads\/2025\/08\/mayoyuksek-bel-toparlayici-bikini-taki-e5-910.jpg","contentUrl":"https:\/\/burkinistar.com\/wp-content\/uploads\/2025\/08\/mayoyuksek-bel-toparlayici-bikini-taki-e5-910.jpg","width":600,"height":900},{"@type":"BreadcrumbList","@id":"https:\/\/burkinistar.com\/?product=yuksek-bel-toparlayici-bikini-takimi-kirmizi#breadcrumb","itemListElement":[{"@type":"ListItem","position":1,"name":"Homepage","item":"https:\/\/burkinistar.com\/"},{"@type":"ListItem","position":2,"name":"All Products","item":"https:\/\/burkinistar.com\/?page_id=8"},{"@type":"ListItem","position":3,"name":"Y\u00fcksek Bel Toparlay\u0131c\u0131 Bikini Tak\u0131m\u0131 K\u0131rm\u0131z\u0131"}]},{"@type":"WebSite","@id":"https:\/\/burkinistar.com\/#website","url":"https:\/\/burkinistar.com\/","name":"BURKINISTAR","description":"The Best Modest Swimwear and Bikini Store | Burkinistar","potentialAction":[{"@type":"SearchAction","target":{"@type":"EntryPoint","urlTemplate":"https:\/\/burkinistar.com\/?s={search_term_string}"},"query-input":{"@type":"PropertyValueSpecification","valueRequired":true,"valueName":"search_term_string"}}],"inLanguage":"en-US"}]}},"_links":{"self":[{"href":"https:\/\/burkinistar.com\/index.php?rest_route=\/wp\/v2\/product\/50470","targetHints":{"allow":["GET"]}}],"collection":[{"href":"https:\/\/burkinistar.com\/index.php?rest_route=\/wp\/v2\/product"}],"about":[{"href":"https:\/\/burkinistar.com\/index.php?rest_route=\/wp\/v2\/types\/product"}],"replies":[{"embeddable":true,"href":"https:\/\/burkinistar.com\/index.php?rest_route=%2Fwp%2Fv2%2Fcomments&post=50470"}],"version-history":[{"count":1,"href":"https:\/\/burkinistar.com\/index.php?rest_route=\/wp\/v2\/product\/50470\/revisions"}],"predecessor-version":[{"id":50471,"href":"https:\/\/burkinistar.com\/index.php?rest_route=\/wp\/v2\/product\/50470\/revisions\/50471"}],"wp:featuredmedia":[{"embeddable":true,"href":"https:\/\/burkinistar.com\/index.php?rest_route=\/wp\/v2\/media\/50473"}],"wp:attachment":[{"href":"https:\/\/burkinistar.com\/index.php?rest_route=%2Fwp%2Fv2%2Fmedia&parent=50470"}],"wp:term":[{"taxonomy":"product_brand","embeddable":true,"href":"https:\/\/burkinistar.com\/index.php?rest_route=%2Fwp%2Fv2%2Fproduct_brand&post=50470"},{"taxonomy":"product_cat","embeddable":true,"href":"https:\/\/burkinistar.com\/index.php?rest_route=%2Fwp%2Fv2%2Fproduct_cat&post=50470"},{"taxonomy":"product_tag","embeddable":true,"href":"https:\/\/burkinistar.com\/index.php?rest_route=%2Fwp%2Fv2%2Fproduct_tag&post=50470"}],"curies":[{"name":"wp","href":"https:\/\/api.w.org\/{rel}","templated":true}]}}