{"id":50513,"date":"2025-08-30T11:01:19","date_gmt":"2025-08-30T11:01:19","guid":{"rendered":"https:\/\/burkinistar.com\/?product=kadin-askili-elbise-mayo-zincir-desenler"},"modified":"2025-08-30T11:01:36","modified_gmt":"2025-08-30T11:01:36","slug":"kadin-askili-elbise-mayo-zincir-desenler","status":"publish","type":"product","link":"https:\/\/burkinistar.com\/?product=kadin-askili-elbise-mayo-zincir-desenler","title":{"rendered":"Kad\u0131n Ask\u0131l\u0131 Elbise Mayo Zincir Desenler"},"content":{"rendered":"<h2>Starinci Kad\u0131n \u015eortlu Elbise Mayo S123\/13<\/h2>\n<ul>\n<li>Polyester kuma\u015ftan \u00fcretilen \u00fcr\u00fcn\u00fcm\u00fcz\u00fcn alt k\u0131sm\u0131 \u015fortludur.<\/li>\n<li>\u015eort k\u0131sm\u0131 astara dikilidir. \u0130\u00e7 k\u0131s\u0131mda kalan t\u00fcm ks\u0131m tulum \u015feklinde tasarlanm\u0131\u015ft\u0131r.<\/li>\n<li>G\u00f6\u011f\u00fcs k\u0131sm\u0131nda cup mevcuttur. Cup astara dikilidir.<\/li>\n<li>G\u00f6\u011f\u00fcs, s\u0131rt ve kol kenarkar\u0131nda lastik mevcuttur.<\/li>\n<li>Lastik sayesinde suda y\u00fczerken a\u00e7ma veya d\u00fc\u015fme olmaz. kolay y\u00fczme imkan\u0131 sunar.<\/li>\n<li>S\u0131rt k\u0131sm\u0131 resimlerde g\u00f6r\u00fcnd\u00fc\u011f\u00fc gibi bel seviyesinde a\u00e7\u0131kt\u0131r.<\/li>\n<li>Kenar diki\u015fler zikzak&#8217;t\u0131r.<\/li>\n<li>Manken \u00fczerindeki \u00fcr\u00fcn\u00fcn bedeni 38&#8217;dir.<\/li>\n<li>Manken \u00f6l\u00e7\u00fcleri G\u00f6\u011f\u00fcs:85\/Bel:62\/Basen:92 \u015feklindedir.<\/li>\n<\/ul>\n","protected":false},"excerpt":{"rendered":"<p>Starinci Kad\u0131n \u015eortlu Elbise Mayo S123\/13 Polyester kuma\u015ftan \u00fcretilen \u00fcr\u00fcn\u00fcm\u00fcz\u00fcn alt k\u0131sm\u0131 \u015fortludur. \u015eort k\u0131sm\u0131&hellip;<\/p>\n","protected":false},"featured_media":50516,"comment_status":"closed","ping_status":"open","template":"","meta":[],"product_brand":[2562],"product_cat":[2567],"product_tag":[],"class_list":{"0":"post-50513","1":"product","2":"type-product","3":"status-publish","4":"has-post-thumbnail","6":"product_brand-starinci-mayo","7":"product_cat-elbise-mayo","8":"pa_color-desenli","9":"pa_size-2581","10":"pa_size-2582","11":"pa_size-2583","12":"pa_size-2584","13":"pa_size-2585","15":"first","16":"instock","17":"shipping-taxable","18":"purchasable","19":"product-type-variable","20":"layout-style-2","21":"col-md-4 col-sm-4 col-xs-6","22":"col-lg-4","23":"product-has-gallery","24":"product-style-slider"},"yoast_head":"<!-- This site is optimized with the Yoast SEO plugin v25.8 - https:\/\/yoast.com\/wordpress\/plugins\/seo\/ -->\n<title>Kad\u0131n Ask\u0131l\u0131 Elbise Mayo Zincir Desenler - BURKINISTAR<\/title>\n<meta name=\"robots\" content=\"index, follow, max-snippet:-1, max-image-preview:large, max-video-preview:-1\" \/>\n<link rel=\"canonical\" href=\"https:\/\/burkinistar.com\/?product=kadin-askili-elbise-mayo-zincir-desenler\" \/>\n<meta property=\"og:locale\" content=\"en_US\" \/>\n<meta property=\"og:type\" content=\"article\" \/>\n<meta property=\"og:title\" content=\"Kad\u0131n Ask\u0131l\u0131 Elbise Mayo Zincir Desenler - BURKINISTAR\" \/>\n<meta property=\"og:description\" content=\"Starinci Kad\u0131n \u015eortlu Elbise Mayo S123\/13 Polyester kuma\u015ftan \u00fcretilen \u00fcr\u00fcn\u00fcm\u00fcz\u00fcn alt k\u0131sm\u0131 \u015fortludur. \u015eort k\u0131sm\u0131&hellip;\" \/>\n<meta property=\"og:url\" content=\"https:\/\/burkinistar.com\/?product=kadin-askili-elbise-mayo-zincir-desenler\" \/>\n<meta property=\"og:site_name\" content=\"BURKINISTAR\" \/>\n<meta property=\"article:modified_time\" content=\"2025-08-30T11:01:36+00:00\" \/>\n<meta property=\"og:image\" content=\"https:\/\/burkinistar.com\/wp-content\/uploads\/2025\/08\/elbise-mayokadin-askili-elbise-mayo-zi-b78-44.jpg\" \/>\n\t<meta property=\"og:image:width\" content=\"600\" \/>\n\t<meta property=\"og:image:height\" content=\"900\" \/>\n\t<meta property=\"og:image:type\" content=\"image\/jpeg\" \/>\n<meta name=\"twitter:card\" content=\"summary_large_image\" \/>\n<meta name=\"twitter:label1\" content=\"Est. reading time\" \/>\n\t<meta name=\"twitter:data1\" content=\"1 minute\" \/>\n<script type=\"application\/ld+json\" class=\"yoast-schema-graph\">{\"@context\":\"https:\/\/schema.org\",\"@graph\":[{\"@type\":\"WebPage\",\"@id\":\"https:\/\/burkinistar.com\/?product=kadin-askili-elbise-mayo-zincir-desenler\",\"url\":\"https:\/\/burkinistar.com\/?product=kadin-askili-elbise-mayo-zincir-desenler\",\"name\":\"Kad\u0131n Ask\u0131l\u0131 Elbise Mayo Zincir Desenler - BURKINISTAR\",\"isPartOf\":{\"@id\":\"https:\/\/burkinistar.com\/#website\"},\"primaryImageOfPage\":{\"@id\":\"https:\/\/burkinistar.com\/?product=kadin-askili-elbise-mayo-zincir-desenler#primaryimage\"},\"image\":{\"@id\":\"https:\/\/burkinistar.com\/?product=kadin-askili-elbise-mayo-zincir-desenler#primaryimage\"},\"thumbnailUrl\":\"https:\/\/burkinistar.com\/wp-content\/uploads\/2025\/08\/elbise-mayokadin-askili-elbise-mayo-zi-b78-44.jpg\",\"datePublished\":\"2025-08-30T11:01:19+00:00\",\"dateModified\":\"2025-08-30T11:01:36+00:00\",\"breadcrumb\":{\"@id\":\"https:\/\/burkinistar.com\/?product=kadin-askili-elbise-mayo-zincir-desenler#breadcrumb\"},\"inLanguage\":\"en-US\",\"potentialAction\":[{\"@type\":\"ReadAction\",\"target\":[\"https:\/\/burkinistar.com\/?product=kadin-askili-elbise-mayo-zincir-desenler\"]}]},{\"@type\":\"ImageObject\",\"inLanguage\":\"en-US\",\"@id\":\"https:\/\/burkinistar.com\/?product=kadin-askili-elbise-mayo-zincir-desenler#primaryimage\",\"url\":\"https:\/\/burkinistar.com\/wp-content\/uploads\/2025\/08\/elbise-mayokadin-askili-elbise-mayo-zi-b78-44.jpg\",\"contentUrl\":\"https:\/\/burkinistar.com\/wp-content\/uploads\/2025\/08\/elbise-mayokadin-askili-elbise-mayo-zi-b78-44.jpg\",\"width\":600,\"height\":900},{\"@type\":\"BreadcrumbList\",\"@id\":\"https:\/\/burkinistar.com\/?product=kadin-askili-elbise-mayo-zincir-desenler#breadcrumb\",\"itemListElement\":[{\"@type\":\"ListItem\",\"position\":1,\"name\":\"Homepage\",\"item\":\"https:\/\/burkinistar.com\/\"},{\"@type\":\"ListItem\",\"position\":2,\"name\":\"All Products\",\"item\":\"https:\/\/burkinistar.com\/?page_id=8\"},{\"@type\":\"ListItem\",\"position\":3,\"name\":\"Kad\u0131n Ask\u0131l\u0131 Elbise Mayo Zincir Desenler\"}]},{\"@type\":\"WebSite\",\"@id\":\"https:\/\/burkinistar.com\/#website\",\"url\":\"https:\/\/burkinistar.com\/\",\"name\":\"BURKINISTAR\",\"description\":\"The Best Modest Swimwear and Bikini Store | Burkinistar\",\"potentialAction\":[{\"@type\":\"SearchAction\",\"target\":{\"@type\":\"EntryPoint\",\"urlTemplate\":\"https:\/\/burkinistar.com\/?s={search_term_string}\"},\"query-input\":{\"@type\":\"PropertyValueSpecification\",\"valueRequired\":true,\"valueName\":\"search_term_string\"}}],\"inLanguage\":\"en-US\"}]}<\/script>\n<!-- \/ Yoast SEO plugin. -->","yoast_head_json":{"title":"Kad\u0131n Ask\u0131l\u0131 Elbise Mayo Zincir Desenler - BURKINISTAR","robots":{"index":"index","follow":"follow","max-snippet":"max-snippet:-1","max-image-preview":"max-image-preview:large","max-video-preview":"max-video-preview:-1"},"canonical":"https:\/\/burkinistar.com\/?product=kadin-askili-elbise-mayo-zincir-desenler","og_locale":"en_US","og_type":"article","og_title":"Kad\u0131n Ask\u0131l\u0131 Elbise Mayo Zincir Desenler - BURKINISTAR","og_description":"Starinci Kad\u0131n \u015eortlu Elbise Mayo S123\/13 Polyester kuma\u015ftan \u00fcretilen \u00fcr\u00fcn\u00fcm\u00fcz\u00fcn alt k\u0131sm\u0131 \u015fortludur. \u015eort k\u0131sm\u0131&hellip;","og_url":"https:\/\/burkinistar.com\/?product=kadin-askili-elbise-mayo-zincir-desenler","og_site_name":"BURKINISTAR","article_modified_time":"2025-08-30T11:01:36+00:00","og_image":[{"width":600,"height":900,"url":"https:\/\/burkinistar.com\/wp-content\/uploads\/2025\/08\/elbise-mayokadin-askili-elbise-mayo-zi-b78-44.jpg","type":"image\/jpeg"}],"twitter_card":"summary_large_image","twitter_misc":{"Est. reading time":"1 minute"},"schema":{"@context":"https:\/\/schema.org","@graph":[{"@type":"WebPage","@id":"https:\/\/burkinistar.com\/?product=kadin-askili-elbise-mayo-zincir-desenler","url":"https:\/\/burkinistar.com\/?product=kadin-askili-elbise-mayo-zincir-desenler","name":"Kad\u0131n Ask\u0131l\u0131 Elbise Mayo Zincir Desenler - BURKINISTAR","isPartOf":{"@id":"https:\/\/burkinistar.com\/#website"},"primaryImageOfPage":{"@id":"https:\/\/burkinistar.com\/?product=kadin-askili-elbise-mayo-zincir-desenler#primaryimage"},"image":{"@id":"https:\/\/burkinistar.com\/?product=kadin-askili-elbise-mayo-zincir-desenler#primaryimage"},"thumbnailUrl":"https:\/\/burkinistar.com\/wp-content\/uploads\/2025\/08\/elbise-mayokadin-askili-elbise-mayo-zi-b78-44.jpg","datePublished":"2025-08-30T11:01:19+00:00","dateModified":"2025-08-30T11:01:36+00:00","breadcrumb":{"@id":"https:\/\/burkinistar.com\/?product=kadin-askili-elbise-mayo-zincir-desenler#breadcrumb"},"inLanguage":"en-US","potentialAction":[{"@type":"ReadAction","target":["https:\/\/burkinistar.com\/?product=kadin-askili-elbise-mayo-zincir-desenler"]}]},{"@type":"ImageObject","inLanguage":"en-US","@id":"https:\/\/burkinistar.com\/?product=kadin-askili-elbise-mayo-zincir-desenler#primaryimage","url":"https:\/\/burkinistar.com\/wp-content\/uploads\/2025\/08\/elbise-mayokadin-askili-elbise-mayo-zi-b78-44.jpg","contentUrl":"https:\/\/burkinistar.com\/wp-content\/uploads\/2025\/08\/elbise-mayokadin-askili-elbise-mayo-zi-b78-44.jpg","width":600,"height":900},{"@type":"BreadcrumbList","@id":"https:\/\/burkinistar.com\/?product=kadin-askili-elbise-mayo-zincir-desenler#breadcrumb","itemListElement":[{"@type":"ListItem","position":1,"name":"Homepage","item":"https:\/\/burkinistar.com\/"},{"@type":"ListItem","position":2,"name":"All Products","item":"https:\/\/burkinistar.com\/?page_id=8"},{"@type":"ListItem","position":3,"name":"Kad\u0131n Ask\u0131l\u0131 Elbise Mayo Zincir Desenler"}]},{"@type":"WebSite","@id":"https:\/\/burkinistar.com\/#website","url":"https:\/\/burkinistar.com\/","name":"BURKINISTAR","description":"The Best Modest Swimwear and Bikini Store | Burkinistar","potentialAction":[{"@type":"SearchAction","target":{"@type":"EntryPoint","urlTemplate":"https:\/\/burkinistar.com\/?s={search_term_string}"},"query-input":{"@type":"PropertyValueSpecification","valueRequired":true,"valueName":"search_term_string"}}],"inLanguage":"en-US"}]}},"_links":{"self":[{"href":"https:\/\/burkinistar.com\/index.php?rest_route=\/wp\/v2\/product\/50513","targetHints":{"allow":["GET"]}}],"collection":[{"href":"https:\/\/burkinistar.com\/index.php?rest_route=\/wp\/v2\/product"}],"about":[{"href":"https:\/\/burkinistar.com\/index.php?rest_route=\/wp\/v2\/types\/product"}],"replies":[{"embeddable":true,"href":"https:\/\/burkinistar.com\/index.php?rest_route=%2Fwp%2Fv2%2Fcomments&post=50513"}],"version-history":[{"count":1,"href":"https:\/\/burkinistar.com\/index.php?rest_route=\/wp\/v2\/product\/50513\/revisions"}],"predecessor-version":[{"id":50514,"href":"https:\/\/burkinistar.com\/index.php?rest_route=\/wp\/v2\/product\/50513\/revisions\/50514"}],"wp:featuredmedia":[{"embeddable":true,"href":"https:\/\/burkinistar.com\/index.php?rest_route=\/wp\/v2\/media\/50516"}],"wp:attachment":[{"href":"https:\/\/burkinistar.com\/index.php?rest_route=%2Fwp%2Fv2%2Fmedia&parent=50513"}],"wp:term":[{"taxonomy":"product_brand","embeddable":true,"href":"https:\/\/burkinistar.com\/index.php?rest_route=%2Fwp%2Fv2%2Fproduct_brand&post=50513"},{"taxonomy":"product_cat","embeddable":true,"href":"https:\/\/burkinistar.com\/index.php?rest_route=%2Fwp%2Fv2%2Fproduct_cat&post=50513"},{"taxonomy":"product_tag","embeddable":true,"href":"https:\/\/burkinistar.com\/index.php?rest_route=%2Fwp%2Fv2%2Fproduct_tag&post=50513"}],"curies":[{"name":"wp","href":"https:\/\/api.w.org\/{rel}","templated":true}]}}