{"id":50581,"date":"2025-08-30T11:01:57","date_gmt":"2025-08-30T11:01:57","guid":{"rendered":"https:\/\/burkinistar.com\/?product=kadin-bikini-takimi-gokkusagi-renkler-oruntu-detay"},"modified":"2025-08-30T11:02:12","modified_gmt":"2025-08-30T11:02:12","slug":"kadin-bikini-takimi-gokkusagi-renkler-oruntu-detay","status":"publish","type":"product","link":"https:\/\/burkinistar.com\/?product=kadin-bikini-takimi-gokkusagi-renkler-oruntu-detay","title":{"rendered":"Kad\u0131n Bikini Tak\u0131m\u0131 G\u00f6kku\u015fa\u011f\u0131 Renkler \u00d6r\u00fcnt\u00fc Detay"},"content":{"rendered":"<p>Kad\u0131n Renk Bloklu G\u00f6kku\u015fa\u011f\u0131 Bikini Tak\u0131m\u0131 Poliamid kuma\u015ftan \u00fcretilen \u00fcr\u00fcn\u00fcm\u00fcz, desen canl\u0131l\u0131\u011f\u0131 ve tarz\u0131yla tatilinize renk katacakt\u0131r. Bikinimiz 2 par\u00e7adan olu\u015fmaktad\u0131r.\u00dcst k\u0131sm\u0131nda; g\u00f6\u011f\u00fcs taraf\u0131 komple astarl\u0131 ve \u00e7\u0131kar\u0131labilir cup mevcuttur. Ask\u0131 k\u0131sm\u0131nda 8mm lastik mevcuttur. Lastik sayesinde v\u00fccudu tam kavrar. S\u0131rt kop\u00e7as\u0131 plastiktir. Kol alt\u0131 ve g\u00f6\u011f\u00fcs k\u0131sm\u0131da lastik diki\u015f sayesinde su i\u00e7erisinde d\u00fc\u015fme veya a\u00e7\u0131lma yapmaz. Bikinin alt k\u0131sm\u0131 komple astarl\u0131d\u0131r. Bel \u00e7evresi bacak kenarlar\u0131nda lastik diki\u015f mevcuttur. Bel kenar y\u00fcksekli\u011fi 8cm. Manken \u00fczerindeki \u00fcr\u00fcn\u00fcn bedeni 36&#8217;d\u0131r. Manken \u00d6l\u00e7\u00fcleri 85-62-92&#8217;dir<\/p>\n","protected":false},"excerpt":{"rendered":"<p>Kad\u0131n Renk Bloklu G\u00f6kku\u015fa\u011f\u0131 Bikini Tak\u0131m\u0131 Poliamid kuma\u015ftan \u00fcretilen \u00fcr\u00fcn\u00fcm\u00fcz, desen canl\u0131l\u0131\u011f\u0131 ve tarz\u0131yla tatilinize&hellip;<\/p>\n","protected":false},"featured_media":50584,"comment_status":"closed","ping_status":"open","template":"","meta":[],"product_brand":[2562],"product_cat":[2503],"product_tag":[],"class_list":{"0":"post-50581","1":"product","2":"type-product","3":"status-publish","4":"has-post-thumbnail","6":"product_brand-starinci-mayo","7":"product_cat-bikini","8":"pa_color-desenli","9":"pa_size-2587","10":"pa_size-2581","11":"pa_size-2582","13":"first","14":"instock","15":"shipping-taxable","16":"purchasable","17":"product-type-variable","18":"layout-style-2","19":"col-md-4 col-sm-4 col-xs-6","20":"col-lg-4","21":"product-has-gallery","22":"product-style-slider"},"yoast_head":"<!-- This site is optimized with the Yoast SEO plugin v25.8 - https:\/\/yoast.com\/wordpress\/plugins\/seo\/ -->\n<title>Kad\u0131n Bikini Tak\u0131m\u0131 G\u00f6kku\u015fa\u011f\u0131 Renkler \u00d6r\u00fcnt\u00fc Detay - BURKINISTAR<\/title>\n<meta name=\"robots\" content=\"index, follow, max-snippet:-1, max-image-preview:large, max-video-preview:-1\" \/>\n<link rel=\"canonical\" href=\"https:\/\/burkinistar.com\/?product=kadin-bikini-takimi-gokkusagi-renkler-oruntu-detay\" \/>\n<meta property=\"og:locale\" content=\"en_US\" \/>\n<meta property=\"og:type\" content=\"article\" \/>\n<meta property=\"og:title\" content=\"Kad\u0131n Bikini Tak\u0131m\u0131 G\u00f6kku\u015fa\u011f\u0131 Renkler \u00d6r\u00fcnt\u00fc Detay - BURKINISTAR\" \/>\n<meta property=\"og:description\" content=\"Kad\u0131n Renk Bloklu G\u00f6kku\u015fa\u011f\u0131 Bikini Tak\u0131m\u0131 Poliamid kuma\u015ftan \u00fcretilen \u00fcr\u00fcn\u00fcm\u00fcz, desen canl\u0131l\u0131\u011f\u0131 ve tarz\u0131yla tatilinize&hellip;\" \/>\n<meta property=\"og:url\" content=\"https:\/\/burkinistar.com\/?product=kadin-bikini-takimi-gokkusagi-renkler-oruntu-detay\" \/>\n<meta property=\"og:site_name\" content=\"BURKINISTAR\" \/>\n<meta property=\"article:modified_time\" content=\"2025-08-30T11:02:12+00:00\" \/>\n<meta property=\"og:image\" content=\"https:\/\/burkinistar.com\/wp-content\/uploads\/2025\/08\/mayokadin-bikini-takimi-gokkusagi-renk-546f-4.jpg\" \/>\n\t<meta property=\"og:image:width\" content=\"600\" \/>\n\t<meta property=\"og:image:height\" content=\"900\" \/>\n\t<meta property=\"og:image:type\" content=\"image\/jpeg\" \/>\n<meta name=\"twitter:card\" content=\"summary_large_image\" \/>\n<meta name=\"twitter:label1\" content=\"Est. reading time\" \/>\n\t<meta name=\"twitter:data1\" content=\"1 minute\" \/>\n<script type=\"application\/ld+json\" class=\"yoast-schema-graph\">{\"@context\":\"https:\/\/schema.org\",\"@graph\":[{\"@type\":\"WebPage\",\"@id\":\"https:\/\/burkinistar.com\/?product=kadin-bikini-takimi-gokkusagi-renkler-oruntu-detay\",\"url\":\"https:\/\/burkinistar.com\/?product=kadin-bikini-takimi-gokkusagi-renkler-oruntu-detay\",\"name\":\"Kad\u0131n Bikini Tak\u0131m\u0131 G\u00f6kku\u015fa\u011f\u0131 Renkler \u00d6r\u00fcnt\u00fc Detay - BURKINISTAR\",\"isPartOf\":{\"@id\":\"https:\/\/burkinistar.com\/#website\"},\"primaryImageOfPage\":{\"@id\":\"https:\/\/burkinistar.com\/?product=kadin-bikini-takimi-gokkusagi-renkler-oruntu-detay#primaryimage\"},\"image\":{\"@id\":\"https:\/\/burkinistar.com\/?product=kadin-bikini-takimi-gokkusagi-renkler-oruntu-detay#primaryimage\"},\"thumbnailUrl\":\"https:\/\/burkinistar.com\/wp-content\/uploads\/2025\/08\/mayokadin-bikini-takimi-gokkusagi-renk-546f-4.jpg\",\"datePublished\":\"2025-08-30T11:01:57+00:00\",\"dateModified\":\"2025-08-30T11:02:12+00:00\",\"breadcrumb\":{\"@id\":\"https:\/\/burkinistar.com\/?product=kadin-bikini-takimi-gokkusagi-renkler-oruntu-detay#breadcrumb\"},\"inLanguage\":\"en-US\",\"potentialAction\":[{\"@type\":\"ReadAction\",\"target\":[\"https:\/\/burkinistar.com\/?product=kadin-bikini-takimi-gokkusagi-renkler-oruntu-detay\"]}]},{\"@type\":\"ImageObject\",\"inLanguage\":\"en-US\",\"@id\":\"https:\/\/burkinistar.com\/?product=kadin-bikini-takimi-gokkusagi-renkler-oruntu-detay#primaryimage\",\"url\":\"https:\/\/burkinistar.com\/wp-content\/uploads\/2025\/08\/mayokadin-bikini-takimi-gokkusagi-renk-546f-4.jpg\",\"contentUrl\":\"https:\/\/burkinistar.com\/wp-content\/uploads\/2025\/08\/mayokadin-bikini-takimi-gokkusagi-renk-546f-4.jpg\",\"width\":600,\"height\":900},{\"@type\":\"BreadcrumbList\",\"@id\":\"https:\/\/burkinistar.com\/?product=kadin-bikini-takimi-gokkusagi-renkler-oruntu-detay#breadcrumb\",\"itemListElement\":[{\"@type\":\"ListItem\",\"position\":1,\"name\":\"Homepage\",\"item\":\"https:\/\/burkinistar.com\/\"},{\"@type\":\"ListItem\",\"position\":2,\"name\":\"All Products\",\"item\":\"https:\/\/burkinistar.com\/?page_id=8\"},{\"@type\":\"ListItem\",\"position\":3,\"name\":\"Kad\u0131n Bikini Tak\u0131m\u0131 G\u00f6kku\u015fa\u011f\u0131 Renkler \u00d6r\u00fcnt\u00fc Detay\"}]},{\"@type\":\"WebSite\",\"@id\":\"https:\/\/burkinistar.com\/#website\",\"url\":\"https:\/\/burkinistar.com\/\",\"name\":\"BURKINISTAR\",\"description\":\"The Best Modest Swimwear and Bikini Store | Burkinistar\",\"potentialAction\":[{\"@type\":\"SearchAction\",\"target\":{\"@type\":\"EntryPoint\",\"urlTemplate\":\"https:\/\/burkinistar.com\/?s={search_term_string}\"},\"query-input\":{\"@type\":\"PropertyValueSpecification\",\"valueRequired\":true,\"valueName\":\"search_term_string\"}}],\"inLanguage\":\"en-US\"}]}<\/script>\n<!-- \/ Yoast SEO plugin. -->","yoast_head_json":{"title":"Kad\u0131n Bikini Tak\u0131m\u0131 G\u00f6kku\u015fa\u011f\u0131 Renkler \u00d6r\u00fcnt\u00fc Detay - BURKINISTAR","robots":{"index":"index","follow":"follow","max-snippet":"max-snippet:-1","max-image-preview":"max-image-preview:large","max-video-preview":"max-video-preview:-1"},"canonical":"https:\/\/burkinistar.com\/?product=kadin-bikini-takimi-gokkusagi-renkler-oruntu-detay","og_locale":"en_US","og_type":"article","og_title":"Kad\u0131n Bikini Tak\u0131m\u0131 G\u00f6kku\u015fa\u011f\u0131 Renkler \u00d6r\u00fcnt\u00fc Detay - BURKINISTAR","og_description":"Kad\u0131n Renk Bloklu G\u00f6kku\u015fa\u011f\u0131 Bikini Tak\u0131m\u0131 Poliamid kuma\u015ftan \u00fcretilen \u00fcr\u00fcn\u00fcm\u00fcz, desen canl\u0131l\u0131\u011f\u0131 ve tarz\u0131yla tatilinize&hellip;","og_url":"https:\/\/burkinistar.com\/?product=kadin-bikini-takimi-gokkusagi-renkler-oruntu-detay","og_site_name":"BURKINISTAR","article_modified_time":"2025-08-30T11:02:12+00:00","og_image":[{"width":600,"height":900,"url":"https:\/\/burkinistar.com\/wp-content\/uploads\/2025\/08\/mayokadin-bikini-takimi-gokkusagi-renk-546f-4.jpg","type":"image\/jpeg"}],"twitter_card":"summary_large_image","twitter_misc":{"Est. reading time":"1 minute"},"schema":{"@context":"https:\/\/schema.org","@graph":[{"@type":"WebPage","@id":"https:\/\/burkinistar.com\/?product=kadin-bikini-takimi-gokkusagi-renkler-oruntu-detay","url":"https:\/\/burkinistar.com\/?product=kadin-bikini-takimi-gokkusagi-renkler-oruntu-detay","name":"Kad\u0131n Bikini Tak\u0131m\u0131 G\u00f6kku\u015fa\u011f\u0131 Renkler \u00d6r\u00fcnt\u00fc Detay - BURKINISTAR","isPartOf":{"@id":"https:\/\/burkinistar.com\/#website"},"primaryImageOfPage":{"@id":"https:\/\/burkinistar.com\/?product=kadin-bikini-takimi-gokkusagi-renkler-oruntu-detay#primaryimage"},"image":{"@id":"https:\/\/burkinistar.com\/?product=kadin-bikini-takimi-gokkusagi-renkler-oruntu-detay#primaryimage"},"thumbnailUrl":"https:\/\/burkinistar.com\/wp-content\/uploads\/2025\/08\/mayokadin-bikini-takimi-gokkusagi-renk-546f-4.jpg","datePublished":"2025-08-30T11:01:57+00:00","dateModified":"2025-08-30T11:02:12+00:00","breadcrumb":{"@id":"https:\/\/burkinistar.com\/?product=kadin-bikini-takimi-gokkusagi-renkler-oruntu-detay#breadcrumb"},"inLanguage":"en-US","potentialAction":[{"@type":"ReadAction","target":["https:\/\/burkinistar.com\/?product=kadin-bikini-takimi-gokkusagi-renkler-oruntu-detay"]}]},{"@type":"ImageObject","inLanguage":"en-US","@id":"https:\/\/burkinistar.com\/?product=kadin-bikini-takimi-gokkusagi-renkler-oruntu-detay#primaryimage","url":"https:\/\/burkinistar.com\/wp-content\/uploads\/2025\/08\/mayokadin-bikini-takimi-gokkusagi-renk-546f-4.jpg","contentUrl":"https:\/\/burkinistar.com\/wp-content\/uploads\/2025\/08\/mayokadin-bikini-takimi-gokkusagi-renk-546f-4.jpg","width":600,"height":900},{"@type":"BreadcrumbList","@id":"https:\/\/burkinistar.com\/?product=kadin-bikini-takimi-gokkusagi-renkler-oruntu-detay#breadcrumb","itemListElement":[{"@type":"ListItem","position":1,"name":"Homepage","item":"https:\/\/burkinistar.com\/"},{"@type":"ListItem","position":2,"name":"All Products","item":"https:\/\/burkinistar.com\/?page_id=8"},{"@type":"ListItem","position":3,"name":"Kad\u0131n Bikini Tak\u0131m\u0131 G\u00f6kku\u015fa\u011f\u0131 Renkler \u00d6r\u00fcnt\u00fc Detay"}]},{"@type":"WebSite","@id":"https:\/\/burkinistar.com\/#website","url":"https:\/\/burkinistar.com\/","name":"BURKINISTAR","description":"The Best Modest Swimwear and Bikini Store | Burkinistar","potentialAction":[{"@type":"SearchAction","target":{"@type":"EntryPoint","urlTemplate":"https:\/\/burkinistar.com\/?s={search_term_string}"},"query-input":{"@type":"PropertyValueSpecification","valueRequired":true,"valueName":"search_term_string"}}],"inLanguage":"en-US"}]}},"_links":{"self":[{"href":"https:\/\/burkinistar.com\/index.php?rest_route=\/wp\/v2\/product\/50581","targetHints":{"allow":["GET"]}}],"collection":[{"href":"https:\/\/burkinistar.com\/index.php?rest_route=\/wp\/v2\/product"}],"about":[{"href":"https:\/\/burkinistar.com\/index.php?rest_route=\/wp\/v2\/types\/product"}],"replies":[{"embeddable":true,"href":"https:\/\/burkinistar.com\/index.php?rest_route=%2Fwp%2Fv2%2Fcomments&post=50581"}],"version-history":[{"count":1,"href":"https:\/\/burkinistar.com\/index.php?rest_route=\/wp\/v2\/product\/50581\/revisions"}],"predecessor-version":[{"id":50582,"href":"https:\/\/burkinistar.com\/index.php?rest_route=\/wp\/v2\/product\/50581\/revisions\/50582"}],"wp:featuredmedia":[{"embeddable":true,"href":"https:\/\/burkinistar.com\/index.php?rest_route=\/wp\/v2\/media\/50584"}],"wp:attachment":[{"href":"https:\/\/burkinistar.com\/index.php?rest_route=%2Fwp%2Fv2%2Fmedia&parent=50581"}],"wp:term":[{"taxonomy":"product_brand","embeddable":true,"href":"https:\/\/burkinistar.com\/index.php?rest_route=%2Fwp%2Fv2%2Fproduct_brand&post=50581"},{"taxonomy":"product_cat","embeddable":true,"href":"https:\/\/burkinistar.com\/index.php?rest_route=%2Fwp%2Fv2%2Fproduct_cat&post=50581"},{"taxonomy":"product_tag","embeddable":true,"href":"https:\/\/burkinistar.com\/index.php?rest_route=%2Fwp%2Fv2%2Fproduct_tag&post=50581"}],"curies":[{"name":"wp","href":"https:\/\/api.w.org\/{rel}","templated":true}]}}