{"id":50615,"date":"2025-08-30T11:02:13","date_gmt":"2025-08-30T11:02:13","guid":{"rendered":"https:\/\/burkinistar.com\/?product=bikini-takimi-toparlayici-mavi-soyut-desen"},"modified":"2025-08-30T11:02:34","modified_gmt":"2025-08-30T11:02:34","slug":"bikini-takimi-toparlayici-mavi-soyut-desen","status":"publish","type":"product","link":"https:\/\/burkinistar.com\/?product=bikini-takimi-toparlayici-mavi-soyut-desen","title":{"rendered":"Bikini Tak\u0131m\u0131 Toparlay\u0131c\u0131 Mavi Soyut Desen"},"content":{"rendered":"<p>Bikini Tak\u0131m\u0131 Bralet Toparlay\u0131c\u0131 Mavi Soyut Desen Canl\u0131 renkleri ile tatilinize renk Katacak soyut desenli bikini tak\u0131m\u0131. \u00dcst ve alt k\u0131sm\u0131nda astar mevcuttur. \u00dcst k\u0131sm\u0131nda \u00e7\u0131kar\u0131labilir g\u00f6\u011f\u00fcs pedi mevcuttur. S\u0131rt k\u0131sm\u0131nda plastik kop\u00e7a sayesinde suda iken \u00fcr\u00fcnde a\u00e7\u0131lma olmaz. Ayarlanabilir ask\u0131s\u0131 sayesinde v\u00fccudunuzda istedi\u011finiz gibi durur. Balensiz yap\u0131s\u0131 ve tulum diki\u015fleri ile daha konforlu y\u00fczmeyi sa\u011flayacakt\u0131r. Ask\u0131 k\u0131sm\u0131n\u0131n lastikli ipi sayesinde v\u00fccudu kavrayabilecek daha rahat y\u00fczmeyi sa\u011flayacakt\u0131r. Manken \u00f6l\u00e7\u00fcleri 85-62-92 Manken \u00fczerindeki \u00fcr\u00fcn\u00fcn bedeni 38&#8217;dir.<\/p>\n","protected":false},"excerpt":{"rendered":"<p>Bikini Tak\u0131m\u0131 Bralet Toparlay\u0131c\u0131 Mavi Soyut Desen Canl\u0131 renkleri ile tatilinize renk Katacak soyut desenli&hellip;<\/p>\n","protected":false},"featured_media":50618,"comment_status":"closed","ping_status":"open","template":"","meta":[],"product_brand":[2562],"product_cat":[2503],"product_tag":[],"class_list":{"0":"post-50615","1":"product","2":"type-product","3":"status-publish","4":"has-post-thumbnail","6":"product_brand-starinci-mayo","7":"product_cat-bikini","8":"pa_color-acik-mavi","9":"pa_size-2587","11":"first","12":"instock","13":"shipping-taxable","14":"purchasable","15":"product-type-variable","16":"layout-style-2","17":"col-md-4 col-sm-4 col-xs-6","18":"col-lg-4","19":"product-has-gallery","20":"product-style-slider"},"yoast_head":"<!-- This site is optimized with the Yoast SEO plugin v25.8 - https:\/\/yoast.com\/wordpress\/plugins\/seo\/ -->\n<title>Bikini Tak\u0131m\u0131 Toparlay\u0131c\u0131 Mavi Soyut Desen - BURKINISTAR<\/title>\n<meta name=\"robots\" content=\"index, follow, max-snippet:-1, max-image-preview:large, max-video-preview:-1\" \/>\n<link rel=\"canonical\" href=\"https:\/\/burkinistar.com\/?product=bikini-takimi-toparlayici-mavi-soyut-desen\" \/>\n<meta property=\"og:locale\" content=\"en_US\" \/>\n<meta property=\"og:type\" content=\"article\" \/>\n<meta property=\"og:title\" content=\"Bikini Tak\u0131m\u0131 Toparlay\u0131c\u0131 Mavi Soyut Desen - BURKINISTAR\" \/>\n<meta property=\"og:description\" content=\"Bikini Tak\u0131m\u0131 Bralet Toparlay\u0131c\u0131 Mavi Soyut Desen Canl\u0131 renkleri ile tatilinize renk Katacak soyut desenli&hellip;\" \/>\n<meta property=\"og:url\" content=\"https:\/\/burkinistar.com\/?product=bikini-takimi-toparlayici-mavi-soyut-desen\" \/>\n<meta property=\"og:site_name\" content=\"BURKINISTAR\" \/>\n<meta property=\"article:modified_time\" content=\"2025-08-30T11:02:34+00:00\" \/>\n<meta property=\"og:image\" content=\"https:\/\/burkinistar.com\/wp-content\/uploads\/2025\/08\/mayobikini-takimi-toparlayici-mavi-soy-44e2-9.jpg\" \/>\n\t<meta property=\"og:image:width\" content=\"600\" \/>\n\t<meta property=\"og:image:height\" content=\"900\" \/>\n\t<meta property=\"og:image:type\" content=\"image\/jpeg\" \/>\n<meta name=\"twitter:card\" content=\"summary_large_image\" \/>\n<meta name=\"twitter:label1\" content=\"Est. reading time\" \/>\n\t<meta name=\"twitter:data1\" content=\"1 minute\" \/>\n<script type=\"application\/ld+json\" class=\"yoast-schema-graph\">{\"@context\":\"https:\/\/schema.org\",\"@graph\":[{\"@type\":\"WebPage\",\"@id\":\"https:\/\/burkinistar.com\/?product=bikini-takimi-toparlayici-mavi-soyut-desen\",\"url\":\"https:\/\/burkinistar.com\/?product=bikini-takimi-toparlayici-mavi-soyut-desen\",\"name\":\"Bikini Tak\u0131m\u0131 Toparlay\u0131c\u0131 Mavi Soyut Desen - BURKINISTAR\",\"isPartOf\":{\"@id\":\"https:\/\/burkinistar.com\/#website\"},\"primaryImageOfPage\":{\"@id\":\"https:\/\/burkinistar.com\/?product=bikini-takimi-toparlayici-mavi-soyut-desen#primaryimage\"},\"image\":{\"@id\":\"https:\/\/burkinistar.com\/?product=bikini-takimi-toparlayici-mavi-soyut-desen#primaryimage\"},\"thumbnailUrl\":\"https:\/\/burkinistar.com\/wp-content\/uploads\/2025\/08\/mayobikini-takimi-toparlayici-mavi-soy-44e2-9.jpg\",\"datePublished\":\"2025-08-30T11:02:13+00:00\",\"dateModified\":\"2025-08-30T11:02:34+00:00\",\"breadcrumb\":{\"@id\":\"https:\/\/burkinistar.com\/?product=bikini-takimi-toparlayici-mavi-soyut-desen#breadcrumb\"},\"inLanguage\":\"en-US\",\"potentialAction\":[{\"@type\":\"ReadAction\",\"target\":[\"https:\/\/burkinistar.com\/?product=bikini-takimi-toparlayici-mavi-soyut-desen\"]}]},{\"@type\":\"ImageObject\",\"inLanguage\":\"en-US\",\"@id\":\"https:\/\/burkinistar.com\/?product=bikini-takimi-toparlayici-mavi-soyut-desen#primaryimage\",\"url\":\"https:\/\/burkinistar.com\/wp-content\/uploads\/2025\/08\/mayobikini-takimi-toparlayici-mavi-soy-44e2-9.jpg\",\"contentUrl\":\"https:\/\/burkinistar.com\/wp-content\/uploads\/2025\/08\/mayobikini-takimi-toparlayici-mavi-soy-44e2-9.jpg\",\"width\":600,\"height\":900},{\"@type\":\"BreadcrumbList\",\"@id\":\"https:\/\/burkinistar.com\/?product=bikini-takimi-toparlayici-mavi-soyut-desen#breadcrumb\",\"itemListElement\":[{\"@type\":\"ListItem\",\"position\":1,\"name\":\"Homepage\",\"item\":\"https:\/\/burkinistar.com\/\"},{\"@type\":\"ListItem\",\"position\":2,\"name\":\"All Products\",\"item\":\"https:\/\/burkinistar.com\/?page_id=8\"},{\"@type\":\"ListItem\",\"position\":3,\"name\":\"Bikini Tak\u0131m\u0131 Toparlay\u0131c\u0131 Mavi Soyut Desen\"}]},{\"@type\":\"WebSite\",\"@id\":\"https:\/\/burkinistar.com\/#website\",\"url\":\"https:\/\/burkinistar.com\/\",\"name\":\"BURKINISTAR\",\"description\":\"The Best Modest Swimwear and Bikini Store | Burkinistar\",\"potentialAction\":[{\"@type\":\"SearchAction\",\"target\":{\"@type\":\"EntryPoint\",\"urlTemplate\":\"https:\/\/burkinistar.com\/?s={search_term_string}\"},\"query-input\":{\"@type\":\"PropertyValueSpecification\",\"valueRequired\":true,\"valueName\":\"search_term_string\"}}],\"inLanguage\":\"en-US\"}]}<\/script>\n<!-- \/ Yoast SEO plugin. -->","yoast_head_json":{"title":"Bikini Tak\u0131m\u0131 Toparlay\u0131c\u0131 Mavi Soyut Desen - BURKINISTAR","robots":{"index":"index","follow":"follow","max-snippet":"max-snippet:-1","max-image-preview":"max-image-preview:large","max-video-preview":"max-video-preview:-1"},"canonical":"https:\/\/burkinistar.com\/?product=bikini-takimi-toparlayici-mavi-soyut-desen","og_locale":"en_US","og_type":"article","og_title":"Bikini Tak\u0131m\u0131 Toparlay\u0131c\u0131 Mavi Soyut Desen - BURKINISTAR","og_description":"Bikini Tak\u0131m\u0131 Bralet Toparlay\u0131c\u0131 Mavi Soyut Desen Canl\u0131 renkleri ile tatilinize renk Katacak soyut desenli&hellip;","og_url":"https:\/\/burkinistar.com\/?product=bikini-takimi-toparlayici-mavi-soyut-desen","og_site_name":"BURKINISTAR","article_modified_time":"2025-08-30T11:02:34+00:00","og_image":[{"width":600,"height":900,"url":"https:\/\/burkinistar.com\/wp-content\/uploads\/2025\/08\/mayobikini-takimi-toparlayici-mavi-soy-44e2-9.jpg","type":"image\/jpeg"}],"twitter_card":"summary_large_image","twitter_misc":{"Est. reading time":"1 minute"},"schema":{"@context":"https:\/\/schema.org","@graph":[{"@type":"WebPage","@id":"https:\/\/burkinistar.com\/?product=bikini-takimi-toparlayici-mavi-soyut-desen","url":"https:\/\/burkinistar.com\/?product=bikini-takimi-toparlayici-mavi-soyut-desen","name":"Bikini Tak\u0131m\u0131 Toparlay\u0131c\u0131 Mavi Soyut Desen - BURKINISTAR","isPartOf":{"@id":"https:\/\/burkinistar.com\/#website"},"primaryImageOfPage":{"@id":"https:\/\/burkinistar.com\/?product=bikini-takimi-toparlayici-mavi-soyut-desen#primaryimage"},"image":{"@id":"https:\/\/burkinistar.com\/?product=bikini-takimi-toparlayici-mavi-soyut-desen#primaryimage"},"thumbnailUrl":"https:\/\/burkinistar.com\/wp-content\/uploads\/2025\/08\/mayobikini-takimi-toparlayici-mavi-soy-44e2-9.jpg","datePublished":"2025-08-30T11:02:13+00:00","dateModified":"2025-08-30T11:02:34+00:00","breadcrumb":{"@id":"https:\/\/burkinistar.com\/?product=bikini-takimi-toparlayici-mavi-soyut-desen#breadcrumb"},"inLanguage":"en-US","potentialAction":[{"@type":"ReadAction","target":["https:\/\/burkinistar.com\/?product=bikini-takimi-toparlayici-mavi-soyut-desen"]}]},{"@type":"ImageObject","inLanguage":"en-US","@id":"https:\/\/burkinistar.com\/?product=bikini-takimi-toparlayici-mavi-soyut-desen#primaryimage","url":"https:\/\/burkinistar.com\/wp-content\/uploads\/2025\/08\/mayobikini-takimi-toparlayici-mavi-soy-44e2-9.jpg","contentUrl":"https:\/\/burkinistar.com\/wp-content\/uploads\/2025\/08\/mayobikini-takimi-toparlayici-mavi-soy-44e2-9.jpg","width":600,"height":900},{"@type":"BreadcrumbList","@id":"https:\/\/burkinistar.com\/?product=bikini-takimi-toparlayici-mavi-soyut-desen#breadcrumb","itemListElement":[{"@type":"ListItem","position":1,"name":"Homepage","item":"https:\/\/burkinistar.com\/"},{"@type":"ListItem","position":2,"name":"All Products","item":"https:\/\/burkinistar.com\/?page_id=8"},{"@type":"ListItem","position":3,"name":"Bikini Tak\u0131m\u0131 Toparlay\u0131c\u0131 Mavi Soyut Desen"}]},{"@type":"WebSite","@id":"https:\/\/burkinistar.com\/#website","url":"https:\/\/burkinistar.com\/","name":"BURKINISTAR","description":"The Best Modest Swimwear and Bikini Store | Burkinistar","potentialAction":[{"@type":"SearchAction","target":{"@type":"EntryPoint","urlTemplate":"https:\/\/burkinistar.com\/?s={search_term_string}"},"query-input":{"@type":"PropertyValueSpecification","valueRequired":true,"valueName":"search_term_string"}}],"inLanguage":"en-US"}]}},"_links":{"self":[{"href":"https:\/\/burkinistar.com\/index.php?rest_route=\/wp\/v2\/product\/50615","targetHints":{"allow":["GET"]}}],"collection":[{"href":"https:\/\/burkinistar.com\/index.php?rest_route=\/wp\/v2\/product"}],"about":[{"href":"https:\/\/burkinistar.com\/index.php?rest_route=\/wp\/v2\/types\/product"}],"replies":[{"embeddable":true,"href":"https:\/\/burkinistar.com\/index.php?rest_route=%2Fwp%2Fv2%2Fcomments&post=50615"}],"version-history":[{"count":1,"href":"https:\/\/burkinistar.com\/index.php?rest_route=\/wp\/v2\/product\/50615\/revisions"}],"predecessor-version":[{"id":50616,"href":"https:\/\/burkinistar.com\/index.php?rest_route=\/wp\/v2\/product\/50615\/revisions\/50616"}],"wp:featuredmedia":[{"embeddable":true,"href":"https:\/\/burkinistar.com\/index.php?rest_route=\/wp\/v2\/media\/50618"}],"wp:attachment":[{"href":"https:\/\/burkinistar.com\/index.php?rest_route=%2Fwp%2Fv2%2Fmedia&parent=50615"}],"wp:term":[{"taxonomy":"product_brand","embeddable":true,"href":"https:\/\/burkinistar.com\/index.php?rest_route=%2Fwp%2Fv2%2Fproduct_brand&post=50615"},{"taxonomy":"product_cat","embeddable":true,"href":"https:\/\/burkinistar.com\/index.php?rest_route=%2Fwp%2Fv2%2Fproduct_cat&post=50615"},{"taxonomy":"product_tag","embeddable":true,"href":"https:\/\/burkinistar.com\/index.php?rest_route=%2Fwp%2Fv2%2Fproduct_tag&post=50615"}],"curies":[{"name":"wp","href":"https:\/\/api.w.org\/{rel}","templated":true}]}}