{"id":50622,"date":"2025-08-30T11:02:13","date_gmt":"2025-08-30T11:02:13","guid":{"rendered":"https:\/\/burkinistar.com\/?product=bady-bikini-takimi-toparlayici-turuncu-retro-desen"},"modified":"2025-08-30T11:02:34","modified_gmt":"2025-08-30T11:02:34","slug":"bady-bikini-takimi-toparlayici-turuncu-retro-desen","status":"publish","type":"product","link":"https:\/\/burkinistar.com\/?product=bady-bikini-takimi-toparlayici-turuncu-retro-desen","title":{"rendered":"Bady Bikini Tak\u0131m\u0131 Toparlay\u0131c\u0131 Turuncu Retro Desen"},"content":{"rendered":"<h2>Bady Bikini Tak\u0131m\u0131 Bralet Toparlay\u0131c\u0131 Retro Desen<\/h2>\n<ul>\n<li>Canl\u0131 renkleri ve \u015f\u0131k tasar\u0131m\u0131 ile tatilinize renk katacak bikini tak\u0131m\u0131.<\/li>\n<li>Tatilinizin vazge\u00e7ilmez par\u00e7as\u0131 olmas\u0131n\u0131 sa\u011fl\u0131yor.<\/li>\n<li>\u00dcst ve alt k\u0131sm\u0131n\u0131n tulum diki\u015flidir.<\/li>\n<li>Balensizdir.Astarl\u0131d\u0131r.<\/li>\n<li>Lastikli ip ask\u0131s\u0131 mevcuttur.<\/li>\n<li>Toparlay\u0131c\u0131 \u00f6zelli\u011fi vard\u0131r.<\/li>\n<li>\u00c7\u0131kar\u0131labilir g\u00f6\u011f\u00fcs pedi vard\u0131r.<\/li>\n<li>Ayarlanabilir ask\u0131s\u0131 mevcuttur.<\/li>\n<li>Manken \u00f6l\u00e7\u00fcleri 85 -62 92.<\/li>\n<li>Manken \u00fczerindeki \u00fcr\u00fcn\u00fcn bedeni 38&#8217;dir.<\/li>\n<\/ul>\n","protected":false},"excerpt":{"rendered":"<p>Bady Bikini Tak\u0131m\u0131 Bralet Toparlay\u0131c\u0131 Retro Desen Canl\u0131 renkleri ve \u015f\u0131k tasar\u0131m\u0131 ile tatilinize renk&hellip;<\/p>\n","protected":false},"featured_media":50625,"comment_status":"closed","ping_status":"open","template":"","meta":[],"product_brand":[2562],"product_cat":[2503],"product_tag":[],"class_list":{"0":"post-50622","1":"product","2":"type-product","3":"status-publish","4":"has-post-thumbnail","6":"product_brand-starinci-mayo","7":"product_cat-bikini","8":"pa_color-turuncu","9":"pa_size-2587","10":"pa_size-2581","11":"pa_size-2582","12":"pa_size-2583","14":"first","15":"instock","16":"shipping-taxable","17":"purchasable","18":"product-type-variable","19":"layout-style-2","20":"col-md-4 col-sm-4 col-xs-6","21":"col-lg-4","22":"product-has-gallery","23":"product-style-slider"},"yoast_head":"<!-- This site is optimized with the Yoast SEO plugin v25.8 - https:\/\/yoast.com\/wordpress\/plugins\/seo\/ -->\n<title>Bady Bikini Tak\u0131m\u0131 Toparlay\u0131c\u0131 Turuncu Retro Desen - BURKINISTAR<\/title>\n<meta name=\"robots\" content=\"index, follow, max-snippet:-1, max-image-preview:large, max-video-preview:-1\" \/>\n<link rel=\"canonical\" href=\"https:\/\/burkinistar.com\/?product=bady-bikini-takimi-toparlayici-turuncu-retro-desen\" \/>\n<meta property=\"og:locale\" content=\"en_US\" \/>\n<meta property=\"og:type\" content=\"article\" \/>\n<meta property=\"og:title\" content=\"Bady Bikini Tak\u0131m\u0131 Toparlay\u0131c\u0131 Turuncu Retro Desen - BURKINISTAR\" \/>\n<meta property=\"og:description\" content=\"Bady Bikini Tak\u0131m\u0131 Bralet Toparlay\u0131c\u0131 Retro Desen Canl\u0131 renkleri ve \u015f\u0131k tasar\u0131m\u0131 ile tatilinize renk&hellip;\" \/>\n<meta property=\"og:url\" content=\"https:\/\/burkinistar.com\/?product=bady-bikini-takimi-toparlayici-turuncu-retro-desen\" \/>\n<meta property=\"og:site_name\" content=\"BURKINISTAR\" \/>\n<meta property=\"article:modified_time\" content=\"2025-08-30T11:02:34+00:00\" \/>\n<meta property=\"og:image\" content=\"https:\/\/burkinistar.com\/wp-content\/uploads\/2025\/08\/mayobady-bikini-takimi-toparlayici-tur-4c9c-b.jpg\" \/>\n\t<meta property=\"og:image:width\" content=\"600\" \/>\n\t<meta property=\"og:image:height\" content=\"900\" \/>\n\t<meta property=\"og:image:type\" content=\"image\/jpeg\" \/>\n<meta name=\"twitter:card\" content=\"summary_large_image\" \/>\n<script type=\"application\/ld+json\" class=\"yoast-schema-graph\">{\"@context\":\"https:\/\/schema.org\",\"@graph\":[{\"@type\":\"WebPage\",\"@id\":\"https:\/\/burkinistar.com\/?product=bady-bikini-takimi-toparlayici-turuncu-retro-desen\",\"url\":\"https:\/\/burkinistar.com\/?product=bady-bikini-takimi-toparlayici-turuncu-retro-desen\",\"name\":\"Bady Bikini Tak\u0131m\u0131 Toparlay\u0131c\u0131 Turuncu Retro Desen - BURKINISTAR\",\"isPartOf\":{\"@id\":\"https:\/\/burkinistar.com\/#website\"},\"primaryImageOfPage\":{\"@id\":\"https:\/\/burkinistar.com\/?product=bady-bikini-takimi-toparlayici-turuncu-retro-desen#primaryimage\"},\"image\":{\"@id\":\"https:\/\/burkinistar.com\/?product=bady-bikini-takimi-toparlayici-turuncu-retro-desen#primaryimage\"},\"thumbnailUrl\":\"https:\/\/burkinistar.com\/wp-content\/uploads\/2025\/08\/mayobady-bikini-takimi-toparlayici-tur-4c9c-b.jpg\",\"datePublished\":\"2025-08-30T11:02:13+00:00\",\"dateModified\":\"2025-08-30T11:02:34+00:00\",\"breadcrumb\":{\"@id\":\"https:\/\/burkinistar.com\/?product=bady-bikini-takimi-toparlayici-turuncu-retro-desen#breadcrumb\"},\"inLanguage\":\"en-US\",\"potentialAction\":[{\"@type\":\"ReadAction\",\"target\":[\"https:\/\/burkinistar.com\/?product=bady-bikini-takimi-toparlayici-turuncu-retro-desen\"]}]},{\"@type\":\"ImageObject\",\"inLanguage\":\"en-US\",\"@id\":\"https:\/\/burkinistar.com\/?product=bady-bikini-takimi-toparlayici-turuncu-retro-desen#primaryimage\",\"url\":\"https:\/\/burkinistar.com\/wp-content\/uploads\/2025\/08\/mayobady-bikini-takimi-toparlayici-tur-4c9c-b.jpg\",\"contentUrl\":\"https:\/\/burkinistar.com\/wp-content\/uploads\/2025\/08\/mayobady-bikini-takimi-toparlayici-tur-4c9c-b.jpg\",\"width\":600,\"height\":900},{\"@type\":\"BreadcrumbList\",\"@id\":\"https:\/\/burkinistar.com\/?product=bady-bikini-takimi-toparlayici-turuncu-retro-desen#breadcrumb\",\"itemListElement\":[{\"@type\":\"ListItem\",\"position\":1,\"name\":\"Homepage\",\"item\":\"https:\/\/burkinistar.com\/\"},{\"@type\":\"ListItem\",\"position\":2,\"name\":\"All Products\",\"item\":\"https:\/\/burkinistar.com\/?page_id=8\"},{\"@type\":\"ListItem\",\"position\":3,\"name\":\"Bady Bikini Tak\u0131m\u0131 Toparlay\u0131c\u0131 Turuncu Retro Desen\"}]},{\"@type\":\"WebSite\",\"@id\":\"https:\/\/burkinistar.com\/#website\",\"url\":\"https:\/\/burkinistar.com\/\",\"name\":\"BURKINISTAR\",\"description\":\"The Best Modest Swimwear and Bikini Store | Burkinistar\",\"potentialAction\":[{\"@type\":\"SearchAction\",\"target\":{\"@type\":\"EntryPoint\",\"urlTemplate\":\"https:\/\/burkinistar.com\/?s={search_term_string}\"},\"query-input\":{\"@type\":\"PropertyValueSpecification\",\"valueRequired\":true,\"valueName\":\"search_term_string\"}}],\"inLanguage\":\"en-US\"}]}<\/script>\n<!-- \/ Yoast SEO plugin. -->","yoast_head_json":{"title":"Bady Bikini Tak\u0131m\u0131 Toparlay\u0131c\u0131 Turuncu Retro Desen - BURKINISTAR","robots":{"index":"index","follow":"follow","max-snippet":"max-snippet:-1","max-image-preview":"max-image-preview:large","max-video-preview":"max-video-preview:-1"},"canonical":"https:\/\/burkinistar.com\/?product=bady-bikini-takimi-toparlayici-turuncu-retro-desen","og_locale":"en_US","og_type":"article","og_title":"Bady Bikini Tak\u0131m\u0131 Toparlay\u0131c\u0131 Turuncu Retro Desen - BURKINISTAR","og_description":"Bady Bikini Tak\u0131m\u0131 Bralet Toparlay\u0131c\u0131 Retro Desen Canl\u0131 renkleri ve \u015f\u0131k tasar\u0131m\u0131 ile tatilinize renk&hellip;","og_url":"https:\/\/burkinistar.com\/?product=bady-bikini-takimi-toparlayici-turuncu-retro-desen","og_site_name":"BURKINISTAR","article_modified_time":"2025-08-30T11:02:34+00:00","og_image":[{"width":600,"height":900,"url":"https:\/\/burkinistar.com\/wp-content\/uploads\/2025\/08\/mayobady-bikini-takimi-toparlayici-tur-4c9c-b.jpg","type":"image\/jpeg"}],"twitter_card":"summary_large_image","schema":{"@context":"https:\/\/schema.org","@graph":[{"@type":"WebPage","@id":"https:\/\/burkinistar.com\/?product=bady-bikini-takimi-toparlayici-turuncu-retro-desen","url":"https:\/\/burkinistar.com\/?product=bady-bikini-takimi-toparlayici-turuncu-retro-desen","name":"Bady Bikini Tak\u0131m\u0131 Toparlay\u0131c\u0131 Turuncu Retro Desen - BURKINISTAR","isPartOf":{"@id":"https:\/\/burkinistar.com\/#website"},"primaryImageOfPage":{"@id":"https:\/\/burkinistar.com\/?product=bady-bikini-takimi-toparlayici-turuncu-retro-desen#primaryimage"},"image":{"@id":"https:\/\/burkinistar.com\/?product=bady-bikini-takimi-toparlayici-turuncu-retro-desen#primaryimage"},"thumbnailUrl":"https:\/\/burkinistar.com\/wp-content\/uploads\/2025\/08\/mayobady-bikini-takimi-toparlayici-tur-4c9c-b.jpg","datePublished":"2025-08-30T11:02:13+00:00","dateModified":"2025-08-30T11:02:34+00:00","breadcrumb":{"@id":"https:\/\/burkinistar.com\/?product=bady-bikini-takimi-toparlayici-turuncu-retro-desen#breadcrumb"},"inLanguage":"en-US","potentialAction":[{"@type":"ReadAction","target":["https:\/\/burkinistar.com\/?product=bady-bikini-takimi-toparlayici-turuncu-retro-desen"]}]},{"@type":"ImageObject","inLanguage":"en-US","@id":"https:\/\/burkinistar.com\/?product=bady-bikini-takimi-toparlayici-turuncu-retro-desen#primaryimage","url":"https:\/\/burkinistar.com\/wp-content\/uploads\/2025\/08\/mayobady-bikini-takimi-toparlayici-tur-4c9c-b.jpg","contentUrl":"https:\/\/burkinistar.com\/wp-content\/uploads\/2025\/08\/mayobady-bikini-takimi-toparlayici-tur-4c9c-b.jpg","width":600,"height":900},{"@type":"BreadcrumbList","@id":"https:\/\/burkinistar.com\/?product=bady-bikini-takimi-toparlayici-turuncu-retro-desen#breadcrumb","itemListElement":[{"@type":"ListItem","position":1,"name":"Homepage","item":"https:\/\/burkinistar.com\/"},{"@type":"ListItem","position":2,"name":"All Products","item":"https:\/\/burkinistar.com\/?page_id=8"},{"@type":"ListItem","position":3,"name":"Bady Bikini Tak\u0131m\u0131 Toparlay\u0131c\u0131 Turuncu Retro Desen"}]},{"@type":"WebSite","@id":"https:\/\/burkinistar.com\/#website","url":"https:\/\/burkinistar.com\/","name":"BURKINISTAR","description":"The Best Modest Swimwear and Bikini Store | Burkinistar","potentialAction":[{"@type":"SearchAction","target":{"@type":"EntryPoint","urlTemplate":"https:\/\/burkinistar.com\/?s={search_term_string}"},"query-input":{"@type":"PropertyValueSpecification","valueRequired":true,"valueName":"search_term_string"}}],"inLanguage":"en-US"}]}},"_links":{"self":[{"href":"https:\/\/burkinistar.com\/index.php?rest_route=\/wp\/v2\/product\/50622","targetHints":{"allow":["GET"]}}],"collection":[{"href":"https:\/\/burkinistar.com\/index.php?rest_route=\/wp\/v2\/product"}],"about":[{"href":"https:\/\/burkinistar.com\/index.php?rest_route=\/wp\/v2\/types\/product"}],"replies":[{"embeddable":true,"href":"https:\/\/burkinistar.com\/index.php?rest_route=%2Fwp%2Fv2%2Fcomments&post=50622"}],"version-history":[{"count":1,"href":"https:\/\/burkinistar.com\/index.php?rest_route=\/wp\/v2\/product\/50622\/revisions"}],"predecessor-version":[{"id":50623,"href":"https:\/\/burkinistar.com\/index.php?rest_route=\/wp\/v2\/product\/50622\/revisions\/50623"}],"wp:featuredmedia":[{"embeddable":true,"href":"https:\/\/burkinistar.com\/index.php?rest_route=\/wp\/v2\/media\/50625"}],"wp:attachment":[{"href":"https:\/\/burkinistar.com\/index.php?rest_route=%2Fwp%2Fv2%2Fmedia&parent=50622"}],"wp:term":[{"taxonomy":"product_brand","embeddable":true,"href":"https:\/\/burkinistar.com\/index.php?rest_route=%2Fwp%2Fv2%2Fproduct_brand&post=50622"},{"taxonomy":"product_cat","embeddable":true,"href":"https:\/\/burkinistar.com\/index.php?rest_route=%2Fwp%2Fv2%2Fproduct_cat&post=50622"},{"taxonomy":"product_tag","embeddable":true,"href":"https:\/\/burkinistar.com\/index.php?rest_route=%2Fwp%2Fv2%2Fproduct_tag&post=50622"}],"curies":[{"name":"wp","href":"https:\/\/api.w.org\/{rel}","templated":true}]}}