{"id":50690,"date":"2025-08-30T11:27:10","date_gmt":"2025-08-30T11:27:10","guid":{"rendered":"https:\/\/burkinistar.com\/?product=kadin-sortlu-elbiseli-mayo-yaprak-desenler-yesil"},"modified":"2025-08-30T11:27:32","modified_gmt":"2025-08-30T11:27:32","slug":"kadin-sortlu-elbiseli-mayo-yaprak-desenler-yesil","status":"publish","type":"product","link":"https:\/\/burkinistar.com\/?product=kadin-sortlu-elbiseli-mayo-yaprak-desenler-yesil","title":{"rendered":"Kad\u0131n \u015eortlu Elbiseli Mayo Yaprak Desenler Ye\u015fil"},"content":{"rendered":"<p>Kad\u0131n \u015eortlu Elbiseli Mayo Ye\u015fil Yaprakl\u0131 \u00dcr\u00fcn\u00fcm\u00fcz Renk canl\u0131l\u0131\u011f\u0131 ve e\u015fsiz deseniyle tatilinize \u015f\u0131kl\u0131k katacakt\u0131r. Elbise mayomuzun kuma\u015f\u0131 likral\u0131 s\u00fcpremdir. \u0130\u00e7 k\u0131sm\u0131 komple astarl\u0131d\u0131r ve alt k\u0131s\u0131m astara dikili \u015forttur. \u015eortun i\u00e7i astarl\u0131d\u0131r. \u00dcr\u00fcnde astara dikili cup mevcuttur. Kol a\u011f\u0131zlar\u0131, g\u00f6\u011f\u00fcs ve s\u0131rt dekoltesinde lastikli diki\u015f mevcuttur. Bu sayede su i\u00e7erisinde a\u00e7\u0131lma veya d\u00fc\u015fme yapmaz. Manken \u00fczerindeki \u00fcr\u00fcn\u00fcn bedeni 38&#8217;dir. Manken \u00f6l\u00e7\u00fcleri; 86\/61\/91<\/p>\n","protected":false},"excerpt":{"rendered":"<p>Kad\u0131n \u015eortlu Elbiseli Mayo Ye\u015fil Yaprakl\u0131 \u00dcr\u00fcn\u00fcm\u00fcz Renk canl\u0131l\u0131\u011f\u0131 ve e\u015fsiz deseniyle tatilinize \u015f\u0131kl\u0131k katacakt\u0131r.&hellip;<\/p>\n","protected":false},"featured_media":50693,"comment_status":"closed","ping_status":"open","template":"","meta":[],"product_brand":[2562],"product_cat":[2567],"product_tag":[],"class_list":{"0":"post-50690","1":"product","2":"type-product","3":"status-publish","4":"has-post-thumbnail","6":"product_brand-starinci-mayo","7":"product_cat-elbise-mayo","8":"pa_color-desenli","9":"pa_size-2581","10":"pa_size-2582","11":"pa_size-2583","12":"pa_size-2584","13":"pa_size-2585","15":"first","16":"instock","17":"shipping-taxable","18":"purchasable","19":"product-type-variable","20":"layout-style-2","21":"col-md-4 col-sm-4 col-xs-6","22":"col-lg-4","23":"product-has-gallery","24":"product-style-slider"},"yoast_head":"<!-- This site is optimized with the Yoast SEO plugin v25.8 - https:\/\/yoast.com\/wordpress\/plugins\/seo\/ -->\n<title>Kad\u0131n \u015eortlu Elbiseli Mayo Yaprak Desenler Ye\u015fil - BURKINISTAR<\/title>\n<meta name=\"robots\" content=\"index, follow, max-snippet:-1, max-image-preview:large, max-video-preview:-1\" \/>\n<link rel=\"canonical\" href=\"https:\/\/burkinistar.com\/?product=kadin-sortlu-elbiseli-mayo-yaprak-desenler-yesil\" \/>\n<meta property=\"og:locale\" content=\"en_US\" \/>\n<meta property=\"og:type\" content=\"article\" \/>\n<meta property=\"og:title\" content=\"Kad\u0131n \u015eortlu Elbiseli Mayo Yaprak Desenler Ye\u015fil - BURKINISTAR\" \/>\n<meta property=\"og:description\" content=\"Kad\u0131n \u015eortlu Elbiseli Mayo Ye\u015fil Yaprakl\u0131 \u00dcr\u00fcn\u00fcm\u00fcz Renk canl\u0131l\u0131\u011f\u0131 ve e\u015fsiz deseniyle tatilinize \u015f\u0131kl\u0131k katacakt\u0131r.&hellip;\" \/>\n<meta property=\"og:url\" content=\"https:\/\/burkinistar.com\/?product=kadin-sortlu-elbiseli-mayo-yaprak-desenler-yesil\" \/>\n<meta property=\"og:site_name\" content=\"BURKINISTAR\" \/>\n<meta property=\"article:modified_time\" content=\"2025-08-30T11:27:32+00:00\" \/>\n<meta property=\"og:image\" content=\"https:\/\/burkinistar.com\/wp-content\/uploads\/2025\/08\/elbise-mayokadin-sortlu-elbiseli-mayo-8b3-42.jpg\" \/>\n\t<meta property=\"og:image:width\" content=\"600\" \/>\n\t<meta property=\"og:image:height\" content=\"900\" \/>\n\t<meta property=\"og:image:type\" content=\"image\/jpeg\" \/>\n<meta name=\"twitter:card\" content=\"summary_large_image\" \/>\n<script type=\"application\/ld+json\" class=\"yoast-schema-graph\">{\"@context\":\"https:\/\/schema.org\",\"@graph\":[{\"@type\":\"WebPage\",\"@id\":\"https:\/\/burkinistar.com\/?product=kadin-sortlu-elbiseli-mayo-yaprak-desenler-yesil\",\"url\":\"https:\/\/burkinistar.com\/?product=kadin-sortlu-elbiseli-mayo-yaprak-desenler-yesil\",\"name\":\"Kad\u0131n \u015eortlu Elbiseli Mayo Yaprak Desenler Ye\u015fil - BURKINISTAR\",\"isPartOf\":{\"@id\":\"https:\/\/burkinistar.com\/#website\"},\"primaryImageOfPage\":{\"@id\":\"https:\/\/burkinistar.com\/?product=kadin-sortlu-elbiseli-mayo-yaprak-desenler-yesil#primaryimage\"},\"image\":{\"@id\":\"https:\/\/burkinistar.com\/?product=kadin-sortlu-elbiseli-mayo-yaprak-desenler-yesil#primaryimage\"},\"thumbnailUrl\":\"https:\/\/burkinistar.com\/wp-content\/uploads\/2025\/08\/elbise-mayokadin-sortlu-elbiseli-mayo-8b3-42.jpg\",\"datePublished\":\"2025-08-30T11:27:10+00:00\",\"dateModified\":\"2025-08-30T11:27:32+00:00\",\"breadcrumb\":{\"@id\":\"https:\/\/burkinistar.com\/?product=kadin-sortlu-elbiseli-mayo-yaprak-desenler-yesil#breadcrumb\"},\"inLanguage\":\"en-US\",\"potentialAction\":[{\"@type\":\"ReadAction\",\"target\":[\"https:\/\/burkinistar.com\/?product=kadin-sortlu-elbiseli-mayo-yaprak-desenler-yesil\"]}]},{\"@type\":\"ImageObject\",\"inLanguage\":\"en-US\",\"@id\":\"https:\/\/burkinistar.com\/?product=kadin-sortlu-elbiseli-mayo-yaprak-desenler-yesil#primaryimage\",\"url\":\"https:\/\/burkinistar.com\/wp-content\/uploads\/2025\/08\/elbise-mayokadin-sortlu-elbiseli-mayo-8b3-42.jpg\",\"contentUrl\":\"https:\/\/burkinistar.com\/wp-content\/uploads\/2025\/08\/elbise-mayokadin-sortlu-elbiseli-mayo-8b3-42.jpg\",\"width\":600,\"height\":900},{\"@type\":\"BreadcrumbList\",\"@id\":\"https:\/\/burkinistar.com\/?product=kadin-sortlu-elbiseli-mayo-yaprak-desenler-yesil#breadcrumb\",\"itemListElement\":[{\"@type\":\"ListItem\",\"position\":1,\"name\":\"Homepage\",\"item\":\"https:\/\/burkinistar.com\/\"},{\"@type\":\"ListItem\",\"position\":2,\"name\":\"All Products\",\"item\":\"https:\/\/burkinistar.com\/?page_id=8\"},{\"@type\":\"ListItem\",\"position\":3,\"name\":\"Kad\u0131n \u015eortlu Elbiseli Mayo Yaprak Desenler Ye\u015fil\"}]},{\"@type\":\"WebSite\",\"@id\":\"https:\/\/burkinistar.com\/#website\",\"url\":\"https:\/\/burkinistar.com\/\",\"name\":\"BURKINISTAR\",\"description\":\"The Best Modest Swimwear and Bikini Store | Burkinistar\",\"potentialAction\":[{\"@type\":\"SearchAction\",\"target\":{\"@type\":\"EntryPoint\",\"urlTemplate\":\"https:\/\/burkinistar.com\/?s={search_term_string}\"},\"query-input\":{\"@type\":\"PropertyValueSpecification\",\"valueRequired\":true,\"valueName\":\"search_term_string\"}}],\"inLanguage\":\"en-US\"}]}<\/script>\n<!-- \/ Yoast SEO plugin. -->","yoast_head_json":{"title":"Kad\u0131n \u015eortlu Elbiseli Mayo Yaprak Desenler Ye\u015fil - BURKINISTAR","robots":{"index":"index","follow":"follow","max-snippet":"max-snippet:-1","max-image-preview":"max-image-preview:large","max-video-preview":"max-video-preview:-1"},"canonical":"https:\/\/burkinistar.com\/?product=kadin-sortlu-elbiseli-mayo-yaprak-desenler-yesil","og_locale":"en_US","og_type":"article","og_title":"Kad\u0131n \u015eortlu Elbiseli Mayo Yaprak Desenler Ye\u015fil - BURKINISTAR","og_description":"Kad\u0131n \u015eortlu Elbiseli Mayo Ye\u015fil Yaprakl\u0131 \u00dcr\u00fcn\u00fcm\u00fcz Renk canl\u0131l\u0131\u011f\u0131 ve e\u015fsiz deseniyle tatilinize \u015f\u0131kl\u0131k katacakt\u0131r.&hellip;","og_url":"https:\/\/burkinistar.com\/?product=kadin-sortlu-elbiseli-mayo-yaprak-desenler-yesil","og_site_name":"BURKINISTAR","article_modified_time":"2025-08-30T11:27:32+00:00","og_image":[{"width":600,"height":900,"url":"https:\/\/burkinistar.com\/wp-content\/uploads\/2025\/08\/elbise-mayokadin-sortlu-elbiseli-mayo-8b3-42.jpg","type":"image\/jpeg"}],"twitter_card":"summary_large_image","schema":{"@context":"https:\/\/schema.org","@graph":[{"@type":"WebPage","@id":"https:\/\/burkinistar.com\/?product=kadin-sortlu-elbiseli-mayo-yaprak-desenler-yesil","url":"https:\/\/burkinistar.com\/?product=kadin-sortlu-elbiseli-mayo-yaprak-desenler-yesil","name":"Kad\u0131n \u015eortlu Elbiseli Mayo Yaprak Desenler Ye\u015fil - BURKINISTAR","isPartOf":{"@id":"https:\/\/burkinistar.com\/#website"},"primaryImageOfPage":{"@id":"https:\/\/burkinistar.com\/?product=kadin-sortlu-elbiseli-mayo-yaprak-desenler-yesil#primaryimage"},"image":{"@id":"https:\/\/burkinistar.com\/?product=kadin-sortlu-elbiseli-mayo-yaprak-desenler-yesil#primaryimage"},"thumbnailUrl":"https:\/\/burkinistar.com\/wp-content\/uploads\/2025\/08\/elbise-mayokadin-sortlu-elbiseli-mayo-8b3-42.jpg","datePublished":"2025-08-30T11:27:10+00:00","dateModified":"2025-08-30T11:27:32+00:00","breadcrumb":{"@id":"https:\/\/burkinistar.com\/?product=kadin-sortlu-elbiseli-mayo-yaprak-desenler-yesil#breadcrumb"},"inLanguage":"en-US","potentialAction":[{"@type":"ReadAction","target":["https:\/\/burkinistar.com\/?product=kadin-sortlu-elbiseli-mayo-yaprak-desenler-yesil"]}]},{"@type":"ImageObject","inLanguage":"en-US","@id":"https:\/\/burkinistar.com\/?product=kadin-sortlu-elbiseli-mayo-yaprak-desenler-yesil#primaryimage","url":"https:\/\/burkinistar.com\/wp-content\/uploads\/2025\/08\/elbise-mayokadin-sortlu-elbiseli-mayo-8b3-42.jpg","contentUrl":"https:\/\/burkinistar.com\/wp-content\/uploads\/2025\/08\/elbise-mayokadin-sortlu-elbiseli-mayo-8b3-42.jpg","width":600,"height":900},{"@type":"BreadcrumbList","@id":"https:\/\/burkinistar.com\/?product=kadin-sortlu-elbiseli-mayo-yaprak-desenler-yesil#breadcrumb","itemListElement":[{"@type":"ListItem","position":1,"name":"Homepage","item":"https:\/\/burkinistar.com\/"},{"@type":"ListItem","position":2,"name":"All Products","item":"https:\/\/burkinistar.com\/?page_id=8"},{"@type":"ListItem","position":3,"name":"Kad\u0131n \u015eortlu Elbiseli Mayo Yaprak Desenler Ye\u015fil"}]},{"@type":"WebSite","@id":"https:\/\/burkinistar.com\/#website","url":"https:\/\/burkinistar.com\/","name":"BURKINISTAR","description":"The Best Modest Swimwear and Bikini Store | Burkinistar","potentialAction":[{"@type":"SearchAction","target":{"@type":"EntryPoint","urlTemplate":"https:\/\/burkinistar.com\/?s={search_term_string}"},"query-input":{"@type":"PropertyValueSpecification","valueRequired":true,"valueName":"search_term_string"}}],"inLanguage":"en-US"}]}},"_links":{"self":[{"href":"https:\/\/burkinistar.com\/index.php?rest_route=\/wp\/v2\/product\/50690","targetHints":{"allow":["GET"]}}],"collection":[{"href":"https:\/\/burkinistar.com\/index.php?rest_route=\/wp\/v2\/product"}],"about":[{"href":"https:\/\/burkinistar.com\/index.php?rest_route=\/wp\/v2\/types\/product"}],"replies":[{"embeddable":true,"href":"https:\/\/burkinistar.com\/index.php?rest_route=%2Fwp%2Fv2%2Fcomments&post=50690"}],"version-history":[{"count":1,"href":"https:\/\/burkinistar.com\/index.php?rest_route=\/wp\/v2\/product\/50690\/revisions"}],"predecessor-version":[{"id":50691,"href":"https:\/\/burkinistar.com\/index.php?rest_route=\/wp\/v2\/product\/50690\/revisions\/50691"}],"wp:featuredmedia":[{"embeddable":true,"href":"https:\/\/burkinistar.com\/index.php?rest_route=\/wp\/v2\/media\/50693"}],"wp:attachment":[{"href":"https:\/\/burkinistar.com\/index.php?rest_route=%2Fwp%2Fv2%2Fmedia&parent=50690"}],"wp:term":[{"taxonomy":"product_brand","embeddable":true,"href":"https:\/\/burkinistar.com\/index.php?rest_route=%2Fwp%2Fv2%2Fproduct_brand&post=50690"},{"taxonomy":"product_cat","embeddable":true,"href":"https:\/\/burkinistar.com\/index.php?rest_route=%2Fwp%2Fv2%2Fproduct_cat&post=50690"},{"taxonomy":"product_tag","embeddable":true,"href":"https:\/\/burkinistar.com\/index.php?rest_route=%2Fwp%2Fv2%2Fproduct_tag&post=50690"}],"curies":[{"name":"wp","href":"https:\/\/api.w.org\/{rel}","templated":true}]}}