{"id":50702,"date":"2025-08-30T11:27:10","date_gmt":"2025-08-30T11:27:10","guid":{"rendered":"https:\/\/burkinistar.com\/?product=kadin-lacivert-sortlu-elbise-mayo-golgeli-yapraklar"},"modified":"2025-08-30T11:27:32","modified_gmt":"2025-08-30T11:27:32","slug":"kadin-lacivert-sortlu-elbise-mayo-golgeli-yapraklar","status":"publish","type":"product","link":"https:\/\/burkinistar.com\/?product=kadin-lacivert-sortlu-elbise-mayo-golgeli-yapraklar","title":{"rendered":"Kad\u0131n Lacivert \u015eortlu Elbise Mayo G\u00f6lgeli Yapraklar"},"content":{"rendered":"<p>Kad\u0131n Lacivert \u015eortlu elbiseli Mayo Trend deseniyle tatilinize e\u015fsiz bir \u015f\u0131kl\u0131k katacak Mayomuz tek par\u00e7adan olu\u015fmaktad\u0131r. Kuma\u015f\u0131 Likral\u0131 S\u00fcprem kuma\u015ft\u0131r. Desenler ve zemin rengi canl\u0131 ve parlakt\u0131r. \u00dcr\u00fcn i\u00e7 k\u0131sm\u0131 tulum \u015feklinde astarl\u0131d\u0131r, astar da cup mevcuttur ve bedene dikilidir. Alt k\u0131s\u0131m \u015fortlu olarak tasarlanm\u0131\u015ft\u0131r ve \u00fcr\u00fcne dikilidir. Kol a\u011f\u0131zlar\u0131, g\u00f6\u011f\u00fcs ve s\u0131rt dekoltesinde lastikli diki\u015f mevcuttur. Bu diki\u015fler sayesinde su i\u00e7erisinde a\u00e7\u0131lma veya d\u00fc\u015fme olmaz. \u00dcr\u00fcn manken \u00fczerindeki bedeni 38 Manken \u00f6l\u00e7\u00fcleri; 88\/61\/91<\/p>\n","protected":false},"excerpt":{"rendered":"<p>Kad\u0131n Lacivert \u015eortlu elbiseli Mayo Trend deseniyle tatilinize e\u015fsiz bir \u015f\u0131kl\u0131k katacak Mayomuz tek par\u00e7adan&hellip;<\/p>\n","protected":false},"featured_media":50705,"comment_status":"closed","ping_status":"open","template":"","meta":[],"product_brand":[2562],"product_cat":[2567],"product_tag":[],"class_list":{"0":"post-50702","1":"product","2":"type-product","3":"status-publish","4":"has-post-thumbnail","6":"product_brand-starinci-mayo","7":"product_cat-elbise-mayo","8":"pa_color-desenli","9":"pa_size-2581","10":"pa_size-2582","11":"pa_size-2583","12":"pa_size-2584","13":"pa_size-2585","15":"first","16":"instock","17":"shipping-taxable","18":"purchasable","19":"product-type-variable","20":"layout-style-2","21":"col-md-4 col-sm-4 col-xs-6","22":"col-lg-4","23":"product-has-gallery","24":"product-style-slider"},"yoast_head":"<!-- This site is optimized with the Yoast SEO plugin v25.8 - https:\/\/yoast.com\/wordpress\/plugins\/seo\/ -->\n<title>Kad\u0131n Lacivert \u015eortlu Elbise Mayo G\u00f6lgeli Yapraklar - BURKINISTAR<\/title>\n<meta name=\"robots\" content=\"index, follow, max-snippet:-1, max-image-preview:large, max-video-preview:-1\" \/>\n<link rel=\"canonical\" href=\"https:\/\/burkinistar.com\/?product=kadin-lacivert-sortlu-elbise-mayo-golgeli-yapraklar\" \/>\n<meta property=\"og:locale\" content=\"en_US\" \/>\n<meta property=\"og:type\" content=\"article\" \/>\n<meta property=\"og:title\" content=\"Kad\u0131n Lacivert \u015eortlu Elbise Mayo G\u00f6lgeli Yapraklar - BURKINISTAR\" \/>\n<meta property=\"og:description\" content=\"Kad\u0131n Lacivert \u015eortlu elbiseli Mayo Trend deseniyle tatilinize e\u015fsiz bir \u015f\u0131kl\u0131k katacak Mayomuz tek par\u00e7adan&hellip;\" \/>\n<meta property=\"og:url\" content=\"https:\/\/burkinistar.com\/?product=kadin-lacivert-sortlu-elbise-mayo-golgeli-yapraklar\" \/>\n<meta property=\"og:site_name\" content=\"BURKINISTAR\" \/>\n<meta property=\"article:modified_time\" content=\"2025-08-30T11:27:32+00:00\" \/>\n<meta property=\"og:image\" content=\"https:\/\/burkinistar.com\/wp-content\/uploads\/2025\/08\/elbise-mayokadin-lacivert-sortlu-elbis-96b2c8.jpg\" \/>\n\t<meta property=\"og:image:width\" content=\"600\" \/>\n\t<meta property=\"og:image:height\" content=\"900\" \/>\n\t<meta property=\"og:image:type\" content=\"image\/jpeg\" \/>\n<meta name=\"twitter:card\" content=\"summary_large_image\" \/>\n<meta name=\"twitter:label1\" content=\"Est. reading time\" \/>\n\t<meta name=\"twitter:data1\" content=\"1 minute\" \/>\n<script type=\"application\/ld+json\" class=\"yoast-schema-graph\">{\"@context\":\"https:\/\/schema.org\",\"@graph\":[{\"@type\":\"WebPage\",\"@id\":\"https:\/\/burkinistar.com\/?product=kadin-lacivert-sortlu-elbise-mayo-golgeli-yapraklar\",\"url\":\"https:\/\/burkinistar.com\/?product=kadin-lacivert-sortlu-elbise-mayo-golgeli-yapraklar\",\"name\":\"Kad\u0131n Lacivert \u015eortlu Elbise Mayo G\u00f6lgeli Yapraklar - BURKINISTAR\",\"isPartOf\":{\"@id\":\"https:\/\/burkinistar.com\/#website\"},\"primaryImageOfPage\":{\"@id\":\"https:\/\/burkinistar.com\/?product=kadin-lacivert-sortlu-elbise-mayo-golgeli-yapraklar#primaryimage\"},\"image\":{\"@id\":\"https:\/\/burkinistar.com\/?product=kadin-lacivert-sortlu-elbise-mayo-golgeli-yapraklar#primaryimage\"},\"thumbnailUrl\":\"https:\/\/burkinistar.com\/wp-content\/uploads\/2025\/08\/elbise-mayokadin-lacivert-sortlu-elbis-96b2c8.jpg\",\"datePublished\":\"2025-08-30T11:27:10+00:00\",\"dateModified\":\"2025-08-30T11:27:32+00:00\",\"breadcrumb\":{\"@id\":\"https:\/\/burkinistar.com\/?product=kadin-lacivert-sortlu-elbise-mayo-golgeli-yapraklar#breadcrumb\"},\"inLanguage\":\"en-US\",\"potentialAction\":[{\"@type\":\"ReadAction\",\"target\":[\"https:\/\/burkinistar.com\/?product=kadin-lacivert-sortlu-elbise-mayo-golgeli-yapraklar\"]}]},{\"@type\":\"ImageObject\",\"inLanguage\":\"en-US\",\"@id\":\"https:\/\/burkinistar.com\/?product=kadin-lacivert-sortlu-elbise-mayo-golgeli-yapraklar#primaryimage\",\"url\":\"https:\/\/burkinistar.com\/wp-content\/uploads\/2025\/08\/elbise-mayokadin-lacivert-sortlu-elbis-96b2c8.jpg\",\"contentUrl\":\"https:\/\/burkinistar.com\/wp-content\/uploads\/2025\/08\/elbise-mayokadin-lacivert-sortlu-elbis-96b2c8.jpg\",\"width\":600,\"height\":900},{\"@type\":\"BreadcrumbList\",\"@id\":\"https:\/\/burkinistar.com\/?product=kadin-lacivert-sortlu-elbise-mayo-golgeli-yapraklar#breadcrumb\",\"itemListElement\":[{\"@type\":\"ListItem\",\"position\":1,\"name\":\"Homepage\",\"item\":\"https:\/\/burkinistar.com\/\"},{\"@type\":\"ListItem\",\"position\":2,\"name\":\"All Products\",\"item\":\"https:\/\/burkinistar.com\/?page_id=8\"},{\"@type\":\"ListItem\",\"position\":3,\"name\":\"Kad\u0131n Lacivert \u015eortlu Elbise Mayo G\u00f6lgeli Yapraklar\"}]},{\"@type\":\"WebSite\",\"@id\":\"https:\/\/burkinistar.com\/#website\",\"url\":\"https:\/\/burkinistar.com\/\",\"name\":\"BURKINISTAR\",\"description\":\"The Best Modest Swimwear and Bikini Store | Burkinistar\",\"potentialAction\":[{\"@type\":\"SearchAction\",\"target\":{\"@type\":\"EntryPoint\",\"urlTemplate\":\"https:\/\/burkinistar.com\/?s={search_term_string}\"},\"query-input\":{\"@type\":\"PropertyValueSpecification\",\"valueRequired\":true,\"valueName\":\"search_term_string\"}}],\"inLanguage\":\"en-US\"}]}<\/script>\n<!-- \/ Yoast SEO plugin. -->","yoast_head_json":{"title":"Kad\u0131n Lacivert \u015eortlu Elbise Mayo G\u00f6lgeli Yapraklar - BURKINISTAR","robots":{"index":"index","follow":"follow","max-snippet":"max-snippet:-1","max-image-preview":"max-image-preview:large","max-video-preview":"max-video-preview:-1"},"canonical":"https:\/\/burkinistar.com\/?product=kadin-lacivert-sortlu-elbise-mayo-golgeli-yapraklar","og_locale":"en_US","og_type":"article","og_title":"Kad\u0131n Lacivert \u015eortlu Elbise Mayo G\u00f6lgeli Yapraklar - BURKINISTAR","og_description":"Kad\u0131n Lacivert \u015eortlu elbiseli Mayo Trend deseniyle tatilinize e\u015fsiz bir \u015f\u0131kl\u0131k katacak Mayomuz tek par\u00e7adan&hellip;","og_url":"https:\/\/burkinistar.com\/?product=kadin-lacivert-sortlu-elbise-mayo-golgeli-yapraklar","og_site_name":"BURKINISTAR","article_modified_time":"2025-08-30T11:27:32+00:00","og_image":[{"width":600,"height":900,"url":"https:\/\/burkinistar.com\/wp-content\/uploads\/2025\/08\/elbise-mayokadin-lacivert-sortlu-elbis-96b2c8.jpg","type":"image\/jpeg"}],"twitter_card":"summary_large_image","twitter_misc":{"Est. reading time":"1 minute"},"schema":{"@context":"https:\/\/schema.org","@graph":[{"@type":"WebPage","@id":"https:\/\/burkinistar.com\/?product=kadin-lacivert-sortlu-elbise-mayo-golgeli-yapraklar","url":"https:\/\/burkinistar.com\/?product=kadin-lacivert-sortlu-elbise-mayo-golgeli-yapraklar","name":"Kad\u0131n Lacivert \u015eortlu Elbise Mayo G\u00f6lgeli Yapraklar - BURKINISTAR","isPartOf":{"@id":"https:\/\/burkinistar.com\/#website"},"primaryImageOfPage":{"@id":"https:\/\/burkinistar.com\/?product=kadin-lacivert-sortlu-elbise-mayo-golgeli-yapraklar#primaryimage"},"image":{"@id":"https:\/\/burkinistar.com\/?product=kadin-lacivert-sortlu-elbise-mayo-golgeli-yapraklar#primaryimage"},"thumbnailUrl":"https:\/\/burkinistar.com\/wp-content\/uploads\/2025\/08\/elbise-mayokadin-lacivert-sortlu-elbis-96b2c8.jpg","datePublished":"2025-08-30T11:27:10+00:00","dateModified":"2025-08-30T11:27:32+00:00","breadcrumb":{"@id":"https:\/\/burkinistar.com\/?product=kadin-lacivert-sortlu-elbise-mayo-golgeli-yapraklar#breadcrumb"},"inLanguage":"en-US","potentialAction":[{"@type":"ReadAction","target":["https:\/\/burkinistar.com\/?product=kadin-lacivert-sortlu-elbise-mayo-golgeli-yapraklar"]}]},{"@type":"ImageObject","inLanguage":"en-US","@id":"https:\/\/burkinistar.com\/?product=kadin-lacivert-sortlu-elbise-mayo-golgeli-yapraklar#primaryimage","url":"https:\/\/burkinistar.com\/wp-content\/uploads\/2025\/08\/elbise-mayokadin-lacivert-sortlu-elbis-96b2c8.jpg","contentUrl":"https:\/\/burkinistar.com\/wp-content\/uploads\/2025\/08\/elbise-mayokadin-lacivert-sortlu-elbis-96b2c8.jpg","width":600,"height":900},{"@type":"BreadcrumbList","@id":"https:\/\/burkinistar.com\/?product=kadin-lacivert-sortlu-elbise-mayo-golgeli-yapraklar#breadcrumb","itemListElement":[{"@type":"ListItem","position":1,"name":"Homepage","item":"https:\/\/burkinistar.com\/"},{"@type":"ListItem","position":2,"name":"All Products","item":"https:\/\/burkinistar.com\/?page_id=8"},{"@type":"ListItem","position":3,"name":"Kad\u0131n Lacivert \u015eortlu Elbise Mayo G\u00f6lgeli Yapraklar"}]},{"@type":"WebSite","@id":"https:\/\/burkinistar.com\/#website","url":"https:\/\/burkinistar.com\/","name":"BURKINISTAR","description":"The Best Modest Swimwear and Bikini Store | Burkinistar","potentialAction":[{"@type":"SearchAction","target":{"@type":"EntryPoint","urlTemplate":"https:\/\/burkinistar.com\/?s={search_term_string}"},"query-input":{"@type":"PropertyValueSpecification","valueRequired":true,"valueName":"search_term_string"}}],"inLanguage":"en-US"}]}},"_links":{"self":[{"href":"https:\/\/burkinistar.com\/index.php?rest_route=\/wp\/v2\/product\/50702","targetHints":{"allow":["GET"]}}],"collection":[{"href":"https:\/\/burkinistar.com\/index.php?rest_route=\/wp\/v2\/product"}],"about":[{"href":"https:\/\/burkinistar.com\/index.php?rest_route=\/wp\/v2\/types\/product"}],"replies":[{"embeddable":true,"href":"https:\/\/burkinistar.com\/index.php?rest_route=%2Fwp%2Fv2%2Fcomments&post=50702"}],"version-history":[{"count":1,"href":"https:\/\/burkinistar.com\/index.php?rest_route=\/wp\/v2\/product\/50702\/revisions"}],"predecessor-version":[{"id":50703,"href":"https:\/\/burkinistar.com\/index.php?rest_route=\/wp\/v2\/product\/50702\/revisions\/50703"}],"wp:featuredmedia":[{"embeddable":true,"href":"https:\/\/burkinistar.com\/index.php?rest_route=\/wp\/v2\/media\/50705"}],"wp:attachment":[{"href":"https:\/\/burkinistar.com\/index.php?rest_route=%2Fwp%2Fv2%2Fmedia&parent=50702"}],"wp:term":[{"taxonomy":"product_brand","embeddable":true,"href":"https:\/\/burkinistar.com\/index.php?rest_route=%2Fwp%2Fv2%2Fproduct_brand&post=50702"},{"taxonomy":"product_cat","embeddable":true,"href":"https:\/\/burkinistar.com\/index.php?rest_route=%2Fwp%2Fv2%2Fproduct_cat&post=50702"},{"taxonomy":"product_tag","embeddable":true,"href":"https:\/\/burkinistar.com\/index.php?rest_route=%2Fwp%2Fv2%2Fproduct_tag&post=50702"}],"curies":[{"name":"wp","href":"https:\/\/api.w.org\/{rel}","templated":true}]}}