{"id":50713,"date":"2025-08-30T11:27:10","date_gmt":"2025-08-30T11:27:10","guid":{"rendered":"https:\/\/burkinistar.com\/?product=kadin-desenli-sortlu-elbise-mayo"},"modified":"2025-08-30T11:27:32","modified_gmt":"2025-08-30T11:27:32","slug":"kadin-desenli-sortlu-elbise-mayo","status":"publish","type":"product","link":"https:\/\/burkinistar.com\/?product=kadin-desenli-sortlu-elbise-mayo","title":{"rendered":"Kad\u0131n Desenli \u015eortlu Elbise Mayo"},"content":{"rendered":"<p>Kad\u0131n Desenli \u015eortlu Elbiseli Mayo \u00dcr\u00fcn\u00fcm\u00fcz canl\u0131 renkleriyle plaj\u0131n g\u00f6zdesi olman\u0131z\u0131 sa\u011flayacakt\u0131r. Likral\u0131 kuma\u015ftan \u00fcretilen \u00fcr\u00fcn\u00fcm\u00fcz tek par\u00e7adan olu\u015fmaktad\u0131r. \u00dcr\u00fcn i\u00e7i tulum \u015feklinde astarl\u0131d\u0131r, alt k\u0131s\u0131mda \u015fort mevcuttur ve g\u00f6\u011f\u00fcs k\u0131sm\u0131nda dikili cup vard\u0131r. \u00dcr\u00fcn G\u00f6\u011f\u00fcs, s\u0131rt dekoltesi ve kol a\u011fz\u0131nda lastik diki\u015f mevcuttur. Bu sayede su i\u00e7erisinde a\u00e7\u0131lma veya d\u00fc\u015fme yapmaz. Havuz, deniz ve termal kullan\u0131m\u0131 i\u00e7in uygundur. Manken \u00fczerindeki \u00fcr\u00fcn\u00fcn bedeni 38&#8217;dir. Manken \u00f6l\u00e7\u00fcleri;84\/62\/91 170cm 54 kg<\/p>\n","protected":false},"excerpt":{"rendered":"<p>Kad\u0131n Desenli \u015eortlu Elbiseli Mayo \u00dcr\u00fcn\u00fcm\u00fcz canl\u0131 renkleriyle plaj\u0131n g\u00f6zdesi olman\u0131z\u0131 sa\u011flayacakt\u0131r. Likral\u0131 kuma\u015ftan \u00fcretilen&hellip;<\/p>\n","protected":false},"featured_media":50716,"comment_status":"closed","ping_status":"open","template":"","meta":[],"product_brand":[2562],"product_cat":[2567],"product_tag":[],"class_list":{"0":"post-50713","1":"product","2":"type-product","3":"status-publish","4":"has-post-thumbnail","6":"product_brand-starinci-mayo","7":"product_cat-elbise-mayo","8":"pa_color-siyah","9":"pa_size-2581","10":"pa_size-2582","11":"pa_size-2583","12":"pa_size-2584","13":"pa_size-2585","15":"first","16":"instock","17":"shipping-taxable","18":"purchasable","19":"product-type-variable","20":"layout-style-2","21":"col-md-4 col-sm-4 col-xs-6","22":"col-lg-4","23":"product-has-gallery","24":"product-style-slider"},"yoast_head":"<!-- This site is optimized with the Yoast SEO plugin v25.8 - https:\/\/yoast.com\/wordpress\/plugins\/seo\/ -->\n<title>Kad\u0131n Desenli \u015eortlu Elbise Mayo - BURKINISTAR<\/title>\n<meta name=\"robots\" content=\"index, follow, max-snippet:-1, max-image-preview:large, max-video-preview:-1\" \/>\n<link rel=\"canonical\" href=\"https:\/\/burkinistar.com\/?product=kadin-desenli-sortlu-elbise-mayo\" \/>\n<meta property=\"og:locale\" content=\"en_US\" \/>\n<meta property=\"og:type\" content=\"article\" \/>\n<meta property=\"og:title\" content=\"Kad\u0131n Desenli \u015eortlu Elbise Mayo - BURKINISTAR\" \/>\n<meta property=\"og:description\" content=\"Kad\u0131n Desenli \u015eortlu Elbiseli Mayo \u00dcr\u00fcn\u00fcm\u00fcz canl\u0131 renkleriyle plaj\u0131n g\u00f6zdesi olman\u0131z\u0131 sa\u011flayacakt\u0131r. Likral\u0131 kuma\u015ftan \u00fcretilen&hellip;\" \/>\n<meta property=\"og:url\" content=\"https:\/\/burkinistar.com\/?product=kadin-desenli-sortlu-elbise-mayo\" \/>\n<meta property=\"og:site_name\" content=\"BURKINISTAR\" \/>\n<meta property=\"article:modified_time\" content=\"2025-08-30T11:27:32+00:00\" \/>\n<meta property=\"og:image\" content=\"https:\/\/burkinistar.com\/wp-content\/uploads\/2025\/08\/elbise-mayokadin-desenli-sortlu-elbise-31c1de.jpg\" \/>\n\t<meta property=\"og:image:width\" content=\"600\" \/>\n\t<meta property=\"og:image:height\" content=\"900\" \/>\n\t<meta property=\"og:image:type\" content=\"image\/jpeg\" \/>\n<meta name=\"twitter:card\" content=\"summary_large_image\" \/>\n<meta name=\"twitter:label1\" content=\"Est. reading time\" \/>\n\t<meta name=\"twitter:data1\" content=\"1 minute\" \/>\n<script type=\"application\/ld+json\" class=\"yoast-schema-graph\">{\"@context\":\"https:\/\/schema.org\",\"@graph\":[{\"@type\":\"WebPage\",\"@id\":\"https:\/\/burkinistar.com\/?product=kadin-desenli-sortlu-elbise-mayo\",\"url\":\"https:\/\/burkinistar.com\/?product=kadin-desenli-sortlu-elbise-mayo\",\"name\":\"Kad\u0131n Desenli \u015eortlu Elbise Mayo - BURKINISTAR\",\"isPartOf\":{\"@id\":\"https:\/\/burkinistar.com\/#website\"},\"primaryImageOfPage\":{\"@id\":\"https:\/\/burkinistar.com\/?product=kadin-desenli-sortlu-elbise-mayo#primaryimage\"},\"image\":{\"@id\":\"https:\/\/burkinistar.com\/?product=kadin-desenli-sortlu-elbise-mayo#primaryimage\"},\"thumbnailUrl\":\"https:\/\/burkinistar.com\/wp-content\/uploads\/2025\/08\/elbise-mayokadin-desenli-sortlu-elbise-31c1de.jpg\",\"datePublished\":\"2025-08-30T11:27:10+00:00\",\"dateModified\":\"2025-08-30T11:27:32+00:00\",\"breadcrumb\":{\"@id\":\"https:\/\/burkinistar.com\/?product=kadin-desenli-sortlu-elbise-mayo#breadcrumb\"},\"inLanguage\":\"en-US\",\"potentialAction\":[{\"@type\":\"ReadAction\",\"target\":[\"https:\/\/burkinistar.com\/?product=kadin-desenli-sortlu-elbise-mayo\"]}]},{\"@type\":\"ImageObject\",\"inLanguage\":\"en-US\",\"@id\":\"https:\/\/burkinistar.com\/?product=kadin-desenli-sortlu-elbise-mayo#primaryimage\",\"url\":\"https:\/\/burkinistar.com\/wp-content\/uploads\/2025\/08\/elbise-mayokadin-desenli-sortlu-elbise-31c1de.jpg\",\"contentUrl\":\"https:\/\/burkinistar.com\/wp-content\/uploads\/2025\/08\/elbise-mayokadin-desenli-sortlu-elbise-31c1de.jpg\",\"width\":600,\"height\":900},{\"@type\":\"BreadcrumbList\",\"@id\":\"https:\/\/burkinistar.com\/?product=kadin-desenli-sortlu-elbise-mayo#breadcrumb\",\"itemListElement\":[{\"@type\":\"ListItem\",\"position\":1,\"name\":\"Homepage\",\"item\":\"https:\/\/burkinistar.com\/\"},{\"@type\":\"ListItem\",\"position\":2,\"name\":\"All Products\",\"item\":\"https:\/\/burkinistar.com\/?page_id=8\"},{\"@type\":\"ListItem\",\"position\":3,\"name\":\"Kad\u0131n Desenli \u015eortlu Elbise Mayo\"}]},{\"@type\":\"WebSite\",\"@id\":\"https:\/\/burkinistar.com\/#website\",\"url\":\"https:\/\/burkinistar.com\/\",\"name\":\"BURKINISTAR\",\"description\":\"The Best Modest Swimwear and Bikini Store | Burkinistar\",\"potentialAction\":[{\"@type\":\"SearchAction\",\"target\":{\"@type\":\"EntryPoint\",\"urlTemplate\":\"https:\/\/burkinistar.com\/?s={search_term_string}\"},\"query-input\":{\"@type\":\"PropertyValueSpecification\",\"valueRequired\":true,\"valueName\":\"search_term_string\"}}],\"inLanguage\":\"en-US\"}]}<\/script>\n<!-- \/ Yoast SEO plugin. -->","yoast_head_json":{"title":"Kad\u0131n Desenli \u015eortlu Elbise Mayo - BURKINISTAR","robots":{"index":"index","follow":"follow","max-snippet":"max-snippet:-1","max-image-preview":"max-image-preview:large","max-video-preview":"max-video-preview:-1"},"canonical":"https:\/\/burkinistar.com\/?product=kadin-desenli-sortlu-elbise-mayo","og_locale":"en_US","og_type":"article","og_title":"Kad\u0131n Desenli \u015eortlu Elbise Mayo - BURKINISTAR","og_description":"Kad\u0131n Desenli \u015eortlu Elbiseli Mayo \u00dcr\u00fcn\u00fcm\u00fcz canl\u0131 renkleriyle plaj\u0131n g\u00f6zdesi olman\u0131z\u0131 sa\u011flayacakt\u0131r. Likral\u0131 kuma\u015ftan \u00fcretilen&hellip;","og_url":"https:\/\/burkinistar.com\/?product=kadin-desenli-sortlu-elbise-mayo","og_site_name":"BURKINISTAR","article_modified_time":"2025-08-30T11:27:32+00:00","og_image":[{"width":600,"height":900,"url":"https:\/\/burkinistar.com\/wp-content\/uploads\/2025\/08\/elbise-mayokadin-desenli-sortlu-elbise-31c1de.jpg","type":"image\/jpeg"}],"twitter_card":"summary_large_image","twitter_misc":{"Est. reading time":"1 minute"},"schema":{"@context":"https:\/\/schema.org","@graph":[{"@type":"WebPage","@id":"https:\/\/burkinistar.com\/?product=kadin-desenli-sortlu-elbise-mayo","url":"https:\/\/burkinistar.com\/?product=kadin-desenli-sortlu-elbise-mayo","name":"Kad\u0131n Desenli \u015eortlu Elbise Mayo - BURKINISTAR","isPartOf":{"@id":"https:\/\/burkinistar.com\/#website"},"primaryImageOfPage":{"@id":"https:\/\/burkinistar.com\/?product=kadin-desenli-sortlu-elbise-mayo#primaryimage"},"image":{"@id":"https:\/\/burkinistar.com\/?product=kadin-desenli-sortlu-elbise-mayo#primaryimage"},"thumbnailUrl":"https:\/\/burkinistar.com\/wp-content\/uploads\/2025\/08\/elbise-mayokadin-desenli-sortlu-elbise-31c1de.jpg","datePublished":"2025-08-30T11:27:10+00:00","dateModified":"2025-08-30T11:27:32+00:00","breadcrumb":{"@id":"https:\/\/burkinistar.com\/?product=kadin-desenli-sortlu-elbise-mayo#breadcrumb"},"inLanguage":"en-US","potentialAction":[{"@type":"ReadAction","target":["https:\/\/burkinistar.com\/?product=kadin-desenli-sortlu-elbise-mayo"]}]},{"@type":"ImageObject","inLanguage":"en-US","@id":"https:\/\/burkinistar.com\/?product=kadin-desenli-sortlu-elbise-mayo#primaryimage","url":"https:\/\/burkinistar.com\/wp-content\/uploads\/2025\/08\/elbise-mayokadin-desenli-sortlu-elbise-31c1de.jpg","contentUrl":"https:\/\/burkinistar.com\/wp-content\/uploads\/2025\/08\/elbise-mayokadin-desenli-sortlu-elbise-31c1de.jpg","width":600,"height":900},{"@type":"BreadcrumbList","@id":"https:\/\/burkinistar.com\/?product=kadin-desenli-sortlu-elbise-mayo#breadcrumb","itemListElement":[{"@type":"ListItem","position":1,"name":"Homepage","item":"https:\/\/burkinistar.com\/"},{"@type":"ListItem","position":2,"name":"All Products","item":"https:\/\/burkinistar.com\/?page_id=8"},{"@type":"ListItem","position":3,"name":"Kad\u0131n Desenli \u015eortlu Elbise Mayo"}]},{"@type":"WebSite","@id":"https:\/\/burkinistar.com\/#website","url":"https:\/\/burkinistar.com\/","name":"BURKINISTAR","description":"The Best Modest Swimwear and Bikini Store | Burkinistar","potentialAction":[{"@type":"SearchAction","target":{"@type":"EntryPoint","urlTemplate":"https:\/\/burkinistar.com\/?s={search_term_string}"},"query-input":{"@type":"PropertyValueSpecification","valueRequired":true,"valueName":"search_term_string"}}],"inLanguage":"en-US"}]}},"_links":{"self":[{"href":"https:\/\/burkinistar.com\/index.php?rest_route=\/wp\/v2\/product\/50713","targetHints":{"allow":["GET"]}}],"collection":[{"href":"https:\/\/burkinistar.com\/index.php?rest_route=\/wp\/v2\/product"}],"about":[{"href":"https:\/\/burkinistar.com\/index.php?rest_route=\/wp\/v2\/types\/product"}],"replies":[{"embeddable":true,"href":"https:\/\/burkinistar.com\/index.php?rest_route=%2Fwp%2Fv2%2Fcomments&post=50713"}],"version-history":[{"count":1,"href":"https:\/\/burkinistar.com\/index.php?rest_route=\/wp\/v2\/product\/50713\/revisions"}],"predecessor-version":[{"id":50714,"href":"https:\/\/burkinistar.com\/index.php?rest_route=\/wp\/v2\/product\/50713\/revisions\/50714"}],"wp:featuredmedia":[{"embeddable":true,"href":"https:\/\/burkinistar.com\/index.php?rest_route=\/wp\/v2\/media\/50716"}],"wp:attachment":[{"href":"https:\/\/burkinistar.com\/index.php?rest_route=%2Fwp%2Fv2%2Fmedia&parent=50713"}],"wp:term":[{"taxonomy":"product_brand","embeddable":true,"href":"https:\/\/burkinistar.com\/index.php?rest_route=%2Fwp%2Fv2%2Fproduct_brand&post=50713"},{"taxonomy":"product_cat","embeddable":true,"href":"https:\/\/burkinistar.com\/index.php?rest_route=%2Fwp%2Fv2%2Fproduct_cat&post=50713"},{"taxonomy":"product_tag","embeddable":true,"href":"https:\/\/burkinistar.com\/index.php?rest_route=%2Fwp%2Fv2%2Fproduct_tag&post=50713"}],"curies":[{"name":"wp","href":"https:\/\/api.w.org\/{rel}","templated":true}]}}