{"id":50725,"date":"2025-08-30T11:27:32","date_gmt":"2025-08-30T11:27:32","guid":{"rendered":"https:\/\/burkinistar.com\/?product=kadin-dekolte-damla-desen-detayli-sortlu-elbise-mayo"},"modified":"2025-08-30T11:27:50","modified_gmt":"2025-08-30T11:27:50","slug":"kadin-dekolte-damla-desen-detayli-sortlu-elbise-mayo","status":"publish","type":"product","link":"https:\/\/burkinistar.com\/?product=kadin-dekolte-damla-desen-detayli-sortlu-elbise-mayo","title":{"rendered":"Kad\u0131n Dekolte Damla Desen Detayl\u0131 \u015eortlu Elbise Mayo"},"content":{"rendered":"<p>Kad\u0131n Elbise Mayo \u015eortlu G\u00f6\u011f\u00fcs Dekolte Damla Desen Elbise Mayomuz damla desen g\u00f6\u011f\u00fcs garnisiyle tarz\u0131n\u0131za farkl\u0131l\u0131k katacakt\u0131r. \u00dcr\u00fcn\u00fcm\u00fcz\u00fcn i\u00e7i tulum \u015feklinde komple astarl\u0131d\u0131r.Tulumun g\u00f6\u011fs\u00fcnde dikili \u015fekilde cup mevcuttur. Kol kenarlar\u0131, G\u00f6\u011f\u00fcs ve s\u0131rt dekoltesinde lastikli diki\u015f mevcuttur. Bu diki\u015f sayesinde su i\u00e7erisinde a\u00e7\u0131lma veya d\u00fc\u015fme yapmaz. Havuz ve Termal kullan\u0131m\u0131 i\u00e7in uygundur. Manken \u00fczerindeki \u00fcr\u00fcn\u00fcn bedeni 38&#8217;dir. Manken \u00d6l\u00e7\u00fcleri; 85\/62\/92<\/p>\n","protected":false},"excerpt":{"rendered":"<p>Kad\u0131n Elbise Mayo \u015eortlu G\u00f6\u011f\u00fcs Dekolte Damla Desen Elbise Mayomuz damla desen g\u00f6\u011f\u00fcs garnisiyle tarz\u0131n\u0131za&hellip;<\/p>\n","protected":false},"featured_media":50728,"comment_status":"closed","ping_status":"open","template":"","meta":[],"product_brand":[2562],"product_cat":[2567],"product_tag":[],"class_list":{"0":"post-50725","1":"product","2":"type-product","3":"status-publish","4":"has-post-thumbnail","6":"product_brand-starinci-mayo","7":"product_cat-elbise-mayo","8":"pa_color-desenli","9":"pa_size-2585","11":"first","12":"instock","13":"shipping-taxable","14":"purchasable","15":"product-type-variable","16":"layout-style-2","17":"col-md-4 col-sm-4 col-xs-6","18":"col-lg-4","19":"product-has-gallery","20":"product-style-slider"},"yoast_head":"<!-- This site is optimized with the Yoast SEO plugin v25.8 - https:\/\/yoast.com\/wordpress\/plugins\/seo\/ -->\n<title>Kad\u0131n Dekolte Damla Desen Detayl\u0131 \u015eortlu Elbise Mayo - BURKINISTAR<\/title>\n<meta name=\"robots\" content=\"index, follow, max-snippet:-1, max-image-preview:large, max-video-preview:-1\" \/>\n<link rel=\"canonical\" href=\"https:\/\/burkinistar.com\/?product=kadin-dekolte-damla-desen-detayli-sortlu-elbise-mayo\" \/>\n<meta property=\"og:locale\" content=\"en_US\" \/>\n<meta property=\"og:type\" content=\"article\" \/>\n<meta property=\"og:title\" content=\"Kad\u0131n Dekolte Damla Desen Detayl\u0131 \u015eortlu Elbise Mayo - BURKINISTAR\" \/>\n<meta property=\"og:description\" content=\"Kad\u0131n Elbise Mayo \u015eortlu G\u00f6\u011f\u00fcs Dekolte Damla Desen Elbise Mayomuz damla desen g\u00f6\u011f\u00fcs garnisiyle tarz\u0131n\u0131za&hellip;\" \/>\n<meta property=\"og:url\" content=\"https:\/\/burkinistar.com\/?product=kadin-dekolte-damla-desen-detayli-sortlu-elbise-mayo\" \/>\n<meta property=\"og:site_name\" content=\"BURKINISTAR\" \/>\n<meta property=\"article:modified_time\" content=\"2025-08-30T11:27:50+00:00\" \/>\n<meta property=\"og:image\" content=\"https:\/\/burkinistar.com\/wp-content\/uploads\/2025\/08\/elbise-mayokadin-dekolte-damla-desen-d-d-85f0.jpg\" \/>\n\t<meta property=\"og:image:width\" content=\"600\" \/>\n\t<meta property=\"og:image:height\" content=\"900\" \/>\n\t<meta property=\"og:image:type\" content=\"image\/jpeg\" \/>\n<meta name=\"twitter:card\" content=\"summary_large_image\" \/>\n<script type=\"application\/ld+json\" class=\"yoast-schema-graph\">{\"@context\":\"https:\/\/schema.org\",\"@graph\":[{\"@type\":\"WebPage\",\"@id\":\"https:\/\/burkinistar.com\/?product=kadin-dekolte-damla-desen-detayli-sortlu-elbise-mayo\",\"url\":\"https:\/\/burkinistar.com\/?product=kadin-dekolte-damla-desen-detayli-sortlu-elbise-mayo\",\"name\":\"Kad\u0131n Dekolte Damla Desen Detayl\u0131 \u015eortlu Elbise Mayo - BURKINISTAR\",\"isPartOf\":{\"@id\":\"https:\/\/burkinistar.com\/#website\"},\"primaryImageOfPage\":{\"@id\":\"https:\/\/burkinistar.com\/?product=kadin-dekolte-damla-desen-detayli-sortlu-elbise-mayo#primaryimage\"},\"image\":{\"@id\":\"https:\/\/burkinistar.com\/?product=kadin-dekolte-damla-desen-detayli-sortlu-elbise-mayo#primaryimage\"},\"thumbnailUrl\":\"https:\/\/burkinistar.com\/wp-content\/uploads\/2025\/08\/elbise-mayokadin-dekolte-damla-desen-d-d-85f0.jpg\",\"datePublished\":\"2025-08-30T11:27:32+00:00\",\"dateModified\":\"2025-08-30T11:27:50+00:00\",\"breadcrumb\":{\"@id\":\"https:\/\/burkinistar.com\/?product=kadin-dekolte-damla-desen-detayli-sortlu-elbise-mayo#breadcrumb\"},\"inLanguage\":\"en-US\",\"potentialAction\":[{\"@type\":\"ReadAction\",\"target\":[\"https:\/\/burkinistar.com\/?product=kadin-dekolte-damla-desen-detayli-sortlu-elbise-mayo\"]}]},{\"@type\":\"ImageObject\",\"inLanguage\":\"en-US\",\"@id\":\"https:\/\/burkinistar.com\/?product=kadin-dekolte-damla-desen-detayli-sortlu-elbise-mayo#primaryimage\",\"url\":\"https:\/\/burkinistar.com\/wp-content\/uploads\/2025\/08\/elbise-mayokadin-dekolte-damla-desen-d-d-85f0.jpg\",\"contentUrl\":\"https:\/\/burkinistar.com\/wp-content\/uploads\/2025\/08\/elbise-mayokadin-dekolte-damla-desen-d-d-85f0.jpg\",\"width\":600,\"height\":900},{\"@type\":\"BreadcrumbList\",\"@id\":\"https:\/\/burkinistar.com\/?product=kadin-dekolte-damla-desen-detayli-sortlu-elbise-mayo#breadcrumb\",\"itemListElement\":[{\"@type\":\"ListItem\",\"position\":1,\"name\":\"Homepage\",\"item\":\"https:\/\/burkinistar.com\/\"},{\"@type\":\"ListItem\",\"position\":2,\"name\":\"All Products\",\"item\":\"https:\/\/burkinistar.com\/?page_id=8\"},{\"@type\":\"ListItem\",\"position\":3,\"name\":\"Kad\u0131n Dekolte Damla Desen Detayl\u0131 \u015eortlu Elbise Mayo\"}]},{\"@type\":\"WebSite\",\"@id\":\"https:\/\/burkinistar.com\/#website\",\"url\":\"https:\/\/burkinistar.com\/\",\"name\":\"BURKINISTAR\",\"description\":\"The Best Modest Swimwear and Bikini Store | Burkinistar\",\"potentialAction\":[{\"@type\":\"SearchAction\",\"target\":{\"@type\":\"EntryPoint\",\"urlTemplate\":\"https:\/\/burkinistar.com\/?s={search_term_string}\"},\"query-input\":{\"@type\":\"PropertyValueSpecification\",\"valueRequired\":true,\"valueName\":\"search_term_string\"}}],\"inLanguage\":\"en-US\"}]}<\/script>\n<!-- \/ Yoast SEO plugin. -->","yoast_head_json":{"title":"Kad\u0131n Dekolte Damla Desen Detayl\u0131 \u015eortlu Elbise Mayo - BURKINISTAR","robots":{"index":"index","follow":"follow","max-snippet":"max-snippet:-1","max-image-preview":"max-image-preview:large","max-video-preview":"max-video-preview:-1"},"canonical":"https:\/\/burkinistar.com\/?product=kadin-dekolte-damla-desen-detayli-sortlu-elbise-mayo","og_locale":"en_US","og_type":"article","og_title":"Kad\u0131n Dekolte Damla Desen Detayl\u0131 \u015eortlu Elbise Mayo - BURKINISTAR","og_description":"Kad\u0131n Elbise Mayo \u015eortlu G\u00f6\u011f\u00fcs Dekolte Damla Desen Elbise Mayomuz damla desen g\u00f6\u011f\u00fcs garnisiyle tarz\u0131n\u0131za&hellip;","og_url":"https:\/\/burkinistar.com\/?product=kadin-dekolte-damla-desen-detayli-sortlu-elbise-mayo","og_site_name":"BURKINISTAR","article_modified_time":"2025-08-30T11:27:50+00:00","og_image":[{"width":600,"height":900,"url":"https:\/\/burkinistar.com\/wp-content\/uploads\/2025\/08\/elbise-mayokadin-dekolte-damla-desen-d-d-85f0.jpg","type":"image\/jpeg"}],"twitter_card":"summary_large_image","schema":{"@context":"https:\/\/schema.org","@graph":[{"@type":"WebPage","@id":"https:\/\/burkinistar.com\/?product=kadin-dekolte-damla-desen-detayli-sortlu-elbise-mayo","url":"https:\/\/burkinistar.com\/?product=kadin-dekolte-damla-desen-detayli-sortlu-elbise-mayo","name":"Kad\u0131n Dekolte Damla Desen Detayl\u0131 \u015eortlu Elbise Mayo - BURKINISTAR","isPartOf":{"@id":"https:\/\/burkinistar.com\/#website"},"primaryImageOfPage":{"@id":"https:\/\/burkinistar.com\/?product=kadin-dekolte-damla-desen-detayli-sortlu-elbise-mayo#primaryimage"},"image":{"@id":"https:\/\/burkinistar.com\/?product=kadin-dekolte-damla-desen-detayli-sortlu-elbise-mayo#primaryimage"},"thumbnailUrl":"https:\/\/burkinistar.com\/wp-content\/uploads\/2025\/08\/elbise-mayokadin-dekolte-damla-desen-d-d-85f0.jpg","datePublished":"2025-08-30T11:27:32+00:00","dateModified":"2025-08-30T11:27:50+00:00","breadcrumb":{"@id":"https:\/\/burkinistar.com\/?product=kadin-dekolte-damla-desen-detayli-sortlu-elbise-mayo#breadcrumb"},"inLanguage":"en-US","potentialAction":[{"@type":"ReadAction","target":["https:\/\/burkinistar.com\/?product=kadin-dekolte-damla-desen-detayli-sortlu-elbise-mayo"]}]},{"@type":"ImageObject","inLanguage":"en-US","@id":"https:\/\/burkinistar.com\/?product=kadin-dekolte-damla-desen-detayli-sortlu-elbise-mayo#primaryimage","url":"https:\/\/burkinistar.com\/wp-content\/uploads\/2025\/08\/elbise-mayokadin-dekolte-damla-desen-d-d-85f0.jpg","contentUrl":"https:\/\/burkinistar.com\/wp-content\/uploads\/2025\/08\/elbise-mayokadin-dekolte-damla-desen-d-d-85f0.jpg","width":600,"height":900},{"@type":"BreadcrumbList","@id":"https:\/\/burkinistar.com\/?product=kadin-dekolte-damla-desen-detayli-sortlu-elbise-mayo#breadcrumb","itemListElement":[{"@type":"ListItem","position":1,"name":"Homepage","item":"https:\/\/burkinistar.com\/"},{"@type":"ListItem","position":2,"name":"All Products","item":"https:\/\/burkinistar.com\/?page_id=8"},{"@type":"ListItem","position":3,"name":"Kad\u0131n Dekolte Damla Desen Detayl\u0131 \u015eortlu Elbise Mayo"}]},{"@type":"WebSite","@id":"https:\/\/burkinistar.com\/#website","url":"https:\/\/burkinistar.com\/","name":"BURKINISTAR","description":"The Best Modest Swimwear and Bikini Store | Burkinistar","potentialAction":[{"@type":"SearchAction","target":{"@type":"EntryPoint","urlTemplate":"https:\/\/burkinistar.com\/?s={search_term_string}"},"query-input":{"@type":"PropertyValueSpecification","valueRequired":true,"valueName":"search_term_string"}}],"inLanguage":"en-US"}]}},"_links":{"self":[{"href":"https:\/\/burkinistar.com\/index.php?rest_route=\/wp\/v2\/product\/50725","targetHints":{"allow":["GET"]}}],"collection":[{"href":"https:\/\/burkinistar.com\/index.php?rest_route=\/wp\/v2\/product"}],"about":[{"href":"https:\/\/burkinistar.com\/index.php?rest_route=\/wp\/v2\/types\/product"}],"replies":[{"embeddable":true,"href":"https:\/\/burkinistar.com\/index.php?rest_route=%2Fwp%2Fv2%2Fcomments&post=50725"}],"version-history":[{"count":1,"href":"https:\/\/burkinistar.com\/index.php?rest_route=\/wp\/v2\/product\/50725\/revisions"}],"predecessor-version":[{"id":50726,"href":"https:\/\/burkinistar.com\/index.php?rest_route=\/wp\/v2\/product\/50725\/revisions\/50726"}],"wp:featuredmedia":[{"embeddable":true,"href":"https:\/\/burkinistar.com\/index.php?rest_route=\/wp\/v2\/media\/50728"}],"wp:attachment":[{"href":"https:\/\/burkinistar.com\/index.php?rest_route=%2Fwp%2Fv2%2Fmedia&parent=50725"}],"wp:term":[{"taxonomy":"product_brand","embeddable":true,"href":"https:\/\/burkinistar.com\/index.php?rest_route=%2Fwp%2Fv2%2Fproduct_brand&post=50725"},{"taxonomy":"product_cat","embeddable":true,"href":"https:\/\/burkinistar.com\/index.php?rest_route=%2Fwp%2Fv2%2Fproduct_cat&post=50725"},{"taxonomy":"product_tag","embeddable":true,"href":"https:\/\/burkinistar.com\/index.php?rest_route=%2Fwp%2Fv2%2Fproduct_tag&post=50725"}],"curies":[{"name":"wp","href":"https:\/\/api.w.org\/{rel}","templated":true}]}}