{"id":50746,"date":"2025-08-30T11:27:32","date_gmt":"2025-08-30T11:27:32","guid":{"rendered":"https:\/\/burkinistar.com\/?product=kadin-mor-elbise-mayo-kaz-ayagi-desenli-fiyonk-detayli"},"modified":"2025-08-30T11:27:50","modified_gmt":"2025-08-30T11:27:50","slug":"kadin-mor-elbise-mayo-kaz-ayagi-desenli-fiyonk-detayli","status":"publish","type":"product","link":"https:\/\/burkinistar.com\/?product=kadin-mor-elbise-mayo-kaz-ayagi-desenli-fiyonk-detayli","title":{"rendered":"Kad\u0131n Mor Elbise Mayo Kaz Aya\u011f\u0131 Desenli Fiyonk Detayl\u0131"},"content":{"rendered":"<p>Kad\u0131n \u015eortlu Mayo Mor Kaz Aya\u011f\u0131 \u00dcr\u00fcn\u00fcm\u00fcz Likral\u0131 S\u00fcprem kuma\u015ftan \u00fcretilmi\u015ftir. Tek par\u00e7adan olu\u015fmaktad\u0131r. Elbise mayonun i\u00e7i tulum \u015feklinde komple astarl\u0131d\u0131r, Alt k\u0131sm\u0131nda \u015fort mevcuttur, G\u00f6\u011f\u00fcs k\u0131sm\u0131nda tuluma dikili \u015fekilde cup mevcuttur. Kol a\u011f\u0131zlar\u0131nda, G\u00f6\u011f\u00fcs ve S\u0131rt dekoltesinde lastikli diki\u015f mevcuttur, bu sayede su i\u00e7erisinde a\u00e7\u0131lma d\u00fc\u015fme vs. gibi durumlar ya\u015fanmaz. Manken \u00fczerindeki \u00fcr\u00fcn\u00fcn bedeni38&#8217;dir. Manken \u00f6l\u00e7\u00fcleri; 86\/61\/91 170cm\/54kg<\/p>\n","protected":false},"excerpt":{"rendered":"<p>Kad\u0131n \u015eortlu Mayo Mor Kaz Aya\u011f\u0131 \u00dcr\u00fcn\u00fcm\u00fcz Likral\u0131 S\u00fcprem kuma\u015ftan \u00fcretilmi\u015ftir. Tek par\u00e7adan olu\u015fmaktad\u0131r. Elbise&hellip;<\/p>\n","protected":false},"featured_media":50749,"comment_status":"closed","ping_status":"open","template":"","meta":[],"product_brand":[2562],"product_cat":[2567],"product_tag":[],"class_list":{"0":"post-50746","1":"product","2":"type-product","3":"status-publish","4":"has-post-thumbnail","6":"product_brand-starinci-mayo","7":"product_cat-elbise-mayo","8":"pa_color-mor","9":"pa_size-2581","10":"pa_size-2582","11":"pa_size-2583","12":"pa_size-2584","13":"pa_size-2585","15":"first","16":"instock","17":"shipping-taxable","18":"purchasable","19":"product-type-variable","20":"layout-style-2","21":"col-md-4 col-sm-4 col-xs-6","22":"col-lg-4","23":"product-has-gallery","24":"product-style-slider"},"yoast_head":"<!-- This site is optimized with the Yoast SEO plugin v25.8 - https:\/\/yoast.com\/wordpress\/plugins\/seo\/ -->\n<title>Kad\u0131n Mor Elbise Mayo Kaz Aya\u011f\u0131 Desenli Fiyonk Detayl\u0131 - BURKINISTAR<\/title>\n<meta name=\"robots\" content=\"index, follow, max-snippet:-1, max-image-preview:large, max-video-preview:-1\" \/>\n<link rel=\"canonical\" href=\"https:\/\/burkinistar.com\/?product=kadin-mor-elbise-mayo-kaz-ayagi-desenli-fiyonk-detayli\" \/>\n<meta property=\"og:locale\" content=\"en_US\" \/>\n<meta property=\"og:type\" content=\"article\" \/>\n<meta property=\"og:title\" content=\"Kad\u0131n Mor Elbise Mayo Kaz Aya\u011f\u0131 Desenli Fiyonk Detayl\u0131 - BURKINISTAR\" \/>\n<meta property=\"og:description\" content=\"Kad\u0131n \u015eortlu Mayo Mor Kaz Aya\u011f\u0131 \u00dcr\u00fcn\u00fcm\u00fcz Likral\u0131 S\u00fcprem kuma\u015ftan \u00fcretilmi\u015ftir. Tek par\u00e7adan olu\u015fmaktad\u0131r. Elbise&hellip;\" \/>\n<meta property=\"og:url\" content=\"https:\/\/burkinistar.com\/?product=kadin-mor-elbise-mayo-kaz-ayagi-desenli-fiyonk-detayli\" \/>\n<meta property=\"og:site_name\" content=\"BURKINISTAR\" \/>\n<meta property=\"article:modified_time\" content=\"2025-08-30T11:27:50+00:00\" \/>\n<meta property=\"og:image\" content=\"https:\/\/burkinistar.com\/wp-content\/uploads\/2025\/08\/elbise-mayokadin-mor-elbise-mayo-kaz-a-aa144.jpg\" \/>\n\t<meta property=\"og:image:width\" content=\"600\" \/>\n\t<meta property=\"og:image:height\" content=\"900\" \/>\n\t<meta property=\"og:image:type\" content=\"image\/jpeg\" \/>\n<meta name=\"twitter:card\" content=\"summary_large_image\" \/>\n<script type=\"application\/ld+json\" class=\"yoast-schema-graph\">{\"@context\":\"https:\/\/schema.org\",\"@graph\":[{\"@type\":\"WebPage\",\"@id\":\"https:\/\/burkinistar.com\/?product=kadin-mor-elbise-mayo-kaz-ayagi-desenli-fiyonk-detayli\",\"url\":\"https:\/\/burkinistar.com\/?product=kadin-mor-elbise-mayo-kaz-ayagi-desenli-fiyonk-detayli\",\"name\":\"Kad\u0131n Mor Elbise Mayo Kaz Aya\u011f\u0131 Desenli Fiyonk Detayl\u0131 - BURKINISTAR\",\"isPartOf\":{\"@id\":\"https:\/\/burkinistar.com\/#website\"},\"primaryImageOfPage\":{\"@id\":\"https:\/\/burkinistar.com\/?product=kadin-mor-elbise-mayo-kaz-ayagi-desenli-fiyonk-detayli#primaryimage\"},\"image\":{\"@id\":\"https:\/\/burkinistar.com\/?product=kadin-mor-elbise-mayo-kaz-ayagi-desenli-fiyonk-detayli#primaryimage\"},\"thumbnailUrl\":\"https:\/\/burkinistar.com\/wp-content\/uploads\/2025\/08\/elbise-mayokadin-mor-elbise-mayo-kaz-a-aa144.jpg\",\"datePublished\":\"2025-08-30T11:27:32+00:00\",\"dateModified\":\"2025-08-30T11:27:50+00:00\",\"breadcrumb\":{\"@id\":\"https:\/\/burkinistar.com\/?product=kadin-mor-elbise-mayo-kaz-ayagi-desenli-fiyonk-detayli#breadcrumb\"},\"inLanguage\":\"en-US\",\"potentialAction\":[{\"@type\":\"ReadAction\",\"target\":[\"https:\/\/burkinistar.com\/?product=kadin-mor-elbise-mayo-kaz-ayagi-desenli-fiyonk-detayli\"]}]},{\"@type\":\"ImageObject\",\"inLanguage\":\"en-US\",\"@id\":\"https:\/\/burkinistar.com\/?product=kadin-mor-elbise-mayo-kaz-ayagi-desenli-fiyonk-detayli#primaryimage\",\"url\":\"https:\/\/burkinistar.com\/wp-content\/uploads\/2025\/08\/elbise-mayokadin-mor-elbise-mayo-kaz-a-aa144.jpg\",\"contentUrl\":\"https:\/\/burkinistar.com\/wp-content\/uploads\/2025\/08\/elbise-mayokadin-mor-elbise-mayo-kaz-a-aa144.jpg\",\"width\":600,\"height\":900},{\"@type\":\"BreadcrumbList\",\"@id\":\"https:\/\/burkinistar.com\/?product=kadin-mor-elbise-mayo-kaz-ayagi-desenli-fiyonk-detayli#breadcrumb\",\"itemListElement\":[{\"@type\":\"ListItem\",\"position\":1,\"name\":\"Homepage\",\"item\":\"https:\/\/burkinistar.com\/\"},{\"@type\":\"ListItem\",\"position\":2,\"name\":\"All Products\",\"item\":\"https:\/\/burkinistar.com\/?page_id=8\"},{\"@type\":\"ListItem\",\"position\":3,\"name\":\"Kad\u0131n Mor Elbise Mayo Kaz Aya\u011f\u0131 Desenli Fiyonk Detayl\u0131\"}]},{\"@type\":\"WebSite\",\"@id\":\"https:\/\/burkinistar.com\/#website\",\"url\":\"https:\/\/burkinistar.com\/\",\"name\":\"BURKINISTAR\",\"description\":\"The Best Modest Swimwear and Bikini Store | Burkinistar\",\"potentialAction\":[{\"@type\":\"SearchAction\",\"target\":{\"@type\":\"EntryPoint\",\"urlTemplate\":\"https:\/\/burkinistar.com\/?s={search_term_string}\"},\"query-input\":{\"@type\":\"PropertyValueSpecification\",\"valueRequired\":true,\"valueName\":\"search_term_string\"}}],\"inLanguage\":\"en-US\"}]}<\/script>\n<!-- \/ Yoast SEO plugin. -->","yoast_head_json":{"title":"Kad\u0131n Mor Elbise Mayo Kaz Aya\u011f\u0131 Desenli Fiyonk Detayl\u0131 - BURKINISTAR","robots":{"index":"index","follow":"follow","max-snippet":"max-snippet:-1","max-image-preview":"max-image-preview:large","max-video-preview":"max-video-preview:-1"},"canonical":"https:\/\/burkinistar.com\/?product=kadin-mor-elbise-mayo-kaz-ayagi-desenli-fiyonk-detayli","og_locale":"en_US","og_type":"article","og_title":"Kad\u0131n Mor Elbise Mayo Kaz Aya\u011f\u0131 Desenli Fiyonk Detayl\u0131 - BURKINISTAR","og_description":"Kad\u0131n \u015eortlu Mayo Mor Kaz Aya\u011f\u0131 \u00dcr\u00fcn\u00fcm\u00fcz Likral\u0131 S\u00fcprem kuma\u015ftan \u00fcretilmi\u015ftir. Tek par\u00e7adan olu\u015fmaktad\u0131r. Elbise&hellip;","og_url":"https:\/\/burkinistar.com\/?product=kadin-mor-elbise-mayo-kaz-ayagi-desenli-fiyonk-detayli","og_site_name":"BURKINISTAR","article_modified_time":"2025-08-30T11:27:50+00:00","og_image":[{"width":600,"height":900,"url":"https:\/\/burkinistar.com\/wp-content\/uploads\/2025\/08\/elbise-mayokadin-mor-elbise-mayo-kaz-a-aa144.jpg","type":"image\/jpeg"}],"twitter_card":"summary_large_image","schema":{"@context":"https:\/\/schema.org","@graph":[{"@type":"WebPage","@id":"https:\/\/burkinistar.com\/?product=kadin-mor-elbise-mayo-kaz-ayagi-desenli-fiyonk-detayli","url":"https:\/\/burkinistar.com\/?product=kadin-mor-elbise-mayo-kaz-ayagi-desenli-fiyonk-detayli","name":"Kad\u0131n Mor Elbise Mayo Kaz Aya\u011f\u0131 Desenli Fiyonk Detayl\u0131 - BURKINISTAR","isPartOf":{"@id":"https:\/\/burkinistar.com\/#website"},"primaryImageOfPage":{"@id":"https:\/\/burkinistar.com\/?product=kadin-mor-elbise-mayo-kaz-ayagi-desenli-fiyonk-detayli#primaryimage"},"image":{"@id":"https:\/\/burkinistar.com\/?product=kadin-mor-elbise-mayo-kaz-ayagi-desenli-fiyonk-detayli#primaryimage"},"thumbnailUrl":"https:\/\/burkinistar.com\/wp-content\/uploads\/2025\/08\/elbise-mayokadin-mor-elbise-mayo-kaz-a-aa144.jpg","datePublished":"2025-08-30T11:27:32+00:00","dateModified":"2025-08-30T11:27:50+00:00","breadcrumb":{"@id":"https:\/\/burkinistar.com\/?product=kadin-mor-elbise-mayo-kaz-ayagi-desenli-fiyonk-detayli#breadcrumb"},"inLanguage":"en-US","potentialAction":[{"@type":"ReadAction","target":["https:\/\/burkinistar.com\/?product=kadin-mor-elbise-mayo-kaz-ayagi-desenli-fiyonk-detayli"]}]},{"@type":"ImageObject","inLanguage":"en-US","@id":"https:\/\/burkinistar.com\/?product=kadin-mor-elbise-mayo-kaz-ayagi-desenli-fiyonk-detayli#primaryimage","url":"https:\/\/burkinistar.com\/wp-content\/uploads\/2025\/08\/elbise-mayokadin-mor-elbise-mayo-kaz-a-aa144.jpg","contentUrl":"https:\/\/burkinistar.com\/wp-content\/uploads\/2025\/08\/elbise-mayokadin-mor-elbise-mayo-kaz-a-aa144.jpg","width":600,"height":900},{"@type":"BreadcrumbList","@id":"https:\/\/burkinistar.com\/?product=kadin-mor-elbise-mayo-kaz-ayagi-desenli-fiyonk-detayli#breadcrumb","itemListElement":[{"@type":"ListItem","position":1,"name":"Homepage","item":"https:\/\/burkinistar.com\/"},{"@type":"ListItem","position":2,"name":"All Products","item":"https:\/\/burkinistar.com\/?page_id=8"},{"@type":"ListItem","position":3,"name":"Kad\u0131n Mor Elbise Mayo Kaz Aya\u011f\u0131 Desenli Fiyonk Detayl\u0131"}]},{"@type":"WebSite","@id":"https:\/\/burkinistar.com\/#website","url":"https:\/\/burkinistar.com\/","name":"BURKINISTAR","description":"The Best Modest Swimwear and Bikini Store | Burkinistar","potentialAction":[{"@type":"SearchAction","target":{"@type":"EntryPoint","urlTemplate":"https:\/\/burkinistar.com\/?s={search_term_string}"},"query-input":{"@type":"PropertyValueSpecification","valueRequired":true,"valueName":"search_term_string"}}],"inLanguage":"en-US"}]}},"_links":{"self":[{"href":"https:\/\/burkinistar.com\/index.php?rest_route=\/wp\/v2\/product\/50746","targetHints":{"allow":["GET"]}}],"collection":[{"href":"https:\/\/burkinistar.com\/index.php?rest_route=\/wp\/v2\/product"}],"about":[{"href":"https:\/\/burkinistar.com\/index.php?rest_route=\/wp\/v2\/types\/product"}],"replies":[{"embeddable":true,"href":"https:\/\/burkinistar.com\/index.php?rest_route=%2Fwp%2Fv2%2Fcomments&post=50746"}],"version-history":[{"count":1,"href":"https:\/\/burkinistar.com\/index.php?rest_route=\/wp\/v2\/product\/50746\/revisions"}],"predecessor-version":[{"id":50747,"href":"https:\/\/burkinistar.com\/index.php?rest_route=\/wp\/v2\/product\/50746\/revisions\/50747"}],"wp:featuredmedia":[{"embeddable":true,"href":"https:\/\/burkinistar.com\/index.php?rest_route=\/wp\/v2\/media\/50749"}],"wp:attachment":[{"href":"https:\/\/burkinistar.com\/index.php?rest_route=%2Fwp%2Fv2%2Fmedia&parent=50746"}],"wp:term":[{"taxonomy":"product_brand","embeddable":true,"href":"https:\/\/burkinistar.com\/index.php?rest_route=%2Fwp%2Fv2%2Fproduct_brand&post=50746"},{"taxonomy":"product_cat","embeddable":true,"href":"https:\/\/burkinistar.com\/index.php?rest_route=%2Fwp%2Fv2%2Fproduct_cat&post=50746"},{"taxonomy":"product_tag","embeddable":true,"href":"https:\/\/burkinistar.com\/index.php?rest_route=%2Fwp%2Fv2%2Fproduct_tag&post=50746"}],"curies":[{"name":"wp","href":"https:\/\/api.w.org\/{rel}","templated":true}]}}