{"id":50758,"date":"2025-08-30T11:27:32","date_gmt":"2025-08-30T11:27:32","guid":{"rendered":"https:\/\/burkinistar.com\/?product=kadin-minimizier-yuksek-bel-leopar-desenli-bikini-takimi"},"modified":"2025-08-30T11:27:50","modified_gmt":"2025-08-30T11:27:50","slug":"kadin-minimizier-yuksek-bel-leopar-desenli-bikini-takimi","status":"publish","type":"product","link":"https:\/\/burkinistar.com\/?product=kadin-minimizier-yuksek-bel-leopar-desenli-bikini-takimi","title":{"rendered":"Kad\u0131n Minimizier Y\u00fcksek Bel Leopar Desenli Bikini Tak\u0131m\u0131"},"content":{"rendered":"<p>Kad\u0131n Leopar Desenli Bikini Tak\u0131m\u0131 Bikini Tak\u0131m\u0131m\u0131z alt ve \u00fcst 2 par\u00e7adan olu\u015fmaktad\u0131r. \u00dcr\u00fcn\u00fcm\u00fcz\u00fcn \u00fcst k\u0131sm\u0131nda yarlanabillir ask\u0131 ve plastik ba\u011flama kop\u00e7as\u0131 mevcuttur. g\u00f6\u011f\u00fcs k\u0131sm\u0131nda komple astar mevcuttur ve astar i\u00e7erisinde \u00e7\u0131kar\u0131labilir cup mevcuttur. G\u00f6\u011f\u00fcs dekoltesinde ve Bel k\u0131sm\u0131nda lastikli diki\u015f mevcuttur bu sayede su i\u00e7erisinde a\u00e7\u0131lma vs yapmaz. Bikini alt\u0131nda g\u00f6\u011f\u00fcs k\u0131sm\u0131n\u0131n desenlerini bel k\u0131sm\u0131na garni \u015feklinde tasar\u0131m mevcuttur bu sayede plaj modas\u0131na e\u015fsiz bir tarz katm\u0131\u015ft\u0131r. Bikini alt\u0131 komple tulum \u015feklinde astarl\u0131d\u0131r. Bacak kenarlar\u0131nda lastikli diki\u015f mevcuttur. havuz ve termal kullan\u0131m\u0131 i\u00e7inde uygundur. Manken \u00fczerindeki \u00fcr\u00fcn\u00fcn bedeni 38&#8217;dir. Manken \u00f6l\u00e7\u00fcleri 86\/62\/92<\/p>\n","protected":false},"excerpt":{"rendered":"<p>Kad\u0131n Leopar Desenli Bikini Tak\u0131m\u0131 Bikini Tak\u0131m\u0131m\u0131z alt ve \u00fcst 2 par\u00e7adan olu\u015fmaktad\u0131r. \u00dcr\u00fcn\u00fcm\u00fcz\u00fcn \u00fcst&hellip;<\/p>\n","protected":false},"featured_media":50761,"comment_status":"closed","ping_status":"open","template":"","meta":[],"product_brand":[2555],"product_cat":[2503],"product_tag":[],"class_list":{"0":"post-50758","1":"product","2":"type-product","3":"status-publish","4":"has-post-thumbnail","6":"product_brand-armes","7":"product_cat-bikini","8":"pa_color-lacivert","9":"pa_size-2581","11":"first","12":"instock","13":"shipping-taxable","14":"purchasable","15":"product-type-variable","16":"layout-style-2","17":"col-md-4 col-sm-4 col-xs-6","18":"col-lg-4","19":"product-has-gallery","20":"product-style-slider"},"yoast_head":"<!-- This site is optimized with the Yoast SEO plugin v25.8 - https:\/\/yoast.com\/wordpress\/plugins\/seo\/ -->\n<title>Kad\u0131n Minimizier Y\u00fcksek Bel Leopar Desenli Bikini Tak\u0131m\u0131 - BURKINISTAR<\/title>\n<meta name=\"robots\" content=\"index, follow, max-snippet:-1, max-image-preview:large, max-video-preview:-1\" \/>\n<link rel=\"canonical\" href=\"https:\/\/burkinistar.com\/?product=kadin-minimizier-yuksek-bel-leopar-desenli-bikini-takimi\" \/>\n<meta property=\"og:locale\" content=\"en_US\" \/>\n<meta property=\"og:type\" content=\"article\" \/>\n<meta property=\"og:title\" content=\"Kad\u0131n Minimizier Y\u00fcksek Bel Leopar Desenli Bikini Tak\u0131m\u0131 - BURKINISTAR\" \/>\n<meta property=\"og:description\" content=\"Kad\u0131n Leopar Desenli Bikini Tak\u0131m\u0131 Bikini Tak\u0131m\u0131m\u0131z alt ve \u00fcst 2 par\u00e7adan olu\u015fmaktad\u0131r. \u00dcr\u00fcn\u00fcm\u00fcz\u00fcn \u00fcst&hellip;\" \/>\n<meta property=\"og:url\" content=\"https:\/\/burkinistar.com\/?product=kadin-minimizier-yuksek-bel-leopar-desenli-bikini-takimi\" \/>\n<meta property=\"og:site_name\" content=\"BURKINISTAR\" \/>\n<meta property=\"article:modified_time\" content=\"2025-08-30T11:27:50+00:00\" \/>\n<meta property=\"og:image\" content=\"https:\/\/burkinistar.com\/wp-content\/uploads\/2025\/08\/mayokadin-minimizier-yuksek-bel-leopar-1e8-e5.jpg\" \/>\n\t<meta property=\"og:image:width\" content=\"600\" \/>\n\t<meta property=\"og:image:height\" content=\"900\" \/>\n\t<meta property=\"og:image:type\" content=\"image\/jpeg\" \/>\n<meta name=\"twitter:card\" content=\"summary_large_image\" \/>\n<meta name=\"twitter:label1\" content=\"Est. reading time\" \/>\n\t<meta name=\"twitter:data1\" content=\"1 minute\" \/>\n<script type=\"application\/ld+json\" class=\"yoast-schema-graph\">{\"@context\":\"https:\/\/schema.org\",\"@graph\":[{\"@type\":\"WebPage\",\"@id\":\"https:\/\/burkinistar.com\/?product=kadin-minimizier-yuksek-bel-leopar-desenli-bikini-takimi\",\"url\":\"https:\/\/burkinistar.com\/?product=kadin-minimizier-yuksek-bel-leopar-desenli-bikini-takimi\",\"name\":\"Kad\u0131n Minimizier Y\u00fcksek Bel Leopar Desenli Bikini Tak\u0131m\u0131 - BURKINISTAR\",\"isPartOf\":{\"@id\":\"https:\/\/burkinistar.com\/#website\"},\"primaryImageOfPage\":{\"@id\":\"https:\/\/burkinistar.com\/?product=kadin-minimizier-yuksek-bel-leopar-desenli-bikini-takimi#primaryimage\"},\"image\":{\"@id\":\"https:\/\/burkinistar.com\/?product=kadin-minimizier-yuksek-bel-leopar-desenli-bikini-takimi#primaryimage\"},\"thumbnailUrl\":\"https:\/\/burkinistar.com\/wp-content\/uploads\/2025\/08\/mayokadin-minimizier-yuksek-bel-leopar-1e8-e5.jpg\",\"datePublished\":\"2025-08-30T11:27:32+00:00\",\"dateModified\":\"2025-08-30T11:27:50+00:00\",\"breadcrumb\":{\"@id\":\"https:\/\/burkinistar.com\/?product=kadin-minimizier-yuksek-bel-leopar-desenli-bikini-takimi#breadcrumb\"},\"inLanguage\":\"en-US\",\"potentialAction\":[{\"@type\":\"ReadAction\",\"target\":[\"https:\/\/burkinistar.com\/?product=kadin-minimizier-yuksek-bel-leopar-desenli-bikini-takimi\"]}]},{\"@type\":\"ImageObject\",\"inLanguage\":\"en-US\",\"@id\":\"https:\/\/burkinistar.com\/?product=kadin-minimizier-yuksek-bel-leopar-desenli-bikini-takimi#primaryimage\",\"url\":\"https:\/\/burkinistar.com\/wp-content\/uploads\/2025\/08\/mayokadin-minimizier-yuksek-bel-leopar-1e8-e5.jpg\",\"contentUrl\":\"https:\/\/burkinistar.com\/wp-content\/uploads\/2025\/08\/mayokadin-minimizier-yuksek-bel-leopar-1e8-e5.jpg\",\"width\":600,\"height\":900},{\"@type\":\"BreadcrumbList\",\"@id\":\"https:\/\/burkinistar.com\/?product=kadin-minimizier-yuksek-bel-leopar-desenli-bikini-takimi#breadcrumb\",\"itemListElement\":[{\"@type\":\"ListItem\",\"position\":1,\"name\":\"Homepage\",\"item\":\"https:\/\/burkinistar.com\/\"},{\"@type\":\"ListItem\",\"position\":2,\"name\":\"All Products\",\"item\":\"https:\/\/burkinistar.com\/?page_id=8\"},{\"@type\":\"ListItem\",\"position\":3,\"name\":\"Kad\u0131n Minimizier Y\u00fcksek Bel Leopar Desenli Bikini Tak\u0131m\u0131\"}]},{\"@type\":\"WebSite\",\"@id\":\"https:\/\/burkinistar.com\/#website\",\"url\":\"https:\/\/burkinistar.com\/\",\"name\":\"BURKINISTAR\",\"description\":\"The Best Modest Swimwear and Bikini Store | Burkinistar\",\"potentialAction\":[{\"@type\":\"SearchAction\",\"target\":{\"@type\":\"EntryPoint\",\"urlTemplate\":\"https:\/\/burkinistar.com\/?s={search_term_string}\"},\"query-input\":{\"@type\":\"PropertyValueSpecification\",\"valueRequired\":true,\"valueName\":\"search_term_string\"}}],\"inLanguage\":\"en-US\"}]}<\/script>\n<!-- \/ Yoast SEO plugin. -->","yoast_head_json":{"title":"Kad\u0131n Minimizier Y\u00fcksek Bel Leopar Desenli Bikini Tak\u0131m\u0131 - BURKINISTAR","robots":{"index":"index","follow":"follow","max-snippet":"max-snippet:-1","max-image-preview":"max-image-preview:large","max-video-preview":"max-video-preview:-1"},"canonical":"https:\/\/burkinistar.com\/?product=kadin-minimizier-yuksek-bel-leopar-desenli-bikini-takimi","og_locale":"en_US","og_type":"article","og_title":"Kad\u0131n Minimizier Y\u00fcksek Bel Leopar Desenli Bikini Tak\u0131m\u0131 - BURKINISTAR","og_description":"Kad\u0131n Leopar Desenli Bikini Tak\u0131m\u0131 Bikini Tak\u0131m\u0131m\u0131z alt ve \u00fcst 2 par\u00e7adan olu\u015fmaktad\u0131r. \u00dcr\u00fcn\u00fcm\u00fcz\u00fcn \u00fcst&hellip;","og_url":"https:\/\/burkinistar.com\/?product=kadin-minimizier-yuksek-bel-leopar-desenli-bikini-takimi","og_site_name":"BURKINISTAR","article_modified_time":"2025-08-30T11:27:50+00:00","og_image":[{"width":600,"height":900,"url":"https:\/\/burkinistar.com\/wp-content\/uploads\/2025\/08\/mayokadin-minimizier-yuksek-bel-leopar-1e8-e5.jpg","type":"image\/jpeg"}],"twitter_card":"summary_large_image","twitter_misc":{"Est. reading time":"1 minute"},"schema":{"@context":"https:\/\/schema.org","@graph":[{"@type":"WebPage","@id":"https:\/\/burkinistar.com\/?product=kadin-minimizier-yuksek-bel-leopar-desenli-bikini-takimi","url":"https:\/\/burkinistar.com\/?product=kadin-minimizier-yuksek-bel-leopar-desenli-bikini-takimi","name":"Kad\u0131n Minimizier Y\u00fcksek Bel Leopar Desenli Bikini Tak\u0131m\u0131 - BURKINISTAR","isPartOf":{"@id":"https:\/\/burkinistar.com\/#website"},"primaryImageOfPage":{"@id":"https:\/\/burkinistar.com\/?product=kadin-minimizier-yuksek-bel-leopar-desenli-bikini-takimi#primaryimage"},"image":{"@id":"https:\/\/burkinistar.com\/?product=kadin-minimizier-yuksek-bel-leopar-desenli-bikini-takimi#primaryimage"},"thumbnailUrl":"https:\/\/burkinistar.com\/wp-content\/uploads\/2025\/08\/mayokadin-minimizier-yuksek-bel-leopar-1e8-e5.jpg","datePublished":"2025-08-30T11:27:32+00:00","dateModified":"2025-08-30T11:27:50+00:00","breadcrumb":{"@id":"https:\/\/burkinistar.com\/?product=kadin-minimizier-yuksek-bel-leopar-desenli-bikini-takimi#breadcrumb"},"inLanguage":"en-US","potentialAction":[{"@type":"ReadAction","target":["https:\/\/burkinistar.com\/?product=kadin-minimizier-yuksek-bel-leopar-desenli-bikini-takimi"]}]},{"@type":"ImageObject","inLanguage":"en-US","@id":"https:\/\/burkinistar.com\/?product=kadin-minimizier-yuksek-bel-leopar-desenli-bikini-takimi#primaryimage","url":"https:\/\/burkinistar.com\/wp-content\/uploads\/2025\/08\/mayokadin-minimizier-yuksek-bel-leopar-1e8-e5.jpg","contentUrl":"https:\/\/burkinistar.com\/wp-content\/uploads\/2025\/08\/mayokadin-minimizier-yuksek-bel-leopar-1e8-e5.jpg","width":600,"height":900},{"@type":"BreadcrumbList","@id":"https:\/\/burkinistar.com\/?product=kadin-minimizier-yuksek-bel-leopar-desenli-bikini-takimi#breadcrumb","itemListElement":[{"@type":"ListItem","position":1,"name":"Homepage","item":"https:\/\/burkinistar.com\/"},{"@type":"ListItem","position":2,"name":"All Products","item":"https:\/\/burkinistar.com\/?page_id=8"},{"@type":"ListItem","position":3,"name":"Kad\u0131n Minimizier Y\u00fcksek Bel Leopar Desenli Bikini Tak\u0131m\u0131"}]},{"@type":"WebSite","@id":"https:\/\/burkinistar.com\/#website","url":"https:\/\/burkinistar.com\/","name":"BURKINISTAR","description":"The Best Modest Swimwear and Bikini Store | Burkinistar","potentialAction":[{"@type":"SearchAction","target":{"@type":"EntryPoint","urlTemplate":"https:\/\/burkinistar.com\/?s={search_term_string}"},"query-input":{"@type":"PropertyValueSpecification","valueRequired":true,"valueName":"search_term_string"}}],"inLanguage":"en-US"}]}},"_links":{"self":[{"href":"https:\/\/burkinistar.com\/index.php?rest_route=\/wp\/v2\/product\/50758","targetHints":{"allow":["GET"]}}],"collection":[{"href":"https:\/\/burkinistar.com\/index.php?rest_route=\/wp\/v2\/product"}],"about":[{"href":"https:\/\/burkinistar.com\/index.php?rest_route=\/wp\/v2\/types\/product"}],"replies":[{"embeddable":true,"href":"https:\/\/burkinistar.com\/index.php?rest_route=%2Fwp%2Fv2%2Fcomments&post=50758"}],"version-history":[{"count":1,"href":"https:\/\/burkinistar.com\/index.php?rest_route=\/wp\/v2\/product\/50758\/revisions"}],"predecessor-version":[{"id":50759,"href":"https:\/\/burkinistar.com\/index.php?rest_route=\/wp\/v2\/product\/50758\/revisions\/50759"}],"wp:featuredmedia":[{"embeddable":true,"href":"https:\/\/burkinistar.com\/index.php?rest_route=\/wp\/v2\/media\/50761"}],"wp:attachment":[{"href":"https:\/\/burkinistar.com\/index.php?rest_route=%2Fwp%2Fv2%2Fmedia&parent=50758"}],"wp:term":[{"taxonomy":"product_brand","embeddable":true,"href":"https:\/\/burkinistar.com\/index.php?rest_route=%2Fwp%2Fv2%2Fproduct_brand&post=50758"},{"taxonomy":"product_cat","embeddable":true,"href":"https:\/\/burkinistar.com\/index.php?rest_route=%2Fwp%2Fv2%2Fproduct_cat&post=50758"},{"taxonomy":"product_tag","embeddable":true,"href":"https:\/\/burkinistar.com\/index.php?rest_route=%2Fwp%2Fv2%2Fproduct_tag&post=50758"}],"curies":[{"name":"wp","href":"https:\/\/api.w.org\/{rel}","templated":true}]}}