{"id":50799,"date":"2025-08-30T11:27:51","date_gmt":"2025-08-30T11:27:51","guid":{"rendered":"https:\/\/burkinistar.com\/?product=kadin-siyah-tam-kapali-tesettur-mayo-marin-desen-dev-papatya"},"modified":"2025-08-30T11:28:04","modified_gmt":"2025-08-30T11:28:04","slug":"kadin-siyah-tam-kapali-tesettur-mayo-marin-desen-dev-papatya","status":"publish","type":"product","link":"https:\/\/burkinistar.com\/?product=kadin-siyah-tam-kapali-tesettur-mayo-marin-desen-dev-papatya","title":{"rendered":"Kad\u0131n Siyah Tam Kapal\u0131 Tesett\u00fcr Mayo Marin Desen Dev Papatya"},"content":{"rendered":"<p>Kad\u0131n Marin Desen Tesett\u00fcr Mayo \u00dcr\u00fcn\u00fcm\u00fcz Bone, Tunik ve Tayt olmak \u00fczere 3 par\u00e7adan olu\u015fmaktad\u0131r. Tunik i\u00e7erisinde dikili ve cup mevcut olan b\u00fcstiyer vard\u0131r. Tayt kal\u0131b\u0131 bantolon \u015feklindedir. Bone de lastikli diki\u015f mevcuttur bu sayede su i\u00e7erisinde d\u00fc\u015fme veya a\u00e7\u0131lma s\u00f6z konusu olmaz. Tayt\u0131n beli latiklidir, bu sayede tutucu \u00f6zelli\u011fi vard\u0131r. Modelin arka ve \u00f6n\u00fc g\u00f6rseldeki gibi desenlidir. Manken \u00dczerindeki \u00fcr\u00fcn\u00fcn bedeni 38&#8217;dir.Manken \u00f6l\u00e7\u00fcleri ; G\u00f6\u011f\u00fcs:88 Bel:58 Basen: 87 Havuz Ve Termal kullan\u0131m\u0131 i\u00e7in uygundur.<\/p>\n<p>&nbsp;<\/p>\n<p>&nbsp;<\/p>\n<p>&nbsp;<\/p>\n<p>&nbsp;<\/p>\n<p>&nbsp;<\/p>\n<p>&nbsp;<\/p>\n","protected":false},"excerpt":{"rendered":"<p>Kad\u0131n Marin Desen Tesett\u00fcr Mayo \u00dcr\u00fcn\u00fcm\u00fcz Bone, Tunik ve Tayt olmak \u00fczere 3 par\u00e7adan olu\u015fmaktad\u0131r.&hellip;<\/p>\n","protected":false},"featured_media":50802,"comment_status":"closed","ping_status":"open","template":"","meta":[],"product_brand":[2562],"product_cat":[2575,2556],"product_tag":[],"class_list":{"0":"post-50799","1":"product","2":"type-product","3":"status-publish","4":"has-post-thumbnail","6":"product_brand-starinci-mayo","7":"product_cat-likrali-tesettur-mayo","8":"product_cat-tesettur-mayo","9":"pa_color-siyah","10":"pa_size-2581","11":"pa_size-2582","12":"pa_size-2583","13":"pa_size-2584","14":"pa_size-2585","16":"first","17":"instock","18":"shipping-taxable","19":"purchasable","20":"product-type-variable","21":"layout-style-2","22":"col-md-4 col-sm-4 col-xs-6","23":"col-lg-4","24":"product-has-gallery","25":"product-style-slider"},"yoast_head":"<!-- This site is optimized with the Yoast SEO plugin v25.8 - https:\/\/yoast.com\/wordpress\/plugins\/seo\/ -->\n<title>Kad\u0131n Siyah Tam Kapal\u0131 Tesett\u00fcr Mayo Marin Desen Dev Papatya - BURKINISTAR<\/title>\n<meta name=\"robots\" content=\"index, follow, max-snippet:-1, max-image-preview:large, max-video-preview:-1\" \/>\n<link rel=\"canonical\" href=\"https:\/\/burkinistar.com\/?product=kadin-siyah-tam-kapali-tesettur-mayo-marin-desen-dev-papatya\" \/>\n<meta property=\"og:locale\" content=\"en_US\" \/>\n<meta property=\"og:type\" content=\"article\" \/>\n<meta property=\"og:title\" content=\"Kad\u0131n Siyah Tam Kapal\u0131 Tesett\u00fcr Mayo Marin Desen Dev Papatya - BURKINISTAR\" \/>\n<meta property=\"og:description\" content=\"Kad\u0131n Marin Desen Tesett\u00fcr Mayo \u00dcr\u00fcn\u00fcm\u00fcz Bone, Tunik ve Tayt olmak \u00fczere 3 par\u00e7adan olu\u015fmaktad\u0131r.&hellip;\" \/>\n<meta property=\"og:url\" content=\"https:\/\/burkinistar.com\/?product=kadin-siyah-tam-kapali-tesettur-mayo-marin-desen-dev-papatya\" \/>\n<meta property=\"og:site_name\" content=\"BURKINISTAR\" \/>\n<meta property=\"article:modified_time\" content=\"2025-08-30T11:28:04+00:00\" \/>\n<meta property=\"og:image\" content=\"https:\/\/burkinistar.com\/wp-content\/uploads\/2025\/08\/hasemakadin-siyah-tam-kapali-tesettur-9f2-96.jpg\" \/>\n\t<meta property=\"og:image:width\" content=\"600\" \/>\n\t<meta property=\"og:image:height\" content=\"900\" \/>\n\t<meta property=\"og:image:type\" content=\"image\/jpeg\" \/>\n<meta name=\"twitter:card\" content=\"summary_large_image\" \/>\n<meta name=\"twitter:label1\" content=\"Est. reading time\" \/>\n\t<meta name=\"twitter:data1\" content=\"1 minute\" \/>\n<script type=\"application\/ld+json\" class=\"yoast-schema-graph\">{\"@context\":\"https:\/\/schema.org\",\"@graph\":[{\"@type\":\"WebPage\",\"@id\":\"https:\/\/burkinistar.com\/?product=kadin-siyah-tam-kapali-tesettur-mayo-marin-desen-dev-papatya\",\"url\":\"https:\/\/burkinistar.com\/?product=kadin-siyah-tam-kapali-tesettur-mayo-marin-desen-dev-papatya\",\"name\":\"Kad\u0131n Siyah Tam Kapal\u0131 Tesett\u00fcr Mayo Marin Desen Dev Papatya - BURKINISTAR\",\"isPartOf\":{\"@id\":\"https:\/\/burkinistar.com\/#website\"},\"primaryImageOfPage\":{\"@id\":\"https:\/\/burkinistar.com\/?product=kadin-siyah-tam-kapali-tesettur-mayo-marin-desen-dev-papatya#primaryimage\"},\"image\":{\"@id\":\"https:\/\/burkinistar.com\/?product=kadin-siyah-tam-kapali-tesettur-mayo-marin-desen-dev-papatya#primaryimage\"},\"thumbnailUrl\":\"https:\/\/burkinistar.com\/wp-content\/uploads\/2025\/08\/hasemakadin-siyah-tam-kapali-tesettur-9f2-96.jpg\",\"datePublished\":\"2025-08-30T11:27:51+00:00\",\"dateModified\":\"2025-08-30T11:28:04+00:00\",\"breadcrumb\":{\"@id\":\"https:\/\/burkinistar.com\/?product=kadin-siyah-tam-kapali-tesettur-mayo-marin-desen-dev-papatya#breadcrumb\"},\"inLanguage\":\"en-US\",\"potentialAction\":[{\"@type\":\"ReadAction\",\"target\":[\"https:\/\/burkinistar.com\/?product=kadin-siyah-tam-kapali-tesettur-mayo-marin-desen-dev-papatya\"]}]},{\"@type\":\"ImageObject\",\"inLanguage\":\"en-US\",\"@id\":\"https:\/\/burkinistar.com\/?product=kadin-siyah-tam-kapali-tesettur-mayo-marin-desen-dev-papatya#primaryimage\",\"url\":\"https:\/\/burkinistar.com\/wp-content\/uploads\/2025\/08\/hasemakadin-siyah-tam-kapali-tesettur-9f2-96.jpg\",\"contentUrl\":\"https:\/\/burkinistar.com\/wp-content\/uploads\/2025\/08\/hasemakadin-siyah-tam-kapali-tesettur-9f2-96.jpg\",\"width\":600,\"height\":900},{\"@type\":\"BreadcrumbList\",\"@id\":\"https:\/\/burkinistar.com\/?product=kadin-siyah-tam-kapali-tesettur-mayo-marin-desen-dev-papatya#breadcrumb\",\"itemListElement\":[{\"@type\":\"ListItem\",\"position\":1,\"name\":\"Homepage\",\"item\":\"https:\/\/burkinistar.com\/\"},{\"@type\":\"ListItem\",\"position\":2,\"name\":\"All Products\",\"item\":\"https:\/\/burkinistar.com\/?page_id=8\"},{\"@type\":\"ListItem\",\"position\":3,\"name\":\"Kad\u0131n Siyah Tam Kapal\u0131 Tesett\u00fcr Mayo Marin Desen Dev Papatya\"}]},{\"@type\":\"WebSite\",\"@id\":\"https:\/\/burkinistar.com\/#website\",\"url\":\"https:\/\/burkinistar.com\/\",\"name\":\"BURKINISTAR\",\"description\":\"The Best Modest Swimwear and Bikini Store | Burkinistar\",\"potentialAction\":[{\"@type\":\"SearchAction\",\"target\":{\"@type\":\"EntryPoint\",\"urlTemplate\":\"https:\/\/burkinistar.com\/?s={search_term_string}\"},\"query-input\":{\"@type\":\"PropertyValueSpecification\",\"valueRequired\":true,\"valueName\":\"search_term_string\"}}],\"inLanguage\":\"en-US\"}]}<\/script>\n<!-- \/ Yoast SEO plugin. -->","yoast_head_json":{"title":"Kad\u0131n Siyah Tam Kapal\u0131 Tesett\u00fcr Mayo Marin Desen Dev Papatya - BURKINISTAR","robots":{"index":"index","follow":"follow","max-snippet":"max-snippet:-1","max-image-preview":"max-image-preview:large","max-video-preview":"max-video-preview:-1"},"canonical":"https:\/\/burkinistar.com\/?product=kadin-siyah-tam-kapali-tesettur-mayo-marin-desen-dev-papatya","og_locale":"en_US","og_type":"article","og_title":"Kad\u0131n Siyah Tam Kapal\u0131 Tesett\u00fcr Mayo Marin Desen Dev Papatya - BURKINISTAR","og_description":"Kad\u0131n Marin Desen Tesett\u00fcr Mayo \u00dcr\u00fcn\u00fcm\u00fcz Bone, Tunik ve Tayt olmak \u00fczere 3 par\u00e7adan olu\u015fmaktad\u0131r.&hellip;","og_url":"https:\/\/burkinistar.com\/?product=kadin-siyah-tam-kapali-tesettur-mayo-marin-desen-dev-papatya","og_site_name":"BURKINISTAR","article_modified_time":"2025-08-30T11:28:04+00:00","og_image":[{"width":600,"height":900,"url":"https:\/\/burkinistar.com\/wp-content\/uploads\/2025\/08\/hasemakadin-siyah-tam-kapali-tesettur-9f2-96.jpg","type":"image\/jpeg"}],"twitter_card":"summary_large_image","twitter_misc":{"Est. reading time":"1 minute"},"schema":{"@context":"https:\/\/schema.org","@graph":[{"@type":"WebPage","@id":"https:\/\/burkinistar.com\/?product=kadin-siyah-tam-kapali-tesettur-mayo-marin-desen-dev-papatya","url":"https:\/\/burkinistar.com\/?product=kadin-siyah-tam-kapali-tesettur-mayo-marin-desen-dev-papatya","name":"Kad\u0131n Siyah Tam Kapal\u0131 Tesett\u00fcr Mayo Marin Desen Dev Papatya - BURKINISTAR","isPartOf":{"@id":"https:\/\/burkinistar.com\/#website"},"primaryImageOfPage":{"@id":"https:\/\/burkinistar.com\/?product=kadin-siyah-tam-kapali-tesettur-mayo-marin-desen-dev-papatya#primaryimage"},"image":{"@id":"https:\/\/burkinistar.com\/?product=kadin-siyah-tam-kapali-tesettur-mayo-marin-desen-dev-papatya#primaryimage"},"thumbnailUrl":"https:\/\/burkinistar.com\/wp-content\/uploads\/2025\/08\/hasemakadin-siyah-tam-kapali-tesettur-9f2-96.jpg","datePublished":"2025-08-30T11:27:51+00:00","dateModified":"2025-08-30T11:28:04+00:00","breadcrumb":{"@id":"https:\/\/burkinistar.com\/?product=kadin-siyah-tam-kapali-tesettur-mayo-marin-desen-dev-papatya#breadcrumb"},"inLanguage":"en-US","potentialAction":[{"@type":"ReadAction","target":["https:\/\/burkinistar.com\/?product=kadin-siyah-tam-kapali-tesettur-mayo-marin-desen-dev-papatya"]}]},{"@type":"ImageObject","inLanguage":"en-US","@id":"https:\/\/burkinistar.com\/?product=kadin-siyah-tam-kapali-tesettur-mayo-marin-desen-dev-papatya#primaryimage","url":"https:\/\/burkinistar.com\/wp-content\/uploads\/2025\/08\/hasemakadin-siyah-tam-kapali-tesettur-9f2-96.jpg","contentUrl":"https:\/\/burkinistar.com\/wp-content\/uploads\/2025\/08\/hasemakadin-siyah-tam-kapali-tesettur-9f2-96.jpg","width":600,"height":900},{"@type":"BreadcrumbList","@id":"https:\/\/burkinistar.com\/?product=kadin-siyah-tam-kapali-tesettur-mayo-marin-desen-dev-papatya#breadcrumb","itemListElement":[{"@type":"ListItem","position":1,"name":"Homepage","item":"https:\/\/burkinistar.com\/"},{"@type":"ListItem","position":2,"name":"All Products","item":"https:\/\/burkinistar.com\/?page_id=8"},{"@type":"ListItem","position":3,"name":"Kad\u0131n Siyah Tam Kapal\u0131 Tesett\u00fcr Mayo Marin Desen Dev Papatya"}]},{"@type":"WebSite","@id":"https:\/\/burkinistar.com\/#website","url":"https:\/\/burkinistar.com\/","name":"BURKINISTAR","description":"The Best Modest Swimwear and Bikini Store | Burkinistar","potentialAction":[{"@type":"SearchAction","target":{"@type":"EntryPoint","urlTemplate":"https:\/\/burkinistar.com\/?s={search_term_string}"},"query-input":{"@type":"PropertyValueSpecification","valueRequired":true,"valueName":"search_term_string"}}],"inLanguage":"en-US"}]}},"_links":{"self":[{"href":"https:\/\/burkinistar.com\/index.php?rest_route=\/wp\/v2\/product\/50799","targetHints":{"allow":["GET"]}}],"collection":[{"href":"https:\/\/burkinistar.com\/index.php?rest_route=\/wp\/v2\/product"}],"about":[{"href":"https:\/\/burkinistar.com\/index.php?rest_route=\/wp\/v2\/types\/product"}],"replies":[{"embeddable":true,"href":"https:\/\/burkinistar.com\/index.php?rest_route=%2Fwp%2Fv2%2Fcomments&post=50799"}],"version-history":[{"count":1,"href":"https:\/\/burkinistar.com\/index.php?rest_route=\/wp\/v2\/product\/50799\/revisions"}],"predecessor-version":[{"id":50800,"href":"https:\/\/burkinistar.com\/index.php?rest_route=\/wp\/v2\/product\/50799\/revisions\/50800"}],"wp:featuredmedia":[{"embeddable":true,"href":"https:\/\/burkinistar.com\/index.php?rest_route=\/wp\/v2\/media\/50802"}],"wp:attachment":[{"href":"https:\/\/burkinistar.com\/index.php?rest_route=%2Fwp%2Fv2%2Fmedia&parent=50799"}],"wp:term":[{"taxonomy":"product_brand","embeddable":true,"href":"https:\/\/burkinistar.com\/index.php?rest_route=%2Fwp%2Fv2%2Fproduct_brand&post=50799"},{"taxonomy":"product_cat","embeddable":true,"href":"https:\/\/burkinistar.com\/index.php?rest_route=%2Fwp%2Fv2%2Fproduct_cat&post=50799"},{"taxonomy":"product_tag","embeddable":true,"href":"https:\/\/burkinistar.com\/index.php?rest_route=%2Fwp%2Fv2%2Fproduct_tag&post=50799"}],"curies":[{"name":"wp","href":"https:\/\/api.w.org\/{rel}","templated":true}]}}