{"id":50819,"date":"2025-08-30T11:28:05","date_gmt":"2025-08-30T11:28:05","guid":{"rendered":"https:\/\/burkinistar.com\/?product=kadin-bikini-takimi-onu-fermuarli-neon-turuncu"},"modified":"2025-08-30T11:28:13","modified_gmt":"2025-08-30T11:28:13","slug":"kadin-bikini-takimi-onu-fermuarli-neon-turuncu","status":"publish","type":"product","link":"https:\/\/burkinistar.com\/?product=kadin-bikini-takimi-onu-fermuarli-neon-turuncu","title":{"rendered":"Kad\u0131n Bikini Tak\u0131m\u0131 \u00d6n\u00fc Fermuarl\u0131 Neon Turuncu"},"content":{"rendered":"<p>Kad\u0131n Neon Bikini Tak\u0131m\u0131 \u00d6n\u00fc Fermuarl\u0131 Bikini tak\u0131m\u0131m\u0131z 2 par\u00e7adan olu\u015fmaktad\u0131r. \u00dcst k\u0131sm\u0131 fermuarl\u0131 ve cup mevcuttur. Cup \u00e7\u0131kar\u0131labilir \u00f6zelli\u011fe sahiptir. Kenar biye garnileri ve par\u00e7a tasar\u0131m\u0131 sayesinde v\u00fccudu tam kavrama \u00f6zelli\u011fine sahiptir.G\u00f6\u011f\u00fcs k\u0131sm\u0131 komple astarl\u0131d\u0131r. Bikinimizin alt k\u0131sm\u0131 komple tulum \u015feklinde astarl\u0131d\u0131r. Bel \u00e7evresi bacak kenarlar\u0131 lastik diki\u015flidir. lastik diki\u015f sayesinde su i\u00e7erisinde a\u00e7\u0131lma veya d\u00fc\u015fme yapmaz. Manken \u00fczerindeki \u00fcr\u00fcn\u00fcn bedeni 38&#8217;dir. Havuz ve Termal kullan\u0131m\u0131 i\u00e7in uygun.<\/p>\n","protected":false},"excerpt":{"rendered":"<p>Kad\u0131n Neon Bikini Tak\u0131m\u0131 \u00d6n\u00fc Fermuarl\u0131 Bikini tak\u0131m\u0131m\u0131z 2 par\u00e7adan olu\u015fmaktad\u0131r. \u00dcst k\u0131sm\u0131 fermuarl\u0131 ve&hellip;<\/p>\n","protected":false},"featured_media":0,"comment_status":"closed","ping_status":"open","template":"","meta":[],"product_brand":[2562],"product_cat":[2503],"product_tag":[],"class_list":{"0":"post-50819","1":"product","2":"type-product","3":"status-publish","5":"product_brand-starinci-mayo","6":"product_cat-bikini","7":"pa_color-turuncu","8":"pa_size-2612","9":"pa_size-2587","10":"pa_size-2581","12":"first","13":"instock","14":"shipping-taxable","15":"purchasable","16":"product-type-variable","17":"layout-style-2","18":"col-md-4 col-sm-4 col-xs-6","19":"col-lg-4","20":"product-style-slider"},"yoast_head":"<!-- This site is optimized with the Yoast SEO plugin v25.8 - https:\/\/yoast.com\/wordpress\/plugins\/seo\/ -->\n<title>Kad\u0131n Bikini Tak\u0131m\u0131 \u00d6n\u00fc Fermuarl\u0131 Neon Turuncu - BURKINISTAR<\/title>\n<meta name=\"robots\" content=\"index, follow, max-snippet:-1, max-image-preview:large, max-video-preview:-1\" \/>\n<link rel=\"canonical\" href=\"https:\/\/burkinistar.com\/?product=kadin-bikini-takimi-onu-fermuarli-neon-turuncu\" \/>\n<meta property=\"og:locale\" content=\"en_US\" \/>\n<meta property=\"og:type\" content=\"article\" \/>\n<meta property=\"og:title\" content=\"Kad\u0131n Bikini Tak\u0131m\u0131 \u00d6n\u00fc Fermuarl\u0131 Neon Turuncu - BURKINISTAR\" \/>\n<meta property=\"og:description\" content=\"Kad\u0131n Neon Bikini Tak\u0131m\u0131 \u00d6n\u00fc Fermuarl\u0131 Bikini tak\u0131m\u0131m\u0131z 2 par\u00e7adan olu\u015fmaktad\u0131r. \u00dcst k\u0131sm\u0131 fermuarl\u0131 ve&hellip;\" \/>\n<meta property=\"og:url\" content=\"https:\/\/burkinistar.com\/?product=kadin-bikini-takimi-onu-fermuarli-neon-turuncu\" \/>\n<meta property=\"og:site_name\" content=\"BURKINISTAR\" \/>\n<meta property=\"article:modified_time\" content=\"2025-08-30T11:28:13+00:00\" \/>\n<meta name=\"twitter:card\" content=\"summary_large_image\" \/>\n<script type=\"application\/ld+json\" class=\"yoast-schema-graph\">{\"@context\":\"https:\/\/schema.org\",\"@graph\":[{\"@type\":\"WebPage\",\"@id\":\"https:\/\/burkinistar.com\/?product=kadin-bikini-takimi-onu-fermuarli-neon-turuncu\",\"url\":\"https:\/\/burkinistar.com\/?product=kadin-bikini-takimi-onu-fermuarli-neon-turuncu\",\"name\":\"Kad\u0131n Bikini Tak\u0131m\u0131 \u00d6n\u00fc Fermuarl\u0131 Neon Turuncu - BURKINISTAR\",\"isPartOf\":{\"@id\":\"https:\/\/burkinistar.com\/#website\"},\"datePublished\":\"2025-08-30T11:28:05+00:00\",\"dateModified\":\"2025-08-30T11:28:13+00:00\",\"breadcrumb\":{\"@id\":\"https:\/\/burkinistar.com\/?product=kadin-bikini-takimi-onu-fermuarli-neon-turuncu#breadcrumb\"},\"inLanguage\":\"en-US\",\"potentialAction\":[{\"@type\":\"ReadAction\",\"target\":[\"https:\/\/burkinistar.com\/?product=kadin-bikini-takimi-onu-fermuarli-neon-turuncu\"]}]},{\"@type\":\"BreadcrumbList\",\"@id\":\"https:\/\/burkinistar.com\/?product=kadin-bikini-takimi-onu-fermuarli-neon-turuncu#breadcrumb\",\"itemListElement\":[{\"@type\":\"ListItem\",\"position\":1,\"name\":\"Homepage\",\"item\":\"https:\/\/burkinistar.com\/\"},{\"@type\":\"ListItem\",\"position\":2,\"name\":\"All Products\",\"item\":\"https:\/\/burkinistar.com\/?page_id=8\"},{\"@type\":\"ListItem\",\"position\":3,\"name\":\"Kad\u0131n Bikini Tak\u0131m\u0131 \u00d6n\u00fc Fermuarl\u0131 Neon Turuncu\"}]},{\"@type\":\"WebSite\",\"@id\":\"https:\/\/burkinistar.com\/#website\",\"url\":\"https:\/\/burkinistar.com\/\",\"name\":\"BURKINISTAR\",\"description\":\"The Best Modest Swimwear and Bikini Store | Burkinistar\",\"potentialAction\":[{\"@type\":\"SearchAction\",\"target\":{\"@type\":\"EntryPoint\",\"urlTemplate\":\"https:\/\/burkinistar.com\/?s={search_term_string}\"},\"query-input\":{\"@type\":\"PropertyValueSpecification\",\"valueRequired\":true,\"valueName\":\"search_term_string\"}}],\"inLanguage\":\"en-US\"}]}<\/script>\n<!-- \/ Yoast SEO plugin. -->","yoast_head_json":{"title":"Kad\u0131n Bikini Tak\u0131m\u0131 \u00d6n\u00fc Fermuarl\u0131 Neon Turuncu - BURKINISTAR","robots":{"index":"index","follow":"follow","max-snippet":"max-snippet:-1","max-image-preview":"max-image-preview:large","max-video-preview":"max-video-preview:-1"},"canonical":"https:\/\/burkinistar.com\/?product=kadin-bikini-takimi-onu-fermuarli-neon-turuncu","og_locale":"en_US","og_type":"article","og_title":"Kad\u0131n Bikini Tak\u0131m\u0131 \u00d6n\u00fc Fermuarl\u0131 Neon Turuncu - BURKINISTAR","og_description":"Kad\u0131n Neon Bikini Tak\u0131m\u0131 \u00d6n\u00fc Fermuarl\u0131 Bikini tak\u0131m\u0131m\u0131z 2 par\u00e7adan olu\u015fmaktad\u0131r. \u00dcst k\u0131sm\u0131 fermuarl\u0131 ve&hellip;","og_url":"https:\/\/burkinistar.com\/?product=kadin-bikini-takimi-onu-fermuarli-neon-turuncu","og_site_name":"BURKINISTAR","article_modified_time":"2025-08-30T11:28:13+00:00","twitter_card":"summary_large_image","schema":{"@context":"https:\/\/schema.org","@graph":[{"@type":"WebPage","@id":"https:\/\/burkinistar.com\/?product=kadin-bikini-takimi-onu-fermuarli-neon-turuncu","url":"https:\/\/burkinistar.com\/?product=kadin-bikini-takimi-onu-fermuarli-neon-turuncu","name":"Kad\u0131n Bikini Tak\u0131m\u0131 \u00d6n\u00fc Fermuarl\u0131 Neon Turuncu - BURKINISTAR","isPartOf":{"@id":"https:\/\/burkinistar.com\/#website"},"datePublished":"2025-08-30T11:28:05+00:00","dateModified":"2025-08-30T11:28:13+00:00","breadcrumb":{"@id":"https:\/\/burkinistar.com\/?product=kadin-bikini-takimi-onu-fermuarli-neon-turuncu#breadcrumb"},"inLanguage":"en-US","potentialAction":[{"@type":"ReadAction","target":["https:\/\/burkinistar.com\/?product=kadin-bikini-takimi-onu-fermuarli-neon-turuncu"]}]},{"@type":"BreadcrumbList","@id":"https:\/\/burkinistar.com\/?product=kadin-bikini-takimi-onu-fermuarli-neon-turuncu#breadcrumb","itemListElement":[{"@type":"ListItem","position":1,"name":"Homepage","item":"https:\/\/burkinistar.com\/"},{"@type":"ListItem","position":2,"name":"All Products","item":"https:\/\/burkinistar.com\/?page_id=8"},{"@type":"ListItem","position":3,"name":"Kad\u0131n Bikini Tak\u0131m\u0131 \u00d6n\u00fc Fermuarl\u0131 Neon Turuncu"}]},{"@type":"WebSite","@id":"https:\/\/burkinistar.com\/#website","url":"https:\/\/burkinistar.com\/","name":"BURKINISTAR","description":"The Best Modest Swimwear and Bikini Store | Burkinistar","potentialAction":[{"@type":"SearchAction","target":{"@type":"EntryPoint","urlTemplate":"https:\/\/burkinistar.com\/?s={search_term_string}"},"query-input":{"@type":"PropertyValueSpecification","valueRequired":true,"valueName":"search_term_string"}}],"inLanguage":"en-US"}]}},"_links":{"self":[{"href":"https:\/\/burkinistar.com\/index.php?rest_route=\/wp\/v2\/product\/50819","targetHints":{"allow":["GET"]}}],"collection":[{"href":"https:\/\/burkinistar.com\/index.php?rest_route=\/wp\/v2\/product"}],"about":[{"href":"https:\/\/burkinistar.com\/index.php?rest_route=\/wp\/v2\/types\/product"}],"replies":[{"embeddable":true,"href":"https:\/\/burkinistar.com\/index.php?rest_route=%2Fwp%2Fv2%2Fcomments&post=50819"}],"version-history":[{"count":1,"href":"https:\/\/burkinistar.com\/index.php?rest_route=\/wp\/v2\/product\/50819\/revisions"}],"predecessor-version":[{"id":50820,"href":"https:\/\/burkinistar.com\/index.php?rest_route=\/wp\/v2\/product\/50819\/revisions\/50820"}],"wp:attachment":[{"href":"https:\/\/burkinistar.com\/index.php?rest_route=%2Fwp%2Fv2%2Fmedia&parent=50819"}],"wp:term":[{"taxonomy":"product_brand","embeddable":true,"href":"https:\/\/burkinistar.com\/index.php?rest_route=%2Fwp%2Fv2%2Fproduct_brand&post=50819"},{"taxonomy":"product_cat","embeddable":true,"href":"https:\/\/burkinistar.com\/index.php?rest_route=%2Fwp%2Fv2%2Fproduct_cat&post=50819"},{"taxonomy":"product_tag","embeddable":true,"href":"https:\/\/burkinistar.com\/index.php?rest_route=%2Fwp%2Fv2%2Fproduct_tag&post=50819"}],"curies":[{"name":"wp","href":"https:\/\/api.w.org\/{rel}","templated":true}]}}