{"id":50824,"date":"2025-08-30T11:28:05","date_gmt":"2025-08-30T11:28:05","guid":{"rendered":"https:\/\/burkinistar.com\/?product=kadin-badyli-bikini-takimi-etnik-desenler-neon-detayli"},"modified":"2025-08-30T11:28:13","modified_gmt":"2025-08-30T11:28:13","slug":"kadin-badyli-bikini-takimi-etnik-desenler-neon-detayli","status":"publish","type":"product","link":"https:\/\/burkinistar.com\/?product=kadin-badyli-bikini-takimi-etnik-desenler-neon-detayli","title":{"rendered":"Kad\u0131n Badyli Bikini Tak\u0131m\u0131 Etnik Desenler Neon Detayl\u0131"},"content":{"rendered":"<p>Kad\u0131n Etnik Desen Badyli Bikini Tak\u0131m\u0131 Bikinmiz 2 par\u00e7adan olu\u015fmaktad\u0131r, Polyamit kuma\u015ftan \u00fcretilmi\u015ftir. %20 likra %80 poliamid kuma\u015f i\u00e7eri\u011fine sahiptir. Bikini tak\u0131m\u0131z\u0131n \u00fcst\u00fc, astarl\u0131d\u0131r ve tak\/\u00e7\u0131kar cup mevcuttur. S\u0131rt k\u0131sm\u0131nda platik kop\u00e7a mevcuttur.G\u00f6\u011f\u00fcs ve s\u0131rt dekoltesi, kol a\u011f\u0131zlar geni\u015f lastikli diki\u015fle stasarlanm\u0131\u015ft\u0131r, bu sayede su i\u00e7erisinde a\u00e7\u0131lma veya d\u00fc\u015fme yapmaz. Bikinimizin alt\u0131 tulum \u015feklinde astarl\u0131d\u0131r. Bacak kenarlar\u0131 ve Bel \u00e7evresi geni\u015f lastik diki\u015fi ile dikilmi\u015ftir. Manken \u00fczerindeki \u00fcr\u00fcn\u00fcn bedeni 38&#8217;dir. Havuz kullan\u0131m\u0131 i\u00e7in uygundur.<\/p>\n","protected":false},"excerpt":{"rendered":"<p>Kad\u0131n Etnik Desen Badyli Bikini Tak\u0131m\u0131 Bikinmiz 2 par\u00e7adan olu\u015fmaktad\u0131r, Polyamit kuma\u015ftan \u00fcretilmi\u015ftir. %20 likra&hellip;<\/p>\n","protected":false},"featured_media":0,"comment_status":"closed","ping_status":"open","template":"","meta":[],"product_brand":[2562],"product_cat":[2503],"product_tag":[],"class_list":{"0":"post-50824","1":"product","2":"type-product","3":"status-publish","5":"product_brand-starinci-mayo","6":"product_cat-bikini","7":"pa_color-desenli","8":"pa_size-2587","9":"pa_size-2581","10":"pa_size-2582","11":"pa_size-2583","13":"first","14":"instock","15":"shipping-taxable","16":"purchasable","17":"product-type-variable","18":"layout-style-2","19":"col-md-4 col-sm-4 col-xs-6","20":"col-lg-4","21":"product-style-slider"},"yoast_head":"<!-- This site is optimized with the Yoast SEO plugin v25.8 - https:\/\/yoast.com\/wordpress\/plugins\/seo\/ -->\n<title>Kad\u0131n Badyli Bikini Tak\u0131m\u0131 Etnik Desenler Neon Detayl\u0131 - BURKINISTAR<\/title>\n<meta name=\"robots\" content=\"index, follow, max-snippet:-1, max-image-preview:large, max-video-preview:-1\" \/>\n<link rel=\"canonical\" href=\"https:\/\/burkinistar.com\/?product=kadin-badyli-bikini-takimi-etnik-desenler-neon-detayli\" \/>\n<meta property=\"og:locale\" content=\"en_US\" \/>\n<meta property=\"og:type\" content=\"article\" \/>\n<meta property=\"og:title\" content=\"Kad\u0131n Badyli Bikini Tak\u0131m\u0131 Etnik Desenler Neon Detayl\u0131 - BURKINISTAR\" \/>\n<meta property=\"og:description\" content=\"Kad\u0131n Etnik Desen Badyli Bikini Tak\u0131m\u0131 Bikinmiz 2 par\u00e7adan olu\u015fmaktad\u0131r, Polyamit kuma\u015ftan \u00fcretilmi\u015ftir. %20 likra&hellip;\" \/>\n<meta property=\"og:url\" content=\"https:\/\/burkinistar.com\/?product=kadin-badyli-bikini-takimi-etnik-desenler-neon-detayli\" \/>\n<meta property=\"og:site_name\" content=\"BURKINISTAR\" \/>\n<meta property=\"article:modified_time\" content=\"2025-08-30T11:28:13+00:00\" \/>\n<meta name=\"twitter:card\" content=\"summary_large_image\" \/>\n<meta name=\"twitter:label1\" content=\"Est. reading time\" \/>\n\t<meta name=\"twitter:data1\" content=\"1 minute\" \/>\n<script type=\"application\/ld+json\" class=\"yoast-schema-graph\">{\"@context\":\"https:\/\/schema.org\",\"@graph\":[{\"@type\":\"WebPage\",\"@id\":\"https:\/\/burkinistar.com\/?product=kadin-badyli-bikini-takimi-etnik-desenler-neon-detayli\",\"url\":\"https:\/\/burkinistar.com\/?product=kadin-badyli-bikini-takimi-etnik-desenler-neon-detayli\",\"name\":\"Kad\u0131n Badyli Bikini Tak\u0131m\u0131 Etnik Desenler Neon Detayl\u0131 - BURKINISTAR\",\"isPartOf\":{\"@id\":\"https:\/\/burkinistar.com\/#website\"},\"datePublished\":\"2025-08-30T11:28:05+00:00\",\"dateModified\":\"2025-08-30T11:28:13+00:00\",\"breadcrumb\":{\"@id\":\"https:\/\/burkinistar.com\/?product=kadin-badyli-bikini-takimi-etnik-desenler-neon-detayli#breadcrumb\"},\"inLanguage\":\"en-US\",\"potentialAction\":[{\"@type\":\"ReadAction\",\"target\":[\"https:\/\/burkinistar.com\/?product=kadin-badyli-bikini-takimi-etnik-desenler-neon-detayli\"]}]},{\"@type\":\"BreadcrumbList\",\"@id\":\"https:\/\/burkinistar.com\/?product=kadin-badyli-bikini-takimi-etnik-desenler-neon-detayli#breadcrumb\",\"itemListElement\":[{\"@type\":\"ListItem\",\"position\":1,\"name\":\"Homepage\",\"item\":\"https:\/\/burkinistar.com\/\"},{\"@type\":\"ListItem\",\"position\":2,\"name\":\"All Products\",\"item\":\"https:\/\/burkinistar.com\/?page_id=8\"},{\"@type\":\"ListItem\",\"position\":3,\"name\":\"Kad\u0131n Badyli Bikini Tak\u0131m\u0131 Etnik Desenler Neon Detayl\u0131\"}]},{\"@type\":\"WebSite\",\"@id\":\"https:\/\/burkinistar.com\/#website\",\"url\":\"https:\/\/burkinistar.com\/\",\"name\":\"BURKINISTAR\",\"description\":\"The Best Modest Swimwear and Bikini Store | Burkinistar\",\"potentialAction\":[{\"@type\":\"SearchAction\",\"target\":{\"@type\":\"EntryPoint\",\"urlTemplate\":\"https:\/\/burkinistar.com\/?s={search_term_string}\"},\"query-input\":{\"@type\":\"PropertyValueSpecification\",\"valueRequired\":true,\"valueName\":\"search_term_string\"}}],\"inLanguage\":\"en-US\"}]}<\/script>\n<!-- \/ Yoast SEO plugin. -->","yoast_head_json":{"title":"Kad\u0131n Badyli Bikini Tak\u0131m\u0131 Etnik Desenler Neon Detayl\u0131 - BURKINISTAR","robots":{"index":"index","follow":"follow","max-snippet":"max-snippet:-1","max-image-preview":"max-image-preview:large","max-video-preview":"max-video-preview:-1"},"canonical":"https:\/\/burkinistar.com\/?product=kadin-badyli-bikini-takimi-etnik-desenler-neon-detayli","og_locale":"en_US","og_type":"article","og_title":"Kad\u0131n Badyli Bikini Tak\u0131m\u0131 Etnik Desenler Neon Detayl\u0131 - BURKINISTAR","og_description":"Kad\u0131n Etnik Desen Badyli Bikini Tak\u0131m\u0131 Bikinmiz 2 par\u00e7adan olu\u015fmaktad\u0131r, Polyamit kuma\u015ftan \u00fcretilmi\u015ftir. %20 likra&hellip;","og_url":"https:\/\/burkinistar.com\/?product=kadin-badyli-bikini-takimi-etnik-desenler-neon-detayli","og_site_name":"BURKINISTAR","article_modified_time":"2025-08-30T11:28:13+00:00","twitter_card":"summary_large_image","twitter_misc":{"Est. reading time":"1 minute"},"schema":{"@context":"https:\/\/schema.org","@graph":[{"@type":"WebPage","@id":"https:\/\/burkinistar.com\/?product=kadin-badyli-bikini-takimi-etnik-desenler-neon-detayli","url":"https:\/\/burkinistar.com\/?product=kadin-badyli-bikini-takimi-etnik-desenler-neon-detayli","name":"Kad\u0131n Badyli Bikini Tak\u0131m\u0131 Etnik Desenler Neon Detayl\u0131 - BURKINISTAR","isPartOf":{"@id":"https:\/\/burkinistar.com\/#website"},"datePublished":"2025-08-30T11:28:05+00:00","dateModified":"2025-08-30T11:28:13+00:00","breadcrumb":{"@id":"https:\/\/burkinistar.com\/?product=kadin-badyli-bikini-takimi-etnik-desenler-neon-detayli#breadcrumb"},"inLanguage":"en-US","potentialAction":[{"@type":"ReadAction","target":["https:\/\/burkinistar.com\/?product=kadin-badyli-bikini-takimi-etnik-desenler-neon-detayli"]}]},{"@type":"BreadcrumbList","@id":"https:\/\/burkinistar.com\/?product=kadin-badyli-bikini-takimi-etnik-desenler-neon-detayli#breadcrumb","itemListElement":[{"@type":"ListItem","position":1,"name":"Homepage","item":"https:\/\/burkinistar.com\/"},{"@type":"ListItem","position":2,"name":"All Products","item":"https:\/\/burkinistar.com\/?page_id=8"},{"@type":"ListItem","position":3,"name":"Kad\u0131n Badyli Bikini Tak\u0131m\u0131 Etnik Desenler Neon Detayl\u0131"}]},{"@type":"WebSite","@id":"https:\/\/burkinistar.com\/#website","url":"https:\/\/burkinistar.com\/","name":"BURKINISTAR","description":"The Best Modest Swimwear and Bikini Store | Burkinistar","potentialAction":[{"@type":"SearchAction","target":{"@type":"EntryPoint","urlTemplate":"https:\/\/burkinistar.com\/?s={search_term_string}"},"query-input":{"@type":"PropertyValueSpecification","valueRequired":true,"valueName":"search_term_string"}}],"inLanguage":"en-US"}]}},"_links":{"self":[{"href":"https:\/\/burkinistar.com\/index.php?rest_route=\/wp\/v2\/product\/50824","targetHints":{"allow":["GET"]}}],"collection":[{"href":"https:\/\/burkinistar.com\/index.php?rest_route=\/wp\/v2\/product"}],"about":[{"href":"https:\/\/burkinistar.com\/index.php?rest_route=\/wp\/v2\/types\/product"}],"replies":[{"embeddable":true,"href":"https:\/\/burkinistar.com\/index.php?rest_route=%2Fwp%2Fv2%2Fcomments&post=50824"}],"version-history":[{"count":1,"href":"https:\/\/burkinistar.com\/index.php?rest_route=\/wp\/v2\/product\/50824\/revisions"}],"predecessor-version":[{"id":50825,"href":"https:\/\/burkinistar.com\/index.php?rest_route=\/wp\/v2\/product\/50824\/revisions\/50825"}],"wp:attachment":[{"href":"https:\/\/burkinistar.com\/index.php?rest_route=%2Fwp%2Fv2%2Fmedia&parent=50824"}],"wp:term":[{"taxonomy":"product_brand","embeddable":true,"href":"https:\/\/burkinistar.com\/index.php?rest_route=%2Fwp%2Fv2%2Fproduct_brand&post=50824"},{"taxonomy":"product_cat","embeddable":true,"href":"https:\/\/burkinistar.com\/index.php?rest_route=%2Fwp%2Fv2%2Fproduct_cat&post=50824"},{"taxonomy":"product_tag","embeddable":true,"href":"https:\/\/burkinistar.com\/index.php?rest_route=%2Fwp%2Fv2%2Fproduct_tag&post=50824"}],"curies":[{"name":"wp","href":"https:\/\/api.w.org\/{rel}","templated":true}]}}