{"id":50834,"date":"2025-08-30T11:28:05","date_gmt":"2025-08-30T11:28:05","guid":{"rendered":"https:\/\/burkinistar.com\/?product=kadin-yari-kapali-etek-pile-detay-desenli-tesettur-mayo"},"modified":"2025-08-30T11:28:13","modified_gmt":"2025-08-30T11:28:13","slug":"kadin-yari-kapali-etek-pile-detay-desenli-tesettur-mayo","status":"publish","type":"product","link":"https:\/\/burkinistar.com\/?product=kadin-yari-kapali-etek-pile-detay-desenli-tesettur-mayo","title":{"rendered":"Kad\u0131n Yar\u0131 Kapal\u0131 Etek Pile Detay Desenli Tesett\u00fcr Mayo"},"content":{"rendered":"<h2>Kad\u0131n Yar\u0131m Kapal\u0131 Tesett\u00fcr Mayo<\/h2>\n<ul>\n<li>Tesett\u00fcr Tak\u0131m\u0131m\u0131z; Bone, Tunik ve Tayt olmak \u00fczere 3 par\u00e7adan olu\u015fmaktad\u0131r. Bonenin i\u00e7 k\u0131sm\u0131nda ve tayt\u0131n bel k\u0131sm\u0131nda lastikli diki\u015f mevcuttur. Bu sayede Su i\u00e7erisinde a\u00e7\u0131lma veya d\u00fc\u015fme yapmaz. Tuni\u011fin i\u00e7inde g\u00f6\u011f\u00fcs seviyesinde yar\u0131 tulum astar mevcuttur. Astara dikili \u015fekilde cup mevcuttur. Bu sayede daha tutucu ve kavray\u0131c\u0131 \u00f6zelli\u011fe sahiptir. Manken \u00fczerindeki \u00fcr\u00fcn\u00fcn bedeni 38&#8217;dir. \u00dcr\u00fcn Kuma\u015f\u0131 likral\u0131d\u0131r ve Havuz, Termal kullan\u0131m\u0131 i\u00e7in uygundur.<\/li>\n<\/ul>\n","protected":false},"excerpt":{"rendered":"<p>Kad\u0131n Yar\u0131m Kapal\u0131 Tesett\u00fcr Mayo Tesett\u00fcr Tak\u0131m\u0131m\u0131z; Bone, Tunik ve Tayt olmak \u00fczere 3 par\u00e7adan&hellip;<\/p>\n","protected":false},"featured_media":50837,"comment_status":"closed","ping_status":"open","template":"","meta":[],"product_brand":[2562],"product_cat":[2556,2557],"product_tag":[],"class_list":{"0":"post-50834","1":"product","2":"type-product","3":"status-publish","4":"has-post-thumbnail","6":"product_brand-starinci-mayo","7":"product_cat-tesettur-mayo","8":"product_cat-yari-kapali-tesettur-mayo","9":"pa_color-desenli","10":"pa_size-2581","11":"pa_size-2583","13":"first","14":"instock","15":"shipping-taxable","16":"purchasable","17":"product-type-variable","18":"layout-style-2","19":"col-md-4 col-sm-4 col-xs-6","20":"col-lg-4","21":"product-style-slider"},"yoast_head":"<!-- This site is optimized with the Yoast SEO plugin v25.8 - https:\/\/yoast.com\/wordpress\/plugins\/seo\/ -->\n<title>Kad\u0131n Yar\u0131 Kapal\u0131 Etek Pile Detay Desenli Tesett\u00fcr Mayo - BURKINISTAR<\/title>\n<meta name=\"robots\" content=\"index, follow, max-snippet:-1, max-image-preview:large, max-video-preview:-1\" \/>\n<link rel=\"canonical\" href=\"https:\/\/burkinistar.com\/?product=kadin-yari-kapali-etek-pile-detay-desenli-tesettur-mayo\" \/>\n<meta property=\"og:locale\" content=\"en_US\" \/>\n<meta property=\"og:type\" content=\"article\" \/>\n<meta property=\"og:title\" content=\"Kad\u0131n Yar\u0131 Kapal\u0131 Etek Pile Detay Desenli Tesett\u00fcr Mayo - BURKINISTAR\" \/>\n<meta property=\"og:description\" content=\"Kad\u0131n Yar\u0131m Kapal\u0131 Tesett\u00fcr Mayo Tesett\u00fcr Tak\u0131m\u0131m\u0131z; Bone, Tunik ve Tayt olmak \u00fczere 3 par\u00e7adan&hellip;\" \/>\n<meta property=\"og:url\" content=\"https:\/\/burkinistar.com\/?product=kadin-yari-kapali-etek-pile-detay-desenli-tesettur-mayo\" \/>\n<meta property=\"og:site_name\" content=\"BURKINISTAR\" \/>\n<meta property=\"article:modified_time\" content=\"2025-08-30T11:28:13+00:00\" \/>\n<meta property=\"og:image\" content=\"https:\/\/burkinistar.com\/wp-content\/uploads\/2025\/08\/yari-kapali-tesettur-mayokadin-yari-ka-4-5e38.jpg\" \/>\n\t<meta property=\"og:image:width\" content=\"600\" \/>\n\t<meta property=\"og:image:height\" content=\"900\" \/>\n\t<meta property=\"og:image:type\" content=\"image\/jpeg\" \/>\n<meta name=\"twitter:card\" content=\"summary_large_image\" \/>\n<script type=\"application\/ld+json\" class=\"yoast-schema-graph\">{\"@context\":\"https:\/\/schema.org\",\"@graph\":[{\"@type\":\"WebPage\",\"@id\":\"https:\/\/burkinistar.com\/?product=kadin-yari-kapali-etek-pile-detay-desenli-tesettur-mayo\",\"url\":\"https:\/\/burkinistar.com\/?product=kadin-yari-kapali-etek-pile-detay-desenli-tesettur-mayo\",\"name\":\"Kad\u0131n Yar\u0131 Kapal\u0131 Etek Pile Detay Desenli Tesett\u00fcr Mayo - BURKINISTAR\",\"isPartOf\":{\"@id\":\"https:\/\/burkinistar.com\/#website\"},\"primaryImageOfPage\":{\"@id\":\"https:\/\/burkinistar.com\/?product=kadin-yari-kapali-etek-pile-detay-desenli-tesettur-mayo#primaryimage\"},\"image\":{\"@id\":\"https:\/\/burkinistar.com\/?product=kadin-yari-kapali-etek-pile-detay-desenli-tesettur-mayo#primaryimage\"},\"thumbnailUrl\":\"https:\/\/burkinistar.com\/wp-content\/uploads\/2025\/08\/yari-kapali-tesettur-mayokadin-yari-ka-4-5e38.jpg\",\"datePublished\":\"2025-08-30T11:28:05+00:00\",\"dateModified\":\"2025-08-30T11:28:13+00:00\",\"breadcrumb\":{\"@id\":\"https:\/\/burkinistar.com\/?product=kadin-yari-kapali-etek-pile-detay-desenli-tesettur-mayo#breadcrumb\"},\"inLanguage\":\"en-US\",\"potentialAction\":[{\"@type\":\"ReadAction\",\"target\":[\"https:\/\/burkinistar.com\/?product=kadin-yari-kapali-etek-pile-detay-desenli-tesettur-mayo\"]}]},{\"@type\":\"ImageObject\",\"inLanguage\":\"en-US\",\"@id\":\"https:\/\/burkinistar.com\/?product=kadin-yari-kapali-etek-pile-detay-desenli-tesettur-mayo#primaryimage\",\"url\":\"https:\/\/burkinistar.com\/wp-content\/uploads\/2025\/08\/yari-kapali-tesettur-mayokadin-yari-ka-4-5e38.jpg\",\"contentUrl\":\"https:\/\/burkinistar.com\/wp-content\/uploads\/2025\/08\/yari-kapali-tesettur-mayokadin-yari-ka-4-5e38.jpg\",\"width\":600,\"height\":900},{\"@type\":\"BreadcrumbList\",\"@id\":\"https:\/\/burkinistar.com\/?product=kadin-yari-kapali-etek-pile-detay-desenli-tesettur-mayo#breadcrumb\",\"itemListElement\":[{\"@type\":\"ListItem\",\"position\":1,\"name\":\"Homepage\",\"item\":\"https:\/\/burkinistar.com\/\"},{\"@type\":\"ListItem\",\"position\":2,\"name\":\"All Products\",\"item\":\"https:\/\/burkinistar.com\/?page_id=8\"},{\"@type\":\"ListItem\",\"position\":3,\"name\":\"Kad\u0131n Yar\u0131 Kapal\u0131 Etek Pile Detay Desenli Tesett\u00fcr Mayo\"}]},{\"@type\":\"WebSite\",\"@id\":\"https:\/\/burkinistar.com\/#website\",\"url\":\"https:\/\/burkinistar.com\/\",\"name\":\"BURKINISTAR\",\"description\":\"The Best Modest Swimwear and Bikini Store | Burkinistar\",\"potentialAction\":[{\"@type\":\"SearchAction\",\"target\":{\"@type\":\"EntryPoint\",\"urlTemplate\":\"https:\/\/burkinistar.com\/?s={search_term_string}\"},\"query-input\":{\"@type\":\"PropertyValueSpecification\",\"valueRequired\":true,\"valueName\":\"search_term_string\"}}],\"inLanguage\":\"en-US\"}]}<\/script>\n<!-- \/ Yoast SEO plugin. -->","yoast_head_json":{"title":"Kad\u0131n Yar\u0131 Kapal\u0131 Etek Pile Detay Desenli Tesett\u00fcr Mayo - BURKINISTAR","robots":{"index":"index","follow":"follow","max-snippet":"max-snippet:-1","max-image-preview":"max-image-preview:large","max-video-preview":"max-video-preview:-1"},"canonical":"https:\/\/burkinistar.com\/?product=kadin-yari-kapali-etek-pile-detay-desenli-tesettur-mayo","og_locale":"en_US","og_type":"article","og_title":"Kad\u0131n Yar\u0131 Kapal\u0131 Etek Pile Detay Desenli Tesett\u00fcr Mayo - BURKINISTAR","og_description":"Kad\u0131n Yar\u0131m Kapal\u0131 Tesett\u00fcr Mayo Tesett\u00fcr Tak\u0131m\u0131m\u0131z; Bone, Tunik ve Tayt olmak \u00fczere 3 par\u00e7adan&hellip;","og_url":"https:\/\/burkinistar.com\/?product=kadin-yari-kapali-etek-pile-detay-desenli-tesettur-mayo","og_site_name":"BURKINISTAR","article_modified_time":"2025-08-30T11:28:13+00:00","og_image":[{"width":600,"height":900,"url":"https:\/\/burkinistar.com\/wp-content\/uploads\/2025\/08\/yari-kapali-tesettur-mayokadin-yari-ka-4-5e38.jpg","type":"image\/jpeg"}],"twitter_card":"summary_large_image","schema":{"@context":"https:\/\/schema.org","@graph":[{"@type":"WebPage","@id":"https:\/\/burkinistar.com\/?product=kadin-yari-kapali-etek-pile-detay-desenli-tesettur-mayo","url":"https:\/\/burkinistar.com\/?product=kadin-yari-kapali-etek-pile-detay-desenli-tesettur-mayo","name":"Kad\u0131n Yar\u0131 Kapal\u0131 Etek Pile Detay Desenli Tesett\u00fcr Mayo - BURKINISTAR","isPartOf":{"@id":"https:\/\/burkinistar.com\/#website"},"primaryImageOfPage":{"@id":"https:\/\/burkinistar.com\/?product=kadin-yari-kapali-etek-pile-detay-desenli-tesettur-mayo#primaryimage"},"image":{"@id":"https:\/\/burkinistar.com\/?product=kadin-yari-kapali-etek-pile-detay-desenli-tesettur-mayo#primaryimage"},"thumbnailUrl":"https:\/\/burkinistar.com\/wp-content\/uploads\/2025\/08\/yari-kapali-tesettur-mayokadin-yari-ka-4-5e38.jpg","datePublished":"2025-08-30T11:28:05+00:00","dateModified":"2025-08-30T11:28:13+00:00","breadcrumb":{"@id":"https:\/\/burkinistar.com\/?product=kadin-yari-kapali-etek-pile-detay-desenli-tesettur-mayo#breadcrumb"},"inLanguage":"en-US","potentialAction":[{"@type":"ReadAction","target":["https:\/\/burkinistar.com\/?product=kadin-yari-kapali-etek-pile-detay-desenli-tesettur-mayo"]}]},{"@type":"ImageObject","inLanguage":"en-US","@id":"https:\/\/burkinistar.com\/?product=kadin-yari-kapali-etek-pile-detay-desenli-tesettur-mayo#primaryimage","url":"https:\/\/burkinistar.com\/wp-content\/uploads\/2025\/08\/yari-kapali-tesettur-mayokadin-yari-ka-4-5e38.jpg","contentUrl":"https:\/\/burkinistar.com\/wp-content\/uploads\/2025\/08\/yari-kapali-tesettur-mayokadin-yari-ka-4-5e38.jpg","width":600,"height":900},{"@type":"BreadcrumbList","@id":"https:\/\/burkinistar.com\/?product=kadin-yari-kapali-etek-pile-detay-desenli-tesettur-mayo#breadcrumb","itemListElement":[{"@type":"ListItem","position":1,"name":"Homepage","item":"https:\/\/burkinistar.com\/"},{"@type":"ListItem","position":2,"name":"All Products","item":"https:\/\/burkinistar.com\/?page_id=8"},{"@type":"ListItem","position":3,"name":"Kad\u0131n Yar\u0131 Kapal\u0131 Etek Pile Detay Desenli Tesett\u00fcr Mayo"}]},{"@type":"WebSite","@id":"https:\/\/burkinistar.com\/#website","url":"https:\/\/burkinistar.com\/","name":"BURKINISTAR","description":"The Best Modest Swimwear and Bikini Store | Burkinistar","potentialAction":[{"@type":"SearchAction","target":{"@type":"EntryPoint","urlTemplate":"https:\/\/burkinistar.com\/?s={search_term_string}"},"query-input":{"@type":"PropertyValueSpecification","valueRequired":true,"valueName":"search_term_string"}}],"inLanguage":"en-US"}]}},"_links":{"self":[{"href":"https:\/\/burkinistar.com\/index.php?rest_route=\/wp\/v2\/product\/50834","targetHints":{"allow":["GET"]}}],"collection":[{"href":"https:\/\/burkinistar.com\/index.php?rest_route=\/wp\/v2\/product"}],"about":[{"href":"https:\/\/burkinistar.com\/index.php?rest_route=\/wp\/v2\/types\/product"}],"replies":[{"embeddable":true,"href":"https:\/\/burkinistar.com\/index.php?rest_route=%2Fwp%2Fv2%2Fcomments&post=50834"}],"version-history":[{"count":1,"href":"https:\/\/burkinistar.com\/index.php?rest_route=\/wp\/v2\/product\/50834\/revisions"}],"predecessor-version":[{"id":50835,"href":"https:\/\/burkinistar.com\/index.php?rest_route=\/wp\/v2\/product\/50834\/revisions\/50835"}],"wp:featuredmedia":[{"embeddable":true,"href":"https:\/\/burkinistar.com\/index.php?rest_route=\/wp\/v2\/media\/50837"}],"wp:attachment":[{"href":"https:\/\/burkinistar.com\/index.php?rest_route=%2Fwp%2Fv2%2Fmedia&parent=50834"}],"wp:term":[{"taxonomy":"product_brand","embeddable":true,"href":"https:\/\/burkinistar.com\/index.php?rest_route=%2Fwp%2Fv2%2Fproduct_brand&post=50834"},{"taxonomy":"product_cat","embeddable":true,"href":"https:\/\/burkinistar.com\/index.php?rest_route=%2Fwp%2Fv2%2Fproduct_cat&post=50834"},{"taxonomy":"product_tag","embeddable":true,"href":"https:\/\/burkinistar.com\/index.php?rest_route=%2Fwp%2Fv2%2Fproduct_tag&post=50834"}],"curies":[{"name":"wp","href":"https:\/\/api.w.org\/{rel}","templated":true}]}}