{"id":50839,"date":"2025-08-30T11:28:05","date_gmt":"2025-08-30T11:28:05","guid":{"rendered":"https:\/\/burkinistar.com\/?product=kadin-elbiseli-mayo-saks-mavisi-ici-sortlu"},"modified":"2025-08-30T11:28:13","modified_gmt":"2025-08-30T11:28:13","slug":"kadin-elbiseli-mayo-saks-mavisi-ici-sortlu","status":"publish","type":"product","link":"https:\/\/burkinistar.com\/?product=kadin-elbiseli-mayo-saks-mavisi-ici-sortlu","title":{"rendered":"Kad\u0131n Elbiseli Mayo Saks Mavisi \u0130\u00e7i \u015eortlu"},"content":{"rendered":"<h2>Kad\u0131n \u015eortlu elbise Mayo Saks Mavisi<\/h2>\n<ul>\n<li>Ask\u0131l\u0131 elbiseli mayo tek par\u00e7adan olu\u015fmaktad\u0131r.\u0130\u00e7 k\u0131sm\u0131nda tulum \u015feklinde astar vard\u0131r ve astar\u0131n alt\u0131 \u015fortludur. \u015eortu elbiseye dikilidir. G\u00f6\u011f\u00fcs s\u00fcngeri vard\u0131r ve astara dikilidir..%80 polyester %20 likra kuma\u015ftan \u00fcretilmi\u015ftir. Kuma\u015f\u0131n\u0131n h\u0131zl\u0131 kuruma \u00f6zelli\u011fi vard\u0131r. Havuzda, denizde ve termalde giyinmeye uygundur. Likral\u0131 yap\u0131s\u0131 sayesinde rahat hareket etmeyi sa\u011flar. G\u00f6\u011f\u00fcs ve s\u0131rt dekoltesinde ve kol a\u011f\u0131zlar\u0131nda lastikli diki\u015f mevcuttur.Bu sayede su i\u00e7erisinde a\u00e7\u0131lma veya d\u00fc\u015fme yapmaz. Aksesuarlar tak\u0131ma dahil de\u011fildir. Manken \u00f6l\u00e7\u00fcleri g\u00f6\u011f\u00fcs: 80 bel: 63 basen:93cm dir. Manken 170 boyunda 54 kg dir. Manken \u00fczerindeki beden 38 tir.<\/li>\n<\/ul>\n","protected":false},"excerpt":{"rendered":"<p>Kad\u0131n \u015eortlu elbise Mayo Saks Mavisi Ask\u0131l\u0131 elbiseli mayo tek par\u00e7adan olu\u015fmaktad\u0131r.\u0130\u00e7 k\u0131sm\u0131nda tulum \u015feklinde&hellip;<\/p>\n","protected":false},"featured_media":50842,"comment_status":"closed","ping_status":"open","template":"","meta":[],"product_brand":[2562],"product_cat":[2567],"product_tag":[],"class_list":{"0":"post-50839","1":"product","2":"type-product","3":"status-publish","4":"has-post-thumbnail","6":"product_brand-starinci-mayo","7":"product_cat-elbise-mayo","8":"pa_color-gece-mavisi","9":"pa_size-2581","10":"pa_size-2582","11":"pa_size-2583","12":"pa_size-2584","13":"pa_size-2585","14":"pa_size-2588","15":"pa_size-2589","16":"pa_size-2590","17":"pa_size-2617","19":"first","20":"instock","21":"shipping-taxable","22":"purchasable","23":"product-type-variable","24":"layout-style-2","25":"col-md-4 col-sm-4 col-xs-6","26":"col-lg-4","27":"product-has-gallery","28":"product-style-slider"},"yoast_head":"<!-- This site is optimized with the Yoast SEO plugin v25.8 - https:\/\/yoast.com\/wordpress\/plugins\/seo\/ -->\n<title>Kad\u0131n Elbiseli Mayo Saks Mavisi \u0130\u00e7i \u015eortlu - BURKINISTAR<\/title>\n<meta name=\"robots\" content=\"index, follow, max-snippet:-1, max-image-preview:large, max-video-preview:-1\" \/>\n<link rel=\"canonical\" href=\"https:\/\/burkinistar.com\/?product=kadin-elbiseli-mayo-saks-mavisi-ici-sortlu\" \/>\n<meta property=\"og:locale\" content=\"en_US\" \/>\n<meta property=\"og:type\" content=\"article\" \/>\n<meta property=\"og:title\" content=\"Kad\u0131n Elbiseli Mayo Saks Mavisi \u0130\u00e7i \u015eortlu - BURKINISTAR\" \/>\n<meta property=\"og:description\" content=\"Kad\u0131n \u015eortlu elbise Mayo Saks Mavisi Ask\u0131l\u0131 elbiseli mayo tek par\u00e7adan olu\u015fmaktad\u0131r.\u0130\u00e7 k\u0131sm\u0131nda tulum \u015feklinde&hellip;\" \/>\n<meta property=\"og:url\" content=\"https:\/\/burkinistar.com\/?product=kadin-elbiseli-mayo-saks-mavisi-ici-sortlu\" \/>\n<meta property=\"og:site_name\" content=\"BURKINISTAR\" \/>\n<meta property=\"article:modified_time\" content=\"2025-08-30T11:28:13+00:00\" \/>\n<meta property=\"og:image\" content=\"https:\/\/burkinistar.com\/wp-content\/uploads\/2025\/08\/elbise-mayokadin-elbiseli-mayo-saks-ma-bd16-6.jpg\" \/>\n\t<meta property=\"og:image:width\" content=\"600\" \/>\n\t<meta property=\"og:image:height\" content=\"900\" \/>\n\t<meta property=\"og:image:type\" content=\"image\/jpeg\" \/>\n<meta name=\"twitter:card\" content=\"summary_large_image\" \/>\n<meta name=\"twitter:label1\" content=\"Est. reading time\" \/>\n\t<meta name=\"twitter:data1\" content=\"1 minute\" \/>\n<script type=\"application\/ld+json\" class=\"yoast-schema-graph\">{\"@context\":\"https:\/\/schema.org\",\"@graph\":[{\"@type\":\"WebPage\",\"@id\":\"https:\/\/burkinistar.com\/?product=kadin-elbiseli-mayo-saks-mavisi-ici-sortlu\",\"url\":\"https:\/\/burkinistar.com\/?product=kadin-elbiseli-mayo-saks-mavisi-ici-sortlu\",\"name\":\"Kad\u0131n Elbiseli Mayo Saks Mavisi \u0130\u00e7i \u015eortlu - BURKINISTAR\",\"isPartOf\":{\"@id\":\"https:\/\/burkinistar.com\/#website\"},\"primaryImageOfPage\":{\"@id\":\"https:\/\/burkinistar.com\/?product=kadin-elbiseli-mayo-saks-mavisi-ici-sortlu#primaryimage\"},\"image\":{\"@id\":\"https:\/\/burkinistar.com\/?product=kadin-elbiseli-mayo-saks-mavisi-ici-sortlu#primaryimage\"},\"thumbnailUrl\":\"https:\/\/burkinistar.com\/wp-content\/uploads\/2025\/08\/elbise-mayokadin-elbiseli-mayo-saks-ma-bd16-6.jpg\",\"datePublished\":\"2025-08-30T11:28:05+00:00\",\"dateModified\":\"2025-08-30T11:28:13+00:00\",\"breadcrumb\":{\"@id\":\"https:\/\/burkinistar.com\/?product=kadin-elbiseli-mayo-saks-mavisi-ici-sortlu#breadcrumb\"},\"inLanguage\":\"en-US\",\"potentialAction\":[{\"@type\":\"ReadAction\",\"target\":[\"https:\/\/burkinistar.com\/?product=kadin-elbiseli-mayo-saks-mavisi-ici-sortlu\"]}]},{\"@type\":\"ImageObject\",\"inLanguage\":\"en-US\",\"@id\":\"https:\/\/burkinistar.com\/?product=kadin-elbiseli-mayo-saks-mavisi-ici-sortlu#primaryimage\",\"url\":\"https:\/\/burkinistar.com\/wp-content\/uploads\/2025\/08\/elbise-mayokadin-elbiseli-mayo-saks-ma-bd16-6.jpg\",\"contentUrl\":\"https:\/\/burkinistar.com\/wp-content\/uploads\/2025\/08\/elbise-mayokadin-elbiseli-mayo-saks-ma-bd16-6.jpg\",\"width\":600,\"height\":900},{\"@type\":\"BreadcrumbList\",\"@id\":\"https:\/\/burkinistar.com\/?product=kadin-elbiseli-mayo-saks-mavisi-ici-sortlu#breadcrumb\",\"itemListElement\":[{\"@type\":\"ListItem\",\"position\":1,\"name\":\"Homepage\",\"item\":\"https:\/\/burkinistar.com\/\"},{\"@type\":\"ListItem\",\"position\":2,\"name\":\"All Products\",\"item\":\"https:\/\/burkinistar.com\/?page_id=8\"},{\"@type\":\"ListItem\",\"position\":3,\"name\":\"Kad\u0131n Elbiseli Mayo Saks Mavisi \u0130\u00e7i \u015eortlu\"}]},{\"@type\":\"WebSite\",\"@id\":\"https:\/\/burkinistar.com\/#website\",\"url\":\"https:\/\/burkinistar.com\/\",\"name\":\"BURKINISTAR\",\"description\":\"The Best Modest Swimwear and Bikini Store | Burkinistar\",\"potentialAction\":[{\"@type\":\"SearchAction\",\"target\":{\"@type\":\"EntryPoint\",\"urlTemplate\":\"https:\/\/burkinistar.com\/?s={search_term_string}\"},\"query-input\":{\"@type\":\"PropertyValueSpecification\",\"valueRequired\":true,\"valueName\":\"search_term_string\"}}],\"inLanguage\":\"en-US\"}]}<\/script>\n<!-- \/ Yoast SEO plugin. -->","yoast_head_json":{"title":"Kad\u0131n Elbiseli Mayo Saks Mavisi \u0130\u00e7i \u015eortlu - BURKINISTAR","robots":{"index":"index","follow":"follow","max-snippet":"max-snippet:-1","max-image-preview":"max-image-preview:large","max-video-preview":"max-video-preview:-1"},"canonical":"https:\/\/burkinistar.com\/?product=kadin-elbiseli-mayo-saks-mavisi-ici-sortlu","og_locale":"en_US","og_type":"article","og_title":"Kad\u0131n Elbiseli Mayo Saks Mavisi \u0130\u00e7i \u015eortlu - BURKINISTAR","og_description":"Kad\u0131n \u015eortlu elbise Mayo Saks Mavisi Ask\u0131l\u0131 elbiseli mayo tek par\u00e7adan olu\u015fmaktad\u0131r.\u0130\u00e7 k\u0131sm\u0131nda tulum \u015feklinde&hellip;","og_url":"https:\/\/burkinistar.com\/?product=kadin-elbiseli-mayo-saks-mavisi-ici-sortlu","og_site_name":"BURKINISTAR","article_modified_time":"2025-08-30T11:28:13+00:00","og_image":[{"width":600,"height":900,"url":"https:\/\/burkinistar.com\/wp-content\/uploads\/2025\/08\/elbise-mayokadin-elbiseli-mayo-saks-ma-bd16-6.jpg","type":"image\/jpeg"}],"twitter_card":"summary_large_image","twitter_misc":{"Est. reading time":"1 minute"},"schema":{"@context":"https:\/\/schema.org","@graph":[{"@type":"WebPage","@id":"https:\/\/burkinistar.com\/?product=kadin-elbiseli-mayo-saks-mavisi-ici-sortlu","url":"https:\/\/burkinistar.com\/?product=kadin-elbiseli-mayo-saks-mavisi-ici-sortlu","name":"Kad\u0131n Elbiseli Mayo Saks Mavisi \u0130\u00e7i \u015eortlu - BURKINISTAR","isPartOf":{"@id":"https:\/\/burkinistar.com\/#website"},"primaryImageOfPage":{"@id":"https:\/\/burkinistar.com\/?product=kadin-elbiseli-mayo-saks-mavisi-ici-sortlu#primaryimage"},"image":{"@id":"https:\/\/burkinistar.com\/?product=kadin-elbiseli-mayo-saks-mavisi-ici-sortlu#primaryimage"},"thumbnailUrl":"https:\/\/burkinistar.com\/wp-content\/uploads\/2025\/08\/elbise-mayokadin-elbiseli-mayo-saks-ma-bd16-6.jpg","datePublished":"2025-08-30T11:28:05+00:00","dateModified":"2025-08-30T11:28:13+00:00","breadcrumb":{"@id":"https:\/\/burkinistar.com\/?product=kadin-elbiseli-mayo-saks-mavisi-ici-sortlu#breadcrumb"},"inLanguage":"en-US","potentialAction":[{"@type":"ReadAction","target":["https:\/\/burkinistar.com\/?product=kadin-elbiseli-mayo-saks-mavisi-ici-sortlu"]}]},{"@type":"ImageObject","inLanguage":"en-US","@id":"https:\/\/burkinistar.com\/?product=kadin-elbiseli-mayo-saks-mavisi-ici-sortlu#primaryimage","url":"https:\/\/burkinistar.com\/wp-content\/uploads\/2025\/08\/elbise-mayokadin-elbiseli-mayo-saks-ma-bd16-6.jpg","contentUrl":"https:\/\/burkinistar.com\/wp-content\/uploads\/2025\/08\/elbise-mayokadin-elbiseli-mayo-saks-ma-bd16-6.jpg","width":600,"height":900},{"@type":"BreadcrumbList","@id":"https:\/\/burkinistar.com\/?product=kadin-elbiseli-mayo-saks-mavisi-ici-sortlu#breadcrumb","itemListElement":[{"@type":"ListItem","position":1,"name":"Homepage","item":"https:\/\/burkinistar.com\/"},{"@type":"ListItem","position":2,"name":"All Products","item":"https:\/\/burkinistar.com\/?page_id=8"},{"@type":"ListItem","position":3,"name":"Kad\u0131n Elbiseli Mayo Saks Mavisi \u0130\u00e7i \u015eortlu"}]},{"@type":"WebSite","@id":"https:\/\/burkinistar.com\/#website","url":"https:\/\/burkinistar.com\/","name":"BURKINISTAR","description":"The Best Modest Swimwear and Bikini Store | Burkinistar","potentialAction":[{"@type":"SearchAction","target":{"@type":"EntryPoint","urlTemplate":"https:\/\/burkinistar.com\/?s={search_term_string}"},"query-input":{"@type":"PropertyValueSpecification","valueRequired":true,"valueName":"search_term_string"}}],"inLanguage":"en-US"}]}},"_links":{"self":[{"href":"https:\/\/burkinistar.com\/index.php?rest_route=\/wp\/v2\/product\/50839","targetHints":{"allow":["GET"]}}],"collection":[{"href":"https:\/\/burkinistar.com\/index.php?rest_route=\/wp\/v2\/product"}],"about":[{"href":"https:\/\/burkinistar.com\/index.php?rest_route=\/wp\/v2\/types\/product"}],"replies":[{"embeddable":true,"href":"https:\/\/burkinistar.com\/index.php?rest_route=%2Fwp%2Fv2%2Fcomments&post=50839"}],"version-history":[{"count":1,"href":"https:\/\/burkinistar.com\/index.php?rest_route=\/wp\/v2\/product\/50839\/revisions"}],"predecessor-version":[{"id":50840,"href":"https:\/\/burkinistar.com\/index.php?rest_route=\/wp\/v2\/product\/50839\/revisions\/50840"}],"wp:featuredmedia":[{"embeddable":true,"href":"https:\/\/burkinistar.com\/index.php?rest_route=\/wp\/v2\/media\/50842"}],"wp:attachment":[{"href":"https:\/\/burkinistar.com\/index.php?rest_route=%2Fwp%2Fv2%2Fmedia&parent=50839"}],"wp:term":[{"taxonomy":"product_brand","embeddable":true,"href":"https:\/\/burkinistar.com\/index.php?rest_route=%2Fwp%2Fv2%2Fproduct_brand&post=50839"},{"taxonomy":"product_cat","embeddable":true,"href":"https:\/\/burkinistar.com\/index.php?rest_route=%2Fwp%2Fv2%2Fproduct_cat&post=50839"},{"taxonomy":"product_tag","embeddable":true,"href":"https:\/\/burkinistar.com\/index.php?rest_route=%2Fwp%2Fv2%2Fproduct_tag&post=50839"}],"curies":[{"name":"wp","href":"https:\/\/api.w.org\/{rel}","templated":true}]}}