{"id":50880,"date":"2025-08-30T11:28:13","date_gmt":"2025-08-30T11:28:13","guid":{"rendered":"https:\/\/burkinistar.com\/?product=kadin-outdoorhavuz-esarp-bone"},"modified":"2025-08-30T11:28:26","modified_gmt":"2025-08-30T11:28:26","slug":"kadin-outdoorhavuz-esarp-bone","status":"publish","type":"product","link":"https:\/\/burkinistar.com\/?product=kadin-outdoorhavuz-esarp-bone","title":{"rendered":"Kad\u0131n Outdoor&#038;Havuz E\u015farp Bone"},"content":{"rendered":"<p>Kad\u0131n D\u00fcz Siyah E\u015farp Bone \u00dcr\u00fcn\u00fcm\u00fcz Likral\u0131 kuma\u015frtan \u00fcretilmi\u015ftir. \u00c7ok par\u00e7al\u0131 Tasar\u0131m\u0131yla tesett\u00fcr kavram\u0131n\u0131 tam kar\u015f\u0131lamaktad\u0131r. Omuz \u00fcstlerinin geni\u015f olmas\u0131 sayesinde su i\u00e7ersinde a\u00e7\u0131lma durumu vs s\u00f6z konusu de\u011fildir. Arka k\u0131sm\u0131nda topuzun geldi\u011fi yer lastikli diki\u015ftir. Bu sayede toparlay\u0131c\u0131 \u00f6zelli\u011fe sahiptir. \u00d6n k\u0131sm\u0131 2 par\u00e7a tasarlanm\u0131\u015ft\u0131r bu sayede sa\u00e7 k\u0131sm\u0131nda g\u00f6r\u00fcnme olmaz. havuz ve Termal kullan\u0131m\u0131 i\u00e7in uygund\u0131ur. \u00dcr\u00fcn standart bedendir.<\/p>\n","protected":false},"excerpt":{"rendered":"<p>Kad\u0131n D\u00fcz Siyah E\u015farp Bone \u00dcr\u00fcn\u00fcm\u00fcz Likral\u0131 kuma\u015frtan \u00fcretilmi\u015ftir. \u00c7ok par\u00e7al\u0131 Tasar\u0131m\u0131yla tesett\u00fcr kavram\u0131n\u0131 tam&hellip;<\/p>\n","protected":false},"featured_media":50883,"comment_status":"closed","ping_status":"open","template":"","meta":[],"product_brand":[2562],"product_cat":[2565,2564],"product_tag":[],"class_list":{"0":"post-50880","1":"product","2":"type-product","3":"status-publish","4":"has-post-thumbnail","6":"product_brand-starinci-mayo","7":"product_cat-bone","8":"product_cat-plaj","9":"pa_color-siyah","10":"pa_size-standart","12":"first","13":"instock","14":"shipping-taxable","15":"purchasable","16":"product-type-variable","17":"layout-style-2","18":"col-md-4 col-sm-4 col-xs-6","19":"col-lg-4","20":"product-has-gallery","21":"product-style-slider"},"yoast_head":"<!-- This site is optimized with the Yoast SEO plugin v25.8 - https:\/\/yoast.com\/wordpress\/plugins\/seo\/ -->\n<title>Kad\u0131n Outdoor&amp;Havuz E\u015farp Bone - BURKINISTAR<\/title>\n<meta name=\"robots\" content=\"index, follow, max-snippet:-1, max-image-preview:large, max-video-preview:-1\" \/>\n<link rel=\"canonical\" href=\"https:\/\/burkinistar.com\/?product=kadin-outdoorhavuz-esarp-bone\" \/>\n<meta property=\"og:locale\" content=\"en_US\" \/>\n<meta property=\"og:type\" content=\"article\" \/>\n<meta property=\"og:title\" content=\"Kad\u0131n Outdoor&amp;Havuz E\u015farp Bone - BURKINISTAR\" \/>\n<meta property=\"og:description\" content=\"Kad\u0131n D\u00fcz Siyah E\u015farp Bone \u00dcr\u00fcn\u00fcm\u00fcz Likral\u0131 kuma\u015frtan \u00fcretilmi\u015ftir. \u00c7ok par\u00e7al\u0131 Tasar\u0131m\u0131yla tesett\u00fcr kavram\u0131n\u0131 tam&hellip;\" \/>\n<meta property=\"og:url\" content=\"https:\/\/burkinistar.com\/?product=kadin-outdoorhavuz-esarp-bone\" \/>\n<meta property=\"og:site_name\" content=\"BURKINISTAR\" \/>\n<meta property=\"article:modified_time\" content=\"2025-08-30T11:28:26+00:00\" \/>\n<meta property=\"og:image\" content=\"https:\/\/burkinistar.com\/wp-content\/uploads\/2025\/08\/tayt-ve-bonekadin-outdoorhavuz-esarp-b-4b-64f.jpg\" \/>\n\t<meta property=\"og:image:width\" content=\"600\" \/>\n\t<meta property=\"og:image:height\" content=\"900\" \/>\n\t<meta property=\"og:image:type\" content=\"image\/jpeg\" \/>\n<meta name=\"twitter:card\" content=\"summary_large_image\" \/>\n<script type=\"application\/ld+json\" class=\"yoast-schema-graph\">{\"@context\":\"https:\/\/schema.org\",\"@graph\":[{\"@type\":\"WebPage\",\"@id\":\"https:\/\/burkinistar.com\/?product=kadin-outdoorhavuz-esarp-bone\",\"url\":\"https:\/\/burkinistar.com\/?product=kadin-outdoorhavuz-esarp-bone\",\"name\":\"Kad\u0131n Outdoor&Havuz E\u015farp Bone - BURKINISTAR\",\"isPartOf\":{\"@id\":\"https:\/\/burkinistar.com\/#website\"},\"primaryImageOfPage\":{\"@id\":\"https:\/\/burkinistar.com\/?product=kadin-outdoorhavuz-esarp-bone#primaryimage\"},\"image\":{\"@id\":\"https:\/\/burkinistar.com\/?product=kadin-outdoorhavuz-esarp-bone#primaryimage\"},\"thumbnailUrl\":\"https:\/\/burkinistar.com\/wp-content\/uploads\/2025\/08\/tayt-ve-bonekadin-outdoorhavuz-esarp-b-4b-64f.jpg\",\"datePublished\":\"2025-08-30T11:28:13+00:00\",\"dateModified\":\"2025-08-30T11:28:26+00:00\",\"breadcrumb\":{\"@id\":\"https:\/\/burkinistar.com\/?product=kadin-outdoorhavuz-esarp-bone#breadcrumb\"},\"inLanguage\":\"en-US\",\"potentialAction\":[{\"@type\":\"ReadAction\",\"target\":[\"https:\/\/burkinistar.com\/?product=kadin-outdoorhavuz-esarp-bone\"]}]},{\"@type\":\"ImageObject\",\"inLanguage\":\"en-US\",\"@id\":\"https:\/\/burkinistar.com\/?product=kadin-outdoorhavuz-esarp-bone#primaryimage\",\"url\":\"https:\/\/burkinistar.com\/wp-content\/uploads\/2025\/08\/tayt-ve-bonekadin-outdoorhavuz-esarp-b-4b-64f.jpg\",\"contentUrl\":\"https:\/\/burkinistar.com\/wp-content\/uploads\/2025\/08\/tayt-ve-bonekadin-outdoorhavuz-esarp-b-4b-64f.jpg\",\"width\":600,\"height\":900},{\"@type\":\"BreadcrumbList\",\"@id\":\"https:\/\/burkinistar.com\/?product=kadin-outdoorhavuz-esarp-bone#breadcrumb\",\"itemListElement\":[{\"@type\":\"ListItem\",\"position\":1,\"name\":\"Homepage\",\"item\":\"https:\/\/burkinistar.com\/\"},{\"@type\":\"ListItem\",\"position\":2,\"name\":\"All Products\",\"item\":\"https:\/\/burkinistar.com\/?page_id=8\"},{\"@type\":\"ListItem\",\"position\":3,\"name\":\"Kad\u0131n Outdoor&#038;Havuz E\u015farp Bone\"}]},{\"@type\":\"WebSite\",\"@id\":\"https:\/\/burkinistar.com\/#website\",\"url\":\"https:\/\/burkinistar.com\/\",\"name\":\"BURKINISTAR\",\"description\":\"The Best Modest Swimwear and Bikini Store | Burkinistar\",\"potentialAction\":[{\"@type\":\"SearchAction\",\"target\":{\"@type\":\"EntryPoint\",\"urlTemplate\":\"https:\/\/burkinistar.com\/?s={search_term_string}\"},\"query-input\":{\"@type\":\"PropertyValueSpecification\",\"valueRequired\":true,\"valueName\":\"search_term_string\"}}],\"inLanguage\":\"en-US\"}]}<\/script>\n<!-- \/ Yoast SEO plugin. -->","yoast_head_json":{"title":"Kad\u0131n Outdoor&Havuz E\u015farp Bone - BURKINISTAR","robots":{"index":"index","follow":"follow","max-snippet":"max-snippet:-1","max-image-preview":"max-image-preview:large","max-video-preview":"max-video-preview:-1"},"canonical":"https:\/\/burkinistar.com\/?product=kadin-outdoorhavuz-esarp-bone","og_locale":"en_US","og_type":"article","og_title":"Kad\u0131n Outdoor&Havuz E\u015farp Bone - BURKINISTAR","og_description":"Kad\u0131n D\u00fcz Siyah E\u015farp Bone \u00dcr\u00fcn\u00fcm\u00fcz Likral\u0131 kuma\u015frtan \u00fcretilmi\u015ftir. \u00c7ok par\u00e7al\u0131 Tasar\u0131m\u0131yla tesett\u00fcr kavram\u0131n\u0131 tam&hellip;","og_url":"https:\/\/burkinistar.com\/?product=kadin-outdoorhavuz-esarp-bone","og_site_name":"BURKINISTAR","article_modified_time":"2025-08-30T11:28:26+00:00","og_image":[{"width":600,"height":900,"url":"https:\/\/burkinistar.com\/wp-content\/uploads\/2025\/08\/tayt-ve-bonekadin-outdoorhavuz-esarp-b-4b-64f.jpg","type":"image\/jpeg"}],"twitter_card":"summary_large_image","schema":{"@context":"https:\/\/schema.org","@graph":[{"@type":"WebPage","@id":"https:\/\/burkinistar.com\/?product=kadin-outdoorhavuz-esarp-bone","url":"https:\/\/burkinistar.com\/?product=kadin-outdoorhavuz-esarp-bone","name":"Kad\u0131n Outdoor&Havuz E\u015farp Bone - BURKINISTAR","isPartOf":{"@id":"https:\/\/burkinistar.com\/#website"},"primaryImageOfPage":{"@id":"https:\/\/burkinistar.com\/?product=kadin-outdoorhavuz-esarp-bone#primaryimage"},"image":{"@id":"https:\/\/burkinistar.com\/?product=kadin-outdoorhavuz-esarp-bone#primaryimage"},"thumbnailUrl":"https:\/\/burkinistar.com\/wp-content\/uploads\/2025\/08\/tayt-ve-bonekadin-outdoorhavuz-esarp-b-4b-64f.jpg","datePublished":"2025-08-30T11:28:13+00:00","dateModified":"2025-08-30T11:28:26+00:00","breadcrumb":{"@id":"https:\/\/burkinistar.com\/?product=kadin-outdoorhavuz-esarp-bone#breadcrumb"},"inLanguage":"en-US","potentialAction":[{"@type":"ReadAction","target":["https:\/\/burkinistar.com\/?product=kadin-outdoorhavuz-esarp-bone"]}]},{"@type":"ImageObject","inLanguage":"en-US","@id":"https:\/\/burkinistar.com\/?product=kadin-outdoorhavuz-esarp-bone#primaryimage","url":"https:\/\/burkinistar.com\/wp-content\/uploads\/2025\/08\/tayt-ve-bonekadin-outdoorhavuz-esarp-b-4b-64f.jpg","contentUrl":"https:\/\/burkinistar.com\/wp-content\/uploads\/2025\/08\/tayt-ve-bonekadin-outdoorhavuz-esarp-b-4b-64f.jpg","width":600,"height":900},{"@type":"BreadcrumbList","@id":"https:\/\/burkinistar.com\/?product=kadin-outdoorhavuz-esarp-bone#breadcrumb","itemListElement":[{"@type":"ListItem","position":1,"name":"Homepage","item":"https:\/\/burkinistar.com\/"},{"@type":"ListItem","position":2,"name":"All Products","item":"https:\/\/burkinistar.com\/?page_id=8"},{"@type":"ListItem","position":3,"name":"Kad\u0131n Outdoor&#038;Havuz E\u015farp Bone"}]},{"@type":"WebSite","@id":"https:\/\/burkinistar.com\/#website","url":"https:\/\/burkinistar.com\/","name":"BURKINISTAR","description":"The Best Modest Swimwear and Bikini Store | Burkinistar","potentialAction":[{"@type":"SearchAction","target":{"@type":"EntryPoint","urlTemplate":"https:\/\/burkinistar.com\/?s={search_term_string}"},"query-input":{"@type":"PropertyValueSpecification","valueRequired":true,"valueName":"search_term_string"}}],"inLanguage":"en-US"}]}},"_links":{"self":[{"href":"https:\/\/burkinistar.com\/index.php?rest_route=\/wp\/v2\/product\/50880","targetHints":{"allow":["GET"]}}],"collection":[{"href":"https:\/\/burkinistar.com\/index.php?rest_route=\/wp\/v2\/product"}],"about":[{"href":"https:\/\/burkinistar.com\/index.php?rest_route=\/wp\/v2\/types\/product"}],"replies":[{"embeddable":true,"href":"https:\/\/burkinistar.com\/index.php?rest_route=%2Fwp%2Fv2%2Fcomments&post=50880"}],"version-history":[{"count":1,"href":"https:\/\/burkinistar.com\/index.php?rest_route=\/wp\/v2\/product\/50880\/revisions"}],"predecessor-version":[{"id":50881,"href":"https:\/\/burkinistar.com\/index.php?rest_route=\/wp\/v2\/product\/50880\/revisions\/50881"}],"wp:featuredmedia":[{"embeddable":true,"href":"https:\/\/burkinistar.com\/index.php?rest_route=\/wp\/v2\/media\/50883"}],"wp:attachment":[{"href":"https:\/\/burkinistar.com\/index.php?rest_route=%2Fwp%2Fv2%2Fmedia&parent=50880"}],"wp:term":[{"taxonomy":"product_brand","embeddable":true,"href":"https:\/\/burkinistar.com\/index.php?rest_route=%2Fwp%2Fv2%2Fproduct_brand&post=50880"},{"taxonomy":"product_cat","embeddable":true,"href":"https:\/\/burkinistar.com\/index.php?rest_route=%2Fwp%2Fv2%2Fproduct_cat&post=50880"},{"taxonomy":"product_tag","embeddable":true,"href":"https:\/\/burkinistar.com\/index.php?rest_route=%2Fwp%2Fv2%2Fproduct_tag&post=50880"}],"curies":[{"name":"wp","href":"https:\/\/api.w.org\/{rel}","templated":true}]}}