{"id":50938,"date":"2025-08-30T11:28:27","date_gmt":"2025-08-30T11:28:27","guid":{"rendered":"https:\/\/burkinistar.com\/?product=likrali-elbise-mayo-ayarlanabilir-ip-askili-indigo"},"modified":"2025-08-30T11:28:44","modified_gmt":"2025-08-30T11:28:44","slug":"likrali-elbise-mayo-ayarlanabilir-ip-askili-indigo","status":"publish","type":"product","link":"https:\/\/burkinistar.com\/?product=likrali-elbise-mayo-ayarlanabilir-ip-askili-indigo","title":{"rendered":"Likral\u0131 Elbise Mayo Ayarlanabilir \u0130p Ask\u0131l\u0131 \u0130ndigo"},"content":{"rendered":"<h2>Starinci Mayo Likral\u0131 Elbise Mayo \u0130nce Ask\u0131l\u0131 Astarl\u0131 Slip \u0130ndigo<\/h2>\n<ul>\n<li>\u00dcr\u00fcn\u00fcm\u00fcz likral\u0131 \u00f6rme kuma\u015ftan \u00fcretilmi\u015ftir.<\/li>\n<li>\u0130\u00e7 k\u0131sm\u0131nda tulum \u015feklinde astar mevcuttur, alt k\u0131sm\u0131 slip \u015feklinde tasarlanm\u0131\u015ft\u0131r.<\/li>\n<li>Astar k\u0131sm\u0131nda, diki\u015fli kap mevcuttur.<\/li>\n<li>Ask\u0131lar\u0131, ip \u015feklinde ve ayarl\u0131 olarak tasarlanm\u0131\u015ft\u0131r.<\/li>\n<li>Manken \u00fczerindeki \u00fcr\u00fcn\u00fcn bedeni 36&#8217;d\u0131r.<\/li>\n<li>Manken \u00d6l\u00e7\u00fcleri a\u015fa\u011f\u0131daki gibidir;<\/li>\n<li>G\u00f6\u011f\u00fcs:80\/Bel:63\/Basen:93 170cm\/54kg<\/li>\n<li>\u00dcr\u00fcn, havuz ve termal kullan\u0131m\u0131 i\u00e7in uygundur.<\/li>\n<\/ul>\n","protected":false},"excerpt":{"rendered":"<p>Starinci Mayo Likral\u0131 Elbise Mayo \u0130nce Ask\u0131l\u0131 Astarl\u0131 Slip \u0130ndigo \u00dcr\u00fcn\u00fcm\u00fcz likral\u0131 \u00f6rme kuma\u015ftan \u00fcretilmi\u015ftir.&hellip;<\/p>\n","protected":false},"featured_media":50941,"comment_status":"closed","ping_status":"open","template":"","meta":[],"product_brand":[2562],"product_cat":[2567],"product_tag":[],"class_list":{"0":"post-50938","1":"product","2":"type-product","3":"status-publish","4":"has-post-thumbnail","6":"product_brand-starinci-mayo","7":"product_cat-elbise-mayo","8":"pa_color-indigo","9":"pa_size-2587","10":"pa_size-2581","11":"pa_size-2583","12":"pa_size-2584","13":"pa_size-2585","15":"first","16":"instock","17":"shipping-taxable","18":"purchasable","19":"product-type-variable","20":"layout-style-2","21":"col-md-4 col-sm-4 col-xs-6","22":"col-lg-4","23":"product-has-gallery","24":"product-style-slider"},"yoast_head":"<!-- This site is optimized with the Yoast SEO plugin v25.8 - https:\/\/yoast.com\/wordpress\/plugins\/seo\/ -->\n<title>Likral\u0131 Elbise Mayo Ayarlanabilir \u0130p Ask\u0131l\u0131 \u0130ndigo - BURKINISTAR<\/title>\n<meta name=\"robots\" content=\"index, follow, max-snippet:-1, max-image-preview:large, max-video-preview:-1\" \/>\n<link rel=\"canonical\" href=\"https:\/\/burkinistar.com\/?product=likrali-elbise-mayo-ayarlanabilir-ip-askili-indigo\" \/>\n<meta property=\"og:locale\" content=\"en_US\" \/>\n<meta property=\"og:type\" content=\"article\" \/>\n<meta property=\"og:title\" content=\"Likral\u0131 Elbise Mayo Ayarlanabilir \u0130p Ask\u0131l\u0131 \u0130ndigo - BURKINISTAR\" \/>\n<meta property=\"og:description\" content=\"Starinci Mayo Likral\u0131 Elbise Mayo \u0130nce Ask\u0131l\u0131 Astarl\u0131 Slip \u0130ndigo \u00dcr\u00fcn\u00fcm\u00fcz likral\u0131 \u00f6rme kuma\u015ftan \u00fcretilmi\u015ftir.&hellip;\" \/>\n<meta property=\"og:url\" content=\"https:\/\/burkinistar.com\/?product=likrali-elbise-mayo-ayarlanabilir-ip-askili-indigo\" \/>\n<meta property=\"og:site_name\" content=\"BURKINISTAR\" \/>\n<meta property=\"article:modified_time\" content=\"2025-08-30T11:28:44+00:00\" \/>\n<meta property=\"og:image\" content=\"https:\/\/burkinistar.com\/wp-content\/uploads\/2025\/08\/elbise-mayolikrali-elbise-mayo-ayarlan-641-f8.jpg\" \/>\n\t<meta property=\"og:image:width\" content=\"600\" \/>\n\t<meta property=\"og:image:height\" content=\"900\" \/>\n\t<meta property=\"og:image:type\" content=\"image\/jpeg\" \/>\n<meta name=\"twitter:card\" content=\"summary_large_image\" \/>\n<script type=\"application\/ld+json\" class=\"yoast-schema-graph\">{\"@context\":\"https:\/\/schema.org\",\"@graph\":[{\"@type\":\"WebPage\",\"@id\":\"https:\/\/burkinistar.com\/?product=likrali-elbise-mayo-ayarlanabilir-ip-askili-indigo\",\"url\":\"https:\/\/burkinistar.com\/?product=likrali-elbise-mayo-ayarlanabilir-ip-askili-indigo\",\"name\":\"Likral\u0131 Elbise Mayo Ayarlanabilir \u0130p Ask\u0131l\u0131 \u0130ndigo - BURKINISTAR\",\"isPartOf\":{\"@id\":\"https:\/\/burkinistar.com\/#website\"},\"primaryImageOfPage\":{\"@id\":\"https:\/\/burkinistar.com\/?product=likrali-elbise-mayo-ayarlanabilir-ip-askili-indigo#primaryimage\"},\"image\":{\"@id\":\"https:\/\/burkinistar.com\/?product=likrali-elbise-mayo-ayarlanabilir-ip-askili-indigo#primaryimage\"},\"thumbnailUrl\":\"https:\/\/burkinistar.com\/wp-content\/uploads\/2025\/08\/elbise-mayolikrali-elbise-mayo-ayarlan-641-f8.jpg\",\"datePublished\":\"2025-08-30T11:28:27+00:00\",\"dateModified\":\"2025-08-30T11:28:44+00:00\",\"breadcrumb\":{\"@id\":\"https:\/\/burkinistar.com\/?product=likrali-elbise-mayo-ayarlanabilir-ip-askili-indigo#breadcrumb\"},\"inLanguage\":\"en-US\",\"potentialAction\":[{\"@type\":\"ReadAction\",\"target\":[\"https:\/\/burkinistar.com\/?product=likrali-elbise-mayo-ayarlanabilir-ip-askili-indigo\"]}]},{\"@type\":\"ImageObject\",\"inLanguage\":\"en-US\",\"@id\":\"https:\/\/burkinistar.com\/?product=likrali-elbise-mayo-ayarlanabilir-ip-askili-indigo#primaryimage\",\"url\":\"https:\/\/burkinistar.com\/wp-content\/uploads\/2025\/08\/elbise-mayolikrali-elbise-mayo-ayarlan-641-f8.jpg\",\"contentUrl\":\"https:\/\/burkinistar.com\/wp-content\/uploads\/2025\/08\/elbise-mayolikrali-elbise-mayo-ayarlan-641-f8.jpg\",\"width\":600,\"height\":900},{\"@type\":\"BreadcrumbList\",\"@id\":\"https:\/\/burkinistar.com\/?product=likrali-elbise-mayo-ayarlanabilir-ip-askili-indigo#breadcrumb\",\"itemListElement\":[{\"@type\":\"ListItem\",\"position\":1,\"name\":\"Homepage\",\"item\":\"https:\/\/burkinistar.com\/\"},{\"@type\":\"ListItem\",\"position\":2,\"name\":\"All Products\",\"item\":\"https:\/\/burkinistar.com\/?page_id=8\"},{\"@type\":\"ListItem\",\"position\":3,\"name\":\"Likral\u0131 Elbise Mayo Ayarlanabilir \u0130p Ask\u0131l\u0131 \u0130ndigo\"}]},{\"@type\":\"WebSite\",\"@id\":\"https:\/\/burkinistar.com\/#website\",\"url\":\"https:\/\/burkinistar.com\/\",\"name\":\"BURKINISTAR\",\"description\":\"The Best Modest Swimwear and Bikini Store | Burkinistar\",\"potentialAction\":[{\"@type\":\"SearchAction\",\"target\":{\"@type\":\"EntryPoint\",\"urlTemplate\":\"https:\/\/burkinistar.com\/?s={search_term_string}\"},\"query-input\":{\"@type\":\"PropertyValueSpecification\",\"valueRequired\":true,\"valueName\":\"search_term_string\"}}],\"inLanguage\":\"en-US\"}]}<\/script>\n<!-- \/ Yoast SEO plugin. -->","yoast_head_json":{"title":"Likral\u0131 Elbise Mayo Ayarlanabilir \u0130p Ask\u0131l\u0131 \u0130ndigo - BURKINISTAR","robots":{"index":"index","follow":"follow","max-snippet":"max-snippet:-1","max-image-preview":"max-image-preview:large","max-video-preview":"max-video-preview:-1"},"canonical":"https:\/\/burkinistar.com\/?product=likrali-elbise-mayo-ayarlanabilir-ip-askili-indigo","og_locale":"en_US","og_type":"article","og_title":"Likral\u0131 Elbise Mayo Ayarlanabilir \u0130p Ask\u0131l\u0131 \u0130ndigo - BURKINISTAR","og_description":"Starinci Mayo Likral\u0131 Elbise Mayo \u0130nce Ask\u0131l\u0131 Astarl\u0131 Slip \u0130ndigo \u00dcr\u00fcn\u00fcm\u00fcz likral\u0131 \u00f6rme kuma\u015ftan \u00fcretilmi\u015ftir.&hellip;","og_url":"https:\/\/burkinistar.com\/?product=likrali-elbise-mayo-ayarlanabilir-ip-askili-indigo","og_site_name":"BURKINISTAR","article_modified_time":"2025-08-30T11:28:44+00:00","og_image":[{"width":600,"height":900,"url":"https:\/\/burkinistar.com\/wp-content\/uploads\/2025\/08\/elbise-mayolikrali-elbise-mayo-ayarlan-641-f8.jpg","type":"image\/jpeg"}],"twitter_card":"summary_large_image","schema":{"@context":"https:\/\/schema.org","@graph":[{"@type":"WebPage","@id":"https:\/\/burkinistar.com\/?product=likrali-elbise-mayo-ayarlanabilir-ip-askili-indigo","url":"https:\/\/burkinistar.com\/?product=likrali-elbise-mayo-ayarlanabilir-ip-askili-indigo","name":"Likral\u0131 Elbise Mayo Ayarlanabilir \u0130p Ask\u0131l\u0131 \u0130ndigo - BURKINISTAR","isPartOf":{"@id":"https:\/\/burkinistar.com\/#website"},"primaryImageOfPage":{"@id":"https:\/\/burkinistar.com\/?product=likrali-elbise-mayo-ayarlanabilir-ip-askili-indigo#primaryimage"},"image":{"@id":"https:\/\/burkinistar.com\/?product=likrali-elbise-mayo-ayarlanabilir-ip-askili-indigo#primaryimage"},"thumbnailUrl":"https:\/\/burkinistar.com\/wp-content\/uploads\/2025\/08\/elbise-mayolikrali-elbise-mayo-ayarlan-641-f8.jpg","datePublished":"2025-08-30T11:28:27+00:00","dateModified":"2025-08-30T11:28:44+00:00","breadcrumb":{"@id":"https:\/\/burkinistar.com\/?product=likrali-elbise-mayo-ayarlanabilir-ip-askili-indigo#breadcrumb"},"inLanguage":"en-US","potentialAction":[{"@type":"ReadAction","target":["https:\/\/burkinistar.com\/?product=likrali-elbise-mayo-ayarlanabilir-ip-askili-indigo"]}]},{"@type":"ImageObject","inLanguage":"en-US","@id":"https:\/\/burkinistar.com\/?product=likrali-elbise-mayo-ayarlanabilir-ip-askili-indigo#primaryimage","url":"https:\/\/burkinistar.com\/wp-content\/uploads\/2025\/08\/elbise-mayolikrali-elbise-mayo-ayarlan-641-f8.jpg","contentUrl":"https:\/\/burkinistar.com\/wp-content\/uploads\/2025\/08\/elbise-mayolikrali-elbise-mayo-ayarlan-641-f8.jpg","width":600,"height":900},{"@type":"BreadcrumbList","@id":"https:\/\/burkinistar.com\/?product=likrali-elbise-mayo-ayarlanabilir-ip-askili-indigo#breadcrumb","itemListElement":[{"@type":"ListItem","position":1,"name":"Homepage","item":"https:\/\/burkinistar.com\/"},{"@type":"ListItem","position":2,"name":"All Products","item":"https:\/\/burkinistar.com\/?page_id=8"},{"@type":"ListItem","position":3,"name":"Likral\u0131 Elbise Mayo Ayarlanabilir \u0130p Ask\u0131l\u0131 \u0130ndigo"}]},{"@type":"WebSite","@id":"https:\/\/burkinistar.com\/#website","url":"https:\/\/burkinistar.com\/","name":"BURKINISTAR","description":"The Best Modest Swimwear and Bikini Store | Burkinistar","potentialAction":[{"@type":"SearchAction","target":{"@type":"EntryPoint","urlTemplate":"https:\/\/burkinistar.com\/?s={search_term_string}"},"query-input":{"@type":"PropertyValueSpecification","valueRequired":true,"valueName":"search_term_string"}}],"inLanguage":"en-US"}]}},"_links":{"self":[{"href":"https:\/\/burkinistar.com\/index.php?rest_route=\/wp\/v2\/product\/50938","targetHints":{"allow":["GET"]}}],"collection":[{"href":"https:\/\/burkinistar.com\/index.php?rest_route=\/wp\/v2\/product"}],"about":[{"href":"https:\/\/burkinistar.com\/index.php?rest_route=\/wp\/v2\/types\/product"}],"replies":[{"embeddable":true,"href":"https:\/\/burkinistar.com\/index.php?rest_route=%2Fwp%2Fv2%2Fcomments&post=50938"}],"version-history":[{"count":1,"href":"https:\/\/burkinistar.com\/index.php?rest_route=\/wp\/v2\/product\/50938\/revisions"}],"predecessor-version":[{"id":50939,"href":"https:\/\/burkinistar.com\/index.php?rest_route=\/wp\/v2\/product\/50938\/revisions\/50939"}],"wp:featuredmedia":[{"embeddable":true,"href":"https:\/\/burkinistar.com\/index.php?rest_route=\/wp\/v2\/media\/50941"}],"wp:attachment":[{"href":"https:\/\/burkinistar.com\/index.php?rest_route=%2Fwp%2Fv2%2Fmedia&parent=50938"}],"wp:term":[{"taxonomy":"product_brand","embeddable":true,"href":"https:\/\/burkinistar.com\/index.php?rest_route=%2Fwp%2Fv2%2Fproduct_brand&post=50938"},{"taxonomy":"product_cat","embeddable":true,"href":"https:\/\/burkinistar.com\/index.php?rest_route=%2Fwp%2Fv2%2Fproduct_cat&post=50938"},{"taxonomy":"product_tag","embeddable":true,"href":"https:\/\/burkinistar.com\/index.php?rest_route=%2Fwp%2Fv2%2Fproduct_tag&post=50938"}],"curies":[{"name":"wp","href":"https:\/\/api.w.org\/{rel}","templated":true}]}}