{"id":51033,"date":"2025-08-30T11:29:05","date_gmt":"2025-08-30T11:29:05","guid":{"rendered":"https:\/\/burkinistar.com\/?product=kadin-tam-kapali-tesettur-mayo-kiremit-3lu-set"},"modified":"2025-08-30T11:29:18","modified_gmt":"2025-08-30T11:29:18","slug":"kadin-tam-kapali-tesettur-mayo-kiremit-3lu-set","status":"publish","type":"product","link":"https:\/\/burkinistar.com\/?product=kadin-tam-kapali-tesettur-mayo-kiremit-3lu-set","title":{"rendered":"Kad\u0131n Tam Kapal\u0131 Tesett\u00fcr Mayo Kiremit 3l\u00fc Set"},"content":{"rendered":"<h2>Kad\u0131n H\u0131zl\u0131 Kuruyabilen Tam Kapal\u0131 Tesett\u00fcr Mayo<\/h2>\n<ul>\n<li>Tesett\u00fcr mayo tak\u0131m\u0131 e\u015farp, pantolon ve tunikten olu\u015fmaktad\u0131r.<\/li>\n<li>Pantolon ve tunik h\u0131zl\u0131 kuruyan esneme \u00f6zelli\u011fi olmayan kuma\u015ftan \u00fcretilmi\u015ftir.<\/li>\n<li>E\u015farp likral\u0131 kuma\u015ftan \u00fcretilmi\u015ftir.<\/li>\n<li>Manken M beden giyinmi\u015ftir.<\/li>\n<li>Manken \u00f6l\u00e7\u00fcleri 80\/61\/93 dir.<\/li>\n<li>Pantolonun bel k\u0131sm\u0131nda lastikli diki\u015f mevcuttur.<\/li>\n<li>Pantolon k\u0131sm\u0131nda i\u00e7 tulum astar mevcuttur.<\/li>\n<li>Tunik kollar\u0131 lastikli diki\u015fdir.<\/li>\n<li>Bel k\u0131sm\u0131nda ayarlanabili lastik mevcuttur.<\/li>\n<\/ul>\n","protected":false},"excerpt":{"rendered":"<p>Kad\u0131n H\u0131zl\u0131 Kuruyabilen Tam Kapal\u0131 Tesett\u00fcr Mayo Tesett\u00fcr mayo tak\u0131m\u0131 e\u015farp, pantolon ve tunikten olu\u015fmaktad\u0131r.&hellip;<\/p>\n","protected":false},"featured_media":51036,"comment_status":"closed","ping_status":"open","template":"","meta":[],"product_brand":[2562],"product_cat":[2563,2556],"product_tag":[],"class_list":{"0":"post-51033","1":"product","2":"type-product","3":"status-publish","4":"has-post-thumbnail","6":"product_brand-starinci-mayo","7":"product_cat-tam-kapali-tesettur-mayo","8":"product_cat-tesettur-mayo","9":"pa_color-kahverengi","10":"pa_size-xl","12":"first","13":"instock","14":"shipping-taxable","15":"purchasable","16":"product-type-variable","17":"layout-style-2","18":"col-md-4 col-sm-4 col-xs-6","19":"col-lg-4","20":"product-has-gallery","21":"product-style-slider"},"yoast_head":"<!-- This site is optimized with the Yoast SEO plugin v25.8 - https:\/\/yoast.com\/wordpress\/plugins\/seo\/ -->\n<title>Kad\u0131n Tam Kapal\u0131 Tesett\u00fcr Mayo Kiremit 3l\u00fc Set - BURKINISTAR<\/title>\n<meta name=\"robots\" content=\"index, follow, max-snippet:-1, max-image-preview:large, max-video-preview:-1\" \/>\n<link rel=\"canonical\" href=\"https:\/\/burkinistar.com\/?product=kadin-tam-kapali-tesettur-mayo-kiremit-3lu-set\" \/>\n<meta property=\"og:locale\" content=\"en_US\" \/>\n<meta property=\"og:type\" content=\"article\" \/>\n<meta property=\"og:title\" content=\"Kad\u0131n Tam Kapal\u0131 Tesett\u00fcr Mayo Kiremit 3l\u00fc Set - BURKINISTAR\" \/>\n<meta property=\"og:description\" content=\"Kad\u0131n H\u0131zl\u0131 Kuruyabilen Tam Kapal\u0131 Tesett\u00fcr Mayo Tesett\u00fcr mayo tak\u0131m\u0131 e\u015farp, pantolon ve tunikten olu\u015fmaktad\u0131r.&hellip;\" \/>\n<meta property=\"og:url\" content=\"https:\/\/burkinistar.com\/?product=kadin-tam-kapali-tesettur-mayo-kiremit-3lu-set\" \/>\n<meta property=\"og:site_name\" content=\"BURKINISTAR\" \/>\n<meta property=\"article:modified_time\" content=\"2025-08-30T11:29:18+00:00\" \/>\n<meta property=\"og:image\" content=\"https:\/\/burkinistar.com\/wp-content\/uploads\/2025\/08\/tam-kapali-tesettur-mayokadin-tam-kapa-dd4-bd.jpg\" \/>\n\t<meta property=\"og:image:width\" content=\"600\" \/>\n\t<meta property=\"og:image:height\" content=\"900\" \/>\n\t<meta property=\"og:image:type\" content=\"image\/jpeg\" \/>\n<meta name=\"twitter:card\" content=\"summary_large_image\" \/>\n<script type=\"application\/ld+json\" class=\"yoast-schema-graph\">{\"@context\":\"https:\/\/schema.org\",\"@graph\":[{\"@type\":\"WebPage\",\"@id\":\"https:\/\/burkinistar.com\/?product=kadin-tam-kapali-tesettur-mayo-kiremit-3lu-set\",\"url\":\"https:\/\/burkinistar.com\/?product=kadin-tam-kapali-tesettur-mayo-kiremit-3lu-set\",\"name\":\"Kad\u0131n Tam Kapal\u0131 Tesett\u00fcr Mayo Kiremit 3l\u00fc Set - BURKINISTAR\",\"isPartOf\":{\"@id\":\"https:\/\/burkinistar.com\/#website\"},\"primaryImageOfPage\":{\"@id\":\"https:\/\/burkinistar.com\/?product=kadin-tam-kapali-tesettur-mayo-kiremit-3lu-set#primaryimage\"},\"image\":{\"@id\":\"https:\/\/burkinistar.com\/?product=kadin-tam-kapali-tesettur-mayo-kiremit-3lu-set#primaryimage\"},\"thumbnailUrl\":\"https:\/\/burkinistar.com\/wp-content\/uploads\/2025\/08\/tam-kapali-tesettur-mayokadin-tam-kapa-dd4-bd.jpg\",\"datePublished\":\"2025-08-30T11:29:05+00:00\",\"dateModified\":\"2025-08-30T11:29:18+00:00\",\"breadcrumb\":{\"@id\":\"https:\/\/burkinistar.com\/?product=kadin-tam-kapali-tesettur-mayo-kiremit-3lu-set#breadcrumb\"},\"inLanguage\":\"en-US\",\"potentialAction\":[{\"@type\":\"ReadAction\",\"target\":[\"https:\/\/burkinistar.com\/?product=kadin-tam-kapali-tesettur-mayo-kiremit-3lu-set\"]}]},{\"@type\":\"ImageObject\",\"inLanguage\":\"en-US\",\"@id\":\"https:\/\/burkinistar.com\/?product=kadin-tam-kapali-tesettur-mayo-kiremit-3lu-set#primaryimage\",\"url\":\"https:\/\/burkinistar.com\/wp-content\/uploads\/2025\/08\/tam-kapali-tesettur-mayokadin-tam-kapa-dd4-bd.jpg\",\"contentUrl\":\"https:\/\/burkinistar.com\/wp-content\/uploads\/2025\/08\/tam-kapali-tesettur-mayokadin-tam-kapa-dd4-bd.jpg\",\"width\":600,\"height\":900},{\"@type\":\"BreadcrumbList\",\"@id\":\"https:\/\/burkinistar.com\/?product=kadin-tam-kapali-tesettur-mayo-kiremit-3lu-set#breadcrumb\",\"itemListElement\":[{\"@type\":\"ListItem\",\"position\":1,\"name\":\"Homepage\",\"item\":\"https:\/\/burkinistar.com\/\"},{\"@type\":\"ListItem\",\"position\":2,\"name\":\"All Products\",\"item\":\"https:\/\/burkinistar.com\/?page_id=8\"},{\"@type\":\"ListItem\",\"position\":3,\"name\":\"Kad\u0131n Tam Kapal\u0131 Tesett\u00fcr Mayo Kiremit 3l\u00fc Set\"}]},{\"@type\":\"WebSite\",\"@id\":\"https:\/\/burkinistar.com\/#website\",\"url\":\"https:\/\/burkinistar.com\/\",\"name\":\"BURKINISTAR\",\"description\":\"The Best Modest Swimwear and Bikini Store | Burkinistar\",\"potentialAction\":[{\"@type\":\"SearchAction\",\"target\":{\"@type\":\"EntryPoint\",\"urlTemplate\":\"https:\/\/burkinistar.com\/?s={search_term_string}\"},\"query-input\":{\"@type\":\"PropertyValueSpecification\",\"valueRequired\":true,\"valueName\":\"search_term_string\"}}],\"inLanguage\":\"en-US\"}]}<\/script>\n<!-- \/ Yoast SEO plugin. -->","yoast_head_json":{"title":"Kad\u0131n Tam Kapal\u0131 Tesett\u00fcr Mayo Kiremit 3l\u00fc Set - BURKINISTAR","robots":{"index":"index","follow":"follow","max-snippet":"max-snippet:-1","max-image-preview":"max-image-preview:large","max-video-preview":"max-video-preview:-1"},"canonical":"https:\/\/burkinistar.com\/?product=kadin-tam-kapali-tesettur-mayo-kiremit-3lu-set","og_locale":"en_US","og_type":"article","og_title":"Kad\u0131n Tam Kapal\u0131 Tesett\u00fcr Mayo Kiremit 3l\u00fc Set - BURKINISTAR","og_description":"Kad\u0131n H\u0131zl\u0131 Kuruyabilen Tam Kapal\u0131 Tesett\u00fcr Mayo Tesett\u00fcr mayo tak\u0131m\u0131 e\u015farp, pantolon ve tunikten olu\u015fmaktad\u0131r.&hellip;","og_url":"https:\/\/burkinistar.com\/?product=kadin-tam-kapali-tesettur-mayo-kiremit-3lu-set","og_site_name":"BURKINISTAR","article_modified_time":"2025-08-30T11:29:18+00:00","og_image":[{"width":600,"height":900,"url":"https:\/\/burkinistar.com\/wp-content\/uploads\/2025\/08\/tam-kapali-tesettur-mayokadin-tam-kapa-dd4-bd.jpg","type":"image\/jpeg"}],"twitter_card":"summary_large_image","schema":{"@context":"https:\/\/schema.org","@graph":[{"@type":"WebPage","@id":"https:\/\/burkinistar.com\/?product=kadin-tam-kapali-tesettur-mayo-kiremit-3lu-set","url":"https:\/\/burkinistar.com\/?product=kadin-tam-kapali-tesettur-mayo-kiremit-3lu-set","name":"Kad\u0131n Tam Kapal\u0131 Tesett\u00fcr Mayo Kiremit 3l\u00fc Set - BURKINISTAR","isPartOf":{"@id":"https:\/\/burkinistar.com\/#website"},"primaryImageOfPage":{"@id":"https:\/\/burkinistar.com\/?product=kadin-tam-kapali-tesettur-mayo-kiremit-3lu-set#primaryimage"},"image":{"@id":"https:\/\/burkinistar.com\/?product=kadin-tam-kapali-tesettur-mayo-kiremit-3lu-set#primaryimage"},"thumbnailUrl":"https:\/\/burkinistar.com\/wp-content\/uploads\/2025\/08\/tam-kapali-tesettur-mayokadin-tam-kapa-dd4-bd.jpg","datePublished":"2025-08-30T11:29:05+00:00","dateModified":"2025-08-30T11:29:18+00:00","breadcrumb":{"@id":"https:\/\/burkinistar.com\/?product=kadin-tam-kapali-tesettur-mayo-kiremit-3lu-set#breadcrumb"},"inLanguage":"en-US","potentialAction":[{"@type":"ReadAction","target":["https:\/\/burkinistar.com\/?product=kadin-tam-kapali-tesettur-mayo-kiremit-3lu-set"]}]},{"@type":"ImageObject","inLanguage":"en-US","@id":"https:\/\/burkinistar.com\/?product=kadin-tam-kapali-tesettur-mayo-kiremit-3lu-set#primaryimage","url":"https:\/\/burkinistar.com\/wp-content\/uploads\/2025\/08\/tam-kapali-tesettur-mayokadin-tam-kapa-dd4-bd.jpg","contentUrl":"https:\/\/burkinistar.com\/wp-content\/uploads\/2025\/08\/tam-kapali-tesettur-mayokadin-tam-kapa-dd4-bd.jpg","width":600,"height":900},{"@type":"BreadcrumbList","@id":"https:\/\/burkinistar.com\/?product=kadin-tam-kapali-tesettur-mayo-kiremit-3lu-set#breadcrumb","itemListElement":[{"@type":"ListItem","position":1,"name":"Homepage","item":"https:\/\/burkinistar.com\/"},{"@type":"ListItem","position":2,"name":"All Products","item":"https:\/\/burkinistar.com\/?page_id=8"},{"@type":"ListItem","position":3,"name":"Kad\u0131n Tam Kapal\u0131 Tesett\u00fcr Mayo Kiremit 3l\u00fc Set"}]},{"@type":"WebSite","@id":"https:\/\/burkinistar.com\/#website","url":"https:\/\/burkinistar.com\/","name":"BURKINISTAR","description":"The Best Modest Swimwear and Bikini Store | Burkinistar","potentialAction":[{"@type":"SearchAction","target":{"@type":"EntryPoint","urlTemplate":"https:\/\/burkinistar.com\/?s={search_term_string}"},"query-input":{"@type":"PropertyValueSpecification","valueRequired":true,"valueName":"search_term_string"}}],"inLanguage":"en-US"}]}},"_links":{"self":[{"href":"https:\/\/burkinistar.com\/index.php?rest_route=\/wp\/v2\/product\/51033","targetHints":{"allow":["GET"]}}],"collection":[{"href":"https:\/\/burkinistar.com\/index.php?rest_route=\/wp\/v2\/product"}],"about":[{"href":"https:\/\/burkinistar.com\/index.php?rest_route=\/wp\/v2\/types\/product"}],"replies":[{"embeddable":true,"href":"https:\/\/burkinistar.com\/index.php?rest_route=%2Fwp%2Fv2%2Fcomments&post=51033"}],"version-history":[{"count":1,"href":"https:\/\/burkinistar.com\/index.php?rest_route=\/wp\/v2\/product\/51033\/revisions"}],"predecessor-version":[{"id":51034,"href":"https:\/\/burkinistar.com\/index.php?rest_route=\/wp\/v2\/product\/51033\/revisions\/51034"}],"wp:featuredmedia":[{"embeddable":true,"href":"https:\/\/burkinistar.com\/index.php?rest_route=\/wp\/v2\/media\/51036"}],"wp:attachment":[{"href":"https:\/\/burkinistar.com\/index.php?rest_route=%2Fwp%2Fv2%2Fmedia&parent=51033"}],"wp:term":[{"taxonomy":"product_brand","embeddable":true,"href":"https:\/\/burkinistar.com\/index.php?rest_route=%2Fwp%2Fv2%2Fproduct_brand&post=51033"},{"taxonomy":"product_cat","embeddable":true,"href":"https:\/\/burkinistar.com\/index.php?rest_route=%2Fwp%2Fv2%2Fproduct_cat&post=51033"},{"taxonomy":"product_tag","embeddable":true,"href":"https:\/\/burkinistar.com\/index.php?rest_route=%2Fwp%2Fv2%2Fproduct_tag&post=51033"}],"curies":[{"name":"wp","href":"https:\/\/api.w.org\/{rel}","templated":true}]}}