{"id":51072,"date":"2025-08-30T11:29:19","date_gmt":"2025-08-30T11:29:19","guid":{"rendered":"https:\/\/burkinistar.com\/?product=kadin-tam-kapali-tesettur-mayo-afrikan-desenli-4lu-set"},"modified":"2025-08-30T11:29:33","modified_gmt":"2025-08-30T11:29:33","slug":"kadin-tam-kapali-tesettur-mayo-afrikan-desenli-4lu-set","status":"publish","type":"product","link":"https:\/\/burkinistar.com\/?product=kadin-tam-kapali-tesettur-mayo-afrikan-desenli-4lu-set","title":{"rendered":"Kad\u0131n Tam Kapal\u0131 Tesett\u00fcr Mayo Afrikan Desenli 4l\u00fc Set"},"content":{"rendered":"<p>Starinci Tam Kapal\u0131 Tesett\u00fcr Mayo \u00dcr\u00fcn\u00fcm\u00fcz; E\u015farp, B\u00fcstiyer, Tunik ve Tayt olmak \u00fczere 4 par\u00e7adan olu\u015fmaktad\u0131r. G\u00f6\u011f\u00fcs k\u0131sm\u0131 para\u015f\u00fct kuma\u015f, di\u011fer k\u0131s\u0131mlar likral\u0131 s\u00fcprem kuma\u015ftan \u00fcretilmi\u015ftir. Tunik ve Tayt k\u0131sm\u0131nda, su i\u00e7erisinde a\u00e7\u0131lmas\u0131na engel olmak i\u00e7in ba\u011fc\u0131k vard\u0131r. G\u00f6\u011f\u00fcs alt k\u0131sm\u0131nda ayarlanabilir bel lasti\u011fi mevcuttur. Manken \u00fczerindeki \u00fcr\u00fcn bedeni 38&#8217;dir. 38 Beden \u00d6l\u00e7\u00fcleri; G\u00f6\u011f\u00fcs:104\/Basen:110\/Tunik Boyu:85cm\/Tayt Boyu:90 Havuz ve Termal kullan\u0131m\u0131 i\u00e7in uygundur<\/p>\n","protected":false},"excerpt":{"rendered":"<p>Starinci Tam Kapal\u0131 Tesett\u00fcr Mayo \u00dcr\u00fcn\u00fcm\u00fcz; E\u015farp, B\u00fcstiyer, Tunik ve Tayt olmak \u00fczere 4 par\u00e7adan&hellip;<\/p>\n","protected":false},"featured_media":51075,"comment_status":"closed","ping_status":"open","template":"","meta":[],"product_brand":[2562],"product_cat":[2563,2556],"product_tag":[],"class_list":{"0":"post-51072","1":"product","2":"type-product","3":"status-publish","4":"has-post-thumbnail","6":"product_brand-starinci-mayo","7":"product_cat-tam-kapali-tesettur-mayo","8":"product_cat-tesettur-mayo","9":"pa_color-desenli","10":"pa_size-2587","11":"pa_size-2581","12":"pa_size-2583","13":"pa_size-2584","14":"pa_size-2585","16":"first","17":"instock","18":"shipping-taxable","19":"purchasable","20":"product-type-variable","21":"layout-style-2","22":"col-md-4 col-sm-4 col-xs-6","23":"col-lg-4","24":"product-has-gallery","25":"product-style-slider"},"yoast_head":"<!-- This site is optimized with the Yoast SEO plugin v25.8 - https:\/\/yoast.com\/wordpress\/plugins\/seo\/ -->\n<title>Kad\u0131n Tam Kapal\u0131 Tesett\u00fcr Mayo Afrikan Desenli 4l\u00fc Set - BURKINISTAR<\/title>\n<meta name=\"robots\" content=\"index, follow, max-snippet:-1, max-image-preview:large, max-video-preview:-1\" \/>\n<link rel=\"canonical\" href=\"https:\/\/burkinistar.com\/?product=kadin-tam-kapali-tesettur-mayo-afrikan-desenli-4lu-set\" \/>\n<meta property=\"og:locale\" content=\"en_US\" \/>\n<meta property=\"og:type\" content=\"article\" \/>\n<meta property=\"og:title\" content=\"Kad\u0131n Tam Kapal\u0131 Tesett\u00fcr Mayo Afrikan Desenli 4l\u00fc Set - BURKINISTAR\" \/>\n<meta property=\"og:description\" content=\"Starinci Tam Kapal\u0131 Tesett\u00fcr Mayo \u00dcr\u00fcn\u00fcm\u00fcz; E\u015farp, B\u00fcstiyer, Tunik ve Tayt olmak \u00fczere 4 par\u00e7adan&hellip;\" \/>\n<meta property=\"og:url\" content=\"https:\/\/burkinistar.com\/?product=kadin-tam-kapali-tesettur-mayo-afrikan-desenli-4lu-set\" \/>\n<meta property=\"og:site_name\" content=\"BURKINISTAR\" \/>\n<meta property=\"article:modified_time\" content=\"2025-08-30T11:29:33+00:00\" \/>\n<meta property=\"og:image\" content=\"https:\/\/burkinistar.com\/wp-content\/uploads\/2025\/08\/tam-kapali-tesettur-mayokadin-tam-kapa-585-f1.jpg\" \/>\n\t<meta property=\"og:image:width\" content=\"600\" \/>\n\t<meta property=\"og:image:height\" content=\"900\" \/>\n\t<meta property=\"og:image:type\" content=\"image\/jpeg\" \/>\n<meta name=\"twitter:card\" content=\"summary_large_image\" \/>\n<meta name=\"twitter:label1\" content=\"Est. reading time\" \/>\n\t<meta name=\"twitter:data1\" content=\"1 minute\" \/>\n<script type=\"application\/ld+json\" class=\"yoast-schema-graph\">{\"@context\":\"https:\/\/schema.org\",\"@graph\":[{\"@type\":\"WebPage\",\"@id\":\"https:\/\/burkinistar.com\/?product=kadin-tam-kapali-tesettur-mayo-afrikan-desenli-4lu-set\",\"url\":\"https:\/\/burkinistar.com\/?product=kadin-tam-kapali-tesettur-mayo-afrikan-desenli-4lu-set\",\"name\":\"Kad\u0131n Tam Kapal\u0131 Tesett\u00fcr Mayo Afrikan Desenli 4l\u00fc Set - BURKINISTAR\",\"isPartOf\":{\"@id\":\"https:\/\/burkinistar.com\/#website\"},\"primaryImageOfPage\":{\"@id\":\"https:\/\/burkinistar.com\/?product=kadin-tam-kapali-tesettur-mayo-afrikan-desenli-4lu-set#primaryimage\"},\"image\":{\"@id\":\"https:\/\/burkinistar.com\/?product=kadin-tam-kapali-tesettur-mayo-afrikan-desenli-4lu-set#primaryimage\"},\"thumbnailUrl\":\"https:\/\/burkinistar.com\/wp-content\/uploads\/2025\/08\/tam-kapali-tesettur-mayokadin-tam-kapa-585-f1.jpg\",\"datePublished\":\"2025-08-30T11:29:19+00:00\",\"dateModified\":\"2025-08-30T11:29:33+00:00\",\"breadcrumb\":{\"@id\":\"https:\/\/burkinistar.com\/?product=kadin-tam-kapali-tesettur-mayo-afrikan-desenli-4lu-set#breadcrumb\"},\"inLanguage\":\"en-US\",\"potentialAction\":[{\"@type\":\"ReadAction\",\"target\":[\"https:\/\/burkinistar.com\/?product=kadin-tam-kapali-tesettur-mayo-afrikan-desenli-4lu-set\"]}]},{\"@type\":\"ImageObject\",\"inLanguage\":\"en-US\",\"@id\":\"https:\/\/burkinistar.com\/?product=kadin-tam-kapali-tesettur-mayo-afrikan-desenli-4lu-set#primaryimage\",\"url\":\"https:\/\/burkinistar.com\/wp-content\/uploads\/2025\/08\/tam-kapali-tesettur-mayokadin-tam-kapa-585-f1.jpg\",\"contentUrl\":\"https:\/\/burkinistar.com\/wp-content\/uploads\/2025\/08\/tam-kapali-tesettur-mayokadin-tam-kapa-585-f1.jpg\",\"width\":600,\"height\":900},{\"@type\":\"BreadcrumbList\",\"@id\":\"https:\/\/burkinistar.com\/?product=kadin-tam-kapali-tesettur-mayo-afrikan-desenli-4lu-set#breadcrumb\",\"itemListElement\":[{\"@type\":\"ListItem\",\"position\":1,\"name\":\"Homepage\",\"item\":\"https:\/\/burkinistar.com\/\"},{\"@type\":\"ListItem\",\"position\":2,\"name\":\"All Products\",\"item\":\"https:\/\/burkinistar.com\/?page_id=8\"},{\"@type\":\"ListItem\",\"position\":3,\"name\":\"Kad\u0131n Tam Kapal\u0131 Tesett\u00fcr Mayo Afrikan Desenli 4l\u00fc Set\"}]},{\"@type\":\"WebSite\",\"@id\":\"https:\/\/burkinistar.com\/#website\",\"url\":\"https:\/\/burkinistar.com\/\",\"name\":\"BURKINISTAR\",\"description\":\"The Best Modest Swimwear and Bikini Store | Burkinistar\",\"potentialAction\":[{\"@type\":\"SearchAction\",\"target\":{\"@type\":\"EntryPoint\",\"urlTemplate\":\"https:\/\/burkinistar.com\/?s={search_term_string}\"},\"query-input\":{\"@type\":\"PropertyValueSpecification\",\"valueRequired\":true,\"valueName\":\"search_term_string\"}}],\"inLanguage\":\"en-US\"}]}<\/script>\n<!-- \/ Yoast SEO plugin. -->","yoast_head_json":{"title":"Kad\u0131n Tam Kapal\u0131 Tesett\u00fcr Mayo Afrikan Desenli 4l\u00fc Set - BURKINISTAR","robots":{"index":"index","follow":"follow","max-snippet":"max-snippet:-1","max-image-preview":"max-image-preview:large","max-video-preview":"max-video-preview:-1"},"canonical":"https:\/\/burkinistar.com\/?product=kadin-tam-kapali-tesettur-mayo-afrikan-desenli-4lu-set","og_locale":"en_US","og_type":"article","og_title":"Kad\u0131n Tam Kapal\u0131 Tesett\u00fcr Mayo Afrikan Desenli 4l\u00fc Set - BURKINISTAR","og_description":"Starinci Tam Kapal\u0131 Tesett\u00fcr Mayo \u00dcr\u00fcn\u00fcm\u00fcz; E\u015farp, B\u00fcstiyer, Tunik ve Tayt olmak \u00fczere 4 par\u00e7adan&hellip;","og_url":"https:\/\/burkinistar.com\/?product=kadin-tam-kapali-tesettur-mayo-afrikan-desenli-4lu-set","og_site_name":"BURKINISTAR","article_modified_time":"2025-08-30T11:29:33+00:00","og_image":[{"width":600,"height":900,"url":"https:\/\/burkinistar.com\/wp-content\/uploads\/2025\/08\/tam-kapali-tesettur-mayokadin-tam-kapa-585-f1.jpg","type":"image\/jpeg"}],"twitter_card":"summary_large_image","twitter_misc":{"Est. reading time":"1 minute"},"schema":{"@context":"https:\/\/schema.org","@graph":[{"@type":"WebPage","@id":"https:\/\/burkinistar.com\/?product=kadin-tam-kapali-tesettur-mayo-afrikan-desenli-4lu-set","url":"https:\/\/burkinistar.com\/?product=kadin-tam-kapali-tesettur-mayo-afrikan-desenli-4lu-set","name":"Kad\u0131n Tam Kapal\u0131 Tesett\u00fcr Mayo Afrikan Desenli 4l\u00fc Set - BURKINISTAR","isPartOf":{"@id":"https:\/\/burkinistar.com\/#website"},"primaryImageOfPage":{"@id":"https:\/\/burkinistar.com\/?product=kadin-tam-kapali-tesettur-mayo-afrikan-desenli-4lu-set#primaryimage"},"image":{"@id":"https:\/\/burkinistar.com\/?product=kadin-tam-kapali-tesettur-mayo-afrikan-desenli-4lu-set#primaryimage"},"thumbnailUrl":"https:\/\/burkinistar.com\/wp-content\/uploads\/2025\/08\/tam-kapali-tesettur-mayokadin-tam-kapa-585-f1.jpg","datePublished":"2025-08-30T11:29:19+00:00","dateModified":"2025-08-30T11:29:33+00:00","breadcrumb":{"@id":"https:\/\/burkinistar.com\/?product=kadin-tam-kapali-tesettur-mayo-afrikan-desenli-4lu-set#breadcrumb"},"inLanguage":"en-US","potentialAction":[{"@type":"ReadAction","target":["https:\/\/burkinistar.com\/?product=kadin-tam-kapali-tesettur-mayo-afrikan-desenli-4lu-set"]}]},{"@type":"ImageObject","inLanguage":"en-US","@id":"https:\/\/burkinistar.com\/?product=kadin-tam-kapali-tesettur-mayo-afrikan-desenli-4lu-set#primaryimage","url":"https:\/\/burkinistar.com\/wp-content\/uploads\/2025\/08\/tam-kapali-tesettur-mayokadin-tam-kapa-585-f1.jpg","contentUrl":"https:\/\/burkinistar.com\/wp-content\/uploads\/2025\/08\/tam-kapali-tesettur-mayokadin-tam-kapa-585-f1.jpg","width":600,"height":900},{"@type":"BreadcrumbList","@id":"https:\/\/burkinistar.com\/?product=kadin-tam-kapali-tesettur-mayo-afrikan-desenli-4lu-set#breadcrumb","itemListElement":[{"@type":"ListItem","position":1,"name":"Homepage","item":"https:\/\/burkinistar.com\/"},{"@type":"ListItem","position":2,"name":"All Products","item":"https:\/\/burkinistar.com\/?page_id=8"},{"@type":"ListItem","position":3,"name":"Kad\u0131n Tam Kapal\u0131 Tesett\u00fcr Mayo Afrikan Desenli 4l\u00fc Set"}]},{"@type":"WebSite","@id":"https:\/\/burkinistar.com\/#website","url":"https:\/\/burkinistar.com\/","name":"BURKINISTAR","description":"The Best Modest Swimwear and Bikini Store | Burkinistar","potentialAction":[{"@type":"SearchAction","target":{"@type":"EntryPoint","urlTemplate":"https:\/\/burkinistar.com\/?s={search_term_string}"},"query-input":{"@type":"PropertyValueSpecification","valueRequired":true,"valueName":"search_term_string"}}],"inLanguage":"en-US"}]}},"_links":{"self":[{"href":"https:\/\/burkinistar.com\/index.php?rest_route=\/wp\/v2\/product\/51072","targetHints":{"allow":["GET"]}}],"collection":[{"href":"https:\/\/burkinistar.com\/index.php?rest_route=\/wp\/v2\/product"}],"about":[{"href":"https:\/\/burkinistar.com\/index.php?rest_route=\/wp\/v2\/types\/product"}],"replies":[{"embeddable":true,"href":"https:\/\/burkinistar.com\/index.php?rest_route=%2Fwp%2Fv2%2Fcomments&post=51072"}],"version-history":[{"count":1,"href":"https:\/\/burkinistar.com\/index.php?rest_route=\/wp\/v2\/product\/51072\/revisions"}],"predecessor-version":[{"id":51073,"href":"https:\/\/burkinistar.com\/index.php?rest_route=\/wp\/v2\/product\/51072\/revisions\/51073"}],"wp:featuredmedia":[{"embeddable":true,"href":"https:\/\/burkinistar.com\/index.php?rest_route=\/wp\/v2\/media\/51075"}],"wp:attachment":[{"href":"https:\/\/burkinistar.com\/index.php?rest_route=%2Fwp%2Fv2%2Fmedia&parent=51072"}],"wp:term":[{"taxonomy":"product_brand","embeddable":true,"href":"https:\/\/burkinistar.com\/index.php?rest_route=%2Fwp%2Fv2%2Fproduct_brand&post=51072"},{"taxonomy":"product_cat","embeddable":true,"href":"https:\/\/burkinistar.com\/index.php?rest_route=%2Fwp%2Fv2%2Fproduct_cat&post=51072"},{"taxonomy":"product_tag","embeddable":true,"href":"https:\/\/burkinistar.com\/index.php?rest_route=%2Fwp%2Fv2%2Fproduct_tag&post=51072"}],"curies":[{"name":"wp","href":"https:\/\/api.w.org\/{rel}","templated":true}]}}