{"id":51095,"date":"2025-08-30T11:29:19","date_gmt":"2025-08-30T11:29:19","guid":{"rendered":"https:\/\/burkinistar.com\/?product=tesettur-mayo-dokuma-defne"},"modified":"2025-08-30T11:29:33","modified_gmt":"2025-08-30T11:29:33","slug":"tesettur-mayo-dokuma-defne","status":"publish","type":"product","link":"https:\/\/burkinistar.com\/?product=tesettur-mayo-dokuma-defne","title":{"rendered":"Tesett\u00fcr Mayo Dokuma Defne"},"content":{"rendered":"<p>Tam Kapal\u0131 Mayo Yar\u0131 Dokuma Tunik, pantolon, e\u015farp ve b\u00fcstiyerden olu\u015fmaktad\u0131r. Tuni\u011fin desenli k\u0131sm\u0131 dokuma kuma\u015ftan \u00fcretilmi\u015ftir. Bu sayede \u00e7ok h\u0131zl\u0131 kurur. Tuni\u011fin etek k\u0131sm\u0131, pantolon, e\u015farp ve b\u00fcstiyer likral\u0131 kuma\u015ftan \u00fcretilmi\u015ftir. Pantolonun likral\u0131 olmas\u0131 sayesinde plajda rahat hareket edebilirsiniz. Tuni\u011fin bel k\u0131sm\u0131nda ayarl\u0131 lastik oldu\u011fundan belinize g\u00f6re ayarlayabilirsiniz. Model standart kal\u0131pt\u0131r. Beden se\u00e7iminde g\u00fcnl\u00fck k\u0131yafetlerinizle ayn\u0131 bedeni tercih edebilirsiniz.<\/p>\n","protected":false},"excerpt":{"rendered":"<p>Tam Kapal\u0131 Mayo Yar\u0131 Dokuma Tunik, pantolon, e\u015farp ve b\u00fcstiyerden olu\u015fmaktad\u0131r. Tuni\u011fin desenli k\u0131sm\u0131 dokuma&hellip;<\/p>\n","protected":false},"featured_media":51098,"comment_status":"closed","ping_status":"open","template":"","meta":[],"product_brand":[2562],"product_cat":[2563,2556],"product_tag":[],"class_list":{"0":"post-51095","1":"product","2":"type-product","3":"status-publish","4":"has-post-thumbnail","6":"product_brand-starinci-mayo","7":"product_cat-tam-kapali-tesettur-mayo","8":"product_cat-tesettur-mayo","9":"pa_color-siyah","10":"pa_size-2587","11":"pa_size-2584","12":"pa_size-2585","14":"first","15":"instock","16":"shipping-taxable","17":"purchasable","18":"product-type-variable","19":"layout-style-2","20":"col-md-4 col-sm-4 col-xs-6","21":"col-lg-4","22":"product-has-gallery","23":"product-style-slider"},"yoast_head":"<!-- This site is optimized with the Yoast SEO plugin v25.8 - https:\/\/yoast.com\/wordpress\/plugins\/seo\/ -->\n<title>Tesett\u00fcr Mayo Dokuma Defne - BURKINISTAR<\/title>\n<meta name=\"robots\" content=\"index, follow, max-snippet:-1, max-image-preview:large, max-video-preview:-1\" \/>\n<link rel=\"canonical\" href=\"https:\/\/burkinistar.com\/?product=tesettur-mayo-dokuma-defne\" \/>\n<meta property=\"og:locale\" content=\"en_US\" \/>\n<meta property=\"og:type\" content=\"article\" \/>\n<meta property=\"og:title\" content=\"Tesett\u00fcr Mayo Dokuma Defne - BURKINISTAR\" \/>\n<meta property=\"og:description\" content=\"Tam Kapal\u0131 Mayo Yar\u0131 Dokuma Tunik, pantolon, e\u015farp ve b\u00fcstiyerden olu\u015fmaktad\u0131r. Tuni\u011fin desenli k\u0131sm\u0131 dokuma&hellip;\" \/>\n<meta property=\"og:url\" content=\"https:\/\/burkinistar.com\/?product=tesettur-mayo-dokuma-defne\" \/>\n<meta property=\"og:site_name\" content=\"BURKINISTAR\" \/>\n<meta property=\"article:modified_time\" content=\"2025-08-30T11:29:33+00:00\" \/>\n<meta property=\"og:image\" content=\"https:\/\/burkinistar.com\/wp-content\/uploads\/2025\/08\/tam-kapali-tesettur-mayotesettur-mayo-206-9f.jpg\" \/>\n\t<meta property=\"og:image:width\" content=\"600\" \/>\n\t<meta property=\"og:image:height\" content=\"900\" \/>\n\t<meta property=\"og:image:type\" content=\"image\/jpeg\" \/>\n<meta name=\"twitter:card\" content=\"summary_large_image\" \/>\n<script type=\"application\/ld+json\" class=\"yoast-schema-graph\">{\"@context\":\"https:\/\/schema.org\",\"@graph\":[{\"@type\":\"WebPage\",\"@id\":\"https:\/\/burkinistar.com\/?product=tesettur-mayo-dokuma-defne\",\"url\":\"https:\/\/burkinistar.com\/?product=tesettur-mayo-dokuma-defne\",\"name\":\"Tesett\u00fcr Mayo Dokuma Defne - BURKINISTAR\",\"isPartOf\":{\"@id\":\"https:\/\/burkinistar.com\/#website\"},\"primaryImageOfPage\":{\"@id\":\"https:\/\/burkinistar.com\/?product=tesettur-mayo-dokuma-defne#primaryimage\"},\"image\":{\"@id\":\"https:\/\/burkinistar.com\/?product=tesettur-mayo-dokuma-defne#primaryimage\"},\"thumbnailUrl\":\"https:\/\/burkinistar.com\/wp-content\/uploads\/2025\/08\/tam-kapali-tesettur-mayotesettur-mayo-206-9f.jpg\",\"datePublished\":\"2025-08-30T11:29:19+00:00\",\"dateModified\":\"2025-08-30T11:29:33+00:00\",\"breadcrumb\":{\"@id\":\"https:\/\/burkinistar.com\/?product=tesettur-mayo-dokuma-defne#breadcrumb\"},\"inLanguage\":\"en-US\",\"potentialAction\":[{\"@type\":\"ReadAction\",\"target\":[\"https:\/\/burkinistar.com\/?product=tesettur-mayo-dokuma-defne\"]}]},{\"@type\":\"ImageObject\",\"inLanguage\":\"en-US\",\"@id\":\"https:\/\/burkinistar.com\/?product=tesettur-mayo-dokuma-defne#primaryimage\",\"url\":\"https:\/\/burkinistar.com\/wp-content\/uploads\/2025\/08\/tam-kapali-tesettur-mayotesettur-mayo-206-9f.jpg\",\"contentUrl\":\"https:\/\/burkinistar.com\/wp-content\/uploads\/2025\/08\/tam-kapali-tesettur-mayotesettur-mayo-206-9f.jpg\",\"width\":600,\"height\":900},{\"@type\":\"BreadcrumbList\",\"@id\":\"https:\/\/burkinistar.com\/?product=tesettur-mayo-dokuma-defne#breadcrumb\",\"itemListElement\":[{\"@type\":\"ListItem\",\"position\":1,\"name\":\"Homepage\",\"item\":\"https:\/\/burkinistar.com\/\"},{\"@type\":\"ListItem\",\"position\":2,\"name\":\"All Products\",\"item\":\"https:\/\/burkinistar.com\/?page_id=8\"},{\"@type\":\"ListItem\",\"position\":3,\"name\":\"Tesett\u00fcr Mayo Dokuma Defne\"}]},{\"@type\":\"WebSite\",\"@id\":\"https:\/\/burkinistar.com\/#website\",\"url\":\"https:\/\/burkinistar.com\/\",\"name\":\"BURKINISTAR\",\"description\":\"The Best Modest Swimwear and Bikini Store | Burkinistar\",\"potentialAction\":[{\"@type\":\"SearchAction\",\"target\":{\"@type\":\"EntryPoint\",\"urlTemplate\":\"https:\/\/burkinistar.com\/?s={search_term_string}\"},\"query-input\":{\"@type\":\"PropertyValueSpecification\",\"valueRequired\":true,\"valueName\":\"search_term_string\"}}],\"inLanguage\":\"en-US\"}]}<\/script>\n<!-- \/ Yoast SEO plugin. -->","yoast_head_json":{"title":"Tesett\u00fcr Mayo Dokuma Defne - BURKINISTAR","robots":{"index":"index","follow":"follow","max-snippet":"max-snippet:-1","max-image-preview":"max-image-preview:large","max-video-preview":"max-video-preview:-1"},"canonical":"https:\/\/burkinistar.com\/?product=tesettur-mayo-dokuma-defne","og_locale":"en_US","og_type":"article","og_title":"Tesett\u00fcr Mayo Dokuma Defne - BURKINISTAR","og_description":"Tam Kapal\u0131 Mayo Yar\u0131 Dokuma Tunik, pantolon, e\u015farp ve b\u00fcstiyerden olu\u015fmaktad\u0131r. Tuni\u011fin desenli k\u0131sm\u0131 dokuma&hellip;","og_url":"https:\/\/burkinistar.com\/?product=tesettur-mayo-dokuma-defne","og_site_name":"BURKINISTAR","article_modified_time":"2025-08-30T11:29:33+00:00","og_image":[{"width":600,"height":900,"url":"https:\/\/burkinistar.com\/wp-content\/uploads\/2025\/08\/tam-kapali-tesettur-mayotesettur-mayo-206-9f.jpg","type":"image\/jpeg"}],"twitter_card":"summary_large_image","schema":{"@context":"https:\/\/schema.org","@graph":[{"@type":"WebPage","@id":"https:\/\/burkinistar.com\/?product=tesettur-mayo-dokuma-defne","url":"https:\/\/burkinistar.com\/?product=tesettur-mayo-dokuma-defne","name":"Tesett\u00fcr Mayo Dokuma Defne - BURKINISTAR","isPartOf":{"@id":"https:\/\/burkinistar.com\/#website"},"primaryImageOfPage":{"@id":"https:\/\/burkinistar.com\/?product=tesettur-mayo-dokuma-defne#primaryimage"},"image":{"@id":"https:\/\/burkinistar.com\/?product=tesettur-mayo-dokuma-defne#primaryimage"},"thumbnailUrl":"https:\/\/burkinistar.com\/wp-content\/uploads\/2025\/08\/tam-kapali-tesettur-mayotesettur-mayo-206-9f.jpg","datePublished":"2025-08-30T11:29:19+00:00","dateModified":"2025-08-30T11:29:33+00:00","breadcrumb":{"@id":"https:\/\/burkinistar.com\/?product=tesettur-mayo-dokuma-defne#breadcrumb"},"inLanguage":"en-US","potentialAction":[{"@type":"ReadAction","target":["https:\/\/burkinistar.com\/?product=tesettur-mayo-dokuma-defne"]}]},{"@type":"ImageObject","inLanguage":"en-US","@id":"https:\/\/burkinistar.com\/?product=tesettur-mayo-dokuma-defne#primaryimage","url":"https:\/\/burkinistar.com\/wp-content\/uploads\/2025\/08\/tam-kapali-tesettur-mayotesettur-mayo-206-9f.jpg","contentUrl":"https:\/\/burkinistar.com\/wp-content\/uploads\/2025\/08\/tam-kapali-tesettur-mayotesettur-mayo-206-9f.jpg","width":600,"height":900},{"@type":"BreadcrumbList","@id":"https:\/\/burkinistar.com\/?product=tesettur-mayo-dokuma-defne#breadcrumb","itemListElement":[{"@type":"ListItem","position":1,"name":"Homepage","item":"https:\/\/burkinistar.com\/"},{"@type":"ListItem","position":2,"name":"All Products","item":"https:\/\/burkinistar.com\/?page_id=8"},{"@type":"ListItem","position":3,"name":"Tesett\u00fcr Mayo Dokuma Defne"}]},{"@type":"WebSite","@id":"https:\/\/burkinistar.com\/#website","url":"https:\/\/burkinistar.com\/","name":"BURKINISTAR","description":"The Best Modest Swimwear and Bikini Store | Burkinistar","potentialAction":[{"@type":"SearchAction","target":{"@type":"EntryPoint","urlTemplate":"https:\/\/burkinistar.com\/?s={search_term_string}"},"query-input":{"@type":"PropertyValueSpecification","valueRequired":true,"valueName":"search_term_string"}}],"inLanguage":"en-US"}]}},"_links":{"self":[{"href":"https:\/\/burkinistar.com\/index.php?rest_route=\/wp\/v2\/product\/51095","targetHints":{"allow":["GET"]}}],"collection":[{"href":"https:\/\/burkinistar.com\/index.php?rest_route=\/wp\/v2\/product"}],"about":[{"href":"https:\/\/burkinistar.com\/index.php?rest_route=\/wp\/v2\/types\/product"}],"replies":[{"embeddable":true,"href":"https:\/\/burkinistar.com\/index.php?rest_route=%2Fwp%2Fv2%2Fcomments&post=51095"}],"version-history":[{"count":1,"href":"https:\/\/burkinistar.com\/index.php?rest_route=\/wp\/v2\/product\/51095\/revisions"}],"predecessor-version":[{"id":51096,"href":"https:\/\/burkinistar.com\/index.php?rest_route=\/wp\/v2\/product\/51095\/revisions\/51096"}],"wp:featuredmedia":[{"embeddable":true,"href":"https:\/\/burkinistar.com\/index.php?rest_route=\/wp\/v2\/media\/51098"}],"wp:attachment":[{"href":"https:\/\/burkinistar.com\/index.php?rest_route=%2Fwp%2Fv2%2Fmedia&parent=51095"}],"wp:term":[{"taxonomy":"product_brand","embeddable":true,"href":"https:\/\/burkinistar.com\/index.php?rest_route=%2Fwp%2Fv2%2Fproduct_brand&post=51095"},{"taxonomy":"product_cat","embeddable":true,"href":"https:\/\/burkinistar.com\/index.php?rest_route=%2Fwp%2Fv2%2Fproduct_cat&post=51095"},{"taxonomy":"product_tag","embeddable":true,"href":"https:\/\/burkinistar.com\/index.php?rest_route=%2Fwp%2Fv2%2Fproduct_tag&post=51095"}],"curies":[{"name":"wp","href":"https:\/\/api.w.org\/{rel}","templated":true}]}}