{"id":51104,"date":"2025-08-30T11:29:34","date_gmt":"2025-08-30T11:29:34","guid":{"rendered":"https:\/\/burkinistar.com\/?product=tesettur-mayo-icine-bustiyer"},"modified":"2025-08-30T11:29:48","modified_gmt":"2025-08-30T11:29:48","slug":"tesettur-mayo-icine-bustiyer","status":"publish","type":"product","link":"https:\/\/burkinistar.com\/?product=tesettur-mayo-icine-bustiyer","title":{"rendered":"Tesett\u00fcr Mayo \u0130\u00e7ine B\u00fcstiyer"},"content":{"rendered":"<p>Tesett\u00fcr Mayo \u0130\u00e7ine Giyilen B\u00fcstiyer Tesett\u00fcr mayo i\u00e7ine giyilen b\u00fcstiyer \u00f6zellikle dokuma kuma\u015flarda tercih edilir.<\/p>\n","protected":false},"excerpt":{"rendered":"<p>Tesett\u00fcr Mayo \u0130\u00e7ine Giyilen B\u00fcstiyer Tesett\u00fcr mayo i\u00e7ine giyilen b\u00fcstiyer \u00f6zellikle dokuma kuma\u015flarda tercih edilir.<\/p>\n","protected":false},"featured_media":51107,"comment_status":"closed","ping_status":"open","template":"","meta":[],"product_brand":[2562],"product_cat":[2564,2569],"product_tag":[],"class_list":{"0":"post-51104","1":"product","2":"type-product","3":"status-publish","4":"has-post-thumbnail","6":"product_brand-starinci-mayo","7":"product_cat-plaj","8":"product_cat-ust-grup","9":"pa_color-siyah","10":"pa_size-l","11":"pa_size-m","12":"pa_size-s","13":"pa_size-xl","14":"pa_size-xxl","16":"first","17":"instock","18":"shipping-taxable","19":"purchasable","20":"product-type-variable","21":"layout-style-2","22":"col-md-4 col-sm-4 col-xs-6","23":"col-lg-4","24":"product-has-gallery","25":"product-style-slider"},"yoast_head":"<!-- This site is optimized with the Yoast SEO plugin v25.8 - https:\/\/yoast.com\/wordpress\/plugins\/seo\/ -->\n<title>Tesett\u00fcr Mayo \u0130\u00e7ine B\u00fcstiyer - BURKINISTAR<\/title>\n<meta name=\"robots\" content=\"index, follow, max-snippet:-1, max-image-preview:large, max-video-preview:-1\" \/>\n<link rel=\"canonical\" href=\"https:\/\/burkinistar.com\/?product=tesettur-mayo-icine-bustiyer\" \/>\n<meta property=\"og:locale\" content=\"en_US\" \/>\n<meta property=\"og:type\" content=\"article\" \/>\n<meta property=\"og:title\" content=\"Tesett\u00fcr Mayo \u0130\u00e7ine B\u00fcstiyer - BURKINISTAR\" \/>\n<meta property=\"og:description\" content=\"Tesett\u00fcr Mayo \u0130\u00e7ine Giyilen B\u00fcstiyer Tesett\u00fcr mayo i\u00e7ine giyilen b\u00fcstiyer \u00f6zellikle dokuma kuma\u015flarda tercih edilir.\" \/>\n<meta property=\"og:url\" content=\"https:\/\/burkinistar.com\/?product=tesettur-mayo-icine-bustiyer\" \/>\n<meta property=\"og:site_name\" content=\"BURKINISTAR\" \/>\n<meta property=\"article:modified_time\" content=\"2025-08-30T11:29:48+00:00\" \/>\n<meta property=\"og:image\" content=\"https:\/\/burkinistar.com\/wp-content\/uploads\/2025\/08\/ust-gruptesettur-mayo-icine-bustiyerst-4-4051.jpg\" \/>\n\t<meta property=\"og:image:width\" content=\"600\" \/>\n\t<meta property=\"og:image:height\" content=\"900\" \/>\n\t<meta property=\"og:image:type\" content=\"image\/jpeg\" \/>\n<meta name=\"twitter:card\" content=\"summary_large_image\" \/>\n<script type=\"application\/ld+json\" class=\"yoast-schema-graph\">{\"@context\":\"https:\/\/schema.org\",\"@graph\":[{\"@type\":\"WebPage\",\"@id\":\"https:\/\/burkinistar.com\/?product=tesettur-mayo-icine-bustiyer\",\"url\":\"https:\/\/burkinistar.com\/?product=tesettur-mayo-icine-bustiyer\",\"name\":\"Tesett\u00fcr Mayo \u0130\u00e7ine B\u00fcstiyer - BURKINISTAR\",\"isPartOf\":{\"@id\":\"https:\/\/burkinistar.com\/#website\"},\"primaryImageOfPage\":{\"@id\":\"https:\/\/burkinistar.com\/?product=tesettur-mayo-icine-bustiyer#primaryimage\"},\"image\":{\"@id\":\"https:\/\/burkinistar.com\/?product=tesettur-mayo-icine-bustiyer#primaryimage\"},\"thumbnailUrl\":\"https:\/\/burkinistar.com\/wp-content\/uploads\/2025\/08\/ust-gruptesettur-mayo-icine-bustiyerst-4-4051.jpg\",\"datePublished\":\"2025-08-30T11:29:34+00:00\",\"dateModified\":\"2025-08-30T11:29:48+00:00\",\"breadcrumb\":{\"@id\":\"https:\/\/burkinistar.com\/?product=tesettur-mayo-icine-bustiyer#breadcrumb\"},\"inLanguage\":\"en-US\",\"potentialAction\":[{\"@type\":\"ReadAction\",\"target\":[\"https:\/\/burkinistar.com\/?product=tesettur-mayo-icine-bustiyer\"]}]},{\"@type\":\"ImageObject\",\"inLanguage\":\"en-US\",\"@id\":\"https:\/\/burkinistar.com\/?product=tesettur-mayo-icine-bustiyer#primaryimage\",\"url\":\"https:\/\/burkinistar.com\/wp-content\/uploads\/2025\/08\/ust-gruptesettur-mayo-icine-bustiyerst-4-4051.jpg\",\"contentUrl\":\"https:\/\/burkinistar.com\/wp-content\/uploads\/2025\/08\/ust-gruptesettur-mayo-icine-bustiyerst-4-4051.jpg\",\"width\":600,\"height\":900},{\"@type\":\"BreadcrumbList\",\"@id\":\"https:\/\/burkinistar.com\/?product=tesettur-mayo-icine-bustiyer#breadcrumb\",\"itemListElement\":[{\"@type\":\"ListItem\",\"position\":1,\"name\":\"Homepage\",\"item\":\"https:\/\/burkinistar.com\/\"},{\"@type\":\"ListItem\",\"position\":2,\"name\":\"All Products\",\"item\":\"https:\/\/burkinistar.com\/?page_id=8\"},{\"@type\":\"ListItem\",\"position\":3,\"name\":\"Tesett\u00fcr Mayo \u0130\u00e7ine B\u00fcstiyer\"}]},{\"@type\":\"WebSite\",\"@id\":\"https:\/\/burkinistar.com\/#website\",\"url\":\"https:\/\/burkinistar.com\/\",\"name\":\"BURKINISTAR\",\"description\":\"The Best Modest Swimwear and Bikini Store | Burkinistar\",\"potentialAction\":[{\"@type\":\"SearchAction\",\"target\":{\"@type\":\"EntryPoint\",\"urlTemplate\":\"https:\/\/burkinistar.com\/?s={search_term_string}\"},\"query-input\":{\"@type\":\"PropertyValueSpecification\",\"valueRequired\":true,\"valueName\":\"search_term_string\"}}],\"inLanguage\":\"en-US\"}]}<\/script>\n<!-- \/ Yoast SEO plugin. -->","yoast_head_json":{"title":"Tesett\u00fcr Mayo \u0130\u00e7ine B\u00fcstiyer - BURKINISTAR","robots":{"index":"index","follow":"follow","max-snippet":"max-snippet:-1","max-image-preview":"max-image-preview:large","max-video-preview":"max-video-preview:-1"},"canonical":"https:\/\/burkinistar.com\/?product=tesettur-mayo-icine-bustiyer","og_locale":"en_US","og_type":"article","og_title":"Tesett\u00fcr Mayo \u0130\u00e7ine B\u00fcstiyer - BURKINISTAR","og_description":"Tesett\u00fcr Mayo \u0130\u00e7ine Giyilen B\u00fcstiyer Tesett\u00fcr mayo i\u00e7ine giyilen b\u00fcstiyer \u00f6zellikle dokuma kuma\u015flarda tercih edilir.","og_url":"https:\/\/burkinistar.com\/?product=tesettur-mayo-icine-bustiyer","og_site_name":"BURKINISTAR","article_modified_time":"2025-08-30T11:29:48+00:00","og_image":[{"width":600,"height":900,"url":"https:\/\/burkinistar.com\/wp-content\/uploads\/2025\/08\/ust-gruptesettur-mayo-icine-bustiyerst-4-4051.jpg","type":"image\/jpeg"}],"twitter_card":"summary_large_image","schema":{"@context":"https:\/\/schema.org","@graph":[{"@type":"WebPage","@id":"https:\/\/burkinistar.com\/?product=tesettur-mayo-icine-bustiyer","url":"https:\/\/burkinistar.com\/?product=tesettur-mayo-icine-bustiyer","name":"Tesett\u00fcr Mayo \u0130\u00e7ine B\u00fcstiyer - BURKINISTAR","isPartOf":{"@id":"https:\/\/burkinistar.com\/#website"},"primaryImageOfPage":{"@id":"https:\/\/burkinistar.com\/?product=tesettur-mayo-icine-bustiyer#primaryimage"},"image":{"@id":"https:\/\/burkinistar.com\/?product=tesettur-mayo-icine-bustiyer#primaryimage"},"thumbnailUrl":"https:\/\/burkinistar.com\/wp-content\/uploads\/2025\/08\/ust-gruptesettur-mayo-icine-bustiyerst-4-4051.jpg","datePublished":"2025-08-30T11:29:34+00:00","dateModified":"2025-08-30T11:29:48+00:00","breadcrumb":{"@id":"https:\/\/burkinistar.com\/?product=tesettur-mayo-icine-bustiyer#breadcrumb"},"inLanguage":"en-US","potentialAction":[{"@type":"ReadAction","target":["https:\/\/burkinistar.com\/?product=tesettur-mayo-icine-bustiyer"]}]},{"@type":"ImageObject","inLanguage":"en-US","@id":"https:\/\/burkinistar.com\/?product=tesettur-mayo-icine-bustiyer#primaryimage","url":"https:\/\/burkinistar.com\/wp-content\/uploads\/2025\/08\/ust-gruptesettur-mayo-icine-bustiyerst-4-4051.jpg","contentUrl":"https:\/\/burkinistar.com\/wp-content\/uploads\/2025\/08\/ust-gruptesettur-mayo-icine-bustiyerst-4-4051.jpg","width":600,"height":900},{"@type":"BreadcrumbList","@id":"https:\/\/burkinistar.com\/?product=tesettur-mayo-icine-bustiyer#breadcrumb","itemListElement":[{"@type":"ListItem","position":1,"name":"Homepage","item":"https:\/\/burkinistar.com\/"},{"@type":"ListItem","position":2,"name":"All Products","item":"https:\/\/burkinistar.com\/?page_id=8"},{"@type":"ListItem","position":3,"name":"Tesett\u00fcr Mayo \u0130\u00e7ine B\u00fcstiyer"}]},{"@type":"WebSite","@id":"https:\/\/burkinistar.com\/#website","url":"https:\/\/burkinistar.com\/","name":"BURKINISTAR","description":"The Best Modest Swimwear and Bikini Store | Burkinistar","potentialAction":[{"@type":"SearchAction","target":{"@type":"EntryPoint","urlTemplate":"https:\/\/burkinistar.com\/?s={search_term_string}"},"query-input":{"@type":"PropertyValueSpecification","valueRequired":true,"valueName":"search_term_string"}}],"inLanguage":"en-US"}]}},"_links":{"self":[{"href":"https:\/\/burkinistar.com\/index.php?rest_route=\/wp\/v2\/product\/51104","targetHints":{"allow":["GET"]}}],"collection":[{"href":"https:\/\/burkinistar.com\/index.php?rest_route=\/wp\/v2\/product"}],"about":[{"href":"https:\/\/burkinistar.com\/index.php?rest_route=\/wp\/v2\/types\/product"}],"replies":[{"embeddable":true,"href":"https:\/\/burkinistar.com\/index.php?rest_route=%2Fwp%2Fv2%2Fcomments&post=51104"}],"version-history":[{"count":1,"href":"https:\/\/burkinistar.com\/index.php?rest_route=\/wp\/v2\/product\/51104\/revisions"}],"predecessor-version":[{"id":51105,"href":"https:\/\/burkinistar.com\/index.php?rest_route=\/wp\/v2\/product\/51104\/revisions\/51105"}],"wp:featuredmedia":[{"embeddable":true,"href":"https:\/\/burkinistar.com\/index.php?rest_route=\/wp\/v2\/media\/51107"}],"wp:attachment":[{"href":"https:\/\/burkinistar.com\/index.php?rest_route=%2Fwp%2Fv2%2Fmedia&parent=51104"}],"wp:term":[{"taxonomy":"product_brand","embeddable":true,"href":"https:\/\/burkinistar.com\/index.php?rest_route=%2Fwp%2Fv2%2Fproduct_brand&post=51104"},{"taxonomy":"product_cat","embeddable":true,"href":"https:\/\/burkinistar.com\/index.php?rest_route=%2Fwp%2Fv2%2Fproduct_cat&post=51104"},{"taxonomy":"product_tag","embeddable":true,"href":"https:\/\/burkinistar.com\/index.php?rest_route=%2Fwp%2Fv2%2Fproduct_tag&post=51104"}],"curies":[{"name":"wp","href":"https:\/\/api.w.org\/{rel}","templated":true}]}}