{"id":51132,"date":"2025-08-30T11:29:34","date_gmt":"2025-08-30T11:29:34","guid":{"rendered":"https:\/\/burkinistar.com\/?product=bikini-takimi-buzgulu-nar-cicegi"},"modified":"2025-08-30T11:29:49","modified_gmt":"2025-08-30T11:29:49","slug":"bikini-takimi-buzgulu-nar-cicegi","status":"publish","type":"product","link":"https:\/\/burkinistar.com\/?product=bikini-takimi-buzgulu-nar-cicegi","title":{"rendered":"Bikini Tak\u0131m\u0131 B\u00fczg\u00fcl\u00fc Nar \u00c7i\u00e7e\u011fi"},"content":{"rendered":"<p>Starinci Toparlay\u0131c\u0131 Bikini Tak\u0131m\u0131<\/p>\n<p>Bikini tak\u0131m\u0131 iki par\u00e7adan olu\u015fmaktad\u0131r.<\/p>\n<p>H\u0131zl\u0131 kuruma \u00f6zelli\u011fi olan polyamit kuma\u015ftan \u00fcretilmi\u015ftir.<\/p>\n<p>G\u00f6\u011f\u00fcs pedi vard\u0131r.&nbsp;<\/p>\n","protected":false},"excerpt":{"rendered":"<p>Starinci Toparlay\u0131c\u0131 Bikini Tak\u0131m\u0131 Bikini tak\u0131m\u0131 iki par\u00e7adan olu\u015fmaktad\u0131r. H\u0131zl\u0131 kuruma \u00f6zelli\u011fi olan polyamit kuma\u015ftan&hellip;<\/p>\n","protected":false},"featured_media":51135,"comment_status":"closed","ping_status":"open","template":"","meta":[],"product_brand":[2562],"product_cat":[2503],"product_tag":[],"class_list":{"0":"post-51132","1":"product","2":"type-product","3":"status-publish","4":"has-post-thumbnail","6":"product_brand-starinci-mayo","7":"product_cat-bikini","8":"pa_color-nar-cicegi","9":"pa_size-2584","10":"pa_size-2585","11":"pa_size-2588","13":"first","14":"instock","15":"shipping-taxable","16":"purchasable","17":"product-type-variable","18":"layout-style-2","19":"col-md-4 col-sm-4 col-xs-6","20":"col-lg-4","21":"product-has-gallery","22":"product-style-slider"},"yoast_head":"<!-- This site is optimized with the Yoast SEO plugin v25.8 - https:\/\/yoast.com\/wordpress\/plugins\/seo\/ -->\n<title>Bikini Tak\u0131m\u0131 B\u00fczg\u00fcl\u00fc Nar \u00c7i\u00e7e\u011fi - BURKINISTAR<\/title>\n<meta name=\"robots\" content=\"index, follow, max-snippet:-1, max-image-preview:large, max-video-preview:-1\" \/>\n<link rel=\"canonical\" href=\"https:\/\/burkinistar.com\/?product=bikini-takimi-buzgulu-nar-cicegi\" \/>\n<meta property=\"og:locale\" content=\"en_US\" \/>\n<meta property=\"og:type\" content=\"article\" \/>\n<meta property=\"og:title\" content=\"Bikini Tak\u0131m\u0131 B\u00fczg\u00fcl\u00fc Nar \u00c7i\u00e7e\u011fi - BURKINISTAR\" \/>\n<meta property=\"og:description\" content=\"Starinci Toparlay\u0131c\u0131 Bikini Tak\u0131m\u0131 Bikini tak\u0131m\u0131 iki par\u00e7adan olu\u015fmaktad\u0131r. H\u0131zl\u0131 kuruma \u00f6zelli\u011fi olan polyamit kuma\u015ftan&hellip;\" \/>\n<meta property=\"og:url\" content=\"https:\/\/burkinistar.com\/?product=bikini-takimi-buzgulu-nar-cicegi\" \/>\n<meta property=\"og:site_name\" content=\"BURKINISTAR\" \/>\n<meta property=\"article:modified_time\" content=\"2025-08-30T11:29:49+00:00\" \/>\n<meta property=\"og:image\" content=\"https:\/\/burkinistar.com\/wp-content\/uploads\/2025\/08\/bikinibikini-takimi-buzgulu-nar-cicegi-b6-474.jpg\" \/>\n\t<meta property=\"og:image:width\" content=\"600\" \/>\n\t<meta property=\"og:image:height\" content=\"900\" \/>\n\t<meta property=\"og:image:type\" content=\"image\/jpeg\" \/>\n<meta name=\"twitter:card\" content=\"summary_large_image\" \/>\n<script type=\"application\/ld+json\" class=\"yoast-schema-graph\">{\"@context\":\"https:\/\/schema.org\",\"@graph\":[{\"@type\":\"WebPage\",\"@id\":\"https:\/\/burkinistar.com\/?product=bikini-takimi-buzgulu-nar-cicegi\",\"url\":\"https:\/\/burkinistar.com\/?product=bikini-takimi-buzgulu-nar-cicegi\",\"name\":\"Bikini Tak\u0131m\u0131 B\u00fczg\u00fcl\u00fc Nar \u00c7i\u00e7e\u011fi - BURKINISTAR\",\"isPartOf\":{\"@id\":\"https:\/\/burkinistar.com\/#website\"},\"primaryImageOfPage\":{\"@id\":\"https:\/\/burkinistar.com\/?product=bikini-takimi-buzgulu-nar-cicegi#primaryimage\"},\"image\":{\"@id\":\"https:\/\/burkinistar.com\/?product=bikini-takimi-buzgulu-nar-cicegi#primaryimage\"},\"thumbnailUrl\":\"https:\/\/burkinistar.com\/wp-content\/uploads\/2025\/08\/bikinibikini-takimi-buzgulu-nar-cicegi-b6-474.jpg\",\"datePublished\":\"2025-08-30T11:29:34+00:00\",\"dateModified\":\"2025-08-30T11:29:49+00:00\",\"breadcrumb\":{\"@id\":\"https:\/\/burkinistar.com\/?product=bikini-takimi-buzgulu-nar-cicegi#breadcrumb\"},\"inLanguage\":\"en-US\",\"potentialAction\":[{\"@type\":\"ReadAction\",\"target\":[\"https:\/\/burkinistar.com\/?product=bikini-takimi-buzgulu-nar-cicegi\"]}]},{\"@type\":\"ImageObject\",\"inLanguage\":\"en-US\",\"@id\":\"https:\/\/burkinistar.com\/?product=bikini-takimi-buzgulu-nar-cicegi#primaryimage\",\"url\":\"https:\/\/burkinistar.com\/wp-content\/uploads\/2025\/08\/bikinibikini-takimi-buzgulu-nar-cicegi-b6-474.jpg\",\"contentUrl\":\"https:\/\/burkinistar.com\/wp-content\/uploads\/2025\/08\/bikinibikini-takimi-buzgulu-nar-cicegi-b6-474.jpg\",\"width\":600,\"height\":900},{\"@type\":\"BreadcrumbList\",\"@id\":\"https:\/\/burkinistar.com\/?product=bikini-takimi-buzgulu-nar-cicegi#breadcrumb\",\"itemListElement\":[{\"@type\":\"ListItem\",\"position\":1,\"name\":\"Homepage\",\"item\":\"https:\/\/burkinistar.com\/\"},{\"@type\":\"ListItem\",\"position\":2,\"name\":\"All Products\",\"item\":\"https:\/\/burkinistar.com\/?page_id=8\"},{\"@type\":\"ListItem\",\"position\":3,\"name\":\"Bikini Tak\u0131m\u0131 B\u00fczg\u00fcl\u00fc Nar \u00c7i\u00e7e\u011fi\"}]},{\"@type\":\"WebSite\",\"@id\":\"https:\/\/burkinistar.com\/#website\",\"url\":\"https:\/\/burkinistar.com\/\",\"name\":\"BURKINISTAR\",\"description\":\"The Best Modest Swimwear and Bikini Store | Burkinistar\",\"potentialAction\":[{\"@type\":\"SearchAction\",\"target\":{\"@type\":\"EntryPoint\",\"urlTemplate\":\"https:\/\/burkinistar.com\/?s={search_term_string}\"},\"query-input\":{\"@type\":\"PropertyValueSpecification\",\"valueRequired\":true,\"valueName\":\"search_term_string\"}}],\"inLanguage\":\"en-US\"}]}<\/script>\n<!-- \/ Yoast SEO plugin. -->","yoast_head_json":{"title":"Bikini Tak\u0131m\u0131 B\u00fczg\u00fcl\u00fc Nar \u00c7i\u00e7e\u011fi - BURKINISTAR","robots":{"index":"index","follow":"follow","max-snippet":"max-snippet:-1","max-image-preview":"max-image-preview:large","max-video-preview":"max-video-preview:-1"},"canonical":"https:\/\/burkinistar.com\/?product=bikini-takimi-buzgulu-nar-cicegi","og_locale":"en_US","og_type":"article","og_title":"Bikini Tak\u0131m\u0131 B\u00fczg\u00fcl\u00fc Nar \u00c7i\u00e7e\u011fi - BURKINISTAR","og_description":"Starinci Toparlay\u0131c\u0131 Bikini Tak\u0131m\u0131 Bikini tak\u0131m\u0131 iki par\u00e7adan olu\u015fmaktad\u0131r. H\u0131zl\u0131 kuruma \u00f6zelli\u011fi olan polyamit kuma\u015ftan&hellip;","og_url":"https:\/\/burkinistar.com\/?product=bikini-takimi-buzgulu-nar-cicegi","og_site_name":"BURKINISTAR","article_modified_time":"2025-08-30T11:29:49+00:00","og_image":[{"width":600,"height":900,"url":"https:\/\/burkinistar.com\/wp-content\/uploads\/2025\/08\/bikinibikini-takimi-buzgulu-nar-cicegi-b6-474.jpg","type":"image\/jpeg"}],"twitter_card":"summary_large_image","schema":{"@context":"https:\/\/schema.org","@graph":[{"@type":"WebPage","@id":"https:\/\/burkinistar.com\/?product=bikini-takimi-buzgulu-nar-cicegi","url":"https:\/\/burkinistar.com\/?product=bikini-takimi-buzgulu-nar-cicegi","name":"Bikini Tak\u0131m\u0131 B\u00fczg\u00fcl\u00fc Nar \u00c7i\u00e7e\u011fi - BURKINISTAR","isPartOf":{"@id":"https:\/\/burkinistar.com\/#website"},"primaryImageOfPage":{"@id":"https:\/\/burkinistar.com\/?product=bikini-takimi-buzgulu-nar-cicegi#primaryimage"},"image":{"@id":"https:\/\/burkinistar.com\/?product=bikini-takimi-buzgulu-nar-cicegi#primaryimage"},"thumbnailUrl":"https:\/\/burkinistar.com\/wp-content\/uploads\/2025\/08\/bikinibikini-takimi-buzgulu-nar-cicegi-b6-474.jpg","datePublished":"2025-08-30T11:29:34+00:00","dateModified":"2025-08-30T11:29:49+00:00","breadcrumb":{"@id":"https:\/\/burkinistar.com\/?product=bikini-takimi-buzgulu-nar-cicegi#breadcrumb"},"inLanguage":"en-US","potentialAction":[{"@type":"ReadAction","target":["https:\/\/burkinistar.com\/?product=bikini-takimi-buzgulu-nar-cicegi"]}]},{"@type":"ImageObject","inLanguage":"en-US","@id":"https:\/\/burkinistar.com\/?product=bikini-takimi-buzgulu-nar-cicegi#primaryimage","url":"https:\/\/burkinistar.com\/wp-content\/uploads\/2025\/08\/bikinibikini-takimi-buzgulu-nar-cicegi-b6-474.jpg","contentUrl":"https:\/\/burkinistar.com\/wp-content\/uploads\/2025\/08\/bikinibikini-takimi-buzgulu-nar-cicegi-b6-474.jpg","width":600,"height":900},{"@type":"BreadcrumbList","@id":"https:\/\/burkinistar.com\/?product=bikini-takimi-buzgulu-nar-cicegi#breadcrumb","itemListElement":[{"@type":"ListItem","position":1,"name":"Homepage","item":"https:\/\/burkinistar.com\/"},{"@type":"ListItem","position":2,"name":"All Products","item":"https:\/\/burkinistar.com\/?page_id=8"},{"@type":"ListItem","position":3,"name":"Bikini Tak\u0131m\u0131 B\u00fczg\u00fcl\u00fc Nar \u00c7i\u00e7e\u011fi"}]},{"@type":"WebSite","@id":"https:\/\/burkinistar.com\/#website","url":"https:\/\/burkinistar.com\/","name":"BURKINISTAR","description":"The Best Modest Swimwear and Bikini Store | Burkinistar","potentialAction":[{"@type":"SearchAction","target":{"@type":"EntryPoint","urlTemplate":"https:\/\/burkinistar.com\/?s={search_term_string}"},"query-input":{"@type":"PropertyValueSpecification","valueRequired":true,"valueName":"search_term_string"}}],"inLanguage":"en-US"}]}},"_links":{"self":[{"href":"https:\/\/burkinistar.com\/index.php?rest_route=\/wp\/v2\/product\/51132","targetHints":{"allow":["GET"]}}],"collection":[{"href":"https:\/\/burkinistar.com\/index.php?rest_route=\/wp\/v2\/product"}],"about":[{"href":"https:\/\/burkinistar.com\/index.php?rest_route=\/wp\/v2\/types\/product"}],"replies":[{"embeddable":true,"href":"https:\/\/burkinistar.com\/index.php?rest_route=%2Fwp%2Fv2%2Fcomments&post=51132"}],"version-history":[{"count":1,"href":"https:\/\/burkinistar.com\/index.php?rest_route=\/wp\/v2\/product\/51132\/revisions"}],"predecessor-version":[{"id":51133,"href":"https:\/\/burkinistar.com\/index.php?rest_route=\/wp\/v2\/product\/51132\/revisions\/51133"}],"wp:featuredmedia":[{"embeddable":true,"href":"https:\/\/burkinistar.com\/index.php?rest_route=\/wp\/v2\/media\/51135"}],"wp:attachment":[{"href":"https:\/\/burkinistar.com\/index.php?rest_route=%2Fwp%2Fv2%2Fmedia&parent=51132"}],"wp:term":[{"taxonomy":"product_brand","embeddable":true,"href":"https:\/\/burkinistar.com\/index.php?rest_route=%2Fwp%2Fv2%2Fproduct_brand&post=51132"},{"taxonomy":"product_cat","embeddable":true,"href":"https:\/\/burkinistar.com\/index.php?rest_route=%2Fwp%2Fv2%2Fproduct_cat&post=51132"},{"taxonomy":"product_tag","embeddable":true,"href":"https:\/\/burkinistar.com\/index.php?rest_route=%2Fwp%2Fv2%2Fproduct_tag&post=51132"}],"curies":[{"name":"wp","href":"https:\/\/api.w.org\/{rel}","templated":true}]}}