{"id":51162,"date":"2025-08-30T11:29:49","date_gmt":"2025-08-30T11:29:49","guid":{"rendered":"https:\/\/burkinistar.com\/?product=sortlu-bikini-takimi-toparlayici-lacivert-cicek-desenli"},"modified":"2025-08-30T11:30:06","modified_gmt":"2025-08-30T11:30:06","slug":"sortlu-bikini-takimi-toparlayici-lacivert-cicek-desenli","status":"publish","type":"product","link":"https:\/\/burkinistar.com\/?product=sortlu-bikini-takimi-toparlayici-lacivert-cicek-desenli","title":{"rendered":"\u015eortlu Bikini Tak\u0131m\u0131 Toparlay\u0131c\u0131 Lacivert \u00c7i\u00e7ek Desenli"},"content":{"rendered":"<p>Bikini Tak\u0131m\u0131 2 par\u00e7adan olu\u015fmaktad\u0131r. \u015eortun a\u011f k\u0131sm\u0131 tulum \u015feklinde dikildi\u011finden rahats\u0131zl\u0131k hissi vermez. Bacak k\u0131sm\u0131nda i\u00e7i lastikli biye vard\u0131r. S\u00fctyenin kenarlar\u0131nda lastikli diki\u015f vard\u0131r. G\u00f6\u011f\u00fcs pedi \u00fcr\u00fcne sabittir. S\u00fctyenin kop\u00e7as\u0131 plastik oldu\u011fundan suda paslanma yapmaz. Desenler suda akma veya a\u011fartma yapmaz.Manken \u00fczerindeki beden 36&#8217;d\u0131r. Manken \u00f6l\u00e7\u00fcleri 85\/62\/92&#8217;dir.<\/p>\n","protected":false},"excerpt":{"rendered":"<p>Bikini Tak\u0131m\u0131 2 par\u00e7adan olu\u015fmaktad\u0131r. \u015eortun a\u011f k\u0131sm\u0131 tulum \u015feklinde dikildi\u011finden rahats\u0131zl\u0131k hissi vermez. Bacak&hellip;<\/p>\n","protected":false},"featured_media":51165,"comment_status":"closed","ping_status":"open","template":"","meta":[],"product_brand":[2562],"product_cat":[2503],"product_tag":[],"class_list":{"0":"post-51162","1":"product","2":"type-product","3":"status-publish","4":"has-post-thumbnail","6":"product_brand-starinci-mayo","7":"product_cat-bikini","8":"pa_color-lacivert","9":"pa_size-2584","10":"pa_size-2588","12":"first","13":"instock","14":"shipping-taxable","15":"purchasable","16":"product-type-variable","17":"layout-style-2","18":"col-md-4 col-sm-4 col-xs-6","19":"col-lg-4","20":"product-has-gallery","21":"product-style-slider"},"yoast_head":"<!-- This site is optimized with the Yoast SEO plugin v25.8 - https:\/\/yoast.com\/wordpress\/plugins\/seo\/ -->\n<title>\u015eortlu Bikini Tak\u0131m\u0131 Toparlay\u0131c\u0131 Lacivert \u00c7i\u00e7ek Desenli - BURKINISTAR<\/title>\n<meta name=\"robots\" content=\"index, follow, max-snippet:-1, max-image-preview:large, max-video-preview:-1\" \/>\n<link rel=\"canonical\" href=\"https:\/\/burkinistar.com\/?product=sortlu-bikini-takimi-toparlayici-lacivert-cicek-desenli\" \/>\n<meta property=\"og:locale\" content=\"en_US\" \/>\n<meta property=\"og:type\" content=\"article\" \/>\n<meta property=\"og:title\" content=\"\u015eortlu Bikini Tak\u0131m\u0131 Toparlay\u0131c\u0131 Lacivert \u00c7i\u00e7ek Desenli - BURKINISTAR\" \/>\n<meta property=\"og:description\" content=\"Bikini Tak\u0131m\u0131 2 par\u00e7adan olu\u015fmaktad\u0131r. \u015eortun a\u011f k\u0131sm\u0131 tulum \u015feklinde dikildi\u011finden rahats\u0131zl\u0131k hissi vermez. Bacak&hellip;\" \/>\n<meta property=\"og:url\" content=\"https:\/\/burkinistar.com\/?product=sortlu-bikini-takimi-toparlayici-lacivert-cicek-desenli\" \/>\n<meta property=\"og:site_name\" content=\"BURKINISTAR\" \/>\n<meta property=\"article:modified_time\" content=\"2025-08-30T11:30:06+00:00\" \/>\n<meta property=\"og:image\" content=\"https:\/\/burkinistar.com\/wp-content\/uploads\/2025\/08\/bikinisortlu-bikini-takimi-toparlayici-4cc6-8.jpg\" \/>\n\t<meta property=\"og:image:width\" content=\"600\" \/>\n\t<meta property=\"og:image:height\" content=\"900\" \/>\n\t<meta property=\"og:image:type\" content=\"image\/jpeg\" \/>\n<meta name=\"twitter:card\" content=\"summary_large_image\" \/>\n<script type=\"application\/ld+json\" class=\"yoast-schema-graph\">{\"@context\":\"https:\/\/schema.org\",\"@graph\":[{\"@type\":\"WebPage\",\"@id\":\"https:\/\/burkinistar.com\/?product=sortlu-bikini-takimi-toparlayici-lacivert-cicek-desenli\",\"url\":\"https:\/\/burkinistar.com\/?product=sortlu-bikini-takimi-toparlayici-lacivert-cicek-desenli\",\"name\":\"\u015eortlu Bikini Tak\u0131m\u0131 Toparlay\u0131c\u0131 Lacivert \u00c7i\u00e7ek Desenli - BURKINISTAR\",\"isPartOf\":{\"@id\":\"https:\/\/burkinistar.com\/#website\"},\"primaryImageOfPage\":{\"@id\":\"https:\/\/burkinistar.com\/?product=sortlu-bikini-takimi-toparlayici-lacivert-cicek-desenli#primaryimage\"},\"image\":{\"@id\":\"https:\/\/burkinistar.com\/?product=sortlu-bikini-takimi-toparlayici-lacivert-cicek-desenli#primaryimage\"},\"thumbnailUrl\":\"https:\/\/burkinistar.com\/wp-content\/uploads\/2025\/08\/bikinisortlu-bikini-takimi-toparlayici-4cc6-8.jpg\",\"datePublished\":\"2025-08-30T11:29:49+00:00\",\"dateModified\":\"2025-08-30T11:30:06+00:00\",\"breadcrumb\":{\"@id\":\"https:\/\/burkinistar.com\/?product=sortlu-bikini-takimi-toparlayici-lacivert-cicek-desenli#breadcrumb\"},\"inLanguage\":\"en-US\",\"potentialAction\":[{\"@type\":\"ReadAction\",\"target\":[\"https:\/\/burkinistar.com\/?product=sortlu-bikini-takimi-toparlayici-lacivert-cicek-desenli\"]}]},{\"@type\":\"ImageObject\",\"inLanguage\":\"en-US\",\"@id\":\"https:\/\/burkinistar.com\/?product=sortlu-bikini-takimi-toparlayici-lacivert-cicek-desenli#primaryimage\",\"url\":\"https:\/\/burkinistar.com\/wp-content\/uploads\/2025\/08\/bikinisortlu-bikini-takimi-toparlayici-4cc6-8.jpg\",\"contentUrl\":\"https:\/\/burkinistar.com\/wp-content\/uploads\/2025\/08\/bikinisortlu-bikini-takimi-toparlayici-4cc6-8.jpg\",\"width\":600,\"height\":900},{\"@type\":\"BreadcrumbList\",\"@id\":\"https:\/\/burkinistar.com\/?product=sortlu-bikini-takimi-toparlayici-lacivert-cicek-desenli#breadcrumb\",\"itemListElement\":[{\"@type\":\"ListItem\",\"position\":1,\"name\":\"Homepage\",\"item\":\"https:\/\/burkinistar.com\/\"},{\"@type\":\"ListItem\",\"position\":2,\"name\":\"All Products\",\"item\":\"https:\/\/burkinistar.com\/?page_id=8\"},{\"@type\":\"ListItem\",\"position\":3,\"name\":\"\u015eortlu Bikini Tak\u0131m\u0131 Toparlay\u0131c\u0131 Lacivert \u00c7i\u00e7ek Desenli\"}]},{\"@type\":\"WebSite\",\"@id\":\"https:\/\/burkinistar.com\/#website\",\"url\":\"https:\/\/burkinistar.com\/\",\"name\":\"BURKINISTAR\",\"description\":\"The Best Modest Swimwear and Bikini Store | Burkinistar\",\"potentialAction\":[{\"@type\":\"SearchAction\",\"target\":{\"@type\":\"EntryPoint\",\"urlTemplate\":\"https:\/\/burkinistar.com\/?s={search_term_string}\"},\"query-input\":{\"@type\":\"PropertyValueSpecification\",\"valueRequired\":true,\"valueName\":\"search_term_string\"}}],\"inLanguage\":\"en-US\"}]}<\/script>\n<!-- \/ Yoast SEO plugin. -->","yoast_head_json":{"title":"\u015eortlu Bikini Tak\u0131m\u0131 Toparlay\u0131c\u0131 Lacivert \u00c7i\u00e7ek Desenli - BURKINISTAR","robots":{"index":"index","follow":"follow","max-snippet":"max-snippet:-1","max-image-preview":"max-image-preview:large","max-video-preview":"max-video-preview:-1"},"canonical":"https:\/\/burkinistar.com\/?product=sortlu-bikini-takimi-toparlayici-lacivert-cicek-desenli","og_locale":"en_US","og_type":"article","og_title":"\u015eortlu Bikini Tak\u0131m\u0131 Toparlay\u0131c\u0131 Lacivert \u00c7i\u00e7ek Desenli - BURKINISTAR","og_description":"Bikini Tak\u0131m\u0131 2 par\u00e7adan olu\u015fmaktad\u0131r. \u015eortun a\u011f k\u0131sm\u0131 tulum \u015feklinde dikildi\u011finden rahats\u0131zl\u0131k hissi vermez. Bacak&hellip;","og_url":"https:\/\/burkinistar.com\/?product=sortlu-bikini-takimi-toparlayici-lacivert-cicek-desenli","og_site_name":"BURKINISTAR","article_modified_time":"2025-08-30T11:30:06+00:00","og_image":[{"width":600,"height":900,"url":"https:\/\/burkinistar.com\/wp-content\/uploads\/2025\/08\/bikinisortlu-bikini-takimi-toparlayici-4cc6-8.jpg","type":"image\/jpeg"}],"twitter_card":"summary_large_image","schema":{"@context":"https:\/\/schema.org","@graph":[{"@type":"WebPage","@id":"https:\/\/burkinistar.com\/?product=sortlu-bikini-takimi-toparlayici-lacivert-cicek-desenli","url":"https:\/\/burkinistar.com\/?product=sortlu-bikini-takimi-toparlayici-lacivert-cicek-desenli","name":"\u015eortlu Bikini Tak\u0131m\u0131 Toparlay\u0131c\u0131 Lacivert \u00c7i\u00e7ek Desenli - BURKINISTAR","isPartOf":{"@id":"https:\/\/burkinistar.com\/#website"},"primaryImageOfPage":{"@id":"https:\/\/burkinistar.com\/?product=sortlu-bikini-takimi-toparlayici-lacivert-cicek-desenli#primaryimage"},"image":{"@id":"https:\/\/burkinistar.com\/?product=sortlu-bikini-takimi-toparlayici-lacivert-cicek-desenli#primaryimage"},"thumbnailUrl":"https:\/\/burkinistar.com\/wp-content\/uploads\/2025\/08\/bikinisortlu-bikini-takimi-toparlayici-4cc6-8.jpg","datePublished":"2025-08-30T11:29:49+00:00","dateModified":"2025-08-30T11:30:06+00:00","breadcrumb":{"@id":"https:\/\/burkinistar.com\/?product=sortlu-bikini-takimi-toparlayici-lacivert-cicek-desenli#breadcrumb"},"inLanguage":"en-US","potentialAction":[{"@type":"ReadAction","target":["https:\/\/burkinistar.com\/?product=sortlu-bikini-takimi-toparlayici-lacivert-cicek-desenli"]}]},{"@type":"ImageObject","inLanguage":"en-US","@id":"https:\/\/burkinistar.com\/?product=sortlu-bikini-takimi-toparlayici-lacivert-cicek-desenli#primaryimage","url":"https:\/\/burkinistar.com\/wp-content\/uploads\/2025\/08\/bikinisortlu-bikini-takimi-toparlayici-4cc6-8.jpg","contentUrl":"https:\/\/burkinistar.com\/wp-content\/uploads\/2025\/08\/bikinisortlu-bikini-takimi-toparlayici-4cc6-8.jpg","width":600,"height":900},{"@type":"BreadcrumbList","@id":"https:\/\/burkinistar.com\/?product=sortlu-bikini-takimi-toparlayici-lacivert-cicek-desenli#breadcrumb","itemListElement":[{"@type":"ListItem","position":1,"name":"Homepage","item":"https:\/\/burkinistar.com\/"},{"@type":"ListItem","position":2,"name":"All Products","item":"https:\/\/burkinistar.com\/?page_id=8"},{"@type":"ListItem","position":3,"name":"\u015eortlu Bikini Tak\u0131m\u0131 Toparlay\u0131c\u0131 Lacivert \u00c7i\u00e7ek Desenli"}]},{"@type":"WebSite","@id":"https:\/\/burkinistar.com\/#website","url":"https:\/\/burkinistar.com\/","name":"BURKINISTAR","description":"The Best Modest Swimwear and Bikini Store | Burkinistar","potentialAction":[{"@type":"SearchAction","target":{"@type":"EntryPoint","urlTemplate":"https:\/\/burkinistar.com\/?s={search_term_string}"},"query-input":{"@type":"PropertyValueSpecification","valueRequired":true,"valueName":"search_term_string"}}],"inLanguage":"en-US"}]}},"_links":{"self":[{"href":"https:\/\/burkinistar.com\/index.php?rest_route=\/wp\/v2\/product\/51162","targetHints":{"allow":["GET"]}}],"collection":[{"href":"https:\/\/burkinistar.com\/index.php?rest_route=\/wp\/v2\/product"}],"about":[{"href":"https:\/\/burkinistar.com\/index.php?rest_route=\/wp\/v2\/types\/product"}],"replies":[{"embeddable":true,"href":"https:\/\/burkinistar.com\/index.php?rest_route=%2Fwp%2Fv2%2Fcomments&post=51162"}],"version-history":[{"count":1,"href":"https:\/\/burkinistar.com\/index.php?rest_route=\/wp\/v2\/product\/51162\/revisions"}],"predecessor-version":[{"id":51163,"href":"https:\/\/burkinistar.com\/index.php?rest_route=\/wp\/v2\/product\/51162\/revisions\/51163"}],"wp:featuredmedia":[{"embeddable":true,"href":"https:\/\/burkinistar.com\/index.php?rest_route=\/wp\/v2\/media\/51165"}],"wp:attachment":[{"href":"https:\/\/burkinistar.com\/index.php?rest_route=%2Fwp%2Fv2%2Fmedia&parent=51162"}],"wp:term":[{"taxonomy":"product_brand","embeddable":true,"href":"https:\/\/burkinistar.com\/index.php?rest_route=%2Fwp%2Fv2%2Fproduct_brand&post=51162"},{"taxonomy":"product_cat","embeddable":true,"href":"https:\/\/burkinistar.com\/index.php?rest_route=%2Fwp%2Fv2%2Fproduct_cat&post=51162"},{"taxonomy":"product_tag","embeddable":true,"href":"https:\/\/burkinistar.com\/index.php?rest_route=%2Fwp%2Fv2%2Fproduct_tag&post=51162"}],"curies":[{"name":"wp","href":"https:\/\/api.w.org\/{rel}","templated":true}]}}