{"id":51236,"date":"2025-08-30T11:30:07","date_gmt":"2025-08-30T11:30:07","guid":{"rendered":"https:\/\/burkinistar.com\/?product=bikini-takimi-toparlayici-pastel-renkli"},"modified":"2025-08-30T11:30:23","modified_gmt":"2025-08-30T11:30:23","slug":"bikini-takimi-toparlayici-pastel-renkli","status":"publish","type":"product","link":"https:\/\/burkinistar.com\/?product=bikini-takimi-toparlayici-pastel-renkli","title":{"rendered":"Bikini Tak\u0131m\u0131 Toparlay\u0131c\u0131 Pastel Renkli"},"content":{"rendered":"<p>Boyundan ba\u011flamal\u0131 bikini tak\u0131m\u0131 2 par\u00e7ad\u0131r. Bacak ve g\u00f6\u011f\u00fcs kenarlar\u0131nda lastikli diki\u015f vard\u0131r. Kop\u00e7as\u0131 plastik oldu\u011fundan paslanma yapmaz. Astar\u0131 tulum \u015feklinde dikildi\u011finden rahats\u0131zl\u0131k hissi vermez. G\u00f6\u011f\u00fcs pedi vard\u0131r. G\u00f6\u011f\u00fcs pedi \u00e7\u0131kar\u0131labilir. Modelin tasar\u0131m\u0131ndan dolay\u0131 g\u00f6\u011f\u00fcs alt\u0131n\u0131n bedeni ayarlanabilir.<\/p>\n","protected":false},"excerpt":{"rendered":"<p>Boyundan ba\u011flamal\u0131 bikini tak\u0131m\u0131 2 par\u00e7ad\u0131r. Bacak ve g\u00f6\u011f\u00fcs kenarlar\u0131nda lastikli diki\u015f vard\u0131r. Kop\u00e7as\u0131 plastik&hellip;<\/p>\n","protected":false},"featured_media":51239,"comment_status":"closed","ping_status":"open","template":"","meta":[],"product_brand":[2562],"product_cat":[2503],"product_tag":[],"class_list":{"0":"post-51236","1":"product","2":"type-product","3":"status-publish","4":"has-post-thumbnail","6":"product_brand-starinci-mayo","7":"product_cat-bikini","8":"pa_color-desenli","9":"pa_size-2581","10":"pa_size-2582","11":"pa_size-2583","12":"pa_size-2584","13":"pa_size-2585","14":"pa_size-2588","16":"first","17":"instock","18":"shipping-taxable","19":"purchasable","20":"product-type-variable","21":"layout-style-2","22":"col-md-4 col-sm-4 col-xs-6","23":"col-lg-4","24":"product-has-gallery","25":"product-style-slider"},"yoast_head":"<!-- This site is optimized with the Yoast SEO plugin v25.8 - https:\/\/yoast.com\/wordpress\/plugins\/seo\/ -->\n<title>Bikini Tak\u0131m\u0131 Toparlay\u0131c\u0131 Pastel Renkli - BURKINISTAR<\/title>\n<meta name=\"robots\" content=\"index, follow, max-snippet:-1, max-image-preview:large, max-video-preview:-1\" \/>\n<link rel=\"canonical\" href=\"https:\/\/burkinistar.com\/?product=bikini-takimi-toparlayici-pastel-renkli\" \/>\n<meta property=\"og:locale\" content=\"en_US\" \/>\n<meta property=\"og:type\" content=\"article\" \/>\n<meta property=\"og:title\" content=\"Bikini Tak\u0131m\u0131 Toparlay\u0131c\u0131 Pastel Renkli - BURKINISTAR\" \/>\n<meta property=\"og:description\" content=\"Boyundan ba\u011flamal\u0131 bikini tak\u0131m\u0131 2 par\u00e7ad\u0131r. Bacak ve g\u00f6\u011f\u00fcs kenarlar\u0131nda lastikli diki\u015f vard\u0131r. Kop\u00e7as\u0131 plastik&hellip;\" \/>\n<meta property=\"og:url\" content=\"https:\/\/burkinistar.com\/?product=bikini-takimi-toparlayici-pastel-renkli\" \/>\n<meta property=\"og:site_name\" content=\"BURKINISTAR\" \/>\n<meta property=\"article:modified_time\" content=\"2025-08-30T11:30:23+00:00\" \/>\n<meta property=\"og:image\" content=\"https:\/\/burkinistar.com\/wp-content\/uploads\/2025\/08\/bikinibikini-takimi-toparlayici-pastel-43891f.jpg\" \/>\n\t<meta property=\"og:image:width\" content=\"600\" \/>\n\t<meta property=\"og:image:height\" content=\"900\" \/>\n\t<meta property=\"og:image:type\" content=\"image\/jpeg\" \/>\n<meta name=\"twitter:card\" content=\"summary_large_image\" \/>\n<script type=\"application\/ld+json\" class=\"yoast-schema-graph\">{\"@context\":\"https:\/\/schema.org\",\"@graph\":[{\"@type\":\"WebPage\",\"@id\":\"https:\/\/burkinistar.com\/?product=bikini-takimi-toparlayici-pastel-renkli\",\"url\":\"https:\/\/burkinistar.com\/?product=bikini-takimi-toparlayici-pastel-renkli\",\"name\":\"Bikini Tak\u0131m\u0131 Toparlay\u0131c\u0131 Pastel Renkli - BURKINISTAR\",\"isPartOf\":{\"@id\":\"https:\/\/burkinistar.com\/#website\"},\"primaryImageOfPage\":{\"@id\":\"https:\/\/burkinistar.com\/?product=bikini-takimi-toparlayici-pastel-renkli#primaryimage\"},\"image\":{\"@id\":\"https:\/\/burkinistar.com\/?product=bikini-takimi-toparlayici-pastel-renkli#primaryimage\"},\"thumbnailUrl\":\"https:\/\/burkinistar.com\/wp-content\/uploads\/2025\/08\/bikinibikini-takimi-toparlayici-pastel-43891f.jpg\",\"datePublished\":\"2025-08-30T11:30:07+00:00\",\"dateModified\":\"2025-08-30T11:30:23+00:00\",\"breadcrumb\":{\"@id\":\"https:\/\/burkinistar.com\/?product=bikini-takimi-toparlayici-pastel-renkli#breadcrumb\"},\"inLanguage\":\"en-US\",\"potentialAction\":[{\"@type\":\"ReadAction\",\"target\":[\"https:\/\/burkinistar.com\/?product=bikini-takimi-toparlayici-pastel-renkli\"]}]},{\"@type\":\"ImageObject\",\"inLanguage\":\"en-US\",\"@id\":\"https:\/\/burkinistar.com\/?product=bikini-takimi-toparlayici-pastel-renkli#primaryimage\",\"url\":\"https:\/\/burkinistar.com\/wp-content\/uploads\/2025\/08\/bikinibikini-takimi-toparlayici-pastel-43891f.jpg\",\"contentUrl\":\"https:\/\/burkinistar.com\/wp-content\/uploads\/2025\/08\/bikinibikini-takimi-toparlayici-pastel-43891f.jpg\",\"width\":600,\"height\":900},{\"@type\":\"BreadcrumbList\",\"@id\":\"https:\/\/burkinistar.com\/?product=bikini-takimi-toparlayici-pastel-renkli#breadcrumb\",\"itemListElement\":[{\"@type\":\"ListItem\",\"position\":1,\"name\":\"Homepage\",\"item\":\"https:\/\/burkinistar.com\/\"},{\"@type\":\"ListItem\",\"position\":2,\"name\":\"All Products\",\"item\":\"https:\/\/burkinistar.com\/?page_id=8\"},{\"@type\":\"ListItem\",\"position\":3,\"name\":\"Bikini Tak\u0131m\u0131 Toparlay\u0131c\u0131 Pastel Renkli\"}]},{\"@type\":\"WebSite\",\"@id\":\"https:\/\/burkinistar.com\/#website\",\"url\":\"https:\/\/burkinistar.com\/\",\"name\":\"BURKINISTAR\",\"description\":\"The Best Modest Swimwear and Bikini Store | Burkinistar\",\"potentialAction\":[{\"@type\":\"SearchAction\",\"target\":{\"@type\":\"EntryPoint\",\"urlTemplate\":\"https:\/\/burkinistar.com\/?s={search_term_string}\"},\"query-input\":{\"@type\":\"PropertyValueSpecification\",\"valueRequired\":true,\"valueName\":\"search_term_string\"}}],\"inLanguage\":\"en-US\"}]}<\/script>\n<!-- \/ Yoast SEO plugin. -->","yoast_head_json":{"title":"Bikini Tak\u0131m\u0131 Toparlay\u0131c\u0131 Pastel Renkli - BURKINISTAR","robots":{"index":"index","follow":"follow","max-snippet":"max-snippet:-1","max-image-preview":"max-image-preview:large","max-video-preview":"max-video-preview:-1"},"canonical":"https:\/\/burkinistar.com\/?product=bikini-takimi-toparlayici-pastel-renkli","og_locale":"en_US","og_type":"article","og_title":"Bikini Tak\u0131m\u0131 Toparlay\u0131c\u0131 Pastel Renkli - BURKINISTAR","og_description":"Boyundan ba\u011flamal\u0131 bikini tak\u0131m\u0131 2 par\u00e7ad\u0131r. Bacak ve g\u00f6\u011f\u00fcs kenarlar\u0131nda lastikli diki\u015f vard\u0131r. Kop\u00e7as\u0131 plastik&hellip;","og_url":"https:\/\/burkinistar.com\/?product=bikini-takimi-toparlayici-pastel-renkli","og_site_name":"BURKINISTAR","article_modified_time":"2025-08-30T11:30:23+00:00","og_image":[{"width":600,"height":900,"url":"https:\/\/burkinistar.com\/wp-content\/uploads\/2025\/08\/bikinibikini-takimi-toparlayici-pastel-43891f.jpg","type":"image\/jpeg"}],"twitter_card":"summary_large_image","schema":{"@context":"https:\/\/schema.org","@graph":[{"@type":"WebPage","@id":"https:\/\/burkinistar.com\/?product=bikini-takimi-toparlayici-pastel-renkli","url":"https:\/\/burkinistar.com\/?product=bikini-takimi-toparlayici-pastel-renkli","name":"Bikini Tak\u0131m\u0131 Toparlay\u0131c\u0131 Pastel Renkli - BURKINISTAR","isPartOf":{"@id":"https:\/\/burkinistar.com\/#website"},"primaryImageOfPage":{"@id":"https:\/\/burkinistar.com\/?product=bikini-takimi-toparlayici-pastel-renkli#primaryimage"},"image":{"@id":"https:\/\/burkinistar.com\/?product=bikini-takimi-toparlayici-pastel-renkli#primaryimage"},"thumbnailUrl":"https:\/\/burkinistar.com\/wp-content\/uploads\/2025\/08\/bikinibikini-takimi-toparlayici-pastel-43891f.jpg","datePublished":"2025-08-30T11:30:07+00:00","dateModified":"2025-08-30T11:30:23+00:00","breadcrumb":{"@id":"https:\/\/burkinistar.com\/?product=bikini-takimi-toparlayici-pastel-renkli#breadcrumb"},"inLanguage":"en-US","potentialAction":[{"@type":"ReadAction","target":["https:\/\/burkinistar.com\/?product=bikini-takimi-toparlayici-pastel-renkli"]}]},{"@type":"ImageObject","inLanguage":"en-US","@id":"https:\/\/burkinistar.com\/?product=bikini-takimi-toparlayici-pastel-renkli#primaryimage","url":"https:\/\/burkinistar.com\/wp-content\/uploads\/2025\/08\/bikinibikini-takimi-toparlayici-pastel-43891f.jpg","contentUrl":"https:\/\/burkinistar.com\/wp-content\/uploads\/2025\/08\/bikinibikini-takimi-toparlayici-pastel-43891f.jpg","width":600,"height":900},{"@type":"BreadcrumbList","@id":"https:\/\/burkinistar.com\/?product=bikini-takimi-toparlayici-pastel-renkli#breadcrumb","itemListElement":[{"@type":"ListItem","position":1,"name":"Homepage","item":"https:\/\/burkinistar.com\/"},{"@type":"ListItem","position":2,"name":"All Products","item":"https:\/\/burkinistar.com\/?page_id=8"},{"@type":"ListItem","position":3,"name":"Bikini Tak\u0131m\u0131 Toparlay\u0131c\u0131 Pastel Renkli"}]},{"@type":"WebSite","@id":"https:\/\/burkinistar.com\/#website","url":"https:\/\/burkinistar.com\/","name":"BURKINISTAR","description":"The Best Modest Swimwear and Bikini Store | Burkinistar","potentialAction":[{"@type":"SearchAction","target":{"@type":"EntryPoint","urlTemplate":"https:\/\/burkinistar.com\/?s={search_term_string}"},"query-input":{"@type":"PropertyValueSpecification","valueRequired":true,"valueName":"search_term_string"}}],"inLanguage":"en-US"}]}},"_links":{"self":[{"href":"https:\/\/burkinistar.com\/index.php?rest_route=\/wp\/v2\/product\/51236","targetHints":{"allow":["GET"]}}],"collection":[{"href":"https:\/\/burkinistar.com\/index.php?rest_route=\/wp\/v2\/product"}],"about":[{"href":"https:\/\/burkinistar.com\/index.php?rest_route=\/wp\/v2\/types\/product"}],"replies":[{"embeddable":true,"href":"https:\/\/burkinistar.com\/index.php?rest_route=%2Fwp%2Fv2%2Fcomments&post=51236"}],"version-history":[{"count":1,"href":"https:\/\/burkinistar.com\/index.php?rest_route=\/wp\/v2\/product\/51236\/revisions"}],"predecessor-version":[{"id":51237,"href":"https:\/\/burkinistar.com\/index.php?rest_route=\/wp\/v2\/product\/51236\/revisions\/51237"}],"wp:featuredmedia":[{"embeddable":true,"href":"https:\/\/burkinistar.com\/index.php?rest_route=\/wp\/v2\/media\/51239"}],"wp:attachment":[{"href":"https:\/\/burkinistar.com\/index.php?rest_route=%2Fwp%2Fv2%2Fmedia&parent=51236"}],"wp:term":[{"taxonomy":"product_brand","embeddable":true,"href":"https:\/\/burkinistar.com\/index.php?rest_route=%2Fwp%2Fv2%2Fproduct_brand&post=51236"},{"taxonomy":"product_cat","embeddable":true,"href":"https:\/\/burkinistar.com\/index.php?rest_route=%2Fwp%2Fv2%2Fproduct_cat&post=51236"},{"taxonomy":"product_tag","embeddable":true,"href":"https:\/\/burkinistar.com\/index.php?rest_route=%2Fwp%2Fv2%2Fproduct_tag&post=51236"}],"curies":[{"name":"wp","href":"https:\/\/api.w.org\/{rel}","templated":true}]}}