{"id":51248,"date":"2025-08-30T11:30:07","date_gmt":"2025-08-30T11:30:07","guid":{"rendered":"https:\/\/burkinistar.com\/?product=likrali-yari-kapali-tesettur-mayo-siyah-yaprak-desenli"},"modified":"2025-08-30T11:30:23","modified_gmt":"2025-08-30T11:30:23","slug":"likrali-yari-kapali-tesettur-mayo-siyah-yaprak-desenli","status":"publish","type":"product","link":"https:\/\/burkinistar.com\/?product=likrali-yari-kapali-tesettur-mayo-siyah-yaprak-desenli","title":{"rendered":"Likral\u0131 Yar\u0131 Kapal\u0131 Tesett\u00fcr Mayo Siyah Yaprak Desenli"},"content":{"rendered":"<p>S\u0131f\u0131r Kol Tesett\u00fcr Mayo Siyah Siyah kolsuz yar\u0131m kapal\u0131 mayo tak\u0131m\u0131 likral\u0131 k\u0131sa tayt ve likral\u0131 \u00fcst olmak \u00fczere iki par\u00e7ad\u0131r. S\u0131f\u0131r kol modelin kuma\u015f\u0131 h\u0131zl\u0131 kuruyan likral\u0131 polyester kar\u0131\u015f\u0131ml\u0131 kuma\u015ftan \u00fcretilmi\u015ftir. Manken 38 beden giyinmi\u015ftir. B\u00fcstiyeri \u00fcr\u00fcne dikilidir. G\u00f6\u011f\u00fcs s\u00fcngeri vard\u0131r. 38 beden \u00f6l\u00e7\u00fcleri g\u00f6\u011f\u00fcs:88cm bel:82cm basen:92cm omuzdan boyu:90cm 40 beden \u00f6l\u00e7\u00fcleri g\u00f6\u011f\u00fcs:92cm bel:86cm basen:96cm omuzdan boyu:92cm 42 beden \u00f6l\u00e7\u00fcleri g\u00f6\u011f\u00fcs:96cm bel:90cm basen:100cm omuzdan boyu:94cm 44 beden \u00f6l\u00e7\u00fcleri g\u00f6\u011f\u00fcs:100cm bel:94cm basen:104cm omuzdan boyu:96cm 46 beden \u00f6l\u00e7\u00fcleri g\u00f6\u011f\u00fcs:104cm bel:98cm basen:108cm omuzdan boyu:96cm<\/p>\n","protected":false},"excerpt":{"rendered":"<p>S\u0131f\u0131r Kol Tesett\u00fcr Mayo Siyah Siyah kolsuz yar\u0131m kapal\u0131 mayo tak\u0131m\u0131 likral\u0131 k\u0131sa tayt ve&hellip;<\/p>\n","protected":false},"featured_media":51251,"comment_status":"closed","ping_status":"open","template":"","meta":[],"product_brand":[2562],"product_cat":[2558,2556],"product_tag":[],"class_list":{"0":"post-51248","1":"product","2":"type-product","3":"status-publish","4":"has-post-thumbnail","6":"product_brand-starinci-mayo","7":"product_cat-kolsuz-tesettur-mayo","8":"product_cat-tesettur-mayo","9":"pa_color-siyah","10":"pa_size-2581","12":"first","13":"instock","14":"shipping-taxable","15":"purchasable","16":"product-type-variable","17":"layout-style-2","18":"col-md-4 col-sm-4 col-xs-6","19":"col-lg-4","20":"product-has-gallery","21":"product-style-slider"},"yoast_head":"<!-- This site is optimized with the Yoast SEO plugin v25.8 - https:\/\/yoast.com\/wordpress\/plugins\/seo\/ -->\n<title>Likral\u0131 Yar\u0131 Kapal\u0131 Tesett\u00fcr Mayo Siyah Yaprak Desenli - BURKINISTAR<\/title>\n<meta name=\"robots\" content=\"index, follow, max-snippet:-1, max-image-preview:large, max-video-preview:-1\" \/>\n<link rel=\"canonical\" href=\"https:\/\/burkinistar.com\/?product=likrali-yari-kapali-tesettur-mayo-siyah-yaprak-desenli\" \/>\n<meta property=\"og:locale\" content=\"en_US\" \/>\n<meta property=\"og:type\" content=\"article\" \/>\n<meta property=\"og:title\" content=\"Likral\u0131 Yar\u0131 Kapal\u0131 Tesett\u00fcr Mayo Siyah Yaprak Desenli - BURKINISTAR\" \/>\n<meta property=\"og:description\" content=\"S\u0131f\u0131r Kol Tesett\u00fcr Mayo Siyah Siyah kolsuz yar\u0131m kapal\u0131 mayo tak\u0131m\u0131 likral\u0131 k\u0131sa tayt ve&hellip;\" \/>\n<meta property=\"og:url\" content=\"https:\/\/burkinistar.com\/?product=likrali-yari-kapali-tesettur-mayo-siyah-yaprak-desenli\" \/>\n<meta property=\"og:site_name\" content=\"BURKINISTAR\" \/>\n<meta property=\"article:modified_time\" content=\"2025-08-30T11:30:23+00:00\" \/>\n<meta property=\"og:image\" content=\"https:\/\/burkinistar.com\/wp-content\/uploads\/2025\/08\/kolsuz-tesettur-mayolikrali-yari-kapal-f44-4c.jpg\" \/>\n\t<meta property=\"og:image:width\" content=\"600\" \/>\n\t<meta property=\"og:image:height\" content=\"900\" \/>\n\t<meta property=\"og:image:type\" content=\"image\/jpeg\" \/>\n<meta name=\"twitter:card\" content=\"summary_large_image\" \/>\n<meta name=\"twitter:label1\" content=\"Est. reading time\" \/>\n\t<meta name=\"twitter:data1\" content=\"1 minute\" \/>\n<script type=\"application\/ld+json\" class=\"yoast-schema-graph\">{\"@context\":\"https:\/\/schema.org\",\"@graph\":[{\"@type\":\"WebPage\",\"@id\":\"https:\/\/burkinistar.com\/?product=likrali-yari-kapali-tesettur-mayo-siyah-yaprak-desenli\",\"url\":\"https:\/\/burkinistar.com\/?product=likrali-yari-kapali-tesettur-mayo-siyah-yaprak-desenli\",\"name\":\"Likral\u0131 Yar\u0131 Kapal\u0131 Tesett\u00fcr Mayo Siyah Yaprak Desenli - BURKINISTAR\",\"isPartOf\":{\"@id\":\"https:\/\/burkinistar.com\/#website\"},\"primaryImageOfPage\":{\"@id\":\"https:\/\/burkinistar.com\/?product=likrali-yari-kapali-tesettur-mayo-siyah-yaprak-desenli#primaryimage\"},\"image\":{\"@id\":\"https:\/\/burkinistar.com\/?product=likrali-yari-kapali-tesettur-mayo-siyah-yaprak-desenli#primaryimage\"},\"thumbnailUrl\":\"https:\/\/burkinistar.com\/wp-content\/uploads\/2025\/08\/kolsuz-tesettur-mayolikrali-yari-kapal-f44-4c.jpg\",\"datePublished\":\"2025-08-30T11:30:07+00:00\",\"dateModified\":\"2025-08-30T11:30:23+00:00\",\"breadcrumb\":{\"@id\":\"https:\/\/burkinistar.com\/?product=likrali-yari-kapali-tesettur-mayo-siyah-yaprak-desenli#breadcrumb\"},\"inLanguage\":\"en-US\",\"potentialAction\":[{\"@type\":\"ReadAction\",\"target\":[\"https:\/\/burkinistar.com\/?product=likrali-yari-kapali-tesettur-mayo-siyah-yaprak-desenli\"]}]},{\"@type\":\"ImageObject\",\"inLanguage\":\"en-US\",\"@id\":\"https:\/\/burkinistar.com\/?product=likrali-yari-kapali-tesettur-mayo-siyah-yaprak-desenli#primaryimage\",\"url\":\"https:\/\/burkinistar.com\/wp-content\/uploads\/2025\/08\/kolsuz-tesettur-mayolikrali-yari-kapal-f44-4c.jpg\",\"contentUrl\":\"https:\/\/burkinistar.com\/wp-content\/uploads\/2025\/08\/kolsuz-tesettur-mayolikrali-yari-kapal-f44-4c.jpg\",\"width\":600,\"height\":900},{\"@type\":\"BreadcrumbList\",\"@id\":\"https:\/\/burkinistar.com\/?product=likrali-yari-kapali-tesettur-mayo-siyah-yaprak-desenli#breadcrumb\",\"itemListElement\":[{\"@type\":\"ListItem\",\"position\":1,\"name\":\"Homepage\",\"item\":\"https:\/\/burkinistar.com\/\"},{\"@type\":\"ListItem\",\"position\":2,\"name\":\"All Products\",\"item\":\"https:\/\/burkinistar.com\/?page_id=8\"},{\"@type\":\"ListItem\",\"position\":3,\"name\":\"Likral\u0131 Yar\u0131 Kapal\u0131 Tesett\u00fcr Mayo Siyah Yaprak Desenli\"}]},{\"@type\":\"WebSite\",\"@id\":\"https:\/\/burkinistar.com\/#website\",\"url\":\"https:\/\/burkinistar.com\/\",\"name\":\"BURKINISTAR\",\"description\":\"The Best Modest Swimwear and Bikini Store | Burkinistar\",\"potentialAction\":[{\"@type\":\"SearchAction\",\"target\":{\"@type\":\"EntryPoint\",\"urlTemplate\":\"https:\/\/burkinistar.com\/?s={search_term_string}\"},\"query-input\":{\"@type\":\"PropertyValueSpecification\",\"valueRequired\":true,\"valueName\":\"search_term_string\"}}],\"inLanguage\":\"en-US\"}]}<\/script>\n<!-- \/ Yoast SEO plugin. -->","yoast_head_json":{"title":"Likral\u0131 Yar\u0131 Kapal\u0131 Tesett\u00fcr Mayo Siyah Yaprak Desenli - BURKINISTAR","robots":{"index":"index","follow":"follow","max-snippet":"max-snippet:-1","max-image-preview":"max-image-preview:large","max-video-preview":"max-video-preview:-1"},"canonical":"https:\/\/burkinistar.com\/?product=likrali-yari-kapali-tesettur-mayo-siyah-yaprak-desenli","og_locale":"en_US","og_type":"article","og_title":"Likral\u0131 Yar\u0131 Kapal\u0131 Tesett\u00fcr Mayo Siyah Yaprak Desenli - BURKINISTAR","og_description":"S\u0131f\u0131r Kol Tesett\u00fcr Mayo Siyah Siyah kolsuz yar\u0131m kapal\u0131 mayo tak\u0131m\u0131 likral\u0131 k\u0131sa tayt ve&hellip;","og_url":"https:\/\/burkinistar.com\/?product=likrali-yari-kapali-tesettur-mayo-siyah-yaprak-desenli","og_site_name":"BURKINISTAR","article_modified_time":"2025-08-30T11:30:23+00:00","og_image":[{"width":600,"height":900,"url":"https:\/\/burkinistar.com\/wp-content\/uploads\/2025\/08\/kolsuz-tesettur-mayolikrali-yari-kapal-f44-4c.jpg","type":"image\/jpeg"}],"twitter_card":"summary_large_image","twitter_misc":{"Est. reading time":"1 minute"},"schema":{"@context":"https:\/\/schema.org","@graph":[{"@type":"WebPage","@id":"https:\/\/burkinistar.com\/?product=likrali-yari-kapali-tesettur-mayo-siyah-yaprak-desenli","url":"https:\/\/burkinistar.com\/?product=likrali-yari-kapali-tesettur-mayo-siyah-yaprak-desenli","name":"Likral\u0131 Yar\u0131 Kapal\u0131 Tesett\u00fcr Mayo Siyah Yaprak Desenli - BURKINISTAR","isPartOf":{"@id":"https:\/\/burkinistar.com\/#website"},"primaryImageOfPage":{"@id":"https:\/\/burkinistar.com\/?product=likrali-yari-kapali-tesettur-mayo-siyah-yaprak-desenli#primaryimage"},"image":{"@id":"https:\/\/burkinistar.com\/?product=likrali-yari-kapali-tesettur-mayo-siyah-yaprak-desenli#primaryimage"},"thumbnailUrl":"https:\/\/burkinistar.com\/wp-content\/uploads\/2025\/08\/kolsuz-tesettur-mayolikrali-yari-kapal-f44-4c.jpg","datePublished":"2025-08-30T11:30:07+00:00","dateModified":"2025-08-30T11:30:23+00:00","breadcrumb":{"@id":"https:\/\/burkinistar.com\/?product=likrali-yari-kapali-tesettur-mayo-siyah-yaprak-desenli#breadcrumb"},"inLanguage":"en-US","potentialAction":[{"@type":"ReadAction","target":["https:\/\/burkinistar.com\/?product=likrali-yari-kapali-tesettur-mayo-siyah-yaprak-desenli"]}]},{"@type":"ImageObject","inLanguage":"en-US","@id":"https:\/\/burkinistar.com\/?product=likrali-yari-kapali-tesettur-mayo-siyah-yaprak-desenli#primaryimage","url":"https:\/\/burkinistar.com\/wp-content\/uploads\/2025\/08\/kolsuz-tesettur-mayolikrali-yari-kapal-f44-4c.jpg","contentUrl":"https:\/\/burkinistar.com\/wp-content\/uploads\/2025\/08\/kolsuz-tesettur-mayolikrali-yari-kapal-f44-4c.jpg","width":600,"height":900},{"@type":"BreadcrumbList","@id":"https:\/\/burkinistar.com\/?product=likrali-yari-kapali-tesettur-mayo-siyah-yaprak-desenli#breadcrumb","itemListElement":[{"@type":"ListItem","position":1,"name":"Homepage","item":"https:\/\/burkinistar.com\/"},{"@type":"ListItem","position":2,"name":"All Products","item":"https:\/\/burkinistar.com\/?page_id=8"},{"@type":"ListItem","position":3,"name":"Likral\u0131 Yar\u0131 Kapal\u0131 Tesett\u00fcr Mayo Siyah Yaprak Desenli"}]},{"@type":"WebSite","@id":"https:\/\/burkinistar.com\/#website","url":"https:\/\/burkinistar.com\/","name":"BURKINISTAR","description":"The Best Modest Swimwear and Bikini Store | Burkinistar","potentialAction":[{"@type":"SearchAction","target":{"@type":"EntryPoint","urlTemplate":"https:\/\/burkinistar.com\/?s={search_term_string}"},"query-input":{"@type":"PropertyValueSpecification","valueRequired":true,"valueName":"search_term_string"}}],"inLanguage":"en-US"}]}},"_links":{"self":[{"href":"https:\/\/burkinistar.com\/index.php?rest_route=\/wp\/v2\/product\/51248","targetHints":{"allow":["GET"]}}],"collection":[{"href":"https:\/\/burkinistar.com\/index.php?rest_route=\/wp\/v2\/product"}],"about":[{"href":"https:\/\/burkinistar.com\/index.php?rest_route=\/wp\/v2\/types\/product"}],"replies":[{"embeddable":true,"href":"https:\/\/burkinistar.com\/index.php?rest_route=%2Fwp%2Fv2%2Fcomments&post=51248"}],"version-history":[{"count":1,"href":"https:\/\/burkinistar.com\/index.php?rest_route=\/wp\/v2\/product\/51248\/revisions"}],"predecessor-version":[{"id":51249,"href":"https:\/\/burkinistar.com\/index.php?rest_route=\/wp\/v2\/product\/51248\/revisions\/51249"}],"wp:featuredmedia":[{"embeddable":true,"href":"https:\/\/burkinistar.com\/index.php?rest_route=\/wp\/v2\/media\/51251"}],"wp:attachment":[{"href":"https:\/\/burkinistar.com\/index.php?rest_route=%2Fwp%2Fv2%2Fmedia&parent=51248"}],"wp:term":[{"taxonomy":"product_brand","embeddable":true,"href":"https:\/\/burkinistar.com\/index.php?rest_route=%2Fwp%2Fv2%2Fproduct_brand&post=51248"},{"taxonomy":"product_cat","embeddable":true,"href":"https:\/\/burkinistar.com\/index.php?rest_route=%2Fwp%2Fv2%2Fproduct_cat&post=51248"},{"taxonomy":"product_tag","embeddable":true,"href":"https:\/\/burkinistar.com\/index.php?rest_route=%2Fwp%2Fv2%2Fproduct_tag&post=51248"}],"curies":[{"name":"wp","href":"https:\/\/api.w.org\/{rel}","templated":true}]}}