{"id":51458,"date":"2025-08-30T11:31:35","date_gmt":"2025-08-30T11:31:35","guid":{"rendered":"https:\/\/burkinistar.com\/?product=likrali-tam-kapali-mayo-antrasit-zincir-desenli-2"},"modified":"2025-08-30T11:31:49","modified_gmt":"2025-08-30T11:31:49","slug":"likrali-tam-kapali-mayo-antrasit-zincir-desenli-2","status":"publish","type":"product","link":"https:\/\/burkinistar.com\/?product=likrali-tam-kapali-mayo-antrasit-zincir-desenli-2","title":{"rendered":"Likral\u0131 Tam Kapal\u0131 Mayo Antrasit Zincir Desenli"},"content":{"rendered":"<p>Likral\u0131 Tam Kapal\u0131 Mayo Antrasit Zincir Desenli Tam kapal\u0131 mayo tak\u0131m\u0131 pantolon, tunik ve boneden olu\u015fmaktad\u0131r. H\u0131zl\u0131 kuruyan likral\u0131 polyester kar\u0131\u015f\u0131ml\u0131 kuma\u015ftan \u00fcretilmi\u015ftir. B\u00fcstiyeri tuni\u011fe dikilidir. G\u00f6\u011f\u00fcs s\u00fcngeri vard\u0131r. Havuzda, debizde ve termal sularda kullanmaya uygundur.<\/p>\n<p>&nbsp;<\/p>\n<p>&nbsp;<\/p>\n<p>&nbsp;<\/p>\n<p>&nbsp;<\/p>\n<p>&nbsp;<\/p>\n<p>&nbsp;<\/p>\n","protected":false},"excerpt":{"rendered":"<p>Likral\u0131 Tam Kapal\u0131 Mayo Antrasit Zincir Desenli Tam kapal\u0131 mayo tak\u0131m\u0131 pantolon, tunik ve boneden&hellip;<\/p>\n","protected":false},"featured_media":51461,"comment_status":"closed","ping_status":"open","template":"","meta":[],"product_brand":[2562],"product_cat":[2575,2556],"product_tag":[],"class_list":{"0":"post-51458","1":"product","2":"type-product","3":"status-publish","4":"has-post-thumbnail","6":"product_brand-starinci-mayo","7":"product_cat-likrali-tesettur-mayo","8":"product_cat-tesettur-mayo","9":"pa_color-antrasit","10":"pa_size-2581","11":"pa_size-2582","12":"pa_size-2584","14":"first","15":"instock","16":"shipping-taxable","17":"purchasable","18":"product-type-variable","19":"layout-style-2","20":"col-md-4 col-sm-4 col-xs-6","21":"col-lg-4","22":"product-has-gallery","23":"product-style-slider"},"yoast_head":"<!-- This site is optimized with the Yoast SEO plugin v25.8 - https:\/\/yoast.com\/wordpress\/plugins\/seo\/ -->\n<title>Likral\u0131 Tam Kapal\u0131 Mayo Antrasit Zincir Desenli - BURKINISTAR<\/title>\n<meta name=\"robots\" content=\"index, follow, max-snippet:-1, max-image-preview:large, max-video-preview:-1\" \/>\n<link rel=\"canonical\" href=\"https:\/\/burkinistar.com\/?product=likrali-tam-kapali-mayo-antrasit-zincir-desenli-2\" \/>\n<meta property=\"og:locale\" content=\"en_US\" \/>\n<meta property=\"og:type\" content=\"article\" \/>\n<meta property=\"og:title\" content=\"Likral\u0131 Tam Kapal\u0131 Mayo Antrasit Zincir Desenli - BURKINISTAR\" \/>\n<meta property=\"og:description\" content=\"Likral\u0131 Tam Kapal\u0131 Mayo Antrasit Zincir Desenli Tam kapal\u0131 mayo tak\u0131m\u0131 pantolon, tunik ve boneden&hellip;\" \/>\n<meta property=\"og:url\" content=\"https:\/\/burkinistar.com\/?product=likrali-tam-kapali-mayo-antrasit-zincir-desenli-2\" \/>\n<meta property=\"og:site_name\" content=\"BURKINISTAR\" \/>\n<meta property=\"article:modified_time\" content=\"2025-08-30T11:31:49+00:00\" \/>\n<meta property=\"og:image\" content=\"https:\/\/burkinistar.com\/wp-content\/uploads\/2025\/08\/likrali-tesettur-mayolikrali-tam-kapal-1-44aa.jpg\" \/>\n\t<meta property=\"og:image:width\" content=\"600\" \/>\n\t<meta property=\"og:image:height\" content=\"900\" \/>\n\t<meta property=\"og:image:type\" content=\"image\/jpeg\" \/>\n<meta name=\"twitter:card\" content=\"summary_large_image\" \/>\n<script type=\"application\/ld+json\" class=\"yoast-schema-graph\">{\"@context\":\"https:\/\/schema.org\",\"@graph\":[{\"@type\":\"WebPage\",\"@id\":\"https:\/\/burkinistar.com\/?product=likrali-tam-kapali-mayo-antrasit-zincir-desenli-2\",\"url\":\"https:\/\/burkinistar.com\/?product=likrali-tam-kapali-mayo-antrasit-zincir-desenli-2\",\"name\":\"Likral\u0131 Tam Kapal\u0131 Mayo Antrasit Zincir Desenli - BURKINISTAR\",\"isPartOf\":{\"@id\":\"https:\/\/burkinistar.com\/#website\"},\"primaryImageOfPage\":{\"@id\":\"https:\/\/burkinistar.com\/?product=likrali-tam-kapali-mayo-antrasit-zincir-desenli-2#primaryimage\"},\"image\":{\"@id\":\"https:\/\/burkinistar.com\/?product=likrali-tam-kapali-mayo-antrasit-zincir-desenli-2#primaryimage\"},\"thumbnailUrl\":\"https:\/\/burkinistar.com\/wp-content\/uploads\/2025\/08\/likrali-tesettur-mayolikrali-tam-kapal-1-44aa.jpg\",\"datePublished\":\"2025-08-30T11:31:35+00:00\",\"dateModified\":\"2025-08-30T11:31:49+00:00\",\"breadcrumb\":{\"@id\":\"https:\/\/burkinistar.com\/?product=likrali-tam-kapali-mayo-antrasit-zincir-desenli-2#breadcrumb\"},\"inLanguage\":\"en-US\",\"potentialAction\":[{\"@type\":\"ReadAction\",\"target\":[\"https:\/\/burkinistar.com\/?product=likrali-tam-kapali-mayo-antrasit-zincir-desenli-2\"]}]},{\"@type\":\"ImageObject\",\"inLanguage\":\"en-US\",\"@id\":\"https:\/\/burkinistar.com\/?product=likrali-tam-kapali-mayo-antrasit-zincir-desenli-2#primaryimage\",\"url\":\"https:\/\/burkinistar.com\/wp-content\/uploads\/2025\/08\/likrali-tesettur-mayolikrali-tam-kapal-1-44aa.jpg\",\"contentUrl\":\"https:\/\/burkinistar.com\/wp-content\/uploads\/2025\/08\/likrali-tesettur-mayolikrali-tam-kapal-1-44aa.jpg\",\"width\":600,\"height\":900},{\"@type\":\"BreadcrumbList\",\"@id\":\"https:\/\/burkinistar.com\/?product=likrali-tam-kapali-mayo-antrasit-zincir-desenli-2#breadcrumb\",\"itemListElement\":[{\"@type\":\"ListItem\",\"position\":1,\"name\":\"Homepage\",\"item\":\"https:\/\/burkinistar.com\/\"},{\"@type\":\"ListItem\",\"position\":2,\"name\":\"All Products\",\"item\":\"https:\/\/burkinistar.com\/?page_id=8\"},{\"@type\":\"ListItem\",\"position\":3,\"name\":\"Likral\u0131 Tam Kapal\u0131 Mayo Antrasit Zincir Desenli\"}]},{\"@type\":\"WebSite\",\"@id\":\"https:\/\/burkinistar.com\/#website\",\"url\":\"https:\/\/burkinistar.com\/\",\"name\":\"BURKINISTAR\",\"description\":\"The Best Modest Swimwear and Bikini Store | Burkinistar\",\"potentialAction\":[{\"@type\":\"SearchAction\",\"target\":{\"@type\":\"EntryPoint\",\"urlTemplate\":\"https:\/\/burkinistar.com\/?s={search_term_string}\"},\"query-input\":{\"@type\":\"PropertyValueSpecification\",\"valueRequired\":true,\"valueName\":\"search_term_string\"}}],\"inLanguage\":\"en-US\"}]}<\/script>\n<!-- \/ Yoast SEO plugin. -->","yoast_head_json":{"title":"Likral\u0131 Tam Kapal\u0131 Mayo Antrasit Zincir Desenli - BURKINISTAR","robots":{"index":"index","follow":"follow","max-snippet":"max-snippet:-1","max-image-preview":"max-image-preview:large","max-video-preview":"max-video-preview:-1"},"canonical":"https:\/\/burkinistar.com\/?product=likrali-tam-kapali-mayo-antrasit-zincir-desenli-2","og_locale":"en_US","og_type":"article","og_title":"Likral\u0131 Tam Kapal\u0131 Mayo Antrasit Zincir Desenli - BURKINISTAR","og_description":"Likral\u0131 Tam Kapal\u0131 Mayo Antrasit Zincir Desenli Tam kapal\u0131 mayo tak\u0131m\u0131 pantolon, tunik ve boneden&hellip;","og_url":"https:\/\/burkinistar.com\/?product=likrali-tam-kapali-mayo-antrasit-zincir-desenli-2","og_site_name":"BURKINISTAR","article_modified_time":"2025-08-30T11:31:49+00:00","og_image":[{"width":600,"height":900,"url":"https:\/\/burkinistar.com\/wp-content\/uploads\/2025\/08\/likrali-tesettur-mayolikrali-tam-kapal-1-44aa.jpg","type":"image\/jpeg"}],"twitter_card":"summary_large_image","schema":{"@context":"https:\/\/schema.org","@graph":[{"@type":"WebPage","@id":"https:\/\/burkinistar.com\/?product=likrali-tam-kapali-mayo-antrasit-zincir-desenli-2","url":"https:\/\/burkinistar.com\/?product=likrali-tam-kapali-mayo-antrasit-zincir-desenli-2","name":"Likral\u0131 Tam Kapal\u0131 Mayo Antrasit Zincir Desenli - BURKINISTAR","isPartOf":{"@id":"https:\/\/burkinistar.com\/#website"},"primaryImageOfPage":{"@id":"https:\/\/burkinistar.com\/?product=likrali-tam-kapali-mayo-antrasit-zincir-desenli-2#primaryimage"},"image":{"@id":"https:\/\/burkinistar.com\/?product=likrali-tam-kapali-mayo-antrasit-zincir-desenli-2#primaryimage"},"thumbnailUrl":"https:\/\/burkinistar.com\/wp-content\/uploads\/2025\/08\/likrali-tesettur-mayolikrali-tam-kapal-1-44aa.jpg","datePublished":"2025-08-30T11:31:35+00:00","dateModified":"2025-08-30T11:31:49+00:00","breadcrumb":{"@id":"https:\/\/burkinistar.com\/?product=likrali-tam-kapali-mayo-antrasit-zincir-desenli-2#breadcrumb"},"inLanguage":"en-US","potentialAction":[{"@type":"ReadAction","target":["https:\/\/burkinistar.com\/?product=likrali-tam-kapali-mayo-antrasit-zincir-desenli-2"]}]},{"@type":"ImageObject","inLanguage":"en-US","@id":"https:\/\/burkinistar.com\/?product=likrali-tam-kapali-mayo-antrasit-zincir-desenli-2#primaryimage","url":"https:\/\/burkinistar.com\/wp-content\/uploads\/2025\/08\/likrali-tesettur-mayolikrali-tam-kapal-1-44aa.jpg","contentUrl":"https:\/\/burkinistar.com\/wp-content\/uploads\/2025\/08\/likrali-tesettur-mayolikrali-tam-kapal-1-44aa.jpg","width":600,"height":900},{"@type":"BreadcrumbList","@id":"https:\/\/burkinistar.com\/?product=likrali-tam-kapali-mayo-antrasit-zincir-desenli-2#breadcrumb","itemListElement":[{"@type":"ListItem","position":1,"name":"Homepage","item":"https:\/\/burkinistar.com\/"},{"@type":"ListItem","position":2,"name":"All Products","item":"https:\/\/burkinistar.com\/?page_id=8"},{"@type":"ListItem","position":3,"name":"Likral\u0131 Tam Kapal\u0131 Mayo Antrasit Zincir Desenli"}]},{"@type":"WebSite","@id":"https:\/\/burkinistar.com\/#website","url":"https:\/\/burkinistar.com\/","name":"BURKINISTAR","description":"The Best Modest Swimwear and Bikini Store | Burkinistar","potentialAction":[{"@type":"SearchAction","target":{"@type":"EntryPoint","urlTemplate":"https:\/\/burkinistar.com\/?s={search_term_string}"},"query-input":{"@type":"PropertyValueSpecification","valueRequired":true,"valueName":"search_term_string"}}],"inLanguage":"en-US"}]}},"_links":{"self":[{"href":"https:\/\/burkinistar.com\/index.php?rest_route=\/wp\/v2\/product\/51458","targetHints":{"allow":["GET"]}}],"collection":[{"href":"https:\/\/burkinistar.com\/index.php?rest_route=\/wp\/v2\/product"}],"about":[{"href":"https:\/\/burkinistar.com\/index.php?rest_route=\/wp\/v2\/types\/product"}],"replies":[{"embeddable":true,"href":"https:\/\/burkinistar.com\/index.php?rest_route=%2Fwp%2Fv2%2Fcomments&post=51458"}],"version-history":[{"count":1,"href":"https:\/\/burkinistar.com\/index.php?rest_route=\/wp\/v2\/product\/51458\/revisions"}],"predecessor-version":[{"id":51459,"href":"https:\/\/burkinistar.com\/index.php?rest_route=\/wp\/v2\/product\/51458\/revisions\/51459"}],"wp:featuredmedia":[{"embeddable":true,"href":"https:\/\/burkinistar.com\/index.php?rest_route=\/wp\/v2\/media\/51461"}],"wp:attachment":[{"href":"https:\/\/burkinistar.com\/index.php?rest_route=%2Fwp%2Fv2%2Fmedia&parent=51458"}],"wp:term":[{"taxonomy":"product_brand","embeddable":true,"href":"https:\/\/burkinistar.com\/index.php?rest_route=%2Fwp%2Fv2%2Fproduct_brand&post=51458"},{"taxonomy":"product_cat","embeddable":true,"href":"https:\/\/burkinistar.com\/index.php?rest_route=%2Fwp%2Fv2%2Fproduct_cat&post=51458"},{"taxonomy":"product_tag","embeddable":true,"href":"https:\/\/burkinistar.com\/index.php?rest_route=%2Fwp%2Fv2%2Fproduct_tag&post=51458"}],"curies":[{"name":"wp","href":"https:\/\/api.w.org\/{rel}","templated":true}]}}