{"id":51467,"date":"2025-08-30T11:31:51","date_gmt":"2025-08-30T11:31:51","guid":{"rendered":"https:\/\/burkinistar.com\/?product=tam-kapali-mayo-parasut-kumas-gomlek-yaka"},"modified":"2025-08-30T11:32:07","modified_gmt":"2025-08-30T11:32:07","slug":"tam-kapali-mayo-parasut-kumas-gomlek-yaka","status":"publish","type":"product","link":"https:\/\/burkinistar.com\/?product=tam-kapali-mayo-parasut-kumas-gomlek-yaka","title":{"rendered":"Tam Kapal\u0131 Mayo Para\u015f\u00fct Kuma\u015f G\u00f6mlek Yaka"},"content":{"rendered":"<p>Starinci Tam Kapal\u0131 Mayo Dokuma Kollar\u0131 B\u00fczg\u00fcl\u00fc Tesett\u00fcr\u00fcn tuni\u011finde bel ayarlamal\u0131 stoper lastik vard\u0131r. Tam kapal\u0131 mayonun tak\u0131m\u0131 pantolon, tunik ve boneden olu\u015fmaktad\u0131r. Tak\u0131mda tayt ve bone likral\u0131 kuma\u015ftan, tunik para\u015f\u00fct kuma\u015ftan \u00fcretilmi\u015ftir. 38 beden g\u00f6\u011f\u00fcs:98cm bel:100cm basen:106cm 40 beden g\u00f6\u011f\u00fcs:102cm bel:104cm basen:110cm 42 beden g\u00f6\u011f\u00fcs:106cm bel:108cm basen:114cm 44 beden g\u00f6\u011f\u00fcs:110cm bel:112cm basen:118cm 46 beden g\u00f6\u011f\u00fcs:114cm bel:116cm basen:122cm<\/p>\n","protected":false},"excerpt":{"rendered":"<p>Starinci Tam Kapal\u0131 Mayo Dokuma Kollar\u0131 B\u00fczg\u00fcl\u00fc Tesett\u00fcr\u00fcn tuni\u011finde bel ayarlamal\u0131 stoper lastik vard\u0131r. Tam&hellip;<\/p>\n","protected":false},"featured_media":51470,"comment_status":"closed","ping_status":"open","template":"","meta":[],"product_brand":[2562],"product_cat":[2563,2556],"product_tag":[],"class_list":{"0":"post-51467","1":"product","2":"type-product","3":"status-publish","4":"has-post-thumbnail","6":"product_brand-starinci-mayo","7":"product_cat-tam-kapali-tesettur-mayo","8":"product_cat-tesettur-mayo","9":"pa_color-gri","10":"pa_size-2582","12":"first","13":"instock","14":"shipping-taxable","15":"purchasable","16":"product-type-variable","17":"layout-style-2","18":"col-md-4 col-sm-4 col-xs-6","19":"col-lg-4","20":"product-has-gallery","21":"product-style-slider"},"yoast_head":"<!-- This site is optimized with the Yoast SEO plugin v25.8 - https:\/\/yoast.com\/wordpress\/plugins\/seo\/ -->\n<title>Tam Kapal\u0131 Mayo Para\u015f\u00fct Kuma\u015f G\u00f6mlek Yaka - BURKINISTAR<\/title>\n<meta name=\"robots\" content=\"index, follow, max-snippet:-1, max-image-preview:large, max-video-preview:-1\" \/>\n<link rel=\"canonical\" href=\"https:\/\/burkinistar.com\/?product=tam-kapali-mayo-parasut-kumas-gomlek-yaka\" \/>\n<meta property=\"og:locale\" content=\"en_US\" \/>\n<meta property=\"og:type\" content=\"article\" \/>\n<meta property=\"og:title\" content=\"Tam Kapal\u0131 Mayo Para\u015f\u00fct Kuma\u015f G\u00f6mlek Yaka - BURKINISTAR\" \/>\n<meta property=\"og:description\" content=\"Starinci Tam Kapal\u0131 Mayo Dokuma Kollar\u0131 B\u00fczg\u00fcl\u00fc Tesett\u00fcr\u00fcn tuni\u011finde bel ayarlamal\u0131 stoper lastik vard\u0131r. Tam&hellip;\" \/>\n<meta property=\"og:url\" content=\"https:\/\/burkinistar.com\/?product=tam-kapali-mayo-parasut-kumas-gomlek-yaka\" \/>\n<meta property=\"og:site_name\" content=\"BURKINISTAR\" \/>\n<meta property=\"article:modified_time\" content=\"2025-08-30T11:32:07+00:00\" \/>\n<meta property=\"og:image\" content=\"https:\/\/burkinistar.com\/wp-content\/uploads\/2025\/08\/tam-kapali-tesettur-mayotam-kapali-may-21-4d5.jpg\" \/>\n\t<meta property=\"og:image:width\" content=\"600\" \/>\n\t<meta property=\"og:image:height\" content=\"900\" \/>\n\t<meta property=\"og:image:type\" content=\"image\/jpeg\" \/>\n<meta name=\"twitter:card\" content=\"summary_large_image\" \/>\n<script type=\"application\/ld+json\" class=\"yoast-schema-graph\">{\"@context\":\"https:\/\/schema.org\",\"@graph\":[{\"@type\":\"WebPage\",\"@id\":\"https:\/\/burkinistar.com\/?product=tam-kapali-mayo-parasut-kumas-gomlek-yaka\",\"url\":\"https:\/\/burkinistar.com\/?product=tam-kapali-mayo-parasut-kumas-gomlek-yaka\",\"name\":\"Tam Kapal\u0131 Mayo Para\u015f\u00fct Kuma\u015f G\u00f6mlek Yaka - BURKINISTAR\",\"isPartOf\":{\"@id\":\"https:\/\/burkinistar.com\/#website\"},\"primaryImageOfPage\":{\"@id\":\"https:\/\/burkinistar.com\/?product=tam-kapali-mayo-parasut-kumas-gomlek-yaka#primaryimage\"},\"image\":{\"@id\":\"https:\/\/burkinistar.com\/?product=tam-kapali-mayo-parasut-kumas-gomlek-yaka#primaryimage\"},\"thumbnailUrl\":\"https:\/\/burkinistar.com\/wp-content\/uploads\/2025\/08\/tam-kapali-tesettur-mayotam-kapali-may-21-4d5.jpg\",\"datePublished\":\"2025-08-30T11:31:51+00:00\",\"dateModified\":\"2025-08-30T11:32:07+00:00\",\"breadcrumb\":{\"@id\":\"https:\/\/burkinistar.com\/?product=tam-kapali-mayo-parasut-kumas-gomlek-yaka#breadcrumb\"},\"inLanguage\":\"en-US\",\"potentialAction\":[{\"@type\":\"ReadAction\",\"target\":[\"https:\/\/burkinistar.com\/?product=tam-kapali-mayo-parasut-kumas-gomlek-yaka\"]}]},{\"@type\":\"ImageObject\",\"inLanguage\":\"en-US\",\"@id\":\"https:\/\/burkinistar.com\/?product=tam-kapali-mayo-parasut-kumas-gomlek-yaka#primaryimage\",\"url\":\"https:\/\/burkinistar.com\/wp-content\/uploads\/2025\/08\/tam-kapali-tesettur-mayotam-kapali-may-21-4d5.jpg\",\"contentUrl\":\"https:\/\/burkinistar.com\/wp-content\/uploads\/2025\/08\/tam-kapali-tesettur-mayotam-kapali-may-21-4d5.jpg\",\"width\":600,\"height\":900},{\"@type\":\"BreadcrumbList\",\"@id\":\"https:\/\/burkinistar.com\/?product=tam-kapali-mayo-parasut-kumas-gomlek-yaka#breadcrumb\",\"itemListElement\":[{\"@type\":\"ListItem\",\"position\":1,\"name\":\"Homepage\",\"item\":\"https:\/\/burkinistar.com\/\"},{\"@type\":\"ListItem\",\"position\":2,\"name\":\"All Products\",\"item\":\"https:\/\/burkinistar.com\/?page_id=8\"},{\"@type\":\"ListItem\",\"position\":3,\"name\":\"Tam Kapal\u0131 Mayo Para\u015f\u00fct Kuma\u015f G\u00f6mlek Yaka\"}]},{\"@type\":\"WebSite\",\"@id\":\"https:\/\/burkinistar.com\/#website\",\"url\":\"https:\/\/burkinistar.com\/\",\"name\":\"BURKINISTAR\",\"description\":\"The Best Modest Swimwear and Bikini Store | Burkinistar\",\"potentialAction\":[{\"@type\":\"SearchAction\",\"target\":{\"@type\":\"EntryPoint\",\"urlTemplate\":\"https:\/\/burkinistar.com\/?s={search_term_string}\"},\"query-input\":{\"@type\":\"PropertyValueSpecification\",\"valueRequired\":true,\"valueName\":\"search_term_string\"}}],\"inLanguage\":\"en-US\"}]}<\/script>\n<!-- \/ Yoast SEO plugin. -->","yoast_head_json":{"title":"Tam Kapal\u0131 Mayo Para\u015f\u00fct Kuma\u015f G\u00f6mlek Yaka - BURKINISTAR","robots":{"index":"index","follow":"follow","max-snippet":"max-snippet:-1","max-image-preview":"max-image-preview:large","max-video-preview":"max-video-preview:-1"},"canonical":"https:\/\/burkinistar.com\/?product=tam-kapali-mayo-parasut-kumas-gomlek-yaka","og_locale":"en_US","og_type":"article","og_title":"Tam Kapal\u0131 Mayo Para\u015f\u00fct Kuma\u015f G\u00f6mlek Yaka - BURKINISTAR","og_description":"Starinci Tam Kapal\u0131 Mayo Dokuma Kollar\u0131 B\u00fczg\u00fcl\u00fc Tesett\u00fcr\u00fcn tuni\u011finde bel ayarlamal\u0131 stoper lastik vard\u0131r. Tam&hellip;","og_url":"https:\/\/burkinistar.com\/?product=tam-kapali-mayo-parasut-kumas-gomlek-yaka","og_site_name":"BURKINISTAR","article_modified_time":"2025-08-30T11:32:07+00:00","og_image":[{"width":600,"height":900,"url":"https:\/\/burkinistar.com\/wp-content\/uploads\/2025\/08\/tam-kapali-tesettur-mayotam-kapali-may-21-4d5.jpg","type":"image\/jpeg"}],"twitter_card":"summary_large_image","schema":{"@context":"https:\/\/schema.org","@graph":[{"@type":"WebPage","@id":"https:\/\/burkinistar.com\/?product=tam-kapali-mayo-parasut-kumas-gomlek-yaka","url":"https:\/\/burkinistar.com\/?product=tam-kapali-mayo-parasut-kumas-gomlek-yaka","name":"Tam Kapal\u0131 Mayo Para\u015f\u00fct Kuma\u015f G\u00f6mlek Yaka - BURKINISTAR","isPartOf":{"@id":"https:\/\/burkinistar.com\/#website"},"primaryImageOfPage":{"@id":"https:\/\/burkinistar.com\/?product=tam-kapali-mayo-parasut-kumas-gomlek-yaka#primaryimage"},"image":{"@id":"https:\/\/burkinistar.com\/?product=tam-kapali-mayo-parasut-kumas-gomlek-yaka#primaryimage"},"thumbnailUrl":"https:\/\/burkinistar.com\/wp-content\/uploads\/2025\/08\/tam-kapali-tesettur-mayotam-kapali-may-21-4d5.jpg","datePublished":"2025-08-30T11:31:51+00:00","dateModified":"2025-08-30T11:32:07+00:00","breadcrumb":{"@id":"https:\/\/burkinistar.com\/?product=tam-kapali-mayo-parasut-kumas-gomlek-yaka#breadcrumb"},"inLanguage":"en-US","potentialAction":[{"@type":"ReadAction","target":["https:\/\/burkinistar.com\/?product=tam-kapali-mayo-parasut-kumas-gomlek-yaka"]}]},{"@type":"ImageObject","inLanguage":"en-US","@id":"https:\/\/burkinistar.com\/?product=tam-kapali-mayo-parasut-kumas-gomlek-yaka#primaryimage","url":"https:\/\/burkinistar.com\/wp-content\/uploads\/2025\/08\/tam-kapali-tesettur-mayotam-kapali-may-21-4d5.jpg","contentUrl":"https:\/\/burkinistar.com\/wp-content\/uploads\/2025\/08\/tam-kapali-tesettur-mayotam-kapali-may-21-4d5.jpg","width":600,"height":900},{"@type":"BreadcrumbList","@id":"https:\/\/burkinistar.com\/?product=tam-kapali-mayo-parasut-kumas-gomlek-yaka#breadcrumb","itemListElement":[{"@type":"ListItem","position":1,"name":"Homepage","item":"https:\/\/burkinistar.com\/"},{"@type":"ListItem","position":2,"name":"All Products","item":"https:\/\/burkinistar.com\/?page_id=8"},{"@type":"ListItem","position":3,"name":"Tam Kapal\u0131 Mayo Para\u015f\u00fct Kuma\u015f G\u00f6mlek Yaka"}]},{"@type":"WebSite","@id":"https:\/\/burkinistar.com\/#website","url":"https:\/\/burkinistar.com\/","name":"BURKINISTAR","description":"The Best Modest Swimwear and Bikini Store | Burkinistar","potentialAction":[{"@type":"SearchAction","target":{"@type":"EntryPoint","urlTemplate":"https:\/\/burkinistar.com\/?s={search_term_string}"},"query-input":{"@type":"PropertyValueSpecification","valueRequired":true,"valueName":"search_term_string"}}],"inLanguage":"en-US"}]}},"_links":{"self":[{"href":"https:\/\/burkinistar.com\/index.php?rest_route=\/wp\/v2\/product\/51467","targetHints":{"allow":["GET"]}}],"collection":[{"href":"https:\/\/burkinistar.com\/index.php?rest_route=\/wp\/v2\/product"}],"about":[{"href":"https:\/\/burkinistar.com\/index.php?rest_route=\/wp\/v2\/types\/product"}],"replies":[{"embeddable":true,"href":"https:\/\/burkinistar.com\/index.php?rest_route=%2Fwp%2Fv2%2Fcomments&post=51467"}],"version-history":[{"count":1,"href":"https:\/\/burkinistar.com\/index.php?rest_route=\/wp\/v2\/product\/51467\/revisions"}],"predecessor-version":[{"id":51468,"href":"https:\/\/burkinistar.com\/index.php?rest_route=\/wp\/v2\/product\/51467\/revisions\/51468"}],"wp:featuredmedia":[{"embeddable":true,"href":"https:\/\/burkinistar.com\/index.php?rest_route=\/wp\/v2\/media\/51470"}],"wp:attachment":[{"href":"https:\/\/burkinistar.com\/index.php?rest_route=%2Fwp%2Fv2%2Fmedia&parent=51467"}],"wp:term":[{"taxonomy":"product_brand","embeddable":true,"href":"https:\/\/burkinistar.com\/index.php?rest_route=%2Fwp%2Fv2%2Fproduct_brand&post=51467"},{"taxonomy":"product_cat","embeddable":true,"href":"https:\/\/burkinistar.com\/index.php?rest_route=%2Fwp%2Fv2%2Fproduct_cat&post=51467"},{"taxonomy":"product_tag","embeddable":true,"href":"https:\/\/burkinistar.com\/index.php?rest_route=%2Fwp%2Fv2%2Fproduct_tag&post=51467"}],"curies":[{"name":"wp","href":"https:\/\/api.w.org\/{rel}","templated":true}]}}