{"id":51557,"date":"2025-08-30T11:32:19","date_gmt":"2025-08-30T11:32:19","guid":{"rendered":"https:\/\/burkinistar.com\/?product=sortlu-badyli-bikini-takimi-sporcu-gri"},"modified":"2025-08-30T11:32:30","modified_gmt":"2025-08-30T11:32:30","slug":"sortlu-badyli-bikini-takimi-sporcu-gri","status":"publish","type":"product","link":"https:\/\/burkinistar.com\/?product=sortlu-badyli-bikini-takimi-sporcu-gri","title":{"rendered":"\u015eortlu Badyli Bikini Tak\u0131m\u0131 Sporcu Gri"},"content":{"rendered":"<p>Sporcu Bikini Tak\u0131m\u0131 Gri Kemer Garnili \u015eortlu bikini tak\u0131m\u0131 \u015fort ve bady olmak \u00fczere 2 par\u00e7ad\u0131r. G\u00f6\u011f\u00fcs pedi vard\u0131r. H\u0131zl\u0131 kuruma \u00f6zelli\u011fi olan esnek kuma\u015ftan \u00fcretilmi\u015ftir. \u015eortun tamam\u0131 astarl\u0131d\u0131r. A\u011f k\u0131sm\u0131n\u0131n astar\u0131 tulum \u015feklinde dikilmi\u015ftir, bu sayede v\u00fccuda rahats\u0131zl\u0131k hissi vermez. Badynin \u00f6n k\u0131sm\u0131 astarl\u0131d\u0131r. Toparlay\u0131c\u0131 \u00f6zelli\u011fi vard\u0131r. Modelin kal\u0131b\u0131 bir beden k\u00fc\u00e7\u00fck oldu\u011fundan beden se\u00e7imi yaparken g\u00fcnl\u00fck k\u0131yafetlerinizden bir beden b\u00fcy\u00fck tercih etmenizi \u00f6neririz.<\/p>\n","protected":false},"excerpt":{"rendered":"<p>Sporcu Bikini Tak\u0131m\u0131 Gri Kemer Garnili \u015eortlu bikini tak\u0131m\u0131 \u015fort ve bady olmak \u00fczere 2&hellip;<\/p>\n","protected":false},"featured_media":51560,"comment_status":"closed","ping_status":"open","template":"","meta":[],"product_brand":[2562],"product_cat":[2503],"product_tag":[],"class_list":{"0":"post-51557","1":"product","2":"type-product","3":"status-publish","4":"has-post-thumbnail","6":"product_brand-starinci-mayo","7":"product_cat-bikini","8":"pa_color-gri","9":"pa_size-2587","10":"pa_size-2581","11":"pa_size-2582","12":"pa_size-2583","14":"first","15":"instock","16":"shipping-taxable","17":"purchasable","18":"product-type-variable","19":"layout-style-2","20":"col-md-4 col-sm-4 col-xs-6","21":"col-lg-4","22":"product-has-gallery","23":"product-style-slider"},"yoast_head":"<!-- This site is optimized with the Yoast SEO plugin v25.8 - https:\/\/yoast.com\/wordpress\/plugins\/seo\/ -->\n<title>\u015eortlu Badyli Bikini Tak\u0131m\u0131 Sporcu Gri - BURKINISTAR<\/title>\n<meta name=\"robots\" content=\"index, follow, max-snippet:-1, max-image-preview:large, max-video-preview:-1\" \/>\n<link rel=\"canonical\" href=\"https:\/\/burkinistar.com\/?product=sortlu-badyli-bikini-takimi-sporcu-gri\" \/>\n<meta property=\"og:locale\" content=\"en_US\" \/>\n<meta property=\"og:type\" content=\"article\" \/>\n<meta property=\"og:title\" content=\"\u015eortlu Badyli Bikini Tak\u0131m\u0131 Sporcu Gri - BURKINISTAR\" \/>\n<meta property=\"og:description\" content=\"Sporcu Bikini Tak\u0131m\u0131 Gri Kemer Garnili \u015eortlu bikini tak\u0131m\u0131 \u015fort ve bady olmak \u00fczere 2&hellip;\" \/>\n<meta property=\"og:url\" content=\"https:\/\/burkinistar.com\/?product=sortlu-badyli-bikini-takimi-sporcu-gri\" \/>\n<meta property=\"og:site_name\" content=\"BURKINISTAR\" \/>\n<meta property=\"article:modified_time\" content=\"2025-08-30T11:32:30+00:00\" \/>\n<meta property=\"og:image\" content=\"https:\/\/burkinistar.com\/wp-content\/uploads\/2025\/08\/bikinisortlu-badyli-bikini-takimi-spor-e60-a6.jpg\" \/>\n\t<meta property=\"og:image:width\" content=\"600\" \/>\n\t<meta property=\"og:image:height\" content=\"900\" \/>\n\t<meta property=\"og:image:type\" content=\"image\/jpeg\" \/>\n<meta name=\"twitter:card\" content=\"summary_large_image\" \/>\n<script type=\"application\/ld+json\" class=\"yoast-schema-graph\">{\"@context\":\"https:\/\/schema.org\",\"@graph\":[{\"@type\":\"WebPage\",\"@id\":\"https:\/\/burkinistar.com\/?product=sortlu-badyli-bikini-takimi-sporcu-gri\",\"url\":\"https:\/\/burkinistar.com\/?product=sortlu-badyli-bikini-takimi-sporcu-gri\",\"name\":\"\u015eortlu Badyli Bikini Tak\u0131m\u0131 Sporcu Gri - BURKINISTAR\",\"isPartOf\":{\"@id\":\"https:\/\/burkinistar.com\/#website\"},\"primaryImageOfPage\":{\"@id\":\"https:\/\/burkinistar.com\/?product=sortlu-badyli-bikini-takimi-sporcu-gri#primaryimage\"},\"image\":{\"@id\":\"https:\/\/burkinistar.com\/?product=sortlu-badyli-bikini-takimi-sporcu-gri#primaryimage\"},\"thumbnailUrl\":\"https:\/\/burkinistar.com\/wp-content\/uploads\/2025\/08\/bikinisortlu-badyli-bikini-takimi-spor-e60-a6.jpg\",\"datePublished\":\"2025-08-30T11:32:19+00:00\",\"dateModified\":\"2025-08-30T11:32:30+00:00\",\"breadcrumb\":{\"@id\":\"https:\/\/burkinistar.com\/?product=sortlu-badyli-bikini-takimi-sporcu-gri#breadcrumb\"},\"inLanguage\":\"en-US\",\"potentialAction\":[{\"@type\":\"ReadAction\",\"target\":[\"https:\/\/burkinistar.com\/?product=sortlu-badyli-bikini-takimi-sporcu-gri\"]}]},{\"@type\":\"ImageObject\",\"inLanguage\":\"en-US\",\"@id\":\"https:\/\/burkinistar.com\/?product=sortlu-badyli-bikini-takimi-sporcu-gri#primaryimage\",\"url\":\"https:\/\/burkinistar.com\/wp-content\/uploads\/2025\/08\/bikinisortlu-badyli-bikini-takimi-spor-e60-a6.jpg\",\"contentUrl\":\"https:\/\/burkinistar.com\/wp-content\/uploads\/2025\/08\/bikinisortlu-badyli-bikini-takimi-spor-e60-a6.jpg\",\"width\":600,\"height\":900},{\"@type\":\"BreadcrumbList\",\"@id\":\"https:\/\/burkinistar.com\/?product=sortlu-badyli-bikini-takimi-sporcu-gri#breadcrumb\",\"itemListElement\":[{\"@type\":\"ListItem\",\"position\":1,\"name\":\"Homepage\",\"item\":\"https:\/\/burkinistar.com\/\"},{\"@type\":\"ListItem\",\"position\":2,\"name\":\"All Products\",\"item\":\"https:\/\/burkinistar.com\/?page_id=8\"},{\"@type\":\"ListItem\",\"position\":3,\"name\":\"\u015eortlu Badyli Bikini Tak\u0131m\u0131 Sporcu Gri\"}]},{\"@type\":\"WebSite\",\"@id\":\"https:\/\/burkinistar.com\/#website\",\"url\":\"https:\/\/burkinistar.com\/\",\"name\":\"BURKINISTAR\",\"description\":\"The Best Modest Swimwear and Bikini Store | Burkinistar\",\"potentialAction\":[{\"@type\":\"SearchAction\",\"target\":{\"@type\":\"EntryPoint\",\"urlTemplate\":\"https:\/\/burkinistar.com\/?s={search_term_string}\"},\"query-input\":{\"@type\":\"PropertyValueSpecification\",\"valueRequired\":true,\"valueName\":\"search_term_string\"}}],\"inLanguage\":\"en-US\"}]}<\/script>\n<!-- \/ Yoast SEO plugin. -->","yoast_head_json":{"title":"\u015eortlu Badyli Bikini Tak\u0131m\u0131 Sporcu Gri - BURKINISTAR","robots":{"index":"index","follow":"follow","max-snippet":"max-snippet:-1","max-image-preview":"max-image-preview:large","max-video-preview":"max-video-preview:-1"},"canonical":"https:\/\/burkinistar.com\/?product=sortlu-badyli-bikini-takimi-sporcu-gri","og_locale":"en_US","og_type":"article","og_title":"\u015eortlu Badyli Bikini Tak\u0131m\u0131 Sporcu Gri - BURKINISTAR","og_description":"Sporcu Bikini Tak\u0131m\u0131 Gri Kemer Garnili \u015eortlu bikini tak\u0131m\u0131 \u015fort ve bady olmak \u00fczere 2&hellip;","og_url":"https:\/\/burkinistar.com\/?product=sortlu-badyli-bikini-takimi-sporcu-gri","og_site_name":"BURKINISTAR","article_modified_time":"2025-08-30T11:32:30+00:00","og_image":[{"width":600,"height":900,"url":"https:\/\/burkinistar.com\/wp-content\/uploads\/2025\/08\/bikinisortlu-badyli-bikini-takimi-spor-e60-a6.jpg","type":"image\/jpeg"}],"twitter_card":"summary_large_image","schema":{"@context":"https:\/\/schema.org","@graph":[{"@type":"WebPage","@id":"https:\/\/burkinistar.com\/?product=sortlu-badyli-bikini-takimi-sporcu-gri","url":"https:\/\/burkinistar.com\/?product=sortlu-badyli-bikini-takimi-sporcu-gri","name":"\u015eortlu Badyli Bikini Tak\u0131m\u0131 Sporcu Gri - BURKINISTAR","isPartOf":{"@id":"https:\/\/burkinistar.com\/#website"},"primaryImageOfPage":{"@id":"https:\/\/burkinistar.com\/?product=sortlu-badyli-bikini-takimi-sporcu-gri#primaryimage"},"image":{"@id":"https:\/\/burkinistar.com\/?product=sortlu-badyli-bikini-takimi-sporcu-gri#primaryimage"},"thumbnailUrl":"https:\/\/burkinistar.com\/wp-content\/uploads\/2025\/08\/bikinisortlu-badyli-bikini-takimi-spor-e60-a6.jpg","datePublished":"2025-08-30T11:32:19+00:00","dateModified":"2025-08-30T11:32:30+00:00","breadcrumb":{"@id":"https:\/\/burkinistar.com\/?product=sortlu-badyli-bikini-takimi-sporcu-gri#breadcrumb"},"inLanguage":"en-US","potentialAction":[{"@type":"ReadAction","target":["https:\/\/burkinistar.com\/?product=sortlu-badyli-bikini-takimi-sporcu-gri"]}]},{"@type":"ImageObject","inLanguage":"en-US","@id":"https:\/\/burkinistar.com\/?product=sortlu-badyli-bikini-takimi-sporcu-gri#primaryimage","url":"https:\/\/burkinistar.com\/wp-content\/uploads\/2025\/08\/bikinisortlu-badyli-bikini-takimi-spor-e60-a6.jpg","contentUrl":"https:\/\/burkinistar.com\/wp-content\/uploads\/2025\/08\/bikinisortlu-badyli-bikini-takimi-spor-e60-a6.jpg","width":600,"height":900},{"@type":"BreadcrumbList","@id":"https:\/\/burkinistar.com\/?product=sortlu-badyli-bikini-takimi-sporcu-gri#breadcrumb","itemListElement":[{"@type":"ListItem","position":1,"name":"Homepage","item":"https:\/\/burkinistar.com\/"},{"@type":"ListItem","position":2,"name":"All Products","item":"https:\/\/burkinistar.com\/?page_id=8"},{"@type":"ListItem","position":3,"name":"\u015eortlu Badyli Bikini Tak\u0131m\u0131 Sporcu Gri"}]},{"@type":"WebSite","@id":"https:\/\/burkinistar.com\/#website","url":"https:\/\/burkinistar.com\/","name":"BURKINISTAR","description":"The Best Modest Swimwear and Bikini Store | Burkinistar","potentialAction":[{"@type":"SearchAction","target":{"@type":"EntryPoint","urlTemplate":"https:\/\/burkinistar.com\/?s={search_term_string}"},"query-input":{"@type":"PropertyValueSpecification","valueRequired":true,"valueName":"search_term_string"}}],"inLanguage":"en-US"}]}},"_links":{"self":[{"href":"https:\/\/burkinistar.com\/index.php?rest_route=\/wp\/v2\/product\/51557","targetHints":{"allow":["GET"]}}],"collection":[{"href":"https:\/\/burkinistar.com\/index.php?rest_route=\/wp\/v2\/product"}],"about":[{"href":"https:\/\/burkinistar.com\/index.php?rest_route=\/wp\/v2\/types\/product"}],"replies":[{"embeddable":true,"href":"https:\/\/burkinistar.com\/index.php?rest_route=%2Fwp%2Fv2%2Fcomments&post=51557"}],"version-history":[{"count":1,"href":"https:\/\/burkinistar.com\/index.php?rest_route=\/wp\/v2\/product\/51557\/revisions"}],"predecessor-version":[{"id":51558,"href":"https:\/\/burkinistar.com\/index.php?rest_route=\/wp\/v2\/product\/51557\/revisions\/51558"}],"wp:featuredmedia":[{"embeddable":true,"href":"https:\/\/burkinistar.com\/index.php?rest_route=\/wp\/v2\/media\/51560"}],"wp:attachment":[{"href":"https:\/\/burkinistar.com\/index.php?rest_route=%2Fwp%2Fv2%2Fmedia&parent=51557"}],"wp:term":[{"taxonomy":"product_brand","embeddable":true,"href":"https:\/\/burkinistar.com\/index.php?rest_route=%2Fwp%2Fv2%2Fproduct_brand&post=51557"},{"taxonomy":"product_cat","embeddable":true,"href":"https:\/\/burkinistar.com\/index.php?rest_route=%2Fwp%2Fv2%2Fproduct_cat&post=51557"},{"taxonomy":"product_tag","embeddable":true,"href":"https:\/\/burkinistar.com\/index.php?rest_route=%2Fwp%2Fv2%2Fproduct_tag&post=51557"}],"curies":[{"name":"wp","href":"https:\/\/api.w.org\/{rel}","templated":true}]}}